{"id":264,"date":"2020-08-27T18:12:13","date_gmt":"2020-08-27T21:12:13","guid":{"rendered":"http:\/\/www.quimica.ufpr.br\/paginas\/quimica-na-pratica\/?page_id=264"},"modified":"2025-03-26T10:08:28","modified_gmt":"2025-03-26T13:08:28","slug":"experimentos","status":"publish","type":"page","link":"http:\/\/www.quimica.ufpr.br\/paginas\/quimica-na-pratica\/experimentos\/","title":{"rendered":"Experimentos"},"content":{"rendered":"<div id=\"pl-23\" class=\"panel-layout\">\n<div id=\"pg-23-0\" class=\"panel-grid panel-no-style\">\n<div id=\"pgc-23-0-0\" class=\"panel-grid-cell\">\n<div id=\"panel-23-0-0-0\" class=\"so-panel widget widget_sow-editor panel-first-child panel-last-child\">\n<div class=\"so-widget-sow-editor so-widget-sow-editor-base\">\n<div class=\"siteorigin-widget-tinymce textwidget\">\n<div class=\"siteorigin-widget-tinymce textwidget\">\n<p>&nbsp;<\/p>\n<table style=\"border-collapse: collapse;width: 100%\">\n<tbody>\n<tr>\n<td style=\"width: 50%\"><\/td>\n<td style=\"width: 50%\"><\/td>\n<\/tr>\n<\/tbody>\n<\/table>\n<p>O QuiPra Virtual visa deixar um material para alunos e professores\u00a0 do 9o ano do ensino fundamental e do ensino m\u00e9dio referente aos experimentos apresentados. Assim, voc\u00eas podem fazer download do material abaixo e se divertirem enquanto aprendem Qu\u00edmica. Se n\u00e3o conseguirem fazer o download, basta acessar nosso novo site: <a href=\"https:\/\/sites.google.com\/view\/quimicanapraticaufpr\">https:\/\/sites.google.com\/view\/quimicanapraticaufpr<\/a><\/p>\n<\/div>\n<div class=\"siteorigin-widget-tinymce textwidget\">\n<div class=\"siteorigin-widget-tinymce textwidget\">\n<p><strong>Apostila editada em 2016:<\/strong> <a href=\"http:\/\/www.quimica.ufpr.br\/paginas\/quimica-na-pratica\/wp-content\/uploads\/sites\/35\/2019\/06\/apostilaQuiPra2016.pdf\">apostilaQuiPra2016<\/a><\/p>\n<p><strong>Roteiro dos experimentos apresentados a partir de 2019:<\/strong> <a href=\"http:\/\/www.quimica.ufpr.br\/paginas\/quimica-na-pratica\/wp-content\/uploads\/sites\/35\/2019\/06\/QuiPraExperimentos.pdf\">QuiPraExperimentos<\/a><\/p>\n<div class=\"siteorigin-widget-tinymce textwidget\">\n<p><strong>Infogr\u00e1ficos dos experimentos:<\/strong><\/p>\n<table>\n<tbody>\n<tr>\n<td><a href=\"http:\/\/www.quimica.ufpr.br\/paginas\/quimica-na-pratica\/wp-content\/uploads\/sites\/35\/2019\/09\/1-Escrita-eletroqu\u00edmica.pdf\">1) Escrita eletroqu\u00edmica<\/a><\/td>\n<td><a href=\"http:\/\/www.quimica.ufpr.br\/paginas\/quimica-na-pratica\/wp-content\/uploads\/sites\/35\/2019\/09\/2-Baf\u00f4metro.pdf\">2) Baf\u00f4metro<\/a><\/td>\n<td><a href=\"http:\/\/www.quimica.ufpr.br\/paginas\/quimica-na-pratica\/wp-content\/uploads\/sites\/35\/2019\/09\/3-Pol\u00edmeros.pdf\">3) Pol\u00edmeros<\/a><\/td>\n<td><a href=\"http:\/\/www.quimica.ufpr.br\/paginas\/quimica-na-pratica\/wp-content\/uploads\/sites\/35\/2019\/09\/4-Rel\u00f3gio-de-iodo.pdf\">4) Rel\u00f3gio de iodo<\/a><\/td>\n<\/tr>\n<tr>\n<td><a href=\"http:\/\/www.quimica.ufpr.br\/paginas\/quimica-na-pratica\/wp-content\/uploads\/sites\/35\/2019\/09\/5-Condutividade-el\u00e9trica.pdf\">5) Condutividade el\u00e9trica<\/a><\/td>\n<td><a href=\"http:\/\/www.quimica.ufpr.br\/paginas\/quimica-na-pratica\/wp-content\/uploads\/sites\/35\/2019\/09\/6-Densidade.pdf\">6) Densidade<\/a><\/td>\n<td><a href=\"http:\/\/www.quimica.ufpr.br\/paginas\/quimica-na-pratica\/wp-content\/uploads\/sites\/35\/2019\/09\/7-Separa\u00e7\u00e3o-de-misturas.pdf\">7) Separa\u00e7\u00e3o de misturas<\/a><\/td>\n<td><a href=\"http:\/\/www.quimica.ufpr.br\/paginas\/quimica-na-pratica\/wp-content\/uploads\/sites\/35\/2019\/09\/8-Teste-de-chama.pdf\">8) Teste de chama<\/a><\/td>\n<\/tr>\n<tr>\n<td><a href=\"http:\/\/www.quimica.ufpr.br\/paginas\/quimica-na-pratica\/wp-content\/uploads\/sites\/35\/2019\/09\/9-Vai-e-vem-das-cores.pdf\">9) Vai e vem das cores<\/a><\/td>\n<td><a href=\"http:\/\/www.quimica.ufpr.br\/paginas\/quimica-na-pratica\/wp-content\/uploads\/sites\/35\/2019\/09\/10-Luminesc\u00eancia.pdf\">10) Luminesc\u00eancia<\/a><\/td>\n<td><a href=\"http:\/\/www.quimica.ufpr.br\/paginas\/quimica-na-pratica\/wp-content\/uploads\/sites\/35\/2019\/09\/11-Pasta-de-elefante.pdf\">11) Pasta de elefante<\/a><\/td>\n<td><a href=\"http:\/\/www.quimica.ufpr.br\/paginas\/quimica-na-pratica\/wp-content\/uploads\/sites\/35\/2019\/09\/12-Escrita-invis\u00edvel.pdf\">12) Escrita invis\u00edvel<\/a><\/td>\n<\/tr>\n<\/tbody>\n<\/table>\n<p><strong><span style=\"color: #ff0000\">Experimentos apresentados no nosso canal no youtube <\/span><\/strong><\/p>\n<table style=\"border-collapse: collapse;width: 100%\">\n<tbody>\n<tr>\n<td style=\"width: 50%\"><strong>(<a href=\"https:\/\/bit.ly\/3nThJbP\">https:\/\/bit.ly\/3nThJbP<\/a>)<\/strong><\/td>\n<td style=\"width: 50%\"><img loading=\"lazy\" decoding=\"async\" class=\"alignnone wp-image-363 size-thumbnail\" src=\"http:\/\/www.quimica.ufpr.br\/paginas\/quimica-na-pratica\/wp-content\/uploads\/sites\/35\/2021\/12\/qrcode_422324youtube-150x150.jpg\" alt=\"\" width=\"150\" height=\"150\" srcset=\"https:\/\/www.quimica.ufpr.br\/paginas\/quimica-na-pratica\/wp-content\/uploads\/sites\/35\/2021\/12\/qrcode_422324youtube-150x150.jpg 150w, https:\/\/www.quimica.ufpr.br\/paginas\/quimica-na-pratica\/wp-content\/uploads\/sites\/35\/2021\/12\/qrcode_422324youtube-300x300.jpg 300w, https:\/\/www.quimica.ufpr.br\/paginas\/quimica-na-pratica\/wp-content\/uploads\/sites\/35\/2021\/12\/qrcode_422324youtube-1024x1024.jpg 1024w, https:\/\/www.quimica.ufpr.br\/paginas\/quimica-na-pratica\/wp-content\/uploads\/sites\/35\/2021\/12\/qrcode_422324youtube-768x768.jpg 768w, https:\/\/www.quimica.ufpr.br\/paginas\/quimica-na-pratica\/wp-content\/uploads\/sites\/35\/2021\/12\/qrcode_422324youtube.jpg 1500w\" sizes=\"auto, (max-width: 150px) 100vw, 150px\" \/><\/td>\n<\/tr>\n<\/tbody>\n<\/table>\n<p>&nbsp;<\/p>\n<p>Apresenta\u00e7\u00e3o:<\/p>\n<\/div>\n<\/div>\n<\/div>\n<table style=\"border-collapse: collapse;width: 100%;height: 130px\">\n<tbody>\n<tr>\n<td style=\"width: 33.4912%\"><a href=\"https:\/\/youtu.be\/-yDnPCbHi4Y\">https:\/\/youtu.be\/-yDnPCbHi4Y<\/a><\/td>\n<td style=\"width: 66.5088%\"><img loading=\"lazy\" decoding=\"async\" class=\"alignleft wp-image-364\" src=\"http:\/\/www.quimica.ufpr.br\/paginas\/quimica-na-pratica\/wp-content\/uploads\/sites\/35\/2021\/12\/apresentacao-300x166.jpg\" alt=\"\" width=\"200\" height=\"111\" srcset=\"https:\/\/www.quimica.ufpr.br\/paginas\/quimica-na-pratica\/wp-content\/uploads\/sites\/35\/2021\/12\/apresentacao-300x166.jpg 300w, https:\/\/www.quimica.ufpr.br\/paginas\/quimica-na-pratica\/wp-content\/uploads\/sites\/35\/2021\/12\/apresentacao-1024x567.jpg 1024w, https:\/\/www.quimica.ufpr.br\/paginas\/quimica-na-pratica\/wp-content\/uploads\/sites\/35\/2021\/12\/apresentacao-768x425.jpg 768w, https:\/\/www.quimica.ufpr.br\/paginas\/quimica-na-pratica\/wp-content\/uploads\/sites\/35\/2021\/12\/apresentacao-1536x851.jpg 1536w, https:\/\/www.quimica.ufpr.br\/paginas\/quimica-na-pratica\/wp-content\/uploads\/sites\/35\/2021\/12\/apresentacao.jpg 1672w\" sizes=\"auto, (max-width: 200px) 100vw, 200px\" \/><\/td>\n<\/tr>\n<\/tbody>\n<\/table>\n<div class=\"siteorigin-widget-tinymce textwidget\">\n<table style=\"border-collapse: collapse;width: 100%;height: 223px\">\n<tbody>\n<tr style=\"height: 24px\">\n<td style=\"width: 50%;height: 24px\">Pasta de dente de elefante<\/td>\n<td style=\"width: 50%;height: 24px\">Luminesc\u00eancia<\/td>\n<\/tr>\n<tr style=\"height: 120px\">\n<td style=\"width: 50%;height: 6px\"><img loading=\"lazy\" decoding=\"async\" class=\"alignnone wp-image-366\" src=\"http:\/\/www.quimica.ufpr.br\/paginas\/quimica-na-pratica\/wp-content\/uploads\/sites\/35\/2021\/12\/pastadente-300x200.jpg\" alt=\"\" width=\"150\" height=\"100\" srcset=\"https:\/\/www.quimica.ufpr.br\/paginas\/quimica-na-pratica\/wp-content\/uploads\/sites\/35\/2021\/12\/pastadente-300x200.jpg 300w, https:\/\/www.quimica.ufpr.br\/paginas\/quimica-na-pratica\/wp-content\/uploads\/sites\/35\/2021\/12\/pastadente-272x182.jpg 272w, https:\/\/www.quimica.ufpr.br\/paginas\/quimica-na-pratica\/wp-content\/uploads\/sites\/35\/2021\/12\/pastadente.jpg 416w\" sizes=\"auto, (max-width: 150px) 100vw, 150px\" \/><\/td>\n<td style=\"width: 50%;height: 6px\"><img loading=\"lazy\" decoding=\"async\" class=\"alignnone wp-image-367\" src=\"http:\/\/www.quimica.ufpr.br\/paginas\/quimica-na-pratica\/wp-content\/uploads\/sites\/35\/2021\/12\/luminescencia-300x172.jpg\" alt=\"\" width=\"150\" height=\"86\" srcset=\"https:\/\/www.quimica.ufpr.br\/paginas\/quimica-na-pratica\/wp-content\/uploads\/sites\/35\/2021\/12\/luminescencia-300x172.jpg 300w, https:\/\/www.quimica.ufpr.br\/paginas\/quimica-na-pratica\/wp-content\/uploads\/sites\/35\/2021\/12\/luminescencia.jpg 667w\" sizes=\"auto, (max-width: 150px) 100vw, 150px\" \/><\/td>\n<\/tr>\n<tr style=\"height: 24px\">\n<td style=\"width: 50%;height: 24px\"><a href=\"https:\/\/youtu.be\/y1qUW85u-QI\">https:\/\/youtu.be\/y1qUW85u-QI<\/a><\/td>\n<td style=\"width: 50%;height: 24px\"><a href=\"https:\/\/youtu.be\/hFzDWdAMppk\">https:\/\/youtu.be\/hFzDWdAMppk<\/a><\/td>\n<\/tr>\n<tr style=\"height: 24px\">\n<td style=\"width: 50%;height: 24px\"><\/td>\n<td style=\"width: 50%;height: 24px\"><\/td>\n<\/tr>\n<tr style=\"height: 24px\">\n<td style=\"width: 50%;height: 24px\">Teste da chama<\/td>\n<td style=\"width: 50%;height: 24px\">Elevador de naftalina<\/td>\n<\/tr>\n<tr style=\"height: 24px\">\n<td style=\"width: 50%;height: 24px\"><img loading=\"lazy\" decoding=\"async\" class=\"alignnone wp-image-368\" src=\"http:\/\/www.quimica.ufpr.br\/paginas\/quimica-na-pratica\/wp-content\/uploads\/sites\/35\/2021\/12\/chama-300x161.jpg\" alt=\"\" width=\"150\" height=\"80\" srcset=\"https:\/\/www.quimica.ufpr.br\/paginas\/quimica-na-pratica\/wp-content\/uploads\/sites\/35\/2021\/12\/chama-300x161.jpg 300w, https:\/\/www.quimica.ufpr.br\/paginas\/quimica-na-pratica\/wp-content\/uploads\/sites\/35\/2021\/12\/chama-330x174.jpg 330w, https:\/\/www.quimica.ufpr.br\/paginas\/quimica-na-pratica\/wp-content\/uploads\/sites\/35\/2021\/12\/chama.jpg 655w\" sizes=\"auto, (max-width: 150px) 100vw, 150px\" \/><\/td>\n<td style=\"width: 50%;height: 24px\"><img loading=\"lazy\" decoding=\"async\" class=\"alignnone wp-image-389\" src=\"http:\/\/www.quimica.ufpr.br\/paginas\/quimica-na-pratica\/wp-content\/uploads\/sites\/35\/2021\/12\/naftalina-1-300x264.jpg\" alt=\"\" width=\"150\" height=\"132\" srcset=\"https:\/\/www.quimica.ufpr.br\/paginas\/quimica-na-pratica\/wp-content\/uploads\/sites\/35\/2021\/12\/naftalina-1-300x264.jpg 300w, https:\/\/www.quimica.ufpr.br\/paginas\/quimica-na-pratica\/wp-content\/uploads\/sites\/35\/2021\/12\/naftalina-1.jpg 511w\" sizes=\"auto, (max-width: 150px) 100vw, 150px\" \/><\/td>\n<\/tr>\n<tr style=\"height: 24px\">\n<td style=\"width: 50%;height: 24px\"><a href=\"https:\/\/youtu.be\/G64SsBmuJ7o\">https:\/\/youtu.be\/G64SsBmuJ7o<\/a><\/td>\n<td style=\"width: 50%;height: 24px\"><a href=\"https:\/\/youtu.be\/oxBuPyVuy3Y\">https:\/\/youtu.be\/oxBuPyVuy3Y<\/a><\/td>\n<\/tr>\n<tr style=\"height: 25px\">\n<td style=\"width: 50%;height: 25px\"><\/td>\n<td style=\"width: 50%;height: 25px\"><\/td>\n<\/tr>\n<tr style=\"height: 24px\">\n<td style=\"width: 50%;height: 24px\">Rea\u00e7\u00e3o rel\u00f3gio<\/td>\n<td style=\"width: 50%;height: 24px\">Vai e vem das cores<\/td>\n<\/tr>\n<tr style=\"height: 24px\">\n<td style=\"width: 50%;height: 24px\"><img loading=\"lazy\" decoding=\"async\" class=\"alignnone wp-image-371\" src=\"http:\/\/www.quimica.ufpr.br\/paginas\/quimica-na-pratica\/wp-content\/uploads\/sites\/35\/2021\/12\/relogio-300x131.jpg\" alt=\"\" width=\"200\" height=\"87\" srcset=\"https:\/\/www.quimica.ufpr.br\/paginas\/quimica-na-pratica\/wp-content\/uploads\/sites\/35\/2021\/12\/relogio-300x131.jpg 300w, https:\/\/www.quimica.ufpr.br\/paginas\/quimica-na-pratica\/wp-content\/uploads\/sites\/35\/2021\/12\/relogio-768x335.jpg 768w, https:\/\/www.quimica.ufpr.br\/paginas\/quimica-na-pratica\/wp-content\/uploads\/sites\/35\/2021\/12\/relogio.jpg 773w\" sizes=\"auto, (max-width: 200px) 100vw, 200px\" \/><\/td>\n<td style=\"width: 50%;height: 24px\"><img loading=\"lazy\" decoding=\"async\" class=\"alignnone wp-image-372\" src=\"http:\/\/www.quimica.ufpr.br\/paginas\/quimica-na-pratica\/wp-content\/uploads\/sites\/35\/2021\/12\/vai-e-vem-300x253.jpg\" alt=\"\" width=\"150\" height=\"127\" srcset=\"https:\/\/www.quimica.ufpr.br\/paginas\/quimica-na-pratica\/wp-content\/uploads\/sites\/35\/2021\/12\/vai-e-vem-300x253.jpg 300w, https:\/\/www.quimica.ufpr.br\/paginas\/quimica-na-pratica\/wp-content\/uploads\/sites\/35\/2021\/12\/vai-e-vem-768x649.jpg 768w, https:\/\/www.quimica.ufpr.br\/paginas\/quimica-na-pratica\/wp-content\/uploads\/sites\/35\/2021\/12\/vai-e-vem.jpg 838w\" sizes=\"auto, (max-width: 150px) 100vw, 150px\" \/><\/td>\n<\/tr>\n<\/tbody>\n<\/table>\n<\/div>\n<table style=\"border-collapse: collapse;width: 100%;height: 51px\">\n<tbody>\n<tr style=\"height: 27px\">\n<td style=\"width: 50%;height: 27px\"><a href=\"https:\/\/youtu.be\/yhSv2N6sKxI\">https:\/\/youtu.be\/yhSv2N6sK<\/a><a href=\"https:\/\/youtu.be\/yhSv2N6sKxI\">xI<\/a><\/td>\n<td style=\"width: 50%;height: 27px\">\n<table style=\"width: 100%;border-collapse: collapse;border-style: dashed;border-color: #000000;background-color: #faf7fa\">\n<tbody>\n<tr>\n<td style=\"width: 50%\"><a href=\"https:\/\/youtu.be\/4gQyQwXICWw\">https:\/\/youtu.be\/4gQyQwXICWw<\/a><\/td>\n<\/tr>\n<\/tbody>\n<\/table>\n<\/td>\n<\/tr>\n<tr style=\"height: 24px\">\n<td style=\"width: 50%;height: 24px\"><\/td>\n<td style=\"width: 50%;height: 24px\"><\/td>\n<\/tr>\n<\/tbody>\n<\/table>\n<div class=\"siteorigin-widget-tinymce textwidget\">\n<div class=\"siteorigin-widget-tinymce textwidget\">\n<div class=\"siteorigin-widget-tinymce textwidget\">\n<table style=\"border-collapse: collapse;width: 100.406%;height: 108px\">\n<tbody>\n<tr>\n<td style=\"width: 50%\"><\/td>\n<td style=\"width: 50%\"><\/td>\n<\/tr>\n<tr>\n<td style=\"width: 50%\">Escrita eletroqu\u00edmica<\/td>\n<td style=\"width: 50%\">Baf\u00f4metro<\/td>\n<\/tr>\n<tr>\n<td style=\"width: 50%\"><img loading=\"lazy\" decoding=\"async\" class=\"alignnone wp-image-373\" src=\"http:\/\/www.quimica.ufpr.br\/paginas\/quimica-na-pratica\/wp-content\/uploads\/sites\/35\/2021\/12\/escrita-300x161.jpg\" alt=\"\" width=\"150\" height=\"80\" srcset=\"https:\/\/www.quimica.ufpr.br\/paginas\/quimica-na-pratica\/wp-content\/uploads\/sites\/35\/2021\/12\/escrita-300x161.jpg 300w, https:\/\/www.quimica.ufpr.br\/paginas\/quimica-na-pratica\/wp-content\/uploads\/sites\/35\/2021\/12\/escrita-1024x549.jpg 1024w, https:\/\/www.quimica.ufpr.br\/paginas\/quimica-na-pratica\/wp-content\/uploads\/sites\/35\/2021\/12\/escrita-768x412.jpg 768w, https:\/\/www.quimica.ufpr.br\/paginas\/quimica-na-pratica\/wp-content\/uploads\/sites\/35\/2021\/12\/escrita-330x174.jpg 330w, https:\/\/www.quimica.ufpr.br\/paginas\/quimica-na-pratica\/wp-content\/uploads\/sites\/35\/2021\/12\/escrita-720x380.jpg 720w, https:\/\/www.quimica.ufpr.br\/paginas\/quimica-na-pratica\/wp-content\/uploads\/sites\/35\/2021\/12\/escrita.jpg 1486w\" sizes=\"auto, (max-width: 150px) 100vw, 150px\" \/><\/td>\n<td style=\"width: 50%\"><img loading=\"lazy\" decoding=\"async\" class=\"alignnone wp-image-374\" src=\"http:\/\/www.quimica.ufpr.br\/paginas\/quimica-na-pratica\/wp-content\/uploads\/sites\/35\/2021\/12\/bafometro-300x280.jpg\" alt=\"\" width=\"150\" height=\"140\" srcset=\"https:\/\/www.quimica.ufpr.br\/paginas\/quimica-na-pratica\/wp-content\/uploads\/sites\/35\/2021\/12\/bafometro-300x280.jpg 300w, https:\/\/www.quimica.ufpr.br\/paginas\/quimica-na-pratica\/wp-content\/uploads\/sites\/35\/2021\/12\/bafometro-768x716.jpg 768w, https:\/\/www.quimica.ufpr.br\/paginas\/quimica-na-pratica\/wp-content\/uploads\/sites\/35\/2021\/12\/bafometro.jpg 937w\" sizes=\"auto, (max-width: 150px) 100vw, 150px\" \/><\/td>\n<\/tr>\n<tr>\n<td style=\"width: 50%\"><a href=\"https:\/\/youtu.be\/0UqngOnF0CE\">https:\/\/youtu.be\/0UqngOnF0CE<\/a><\/td>\n<td style=\"width: 50%\"><a href=\"https:\/\/youtu.be\/QntDEjw4H_g\">https:\/\/youtu.be\/QntDEjw4H_g<\/a><\/td>\n<\/tr>\n<\/tbody>\n<\/table>\n<\/div>\n<\/div>\n<\/div>\n<\/div>\n<div class=\"siteorigin-widget-tinymce textwidget\">\n<div class=\"siteorigin-widget-tinymce textwidget\">\n<div class=\"siteorigin-widget-tinymce textwidget\">\n<div class=\"siteorigin-widget-tinymce textwidget\">\n<table style=\"border-collapse: collapse;width: 100%\">\n<tbody>\n<tr>\n<td style=\"width: 50%\"><\/td>\n<td style=\"width: 50%\"><\/td>\n<\/tr>\n<\/tbody>\n<\/table>\n<table style=\"border-collapse: collapse;width: 100%\">\n<tbody>\n<tr>\n<td style=\"width: 50%\">Varinha m\u00e1gica<\/td>\n<td style=\"width: 50%\">LIBRAS &#8211; Densidade<\/td>\n<\/tr>\n<tr>\n<td style=\"width: 50%\"><img loading=\"lazy\" decoding=\"async\" class=\"alignnone wp-image-375\" src=\"http:\/\/www.quimica.ufpr.br\/paginas\/quimica-na-pratica\/wp-content\/uploads\/sites\/35\/2021\/12\/varinha-287x300.jpg\" alt=\"\" width=\"144\" height=\"151\" srcset=\"https:\/\/www.quimica.ufpr.br\/paginas\/quimica-na-pratica\/wp-content\/uploads\/sites\/35\/2021\/12\/varinha-287x300.jpg 287w, https:\/\/www.quimica.ufpr.br\/paginas\/quimica-na-pratica\/wp-content\/uploads\/sites\/35\/2021\/12\/varinha.jpg 731w\" sizes=\"auto, (max-width: 144px) 100vw, 144px\" \/><\/td>\n<td style=\"width: 50%\"><img loading=\"lazy\" decoding=\"async\" class=\"alignnone wp-image-410 size-thumbnail\" src=\"http:\/\/www.quimica.ufpr.br\/paginas\/quimica-na-pratica\/wp-content\/uploads\/sites\/35\/2022\/06\/densidade-1-150x150.jpg\" alt=\"\" width=\"150\" height=\"150\" \/><\/td>\n<\/tr>\n<tr>\n<td style=\"width: 50%\"><a href=\"https:\/\/youtu.be\/JXUAi6EFvVA\">https:\/\/youtu.be\/JXUAi6EFvVA<\/a><\/td>\n<td style=\"width: 50%\">\u00a0 <a href=\"https:\/\/youtu.be\/ZJmrV6n37es\">https:\/\/youtu.be\/ZJmrV6n37es<\/a><\/td>\n<\/tr>\n<\/tbody>\n<\/table>\n<table style=\"border-collapse: collapse;width: 100%;height: 48px\">\n<tbody>\n<tr style=\"height: 24px\">\n<td style=\"width: 50%;height: 24px\">LIBRAS &#8211; G\u00e1s Carb\u00f4nico<\/td>\n<td style=\"width: 50%;height: 24px\">LIBRAS &#8211; Indicador \u00e1cido-base<\/td>\n<\/tr>\n<tr style=\"height: 24px\">\n<td style=\"width: 50%;height: 24px\">\u00a0<img loading=\"lazy\" decoding=\"async\" class=\"alignnone size-full wp-image-411\" src=\"http:\/\/www.quimica.ufpr.br\/paginas\/quimica-na-pratica\/wp-content\/uploads\/sites\/35\/2022\/06\/co2-1.jpg\" alt=\"\" width=\"131\" height=\"170\" \/><\/td>\n<td style=\"width: 50%;height: 24px\">\u00a0\u00a0<a href=\"https:\/\/youtu.be\/QvcyCvXD-Ls\"><img loading=\"lazy\" decoding=\"async\" class=\"alignnone wp-image-412 size-thumbnail\" src=\"http:\/\/www.quimica.ufpr.br\/paginas\/quimica-na-pratica\/wp-content\/uploads\/sites\/35\/2022\/06\/indicadores-1-150x150.jpg\" alt=\"\" width=\"150\" height=\"150\" \/><\/a><\/td>\n<\/tr>\n<\/tbody>\n<\/table>\n<table style=\"border-collapse: collapse;width: 100%\">\n<tbody>\n<tr>\n<td style=\"width: 50%\"><a href=\"https:\/\/youtu.be\/kU34bM31zkk\">https:\/\/youtu.be\/kU34bM31zkk<\/a><\/td>\n<td style=\"width: 50%\"><a href=\"https:\/\/youtu.be\/QvcyCvXD-Ls\">https:\/\/youtu.be\/QvcyCvXD-Ls<\/a><\/td>\n<\/tr>\n<\/tbody>\n<\/table>\n<p>Roteiros dos experimentos apresentados no youtube (basta clicar sobre o nome para fazer o download do arquivo em formato pdf)<\/p>\n<p><a href=\"http:\/\/www.quimica.ufpr.br\/paginas\/quimica-na-pratica\/wp-content\/uploads\/sites\/35\/2020\/08\/PastaDeDenteDeElefante.pdf\">PastaDeDenteDeElefante<\/a><\/p>\n<p><a href=\"http:\/\/www.quimica.ufpr.br\/paginas\/quimica-na-pratica\/wp-content\/uploads\/sites\/35\/2020\/08\/chama_Lumin.pdf\">chama_Lumin<\/a><\/p>\n<p><a href=\"http:\/\/www.quimica.ufpr.br\/paginas\/quimica-na-pratica\/wp-content\/uploads\/sites\/35\/2020\/08\/ElevadorDeNaftalina.pdf\">ElevadorDeNaftalina<\/a><\/p>\n<p><a href=\"http:\/\/www.quimica.ufpr.br\/paginas\/quimica-na-pratica\/wp-content\/uploads\/sites\/35\/2020\/08\/ReacaoRelogio.pdf\">ReacaoRelogio<\/a><\/p>\n<p><a href=\"http:\/\/www.quimica.ufpr.br\/paginas\/quimica-na-pratica\/wp-content\/uploads\/sites\/35\/2020\/08\/Vai-e-vem-dascores.pdf\">Vai-e-vem-dascores<\/a><\/p>\n<p><a href=\"http:\/\/www.quimica.ufpr.br\/paginas\/quimica-na-pratica\/wp-content\/uploads\/sites\/35\/2020\/08\/EscritaEletroquimica.pdf\">EscritaEletroquimica<\/a><\/p>\n<p><a href=\"http:\/\/www.quimica.ufpr.br\/paginas\/quimica-na-pratica\/wp-content\/uploads\/sites\/35\/2020\/11\/Bafometro.pdf\">Bafometro<\/a><\/p>\n<p><a href=\"http:\/\/www.quimica.ufpr.br\/paginas\/quimica-na-pratica\/wp-content\/uploads\/sites\/35\/2021\/12\/VarinhaMagica.pdf\">VarinhaMagica<\/a><\/p>\n<p>&nbsp;<\/p>\n<p>&nbsp;<\/p>\n<p>&nbsp;<\/p>\n<p>&nbsp;<\/p>\n<p>&nbsp;<\/p>\n<p>&nbsp;<\/p>\n<\/div>\n<p>&nbsp;<\/p>\n<p>&nbsp;<\/p>\n<p>&nbsp;<\/p>\n<p>&nbsp;<\/p>\n<p>&nbsp;<\/p>\n<p>&nbsp;<\/p>\n<\/div>\n<p>&nbsp;<\/p>\n<p>&nbsp;<\/p>\n<p>&nbsp;<\/p>\n<p>&nbsp;<\/p>\n<p>&nbsp;<\/p>\n<p>&nbsp;<\/p>\n<p>&nbsp;<\/p>\n<p>&nbsp;<\/p>\n<p>&nbsp;<\/p>\n<p>&nbsp;<\/p>\n<\/div>\n<p>&nbsp;<\/p>\n<p>&nbsp;<\/p>\n<\/div>\n<div class=\"siteorigin-widget-tinymce textwidget\">\n<p>&nbsp;<\/p>\n<p>&nbsp;<\/p>\n<p>&nbsp;<\/p>\n<p>&nbsp;<\/p>\n<p>&nbsp;<\/p>\n<p>&nbsp;<\/p>\n<p>&nbsp;<\/p>\n<\/div>\n<\/div>\n<\/div>\n<\/div>\n<\/div>\n<\/div>\n","protected":false},"excerpt":{"rendered":"<p>&nbsp; O QuiPra Virtual visa deixar um material para alunos e professores\u00a0 do 9o ano do ensino fundamental e do ensino m\u00e9dio referente aos experimentos apresentados. Assim, voc\u00eas podem fazer download do material abaixo e se divertirem enquanto aprendem Qu\u00edmica. Se n\u00e3o conseguirem fazer o download, basta acessar nosso novo site: https:\/\/sites.google.com\/view\/quimicanapraticaufpr Apostila editada em [&hellip;]<\/p>\n","protected":false},"author":30,"featured_media":0,"parent":0,"menu_order":0,"comment_status":"closed","ping_status":"closed","template":"","meta":{"footnotes":""},"class_list":["post-264","page","type-page","status-publish","hentry","post"],"_links":{"self":[{"href":"http:\/\/www.quimica.ufpr.br\/paginas\/quimica-na-pratica\/wp-json\/wp\/v2\/pages\/264","targetHints":{"allow":["GET"]}}],"collection":[{"href":"http:\/\/www.quimica.ufpr.br\/paginas\/quimica-na-pratica\/wp-json\/wp\/v2\/pages"}],"about":[{"href":"http:\/\/www.quimica.ufpr.br\/paginas\/quimica-na-pratica\/wp-json\/wp\/v2\/types\/page"}],"author":[{"embeddable":true,"href":"http:\/\/www.quimica.ufpr.br\/paginas\/quimica-na-pratica\/wp-json\/wp\/v2\/users\/30"}],"replies":[{"embeddable":true,"href":"http:\/\/www.quimica.ufpr.br\/paginas\/quimica-na-pratica\/wp-json\/wp\/v2\/comments?post=264"}],"version-history":[{"count":33,"href":"http:\/\/www.quimica.ufpr.br\/paginas\/quimica-na-pratica\/wp-json\/wp\/v2\/pages\/264\/revisions"}],"predecessor-version":[{"id":414,"href":"http:\/\/www.quimica.ufpr.br\/paginas\/quimica-na-pratica\/wp-json\/wp\/v2\/pages\/264\/revisions\/414"}],"wp:attachment":[{"href":"http:\/\/www.quimica.ufpr.br\/paginas\/quimica-na-pratica\/wp-json\/wp\/v2\/media?parent=264"}],"curies":[{"name":"wp","href":"https:\/\/api.w.org\/{rel}","templated":true}]}}