{"id":2,"date":"2017-08-11T16:34:41","date_gmt":"2017-08-11T19:34:41","guid":{"rendered":"http:\/\/www.quimica.ufpr.br\/paginas\/quimica-na-pratica\/?page_id=2"},"modified":"2024-09-09T09:22:19","modified_gmt":"2024-09-09T12:22:19","slug":"visitas","status":"publish","type":"page","link":"http:\/\/www.quimica.ufpr.br\/paginas\/quimica-na-pratica\/visitas\/","title":{"rendered":"Visitas"},"content":{"rendered":"<p>AGENDAMENTO ABERTO PARA O PER\u00cdODO DE 30\/09 A 22\/11\/2024, APENAS NAS SEGUNDAS, QUARTAS E SEXTAS PELA MANH\u00c3.<\/p>\n<p>Se houver interesse em fazer o agendamento, o professor interessado dever\u00e1 enviar um email para quimicanapraticaufpr@gmail.com informando:<\/p>\n<p>Nome da escola<\/p>\n<p>Nome do Professor(a)<\/p>\n<p>No de alunos (m\u00e1ximo de 40)<\/p>\n<p>S\u00e9rie (9 \u0366 ano do ensino fundamental, 1 \u0366, 2 \u0366 ou 3 \u0366 ano do ensino m\u00e9dio)<\/p>\n<p>Email<\/p>\n<p>Cel<\/p>\n<p>OBS.: S\u00f3 agendar se tiver certeza que vir\u00e1, pois marcar e n\u00e3o comparecer acarreta em oportunidade perdida para outra escola que poderia estar aproveitando a visita.<\/p>\n<p>Transporte e alimenta\u00e7\u00e3o (caso queiram) s\u00e3o de responsabilidade do visitante.<\/p>\n<p>Assim que o agendamento for feito um email de confirma\u00e7\u00e3o ser\u00e1 enviado.<\/p>\n<p>Segue mapa mostrando o local onde o \u00f4nibus poder\u00e1 ficar estacionado. \u00c9 em frente a um port\u00e3o que fica sempre fechado.<\/p>\n<p>&nbsp;<\/p>\n<p><img loading=\"lazy\" decoding=\"async\" class=\"alignnone size-full wp-image-458\" src=\"http:\/\/www.quimica.ufpr.br\/paginas\/quimica-na-pratica\/wp-content\/uploads\/sites\/35\/2024\/05\/mapa1.jpg\" alt=\"\" width=\"1022\" height=\"644\" srcset=\"https:\/\/www.quimica.ufpr.br\/paginas\/quimica-na-pratica\/wp-content\/uploads\/sites\/35\/2024\/05\/mapa1.jpg 1022w, https:\/\/www.quimica.ufpr.br\/paginas\/quimica-na-pratica\/wp-content\/uploads\/sites\/35\/2024\/05\/mapa1-300x189.jpg 300w, https:\/\/www.quimica.ufpr.br\/paginas\/quimica-na-pratica\/wp-content\/uploads\/sites\/35\/2024\/05\/mapa1-768x484.jpg 768w\" sizes=\"auto, (max-width: 1022px) 100vw, 1022px\" \/><\/p>\n<p>Fonte: <a href=\"https:\/\/www.google.com\/maps\/search\/dqui+ufpr\/@-25.4497948,-49.2377921,16.71z?entry=ttu\">https:\/\/www.google.com\/maps\/search\/dqui+ufpr\/@-25.4497948,-49.2377921,16.71z?entry=ttu<\/a><\/p>\n<p>&nbsp;<\/p>\n<p>&nbsp;<\/p>\n<p>&nbsp;<\/p>\n<p>&nbsp;<\/p>\n","protected":false},"excerpt":{"rendered":"<p>AGENDAMENTO ABERTO PARA O PER\u00cdODO DE 30\/09 A 22\/11\/2024, APENAS NAS SEGUNDAS, QUARTAS E SEXTAS PELA MANH\u00c3. Se houver interesse em fazer o agendamento, o professor interessado dever\u00e1 enviar um email para quimicanapraticaufpr@gmail.com informando: Nome da escola Nome do Professor(a) No de alunos (m\u00e1ximo de 40) S\u00e9rie (9 \u0366 ano do ensino fundamental, 1 \u0366, [&hellip;]<\/p>\n","protected":false},"author":1,"featured_media":0,"parent":0,"menu_order":0,"comment_status":"closed","ping_status":"closed","template":"","meta":{"footnotes":""},"class_list":["post-2","page","type-page","status-publish","hentry","post"],"_links":{"self":[{"href":"http:\/\/www.quimica.ufpr.br\/paginas\/quimica-na-pratica\/wp-json\/wp\/v2\/pages\/2","targetHints":{"allow":["GET"]}}],"collection":[{"href":"http:\/\/www.quimica.ufpr.br\/paginas\/quimica-na-pratica\/wp-json\/wp\/v2\/pages"}],"about":[{"href":"http:\/\/www.quimica.ufpr.br\/paginas\/quimica-na-pratica\/wp-json\/wp\/v2\/types\/page"}],"author":[{"embeddable":true,"href":"http:\/\/www.quimica.ufpr.br\/paginas\/quimica-na-pratica\/wp-json\/wp\/v2\/users\/1"}],"replies":[{"embeddable":true,"href":"http:\/\/www.quimica.ufpr.br\/paginas\/quimica-na-pratica\/wp-json\/wp\/v2\/comments?post=2"}],"version-history":[{"count":21,"href":"http:\/\/www.quimica.ufpr.br\/paginas\/quimica-na-pratica\/wp-json\/wp\/v2\/pages\/2\/revisions"}],"predecessor-version":[{"id":465,"href":"http:\/\/www.quimica.ufpr.br\/paginas\/quimica-na-pratica\/wp-json\/wp\/v2\/pages\/2\/revisions\/465"}],"wp:attachment":[{"href":"http:\/\/www.quimica.ufpr.br\/paginas\/quimica-na-pratica\/wp-json\/wp\/v2\/media?parent=2"}],"curies":[{"name":"wp","href":"https:\/\/api.w.org\/{rel}","templated":true}]}}