{"id":145,"date":"2018-09-05T10:36:33","date_gmt":"2018-09-05T13:36:33","guid":{"rendered":"http:\/\/www.quimica.ufpr.br\/paginas\/quimica-na-pratica\/?page_id=145"},"modified":"2025-03-26T10:05:09","modified_gmt":"2025-03-26T13:05:09","slug":"145-2","status":"publish","type":"page","link":"http:\/\/www.quimica.ufpr.br\/paginas\/quimica-na-pratica\/","title":{"rendered":"In\u00edcio"},"content":{"rendered":"<p><img loading=\"lazy\" decoding=\"async\" class=\"wp-image-299 aligncenter\" src=\"http:\/\/www.quimica.ufpr.br\/paginas\/quimica-na-pratica\/wp-content\/uploads\/sites\/35\/2020\/09\/QuiPraFundoBranco-scaled.jpg\" alt=\"\" width=\"710\" height=\"339\" srcset=\"https:\/\/www.quimica.ufpr.br\/paginas\/quimica-na-pratica\/wp-content\/uploads\/sites\/35\/2020\/09\/QuiPraFundoBranco-scaled.jpg 2560w, https:\/\/www.quimica.ufpr.br\/paginas\/quimica-na-pratica\/wp-content\/uploads\/sites\/35\/2020\/09\/QuiPraFundoBranco-300x143.jpg 300w, https:\/\/www.quimica.ufpr.br\/paginas\/quimica-na-pratica\/wp-content\/uploads\/sites\/35\/2020\/09\/QuiPraFundoBranco-1024x489.jpg 1024w, https:\/\/www.quimica.ufpr.br\/paginas\/quimica-na-pratica\/wp-content\/uploads\/sites\/35\/2020\/09\/QuiPraFundoBranco-768x367.jpg 768w, https:\/\/www.quimica.ufpr.br\/paginas\/quimica-na-pratica\/wp-content\/uploads\/sites\/35\/2020\/09\/QuiPraFundoBranco-1536x734.jpg 1536w, https:\/\/www.quimica.ufpr.br\/paginas\/quimica-na-pratica\/wp-content\/uploads\/sites\/35\/2020\/09\/QuiPraFundoBranco-2048x978.jpg 2048w\" sizes=\"auto, (max-width: 710px) 100vw, 710px\" \/><\/p>\n<table class=\" alignleft\" style=\"border-collapse: collapse;width: 100%;height: 72px\">\n<tbody>\n<tr style=\"height: 72px\">\n<td style=\"width: 33.7167%;height: 72px\"><span style=\"font-family: arial, helvetica, sans-serif;font-size: 10pt\"><img loading=\"lazy\" decoding=\"async\" class=\"wp-image-300 alignleft\" src=\"http:\/\/www.quimica.ufpr.br\/paginas\/quimica-na-pratica\/wp-content\/uploads\/sites\/35\/2020\/09\/youtube.png\" alt=\"\" width=\"53\" height=\"46\" \/><\/span><\/p>\n<p><span style=\"font-size: 10pt\"><a href=\"https:\/\/bit.ly\/3nThJbP\">https:\/\/bit.ly\/3nThJbP<\/a><\/span><\/td>\n<td style=\"width: 17.208%;height: 72px\"><span style=\"font-family: arial, helvetica, sans-serif;font-size: 10pt\"><a href=\"https:\/\/www.facebook.com\/QuiPra.quimicanapratica\"><img loading=\"lazy\" decoding=\"async\" class=\"wp-image-301 alignleft\" src=\"http:\/\/www.quimica.ufpr.br\/paginas\/quimica-na-pratica\/wp-content\/uploads\/sites\/35\/2020\/09\/facebook.png\" alt=\"\" width=\"44\" height=\"45\" srcset=\"https:\/\/www.quimica.ufpr.br\/paginas\/quimica-na-pratica\/wp-content\/uploads\/sites\/35\/2020\/09\/facebook.png 220w, https:\/\/www.quimica.ufpr.br\/paginas\/quimica-na-pratica\/wp-content\/uploads\/sites\/35\/2020\/09\/facebook-150x150.png 150w\" sizes=\"auto, (max-width: 44px) 100vw, 44px\" \/>http:\/\/@QuiPra.quimicanapratica<\/a><\/span><\/p>\n<p>&nbsp;<\/td>\n<\/tr>\n<\/tbody>\n<\/table>\n<table style=\"border-collapse: collapse;width: 100%;height: 47px\">\n<tbody>\n<tr style=\"height: 47px\">\n<td style=\"width: 55.5818%;height: 47px;text-align: left\"><a href=\"https:\/\/www.instagram.com\/quimica_na_pratica\/\"><span style=\"font-size: 10pt\">https:\/\/www.instagram.com\/quimica_na_pratica\/<\/span><\/a><span style=\"font-family: arial, helvetica, sans-serif;font-size: 10pt\"><img loading=\"lazy\" decoding=\"async\" class=\"wp-image-302 alignleft\" src=\"http:\/\/www.quimica.ufpr.br\/paginas\/quimica-na-pratica\/wp-content\/uploads\/sites\/35\/2020\/09\/instagram.png\" alt=\"\" width=\"50\" height=\"46\" \/><\/span><\/td>\n<td style=\"width: 30.2774%;height: 47px\"><span style=\"font-size: 10pt\">quimicanapraticaufpr@gmail.com<span style=\"font-family: arial, helvetica, sans-serif\"><img loading=\"lazy\" decoding=\"async\" class=\"wp-image-303 alignleft\" src=\"http:\/\/www.quimica.ufpr.br\/paginas\/quimica-na-pratica\/wp-content\/uploads\/sites\/35\/2020\/09\/gmail.png\" alt=\"\" width=\"42\" height=\"30\" srcset=\"https:\/\/www.quimica.ufpr.br\/paginas\/quimica-na-pratica\/wp-content\/uploads\/sites\/35\/2020\/09\/gmail.png 529w, https:\/\/www.quimica.ufpr.br\/paginas\/quimica-na-pratica\/wp-content\/uploads\/sites\/35\/2020\/09\/gmail-300x216.png 300w\" sizes=\"auto, (max-width: 42px) 100vw, 42px\" \/><\/span><\/span><\/td>\n<\/tr>\n<\/tbody>\n<\/table>\n<table style=\"border-collapse: collapse;width: 100%\">\n<tbody>\n<tr>\n<td style=\"width: 100%\">\n<h2 style=\"text-align: center\"><span style=\"color: #333399\"><strong><span style=\"color: #ff0000\">NOVO SITE:<\/span> <a style=\"color: #333399\" href=\"https:\/\/sites.google.com\/view\/quimicanapraticaufpr\">https:\/\/sites.google.com\/view\/quimicanapraticaufpr<\/a><\/strong><\/span><\/h2>\n<h2 style=\"text-align: center\"><span style=\"color: #ff0000\"><strong>VISITEM-NOS!!!<\/strong><\/span><\/h2>\n<\/td>\n<\/tr>\n<\/tbody>\n<\/table>\n<p style=\"text-align: center\"><a href=\"http:\/\/creativecommons.org\/licenses\/by\/4.0\/\" rel=\"license\"><img decoding=\"async\" style=\"border-width: 0\" src=\"https:\/\/i.creativecommons.org\/l\/by\/4.0\/88x31.png\" alt=\"Licen\u00e7a Creative Commons\" \/><\/a><br \/>\n<span style=\"font-family: arial, helvetica, sans-serif;font-size: 10pt\">Este trabalho est\u00e1 licenciado com uma Licen\u00e7a <a href=\"http:\/\/creativecommons.org\/licenses\/by\/4.0\/\" rel=\"license\">Creative Commons &#8211; Atribui\u00e7\u00e3o 4.0 Internacional<\/a>.<\/span><\/p>\n","protected":false},"excerpt":{"rendered":"<p>https:\/\/bit.ly\/3nThJbP http:\/\/@QuiPra.quimicanapratica &nbsp; https:\/\/www.instagram.com\/quimica_na_pratica\/ quimicanapraticaufpr@gmail.com NOVO SITE: https:\/\/sites.google.com\/view\/quimicanapraticaufpr VISITEM-NOS!!! Este trabalho est\u00e1 licenciado com uma Licen\u00e7a Creative Commons &#8211; Atribui\u00e7\u00e3o 4.0 Internacional.<\/p>\n","protected":false},"author":30,"featured_media":0,"parent":0,"menu_order":0,"comment_status":"closed","ping_status":"closed","template":"","meta":{"footnotes":""},"class_list":["post-145","page","type-page","status-publish","hentry","post"],"_links":{"self":[{"href":"http:\/\/www.quimica.ufpr.br\/paginas\/quimica-na-pratica\/wp-json\/wp\/v2\/pages\/145","targetHints":{"allow":["GET"]}}],"collection":[{"href":"http:\/\/www.quimica.ufpr.br\/paginas\/quimica-na-pratica\/wp-json\/wp\/v2\/pages"}],"about":[{"href":"http:\/\/www.quimica.ufpr.br\/paginas\/quimica-na-pratica\/wp-json\/wp\/v2\/types\/page"}],"author":[{"embeddable":true,"href":"http:\/\/www.quimica.ufpr.br\/paginas\/quimica-na-pratica\/wp-json\/wp\/v2\/users\/30"}],"replies":[{"embeddable":true,"href":"http:\/\/www.quimica.ufpr.br\/paginas\/quimica-na-pratica\/wp-json\/wp\/v2\/comments?post=145"}],"version-history":[{"count":17,"href":"http:\/\/www.quimica.ufpr.br\/paginas\/quimica-na-pratica\/wp-json\/wp\/v2\/pages\/145\/revisions"}],"predecessor-version":[{"id":480,"href":"http:\/\/www.quimica.ufpr.br\/paginas\/quimica-na-pratica\/wp-json\/wp\/v2\/pages\/145\/revisions\/480"}],"wp:attachment":[{"href":"http:\/\/www.quimica.ufpr.br\/paginas\/quimica-na-pratica\/wp-json\/wp\/v2\/media?parent=145"}],"curies":[{"name":"wp","href":"https:\/\/api.w.org\/{rel}","templated":true}]}}