{"id":98,"date":"2017-04-17T22:11:06","date_gmt":"2017-04-18T01:11:06","guid":{"rendered":"http:\/\/www.quimica.ufpr.br\/paginas\/profqui\/?page_id=98"},"modified":"2025-03-10T17:10:59","modified_gmt":"2025-03-10T20:10:59","slug":"corpo-docente-ufpr","status":"publish","type":"page","link":"http:\/\/www.quimica.ufpr.br\/paginas\/profqui\/corpo-docente-ufpr\/","title":{"rendered":"Corpo Docente &#8211; UFPR"},"content":{"rendered":"<div id=\"pl-98\"  class=\"panel-layout\" ><div id=\"pg-98-0\"  class=\"panel-grid panel-no-style\" ><div id=\"pgc-98-0-0\"  class=\"panel-grid-cell\" ><div id=\"panel-98-0-0-0\" class=\"so-panel widget widget_sow-editor panel-first-child panel-last-child\" data-index=\"0\" ><div\n\t\t\t\n\t\t\tclass=\"so-widget-sow-editor so-widget-sow-editor-base\"\n\t\t\t\n\t\t>\n<div class=\"siteorigin-widget-tinymce textwidget\">\n\t<p><i class=\"fa fa-female\"><\/i> <strong> Camila Silveira<\/strong><br \/>\n<i class=\"fa fa-flask\"><\/i> Ensino de Qu\u00edmica<br \/>\n<i class=\"fa fa-envelope\"><\/i> camilasilveira@ufpr.br<\/p>\n<\/div>\n<\/div><\/div><\/div><div id=\"pgc-98-0-1\"  class=\"panel-grid-cell\" ><div id=\"panel-98-0-1-0\" class=\"so-panel widget widget_sow-editor panel-first-child panel-last-child\" data-index=\"1\" ><div\n\t\t\t\n\t\t\tclass=\"so-widget-sow-editor so-widget-sow-editor-base\"\n\t\t\t\n\t\t>\n<div class=\"siteorigin-widget-tinymce textwidget\">\n\t<p><i class=\"fa fa-male\"><\/i> <strong>Eduardo L. de S\u00e1<\/strong><br \/>\n<i class=\"fa fa-flask\"><\/i> F\u00edsico-Qu\u00edmica<br \/>\n<i class=\"fa fa-envelope\"><\/i> edulsa@ufpr.br<\/p>\n<\/div>\n<\/div><\/div><\/div><div id=\"pgc-98-0-2\"  class=\"panel-grid-cell\" ><div id=\"panel-98-0-2-0\" class=\"so-panel widget widget_sow-editor panel-first-child panel-last-child\" data-index=\"2\" ><div\n\t\t\t\n\t\t\tclass=\"so-widget-sow-editor so-widget-sow-editor-base\"\n\t\t\t\n\t\t>\n<div class=\"siteorigin-widget-tinymce textwidget\">\n\t<p><i class=\"fa fa-female\"><\/i> <strong>Elisa S. Orth<\/strong><br \/>\n<i class=\"fa fa-flask\"><\/i> F\u00edsico-Qu\u00edmica<br \/>\n<i class=\"fa fa-envelope\"><\/i> elisaorth@ufpr.br<\/p>\n<\/div>\n<\/div><\/div><\/div><\/div><div id=\"pg-98-1\"  class=\"panel-grid panel-no-style\" ><div id=\"pgc-98-1-0\"  class=\"panel-grid-cell\" ><div id=\"panel-98-1-0-0\" class=\"so-panel widget widget_sow-editor panel-first-child panel-last-child\" data-index=\"3\" ><div\n\t\t\t\n\t\t\tclass=\"so-widget-sow-editor so-widget-sow-editor-base\"\n\t\t\t\n\t\t>\n<div class=\"siteorigin-widget-tinymce textwidget\">\n\t<p><i class=\"fa fa-male\"><\/i> <strong>Everton Bedin<\/strong><br \/>\n<i class=\"fa fa-flask\"><\/i> Ensino de Qu\u00edmica<br \/>\n<i class=\"fa fa-envelope\"><\/i> everton.bedin@ufpr.br<\/p>\n<\/div>\n<\/div><\/div><\/div><div id=\"pgc-98-1-1\"  class=\"panel-grid-cell\" ><div id=\"panel-98-1-1-0\" class=\"so-panel widget widget_sow-editor panel-first-child panel-last-child\" data-index=\"4\" ><div\n\t\t\t\n\t\t\tclass=\"so-widget-sow-editor so-widget-sow-editor-base\"\n\t\t\t\n\t\t>\n<div class=\"siteorigin-widget-tinymce textwidget\">\n\t<p><i class=\"fa fa-male\"><\/i> <strong>Fl\u00e1vio M. Matsumoto<\/strong><br \/>\n<i class=\"fa fa-flask\"><\/i> Qu\u00edmica Inorg\u00e2nica<br \/>\n<i class=\"fa fa-envelope\"><\/i> fmatsumo@ufpr.br<\/p>\n<\/div>\n<\/div><\/div><\/div><div id=\"pgc-98-1-2\"  class=\"panel-grid-cell\" ><div id=\"panel-98-1-2-0\" class=\"so-panel widget widget_sow-editor panel-first-child panel-last-child\" data-index=\"5\" ><div\n\t\t\t\n\t\t\tclass=\"so-widget-sow-editor so-widget-sow-editor-base\"\n\t\t\t\n\t\t>\n<div class=\"siteorigin-widget-tinymce textwidget\">\n\t<p><i class=\"fa fa-female\"><\/i> <strong>Giovana G. Nunes<\/strong><br \/>\n<i class=\"fa fa-flask\"><\/i> Qu\u00edmica Inorg\u00e2nica<br \/>\n<i class=\"fa fa-envelope\"><\/i> nunesgg@ufpr.br<\/p>\n<\/div>\n<\/div><\/div><\/div><\/div><div id=\"pg-98-2\"  class=\"panel-grid panel-no-style\" ><div id=\"pgc-98-2-0\"  class=\"panel-grid-cell\" ><div id=\"panel-98-2-0-0\" class=\"so-panel widget widget_sow-editor panel-first-child panel-last-child\" data-index=\"6\" ><div\n\t\t\t\n\t\t\tclass=\"so-widget-sow-editor so-widget-sow-editor-base\"\n\t\t\t\n\t\t>\n<div class=\"siteorigin-widget-tinymce textwidget\">\n\t<p><i class=\"fa fa-male\"><\/i> <strong>Herbert Winnischofer<\/strong><br \/>\n<i class=\"fa fa-flask\"><\/i> Qu\u00edmica Inorg\u00e2nica<br \/>\n<i class=\"fa fa-envelope\"><\/i> hwin@ufpr.br<\/p>\n<\/div>\n<\/div><\/div><\/div><div id=\"pgc-98-2-1\"  class=\"panel-grid-cell\" ><div id=\"panel-98-2-1-0\" class=\"so-panel widget widget_sow-editor panel-first-child panel-last-child\" data-index=\"7\" ><div\n\t\t\t\n\t\t\tclass=\"so-widget-sow-editor so-widget-sow-editor-base\"\n\t\t\t\n\t\t>\n<div class=\"siteorigin-widget-tinymce textwidget\">\n\t<p><i class=\"fa fa-female\"><\/i> <strong>Juliete S. Neves<\/strong><br \/>\n<i class=\"fa fa-flask\"><\/i> Qu\u00edmica Org\u00e2nica<br \/>\n<i class=\"fa fa-envelope\"><\/i> julieteneves@ufpr.br<\/p>\n<\/div>\n<\/div><\/div><\/div><div id=\"pgc-98-2-2\"  class=\"panel-grid-cell\" ><div id=\"panel-98-2-2-0\" class=\"so-panel widget widget_sow-editor panel-first-child panel-last-child\" data-index=\"8\" ><div\n\t\t\t\n\t\t\tclass=\"so-widget-sow-editor so-widget-sow-editor-base\"\n\t\t\t\n\t\t>\n<div class=\"siteorigin-widget-tinymce textwidget\">\n\t<p><i class=\"fa fa-male\"><\/i> <strong>Lauro C Dias Jr<\/strong><br \/>\n<i class=\"fa fa-flask\"><\/i> Qu\u00edmica Anal\u00edtica<br \/>\n<i class=\"fa fa-envelope\"><\/i> laurocd@ufpr.br<\/p>\n<\/div>\n<\/div><\/div><\/div><\/div><div id=\"pg-98-3\"  class=\"panel-grid panel-no-style\" ><div id=\"pgc-98-3-0\"  class=\"panel-grid-cell\" ><div id=\"panel-98-3-0-0\" class=\"so-panel widget widget_sow-editor panel-first-child panel-last-child\" data-index=\"9\" ><div\n\t\t\t\n\t\t\tclass=\"so-widget-sow-editor so-widget-sow-editor-base\"\n\t\t\t\n\t\t>\n<div class=\"siteorigin-widget-tinymce textwidget\">\n\t<p><i class=\"fa fa-male\"><\/i> <strong>Leandro Piovan<\/strong><br \/>\n<i class=\"fa fa-flask\"><\/i> Qu\u00edmica Org\u00e2nica<br \/>\n<i class=\"fa fa-envelope\"><\/i> lpiovan@ufpr.br<\/p>\n<\/div>\n<\/div><\/div><\/div><div id=\"pgc-98-3-1\"  class=\"panel-grid-cell\" ><div id=\"panel-98-3-1-0\" class=\"so-panel widget widget_sow-editor panel-first-child panel-last-child\" data-index=\"10\" ><div\n\t\t\t\n\t\t\tclass=\"so-widget-sow-editor so-widget-sow-editor-base\"\n\t\t\t\n\t\t>\n<div class=\"siteorigin-widget-tinymce textwidget\">\n\t<p><i class=\"fa fa-female\"><\/i> <strong>M\u00e1rcio P. de Araujo<\/strong><br \/>\n<i class=\"fa fa-flask\"><\/i> Qu\u00edmica Inorg\u00e2nica<br \/>\n<i class=\"fa fa-envelope\"><\/i> mparaujo@ufpr.br<\/p>\n<\/div>\n<\/div><\/div><\/div><div id=\"pgc-98-3-2\"  class=\"panel-grid-cell\" ><div id=\"panel-98-3-2-0\" class=\"so-panel widget widget_sow-editor panel-first-child panel-last-child\" data-index=\"11\" ><div\n\t\t\t\n\t\t\tclass=\"so-widget-sow-editor so-widget-sow-editor-base\"\n\t\t\t\n\t\t>\n<div class=\"siteorigin-widget-tinymce textwidget\">\n\t<p><i class=\"fa fa-female\"><\/i> <strong>Maria A. F. C\u00e9sar-Oliveira<\/strong><br \/>\n<i class=\"fa fa-flask\"><\/i> Qu\u00edmica Org\u00e2nica<br \/>\n<i class=\"fa fa-envelope\"><\/i> mafco@ufpr.br<\/p>\n<\/div>\n<\/div><\/div><\/div><\/div><div id=\"pg-98-4\"  class=\"panel-grid panel-no-style\" ><div id=\"pgc-98-4-0\"  class=\"panel-grid-cell\" ><div id=\"panel-98-4-0-0\" class=\"so-panel widget widget_sow-editor panel-first-child panel-last-child\" data-index=\"12\" ><div\n\t\t\t\n\t\t\tclass=\"so-widget-sow-editor so-widget-sow-editor-base\"\n\t\t\t\n\t\t>\n<div class=\"siteorigin-widget-tinymce textwidget\">\n\t<p><i class=\"fa fa-female\"><\/i> <strong>Tatiana R. G. Sim\u00f5es<\/strong><br \/>\n<i class=\"fa fa-flask\"><\/i> Qu\u00edmica Inorg\u00e2nica<br \/>\n<i class=\"fa fa-envelope\"><\/i> tatiana.renata@ufpr.br<\/p>\n<\/div>\n<\/div><\/div><\/div><div id=\"pgc-98-4-1\"  class=\"panel-grid-cell panel-grid-cell-empty panel-grid-cell-mobile-last\" ><\/div><div id=\"pgc-98-4-2\"  class=\"panel-grid-cell panel-grid-cell-empty\" ><\/div><\/div><\/div>","protected":false},"excerpt":{"rendered":"<p>Camila Silveira Ensino de Qu\u00edmica camilasilveira@ufpr.br Eduardo L. de S\u00e1 F\u00edsico-Qu\u00edmica edulsa@ufpr.br Elisa S. Orth F\u00edsico-Qu\u00edmica elisaorth@ufpr.br Everton Bedin Ensino de Qu\u00edmica everton.bedin@ufpr.br Fl\u00e1vio M. Matsumoto Qu\u00edmica Inorg\u00e2nica fmatsumo@ufpr.br Giovana G. Nunes Qu\u00edmica Inorg\u00e2nica nunesgg@ufpr.br<\/p>\n","protected":false},"author":8,"featured_media":0,"parent":0,"menu_order":0,"comment_status":"closed","ping_status":"closed","template":"","meta":{"footnotes":""},"class_list":["post-98","page","type-page","status-publish","hentry"],"_links":{"self":[{"href":"http:\/\/www.quimica.ufpr.br\/paginas\/profqui\/wp-json\/wp\/v2\/pages\/98","targetHints":{"allow":["GET"]}}],"collection":[{"href":"http:\/\/www.quimica.ufpr.br\/paginas\/profqui\/wp-json\/wp\/v2\/pages"}],"about":[{"href":"http:\/\/www.quimica.ufpr.br\/paginas\/profqui\/wp-json\/wp\/v2\/types\/page"}],"author":[{"embeddable":true,"href":"http:\/\/www.quimica.ufpr.br\/paginas\/profqui\/wp-json\/wp\/v2\/users\/8"}],"replies":[{"embeddable":true,"href":"http:\/\/www.quimica.ufpr.br\/paginas\/profqui\/wp-json\/wp\/v2\/comments?post=98"}],"version-history":[{"count":22,"href":"http:\/\/www.quimica.ufpr.br\/paginas\/profqui\/wp-json\/wp\/v2\/pages\/98\/revisions"}],"predecessor-version":[{"id":263,"href":"http:\/\/www.quimica.ufpr.br\/paginas\/profqui\/wp-json\/wp\/v2\/pages\/98\/revisions\/263"}],"wp:attachment":[{"href":"http:\/\/www.quimica.ufpr.br\/paginas\/profqui\/wp-json\/wp\/v2\/media?parent=98"}],"curies":[{"name":"wp","href":"https:\/\/api.w.org\/{rel}","templated":true}]}}