{"id":66,"date":"2017-04-17T13:25:33","date_gmt":"2017-04-17T16:25:33","guid":{"rendered":"http:\/\/www.quimica.ufpr.br\/paginas\/profqui\/?page_id=66"},"modified":"2025-03-10T17:23:24","modified_gmt":"2025-03-10T20:23:24","slug":"contato","status":"publish","type":"page","link":"http:\/\/www.quimica.ufpr.br\/paginas\/profqui\/contato\/","title":{"rendered":"Contato"},"content":{"rendered":"<div id=\"pl-66\"  class=\"panel-layout\" ><div id=\"pg-66-0\"  class=\"panel-grid panel-no-style\" ><div id=\"pgc-66-0-0\"  class=\"panel-grid-cell\" ><div id=\"panel-66-0-0-0\" class=\"so-panel widget widget_sow-editor panel-first-child panel-last-child\" data-index=\"0\" ><div\n\t\t\t\n\t\t\tclass=\"so-widget-sow-editor so-widget-sow-editor-base\"\n\t\t\t\n\t\t>\n<div class=\"siteorigin-widget-tinymce textwidget\">\n\t<h2 style=\"text-align: center\"><strong>Universidade Federal do Paran\u00e1<\/strong><\/h2>\n<h2 style=\"text-align: center\"><strong>Departamento de Qu\u00edmica<\/strong><\/h2>\n<h2 style=\"text-align: center\">Centro Polit\u00e9cnico - Jardim das Am\u00e9ricas<\/h2>\n<h2 style=\"text-align: center\">CEP - 81.531-980 - Caixa Postal 19032<\/h2>\n<h2 style=\"text-align: center\">Curitiba - Paran\u00e1 - Brasil<\/h2>\n<p>&nbsp;<\/p>\n<h3 style=\"text-align: center\">profqui@ufpr.br<\/h3>\n<p>&nbsp;<\/p>\n<\/div>\n<\/div><\/div><\/div><\/div><\/div>","protected":false},"excerpt":{"rendered":"<p>Universidade Federal do Paran\u00e1 Departamento de Qu\u00edmica Centro Polit\u00e9cnico &#8211; Jardim das Am\u00e9ricas CEP &#8211; 81.531-980 &#8211; Caixa Postal 19032 Curitiba &#8211; Paran\u00e1 &#8211; Brasil &nbsp; profqui@ufpr.br &nbsp;<\/p>\n","protected":false},"author":8,"featured_media":0,"parent":0,"menu_order":0,"comment_status":"closed","ping_status":"closed","template":"","meta":{"footnotes":""},"class_list":["post-66","page","type-page","status-publish","hentry"],"_links":{"self":[{"href":"http:\/\/www.quimica.ufpr.br\/paginas\/profqui\/wp-json\/wp\/v2\/pages\/66","targetHints":{"allow":["GET"]}}],"collection":[{"href":"http:\/\/www.quimica.ufpr.br\/paginas\/profqui\/wp-json\/wp\/v2\/pages"}],"about":[{"href":"http:\/\/www.quimica.ufpr.br\/paginas\/profqui\/wp-json\/wp\/v2\/types\/page"}],"author":[{"embeddable":true,"href":"http:\/\/www.quimica.ufpr.br\/paginas\/profqui\/wp-json\/wp\/v2\/users\/8"}],"replies":[{"embeddable":true,"href":"http:\/\/www.quimica.ufpr.br\/paginas\/profqui\/wp-json\/wp\/v2\/comments?post=66"}],"version-history":[{"count":14,"href":"http:\/\/www.quimica.ufpr.br\/paginas\/profqui\/wp-json\/wp\/v2\/pages\/66\/revisions"}],"predecessor-version":[{"id":276,"href":"http:\/\/www.quimica.ufpr.br\/paginas\/profqui\/wp-json\/wp\/v2\/pages\/66\/revisions\/276"}],"wp:attachment":[{"href":"http:\/\/www.quimica.ufpr.br\/paginas\/profqui\/wp-json\/wp\/v2\/media?parent=66"}],"curies":[{"name":"wp","href":"https:\/\/api.w.org\/{rel}","templated":true}]}}