{"id":33,"date":"2017-08-04T09:12:32","date_gmt":"2017-08-04T12:12:32","guid":{"rendered":"http:\/\/www.quimica.ufpr.br\/paginas\/marco-grassi\/?page_id=33"},"modified":"2021-03-31T21:30:58","modified_gmt":"2021-04-01T00:30:58","slug":"projetos-de-pesquisa","status":"publish","type":"page","link":"http:\/\/www.quimica.ufpr.br\/paginas\/marco-grassi\/projetos-de-pesquisa\/","title":{"rendered":"Projetos de pesquisa"},"content":{"rendered":"<div id=\"pl-33\"  class=\"panel-layout\" ><div id=\"pg-33-0\"  class=\"panel-grid panel-no-style\" ><div id=\"pgc-33-0-0\"  class=\"panel-grid-cell\" ><div id=\"panel-33-0-0-0\" class=\"so-panel widget widget_sow-editor panel-first-child panel-last-child\" data-index=\"0\" ><div\n\t\t\t\n\t\t\tclass=\"so-widget-sow-editor so-widget-sow-editor-base\"\n\t\t\t\n\t\t><h3 class=\"widget-title\">Projetos de Pesquisa<\/h3>\n<div class=\"siteorigin-widget-tinymce textwidget\">\n\t<p><span style=\"text-decoration: underline;\"><strong>Origem, comportamento e destino de elementos tecnologicamente cr\u00edticos (TCE) em \u00e1guas naturais<\/strong><\/span><br \/>\nDescri\u00e7\u00e3o: O objetivo principal do presente projeto de pesquisa consiste na avalia\u00e7\u00e3o da presen\u00e7a de elementos tecnologicamente cr\u00edticos em ambientes aqu\u00e1ticos, visando o conhecimento de seu ciclo biogeoqu\u00edmico. Para tanto, pretende-se realizar o desenvolvimento de m\u00e9todos anal\u00edticos para a determina\u00e7\u00e3o de alguns TCE em \u00e1guas, empregando amostradores passivos baseados na t\u00e9cnica DGT, assim como no desenvolvimento de m\u00e9todos de pr\u00e9-concentra\u00e7\u00e3o, em especial para o caso dos elementos denominados terras raras. Situa\u00e7\u00e3o: Em andamento; Natureza: Pesquisa. Alunos envolvidos: Gradua\u00e7\u00e3o: (1) \/ Mestrado acad\u00eamico: (1) \/ Doutorado: (1) .<\/p>\n<p>&nbsp;<\/p>\n<p><span style=\"text-decoration: underline;\"><strong>Comportamento biogeoqu\u00edmico do ferro e cobre no Complexo Estuarino de Paranagu\u00e1<\/strong><\/span><br \/>\nDescri\u00e7\u00e3o: O presente projeto de pesquisa visa avaliar o comportamento biogeoqu\u00edmico do ferro e do cobre em ambientes aqu\u00e1ticos costeiros e estuarinos e busca, igualmente, avaliar a influ\u00eancia das mudan\u00e7as clim\u00e1ticas sobre os sistemas naturais, com \u00eanfase nos recursos h\u00eddricos brasileiros, especialmente a zona costeira do litoral do Estado do Paran\u00e1, Brasil. A zona costeira do litoral do Estado do Paran\u00e1, Brasil, contempla o Complexo Estuarino da Ba\u00eda de Paranagu\u00e1 (CEP) que se apresenta como uma regi\u00e3o de elevada import\u00e2ncia devido ao seu papel para a economia do Sul do Brasil, bem como sua import\u00e2ncia ambiental, com uma \u00e1rea de 612 km2 e amplo ecossistema e biodiversidade. O CEP apresenta uma elevada variedade de ambientes, com diversas atividades coexistentes, como a pesca, atividades urbanas, portu\u00e1rias, industriais e tur\u00edsticas, que influenciam desde o aporte, at\u00e9 o comportamento e destino de esp\u00e9cies qu\u00edmicas, com repercuss\u00e3o sobre a qualidade ambiental de suas \u00e1guas e sedimentos e, consequentemente, sobre a biota aqu\u00e1tica e a sa\u00fade p\u00fablica. Situa\u00e7\u00e3o: Em andamento; Natureza: Pesquisa. Alunos envolvidos: Gradua\u00e7\u00e3o: (1) \/ Doutorado: (1) .<\/p>\n<p>&nbsp;<\/p>\n<p><span style=\"text-decoration: underline;\"><strong>Micropoluentes emergentes no Brasil: diagn\u00f3stico e subs\u00eddio ao gerenciamento de mananciais e da \u00e1gua para consumo<br \/>\n<\/strong><\/span>Projeto certificado pelo(a) coordenador(a) Fernando Fabriz Sodr\u00e9 em 13\/03\/2014.<br \/>\nDescri\u00e7\u00e3o: O presente projeto tem como principal objetivo o desenvolvimento de amostradores passivos baseados na t\u00e9cnica de difus\u00e3o em filmes finos por gradiente de concentra\u00e7\u00e3o (DGT) para a determina\u00e7\u00e3o de contaminantes qu\u00edmicos emergentes em ambientes aqu\u00e1ticos. Situa\u00e7\u00e3o: Em andamento; Natureza: Pesquisa. Alunos envolvidos: Mestrado acad\u00eamico: (1) Doutorado: (2) .<\/p>\n<p>&nbsp;<\/p>\n<p><span style=\"text-decoration: underline;\"><strong>Marcadores moleculares e ecotoxicol\u00f3gicos aplicados a incidentes em ambientes aqu\u00e1ticos continentais<\/strong><\/span><br \/>\nDescri\u00e7\u00e3o: A polui\u00e7\u00e3o, resultante da libera\u00e7\u00e3o de \u00f3leo para o ambiente aqu\u00e1tico, devido acidentes recentes, tornou-se uma preocupa\u00e7\u00e3o mundial por consequ\u00eancia de seus efeitos sobre os ecossistemas aqu\u00e1ticos. Em julho de 2000 aproximadamente quatro milh\u00f5es de litros, ou cerca 25 mil barris de \u00f3leo cru, vazaram do oleoduto OSPAR, proveniente da Refinaria Presidente Get\u00falio Vargas (REPAR) localizada no munic\u00edpio de Arauc\u00e1ria, Paran\u00e1. Mesmo com o uso de conten\u00e7\u00e3o, para evitar a dispers\u00e3o, o \u00f3leo alcan\u00e7ou 45 km, a jusante do arroio Saldanha, contaminando o Rio Barigui e o Rio Igua\u00e7u. Alguns meses ap\u00f3s o acidente no oleoduto OSPAR, em fevereiro de 2001, ocorreu o rompimento do poliduto OLAPA, liberando derivados leves de petr\u00f3leo na Serra do Mar Paranaense. Diversos trabalhos t\u00eam sido desenvolvidos com o objetivo de avaliar a capacidade adaptativa de popula\u00e7\u00f5es de peixes que habitam ambientes contaminados por petr\u00f3leo na bacia do alt\u00edssimo Igua\u00e7u e na Serra do Mar. Nesse sentido, pesquisas que associem o uso de biomarcadores, e que ainda forne\u00e7am dados consistentes para o diagn\u00f3stico de riscos ambientais, frente a novas exposi\u00e7\u00f5es do ambiente ao petr\u00f3leo, n\u00e3o foram praticadas. Dessa forma, o presente estudo tem como objetivo principal estabelecer subs\u00eddios aos estudos de biomonitoramento ambiental, que permitir\u00e3o identificar de forma mais precisa a interfer\u00eancia aguda e cr\u00f4nica de incidentes com petr\u00f3leo, em especial em ambientes aqu\u00e1ticos continentais. Situa\u00e7\u00e3o: Em andamento; Natureza: Pesquisa. Alunos envolvidos: Gradua\u00e7\u00e3o: (1) .<\/p>\n<p><span style=\"text-decoration: underline;\"><strong>Ocorr\u00eancia e comportamento de contaminantes qu\u00edmicos emergentes em ambientes aqu\u00e1ticos superficiais da Regi\u00e3o Metropolitana de Curitiba<\/strong><\/span><br \/>\nDescri\u00e7\u00e3o: O objetivo principal desse projeto consiste em realizar uma avalia\u00e7\u00e3o da qualidade da \u00e1gua nas bacias hidrogr\u00e1ficas dos principais mananciais destinados ao abastecimento p\u00fablico da Regi\u00e3o Metropolitana de Curitiba (RMC), assim como da qualidade da \u00e1gua na rede de distribui\u00e7\u00e3o quanto \u00e0 presen\u00e7a de contaminantes emergentes..<br \/>\nSitua\u00e7\u00e3o: Em andamento; Natureza: Pesquisa. Alunos envolvidos: Gradua\u00e7\u00e3o: (1) \/ Mestrado acad\u00eamico: (1) \/ Doutorado: (1) .<\/p>\n<p>&nbsp;<\/p>\n<p><span style=\"text-decoration: underline;\"><strong>\u00c9teres difen\u00edlicos polibromados (PBDE) em sedimentos de ambientes aqu\u00e1ticos urbanos<\/strong><\/span><br \/>\nDescri\u00e7\u00e3o: O objetivo principal deste projeto de pesquisa, concebido para ser realizado ao longo de tr\u00eas anos, consiste em determinar a ocorr\u00eancia e distribui\u00e7\u00e3o de PBDE em sedimentos de rios da Regi\u00e3o Metropolitana de Curitiba (RMC), incluindo o reservat\u00f3rio do Ira\u00ed. Este objetivo principal est\u00e1 vinculado aos objetivos espec\u00edficos apresentados a seguir: i. Implanta\u00e7\u00e3o e valida\u00e7\u00e3o de um protocolo anal\u00edtico voltado para a determina\u00e7\u00e3o de PBDE em sedimentos, empregando extra\u00e7\u00e3o em sistema ultrassom e determina\u00e7\u00e3o por cromatografia a g\u00e1s com espectrometria de massas (GC-MS); ii. Determina\u00e7\u00e3o dos estoques qu\u00edmicos dos compostos alvo nos sedimentos dos rios da RMC; iii. Avalia\u00e7\u00e3o da distribui\u00e7\u00e3o espacial dos compostos alvo proeminentes nestes sedimentos, iv. Identifica\u00e7\u00e3o das poss\u00edveis fontes difusas e pontuais, bem como as potenciais formas de aporte, dos compostos alvo na regi\u00e3o de estudo; v. Avalia\u00e7\u00e3o do hist\u00f3rico de contamina\u00e7\u00e3o na regi\u00e3o de estudo frente aos compostos pesquisados detectados..<br \/>\nSitua\u00e7\u00e3o: Em andamento; Natureza: Pesquisa. Alunos envolvidos: Gradua\u00e7\u00e3o: (1) \/ Mestrado acad\u00eamico: (1) .<\/p>\n<p><span style=\"text-decoration: underline;\"><strong>Programa Linnaeus-Palme - Coopera\u00e7\u00e3o Universidade de Boras (Su\u00e9cia) e UFPR<\/strong><\/span><br \/>\nDescri\u00e7\u00e3o: Cria\u00e7\u00e3o e dissemina\u00e7\u00e3o de conhecimentos voltados para uma sociedade sustent\u00e1vel. Situa\u00e7\u00e3o: Em andamento; Natureza: Outra.<\/p>\n<p>&nbsp;<\/p>\n<\/div>\n<\/div><\/div><\/div><\/div><div id=\"pg-33-1\"  class=\"panel-grid panel-no-style\" ><div id=\"pgc-33-1-0\"  class=\"panel-grid-cell\" ><div id=\"panel-33-1-0-0\" class=\"so-panel widget widget_sow-editor panel-first-child panel-last-child\" data-index=\"1\" ><div\n\t\t\t\n\t\t\tclass=\"so-widget-sow-editor so-widget-sow-editor-base\"\n\t\t\t\n\t\t><h3 class=\"widget-title\">Inova\u00e7\u00e3o<\/h3>\n<div class=\"siteorigin-widget-tinymce textwidget\">\n\t<p><span style=\"text-decoration: underline;\"><strong>Origem, comportamento e destino de elementos tecnologicamente cr\u00edticos (TCE) em \u00e1guas naturais<\/strong><\/span><br \/>\nDescri\u00e7\u00e3o: O objetivo principal do presente projeto de pesquisa consiste na avalia\u00e7\u00e3o da presen\u00e7a de elementos tecnologicamente cr\u00edticos em ambientes aqu\u00e1ticos, visando o conhecimento de seu ciclo biogeoqu\u00edmico. Para tanto, pretende-se realizar o desenvolvimento de m\u00e9todos anal\u00edticos para a determina\u00e7\u00e3o de alguns TCE em \u00e1guas, empregando amostradores passivos baseados na t\u00e9cnica DGT, assim como no desenvolvimento de m\u00e9todos de pr\u00e9-concentra\u00e7\u00e3o, em especial para o caso dos elementos denominados terras raras. Situa\u00e7\u00e3o: Em andamento; Natureza: Pesquisa. Alunos envolvidos: Gradua\u00e7\u00e3o: (1) \/ Mestrado acad\u00eamico: (1) \/ Doutorado: (1) .<\/p>\n<p><span style=\"text-decoration: underline;\"><strong>Projeto certificado pelo(a) coordenador(a) Fernando Fabriz Sodr\u00e9 em 13\/03\/2014.<\/strong><\/span><br \/>\nDescri\u00e7\u00e3o: O presente projeto tem como principal objetivo o desenvolvimento de amostradores passivos baseados na t\u00e9cnica de difus\u00e3o em filmes finos por gradiente de concentra\u00e7\u00e3o (DGT) para a determina\u00e7\u00e3o de contaminantes qu\u00edmicos emergentes em ambientes aqu\u00e1ticos. Situa\u00e7\u00e3o: Em andamento; Natureza: Pesquisa. Alunos envolvidos: Mestrado acad\u00eamico: (1) Doutorado: (2) .<\/p>\n<\/div>\n<\/div><\/div><\/div><\/div><\/div>","protected":false},"excerpt":{"rendered":"<p>Origem, comportamento e destino de elementos tecnologicamente cr\u00edticos (TCE) em \u00e1guas naturais Descri\u00e7\u00e3o: O objetivo principal do presente projeto de pesquisa consiste na avalia\u00e7\u00e3o da presen\u00e7a de elementos tecnologicamente cr\u00edticos em ambientes aqu\u00e1ticos, visando o conhecimento de seu ciclo biogeoqu\u00edmico. Para tanto, pretende-se realizar o desenvolvimento de m\u00e9todos anal\u00edticos para a determina\u00e7\u00e3o de alguns TCE [&hellip;]<\/p>\n","protected":false},"author":12,"featured_media":0,"parent":0,"menu_order":0,"comment_status":"closed","ping_status":"closed","template":"","meta":{"footnotes":""},"class_list":["post-33","page","type-page","status-publish","hentry","post"],"_links":{"self":[{"href":"http:\/\/www.quimica.ufpr.br\/paginas\/marco-grassi\/wp-json\/wp\/v2\/pages\/33","targetHints":{"allow":["GET"]}}],"collection":[{"href":"http:\/\/www.quimica.ufpr.br\/paginas\/marco-grassi\/wp-json\/wp\/v2\/pages"}],"about":[{"href":"http:\/\/www.quimica.ufpr.br\/paginas\/marco-grassi\/wp-json\/wp\/v2\/types\/page"}],"author":[{"embeddable":true,"href":"http:\/\/www.quimica.ufpr.br\/paginas\/marco-grassi\/wp-json\/wp\/v2\/users\/12"}],"replies":[{"embeddable":true,"href":"http:\/\/www.quimica.ufpr.br\/paginas\/marco-grassi\/wp-json\/wp\/v2\/comments?post=33"}],"version-history":[{"count":12,"href":"http:\/\/www.quimica.ufpr.br\/paginas\/marco-grassi\/wp-json\/wp\/v2\/pages\/33\/revisions"}],"predecessor-version":[{"id":450,"href":"http:\/\/www.quimica.ufpr.br\/paginas\/marco-grassi\/wp-json\/wp\/v2\/pages\/33\/revisions\/450"}],"wp:attachment":[{"href":"http:\/\/www.quimica.ufpr.br\/paginas\/marco-grassi\/wp-json\/wp\/v2\/media?parent=33"}],"curies":[{"name":"wp","href":"https:\/\/api.w.org\/{rel}","templated":true}]}}