{"id":15,"date":"2017-02-08T14:32:49","date_gmt":"2017-02-08T17:32:49","guid":{"rendered":"http:\/\/www.quimica.ufpr.br\/paginas\/marco-grassi\/?page_id=15"},"modified":"2020-10-30T22:33:26","modified_gmt":"2020-10-31T01:33:26","slug":"inicio","status":"publish","type":"page","link":"http:\/\/www.quimica.ufpr.br\/paginas\/marco-grassi\/","title":{"rendered":"In\u00edcio"},"content":{"rendered":"<div id=\"pl-15\"  class=\"panel-layout\" ><div id=\"pg-15-0\"  class=\"panel-grid panel-no-style\" ><div id=\"pgc-15-0-0\"  class=\"panel-grid-cell\" ><div id=\"panel-15-0-0-0\" class=\"so-panel widget widget_sow-image panel-first-child panel-last-child\" data-index=\"0\" ><div\n\t\t\t\n\t\t\tclass=\"so-widget-sow-image so-widget-sow-image-default-8b5b6f678277-15\"\n\t\t\t\n\t\t>\n<div class=\"sow-image-container\">\n\t\t<img \n\tsrc=\"http:\/\/www.quimica.ufpr.br\/paginas\/marco-grassi\/wp-content\/uploads\/sites\/8\/2017\/02\/MTG_Uenf.jpg\" width=\"900\" height=\"600\" srcset=\"http:\/\/www.quimica.ufpr.br\/paginas\/marco-grassi\/wp-content\/uploads\/sites\/8\/2017\/02\/MTG_Uenf.jpg 900w, http:\/\/www.quimica.ufpr.br\/paginas\/marco-grassi\/wp-content\/uploads\/sites\/8\/2017\/02\/MTG_Uenf-300x200.jpg 300w, http:\/\/www.quimica.ufpr.br\/paginas\/marco-grassi\/wp-content\/uploads\/sites\/8\/2017\/02\/MTG_Uenf-768x512.jpg 768w, http:\/\/www.quimica.ufpr.br\/paginas\/marco-grassi\/wp-content\/uploads\/sites\/8\/2017\/02\/MTG_Uenf-272x182.jpg 272w\" sizes=\"(max-width: 900px) 100vw, 900px\" alt=\"\" \t\tclass=\"so-widget-image\"\/>\n\t<\/div>\n\n<\/div><\/div><\/div><div id=\"pgc-15-0-1\"  class=\"panel-grid-cell\" ><div id=\"panel-15-0-1-0\" class=\"so-panel widget widget_sow-editor panel-first-child panel-last-child\" data-index=\"1\" ><div\n\t\t\t\n\t\t\tclass=\"so-widget-sow-editor so-widget-sow-editor-base\"\n\t\t\t\n\t\t>\n<div class=\"siteorigin-widget-tinymce textwidget\">\n\t<p style=\"text-align: justify;\">Graduado em Qu\u00edmica, com mestrado em Qu\u00edmica Anal\u00edtica e doutorado em Qu\u00edmica Ambiental pela UNICAMP e p\u00f3s-doutorado pela University of Delaware (EUA), onde foi professor convidado no Programa de P\u00f3s-Gradua\u00e7\u00e3o em Engenharia Ambiental e Recursos H\u00eddricos (1994-1996). Foi professor visitante na Universidade Federal do Maranh\u00e3o (1996-1998) e desde agosto de 1998 \u00e9 professor no Departamento de Qu\u00edmica da Universidade Federal do Paran\u00e1, onde atualmente exerce a fun\u00e7\u00e3o de chefe de departamento pela segunda vez. Foi vice-coordenador do Programa de P\u00f3s-Gradua\u00e7\u00e3o em Qu\u00edmica e presidente do Comit\u00ea Setorial de Pesquisa. \u00c9 membro do conselho editorial de Qu\u00edmica Nova e revisor de diversos peri\u00f3dicos cient\u00edficos. Foi diretor da divis\u00e3o de Qu\u00edmica Ambiental da Sociedade Brasileira de Qu\u00edmica de 2000-2002. Tamb\u00e9m foi Secret\u00e1rio da Regional Paran\u00e1 da SBQ entre 2010 e 2012. Tem experi\u00eancia na \u00e1rea de Qu\u00edmica, com \u00eanfase em An\u00e1lise de Tra\u00e7os e Qu\u00edmica Ambiental, atuando principalmente nos seguintes temas: qu\u00edmica aqu\u00e1tica e de sedimentos, especia\u00e7\u00e3o de metais e metal\u00f3ides, comportamento e destino de contaminantes org\u00e2nicos e inorg\u00e2nicos no ambiente. \u00c9 coordenador do Grupo de Qu\u00edmica Ambiental da UFPR e vice-coordenador do Instituto Nacional de Ci\u00eancias e Tecnologias Anal\u00edticas Avan\u00e7adas (INCTAA). \u00c9 tamb\u00e9m membro do Departamento de Cientistas e do N\u00facleo de Estudos de Bio\u00e9tica (NEBio) da Associa\u00e7\u00e3o Brasil Soka Gakkai Internacional (BSGI), organiza\u00e7\u00e3o n\u00e3o governamental filiada a ONU, que atua na cria\u00e7\u00e3o de valores humanos em prol da paz, cultura e educa\u00e7\u00e3o.<\/p>\n<\/div>\n<\/div><\/div><\/div><div id=\"pgc-15-0-2\"  class=\"panel-grid-cell\" ><div id=\"panel-15-0-2-0\" class=\"so-panel widget widget_sow-image panel-first-child\" data-index=\"2\" ><div\n\t\t\t\n\t\t\tclass=\"so-widget-sow-image so-widget-sow-image-default-8b5b6f678277-15\"\n\t\t\t\n\t\t>\n<div class=\"sow-image-container\">\n\t\t<img \n\tsrc=\"http:\/\/www.quimica.ufpr.br\/paginas\/marco-grassi\/wp-content\/uploads\/sites\/8\/2020\/10\/gqa-nova-logo-e1603843349855.png\" width=\"100\" height=\"100\" sizes=\"(max-width: 100px) 100vw, 100px\" title=\"gqa nova logo\" alt=\"\" \t\tclass=\"so-widget-image\"\/>\n\t<\/div>\n\n<\/div><\/div><div id=\"panel-15-0-2-1\" class=\"so-panel widget widget_sow-image\" data-index=\"3\" ><div\n\t\t\t\n\t\t\tclass=\"so-widget-sow-image so-widget-sow-image-default-8b5b6f678277-15\"\n\t\t\t\n\t\t>\n<div class=\"sow-image-container\">\n\t\t<img \n\tsrc=\"http:\/\/www.quimica.ufpr.br\/paginas\/marco-grassi\/wp-content\/uploads\/sites\/8\/2017\/02\/INCTAA.png\" width=\"862\" height=\"236\" srcset=\"http:\/\/www.quimica.ufpr.br\/paginas\/marco-grassi\/wp-content\/uploads\/sites\/8\/2017\/02\/INCTAA.png 862w, http:\/\/www.quimica.ufpr.br\/paginas\/marco-grassi\/wp-content\/uploads\/sites\/8\/2017\/02\/INCTAA-300x82.png 300w, http:\/\/www.quimica.ufpr.br\/paginas\/marco-grassi\/wp-content\/uploads\/sites\/8\/2017\/02\/INCTAA-768x210.png 768w\" sizes=\"(max-width: 862px) 100vw, 862px\" alt=\"\" \t\tclass=\"so-widget-image\"\/>\n\t<\/div>\n\n<\/div><\/div><div id=\"panel-15-0-2-2\" class=\"so-panel widget widget_search panel-last-child\" data-index=\"4\" ><form method=\"get\" class=\"search-form\" action=\"http:\/\/www.quimica.ufpr.br\/paginas\/marco-grassi\/\">\n\t<label for='s' class='screen-reader-text'>Search for:<\/label>\n\t<input type=\"search\" name=\"s\" placeholder=\"Search\" value=\"\" \/>\n\t<button type=\"submit\">\n\t\t<label class=\"screen-reader-text\">Search<\/label>\n\t\t\t\t\t<svg version=\"1.1\" xmlns=\"http:\/\/www.w3.org\/2000\/svg\" xmlns:xlink=\"http:\/\/www.w3.org\/1999\/xlink\" width=\"16\" height=\"16\" viewBox=\"0 0 16 16\">\n\t\t\t\t<path d=\"M15.56 15.56c-0.587 0.587-1.538 0.587-2.125 0l-2.652-2.652c-1.090 0.699-2.379 1.116-3.771 1.116-3.872 0-7.012-3.139-7.012-7.012s3.14-7.012 7.012-7.012c3.873 0 7.012 3.139 7.012 7.012 0 1.391-0.417 2.68-1.116 3.771l2.652 2.652c0.587 0.587 0.587 1.538 0 2.125zM7.012 2.003c-2.766 0-5.009 2.242-5.009 5.009s2.243 5.009 5.009 5.009c2.766 0 5.009-2.242 5.009-5.009s-2.242-5.009-5.009-5.009z\"><\/path>\n\t\t\t<\/svg>\n\t\t\t<\/button>\n<\/form>\n<\/div><\/div><\/div><\/div>","protected":false},"excerpt":{"rendered":"<p>Graduado em Qu\u00edmica, com mestrado em Qu\u00edmica Anal\u00edtica e doutorado em Qu\u00edmica Ambiental pela UNICAMP e p\u00f3s-doutorado pela University of Delaware (EUA), onde foi professor convidado no Programa de P\u00f3s-Gradua\u00e7\u00e3o em Engenharia Ambiental e Recursos H\u00eddricos (1994-1996). Foi professor visitante na Universidade Federal do Maranh\u00e3o (1996-1998) e desde agosto de 1998 \u00e9 professor no Departamento [&hellip;]<\/p>\n","protected":false},"author":12,"featured_media":0,"parent":0,"menu_order":0,"comment_status":"closed","ping_status":"closed","template":"","meta":{"footnotes":""},"class_list":["post-15","page","type-page","status-publish","hentry","post"],"_links":{"self":[{"href":"http:\/\/www.quimica.ufpr.br\/paginas\/marco-grassi\/wp-json\/wp\/v2\/pages\/15","targetHints":{"allow":["GET"]}}],"collection":[{"href":"http:\/\/www.quimica.ufpr.br\/paginas\/marco-grassi\/wp-json\/wp\/v2\/pages"}],"about":[{"href":"http:\/\/www.quimica.ufpr.br\/paginas\/marco-grassi\/wp-json\/wp\/v2\/types\/page"}],"author":[{"embeddable":true,"href":"http:\/\/www.quimica.ufpr.br\/paginas\/marco-grassi\/wp-json\/wp\/v2\/users\/12"}],"replies":[{"embeddable":true,"href":"http:\/\/www.quimica.ufpr.br\/paginas\/marco-grassi\/wp-json\/wp\/v2\/comments?post=15"}],"version-history":[{"count":31,"href":"http:\/\/www.quimica.ufpr.br\/paginas\/marco-grassi\/wp-json\/wp\/v2\/pages\/15\/revisions"}],"predecessor-version":[{"id":191,"href":"http:\/\/www.quimica.ufpr.br\/paginas\/marco-grassi\/wp-json\/wp\/v2\/pages\/15\/revisions\/191"}],"wp:attachment":[{"href":"http:\/\/www.quimica.ufpr.br\/paginas\/marco-grassi\/wp-json\/wp\/v2\/media?parent=15"}],"curies":[{"name":"wp","href":"https:\/\/api.w.org\/{rel}","templated":true}]}}