{"id":9,"date":"2016-04-05T19:17:27","date_gmt":"2016-04-05T19:17:27","guid":{"rendered":"http:\/\/www.quimica.ufpr.br\/paginas\/marcio-peres\/?page_id=9"},"modified":"2017-09-18T13:42:14","modified_gmt":"2017-09-18T13:42:14","slug":"grupo-de-pesquisa","status":"publish","type":"page","link":"http:\/\/www.quimica.ufpr.br\/paginas\/marcio-peres\/grupo-de-pesquisa\/","title":{"rendered":"Grupo de Pesquisa"},"content":{"rendered":"<div id=\"pl-9\"  class=\"panel-layout\" ><div id=\"pg-9-0\"  class=\"panel-grid panel-no-style\" ><div id=\"pgc-9-0-0\"  class=\"panel-grid-cell\" ><div id=\"panel-9-0-0-0\" class=\"so-panel widget panel-first-child panel-last-child\" data-index=\"0\" ><div class=\"panel-widget-style panel-widget-style-for-9-0-0-0\" ><\/div><\/div><\/div><\/div><div id=\"pg-9-1\"  class=\"panel-grid panel-no-style\" ><div id=\"pgc-9-1-0\"  class=\"panel-grid-cell\" ><div id=\"panel-9-1-0-0\" class=\"so-panel widget panel-first-child\" data-index=\"1\" ><\/div><div id=\"panel-9-1-0-1\" class=\"so-panel widget panel-last-child\" data-index=\"2\" ><\/div><\/div><div id=\"pgc-9-1-1\"  class=\"panel-grid-cell\" ><div id=\"panel-9-1-1-0\" class=\"so-panel widget panel-first-child panel-last-child\" data-index=\"3\" ><\/div><\/div><\/div><\/div>","protected":false},"excerpt":{"rendered":"<p>GRUPO DE S\u00cdNTESE, INORG\u00c2NICA MEDICINAL E CAT\u00c1LISE (GSIMC)<\/p>\n","protected":false},"author":1,"featured_media":0,"parent":0,"menu_order":0,"comment_status":"closed","ping_status":"closed","template":"","meta":{"footnotes":""},"class_list":["post-9","page","type-page","status-publish","hentry","post"],"_links":{"self":[{"href":"http:\/\/www.quimica.ufpr.br\/paginas\/marcio-peres\/wp-json\/wp\/v2\/pages\/9","targetHints":{"allow":["GET"]}}],"collection":[{"href":"http:\/\/www.quimica.ufpr.br\/paginas\/marcio-peres\/wp-json\/wp\/v2\/pages"}],"about":[{"href":"http:\/\/www.quimica.ufpr.br\/paginas\/marcio-peres\/wp-json\/wp\/v2\/types\/page"}],"author":[{"embeddable":true,"href":"http:\/\/www.quimica.ufpr.br\/paginas\/marcio-peres\/wp-json\/wp\/v2\/users\/1"}],"replies":[{"embeddable":true,"href":"http:\/\/www.quimica.ufpr.br\/paginas\/marcio-peres\/wp-json\/wp\/v2\/comments?post=9"}],"version-history":[{"count":37,"href":"http:\/\/www.quimica.ufpr.br\/paginas\/marcio-peres\/wp-json\/wp\/v2\/pages\/9\/revisions"}],"predecessor-version":[{"id":230,"href":"http:\/\/www.quimica.ufpr.br\/paginas\/marcio-peres\/wp-json\/wp\/v2\/pages\/9\/revisions\/230"}],"wp:attachment":[{"href":"http:\/\/www.quimica.ufpr.br\/paginas\/marcio-peres\/wp-json\/wp\/v2\/media?parent=9"}],"curies":[{"name":"wp","href":"https:\/\/api.w.org\/{rel}","templated":true}]}}