{"id":46,"date":"2017-07-26T19:03:29","date_gmt":"2017-07-26T19:03:29","guid":{"rendered":"http:\/\/www.quimica.ufpr.br\/paginas\/marcio-peres\/?page_id=46"},"modified":"2017-08-28T00:49:54","modified_gmt":"2017-08-28T00:49:54","slug":"linhas-de-pesquisa","status":"publish","type":"page","link":"http:\/\/www.quimica.ufpr.br\/paginas\/marcio-peres\/linhas-de-pesquisa\/","title":{"rendered":"Linhas de Pesquisa"},"content":{"rendered":"<div id=\"pl-46\"  class=\"panel-layout\" ><div id=\"pg-46-0\"  class=\"panel-grid panel-no-style\" ><div id=\"pgc-46-0-0\"  class=\"panel-grid-cell\" ><div id=\"panel-46-0-0-0\" class=\"so-panel widget panel-first-child panel-last-child\" data-index=\"0\" ><\/div><\/div><\/div><\/div>","protected":false},"excerpt":{"rendered":"<p>O grupo de pesquisa tem interesse na qu\u00edmica de compostos de metais de transi\u00e7\u00e3o envolvendo aspectos sint\u00e9ticos, estruturais, reatividade e cat\u00e1lise e qu\u00edmica medicinal.<\/p>\n","protected":false},"author":9,"featured_media":0,"parent":0,"menu_order":0,"comment_status":"closed","ping_status":"closed","template":"","meta":{"footnotes":""},"class_list":["post-46","page","type-page","status-publish","hentry","post"],"_links":{"self":[{"href":"http:\/\/www.quimica.ufpr.br\/paginas\/marcio-peres\/wp-json\/wp\/v2\/pages\/46","targetHints":{"allow":["GET"]}}],"collection":[{"href":"http:\/\/www.quimica.ufpr.br\/paginas\/marcio-peres\/wp-json\/wp\/v2\/pages"}],"about":[{"href":"http:\/\/www.quimica.ufpr.br\/paginas\/marcio-peres\/wp-json\/wp\/v2\/types\/page"}],"author":[{"embeddable":true,"href":"http:\/\/www.quimica.ufpr.br\/paginas\/marcio-peres\/wp-json\/wp\/v2\/users\/9"}],"replies":[{"embeddable":true,"href":"http:\/\/www.quimica.ufpr.br\/paginas\/marcio-peres\/wp-json\/wp\/v2\/comments?post=46"}],"version-history":[{"count":14,"href":"http:\/\/www.quimica.ufpr.br\/paginas\/marcio-peres\/wp-json\/wp\/v2\/pages\/46\/revisions"}],"predecessor-version":[{"id":224,"href":"http:\/\/www.quimica.ufpr.br\/paginas\/marcio-peres\/wp-json\/wp\/v2\/pages\/46\/revisions\/224"}],"wp:attachment":[{"href":"http:\/\/www.quimica.ufpr.br\/paginas\/marcio-peres\/wp-json\/wp\/v2\/media?parent=46"}],"curies":[{"name":"wp","href":"https:\/\/api.w.org\/{rel}","templated":true}]}}