{"id":326,"date":"2018-05-31T23:28:50","date_gmt":"2018-05-31T23:28:50","guid":{"rendered":"http:\/\/www.quimica.ufpr.br\/paginas\/marcio-peres\/?page_id=326"},"modified":"2018-06-25T12:01:51","modified_gmt":"2018-06-25T12:01:51","slug":"principios-de-quimica-ppg-q_2018-1","status":"publish","type":"page","link":"http:\/\/www.quimica.ufpr.br\/paginas\/marcio-peres\/principios-de-quimica-ppg-q_2018-1\/","title":{"rendered":"Princ\u00edpios de Qu\u00edmica &#8211; PPG-Q_2018\/1"},"content":{"rendered":"<p><a href=\"http:\/\/www.quimica.ufpr.br\/paginas\/marcio-peres\/wp-content\/uploads\/sites\/6\/2018\/05\/Aula-1-introdu\u00e7\u00e3o.pdf\">Aula 1 &#8211; introdu\u00e7\u00e3o<\/a><\/p>\n<p><a href=\"http:\/\/www.quimica.ufpr.br\/paginas\/marcio-peres\/wp-content\/uploads\/sites\/6\/2018\/05\/tabela-e-periodicidade.pdf\">tabela e periodicidade<\/a><\/p>\n<p><a href=\"http:\/\/www.quimica.ufpr.br\/paginas\/marcio-peres\/wp-content\/uploads\/sites\/6\/2018\/05\/carga-nuclear-efetiva.pdf\">carga nuclear efetiva<\/a><\/p>\n<p><a href=\"http:\/\/www.quimica.ufpr.br\/paginas\/marcio-peres\/wp-content\/uploads\/sites\/6\/2018\/05\/liga\u00e7\u00e3o-i\u00f4nica.pdf\">liga\u00e7\u00e3o i\u00f4nica<\/a><\/p>\n<p><a href=\"http:\/\/www.quimica.ufpr.br\/paginas\/marcio-peres\/wp-content\/uploads\/sites\/6\/2018\/05\/TOM_1.pdf\">TOM_1<\/a><\/p>\n<p><a href=\"http:\/\/www.quimica.ufpr.br\/paginas\/marcio-peres\/wp-content\/uploads\/sites\/6\/2018\/06\/\u00c1cidos-e-bases.pdf\">\u00c1cidos e bases<\/a><\/p>\n<p><a href=\"http:\/\/www.quimica.ufpr.br\/paginas\/marcio-peres\/wp-content\/uploads\/sites\/6\/2018\/06\/Familia-dos-Halogenios-1.pdf\">Familia-dos-Halogenios-1<\/a><\/p>\n<p><a href=\"http:\/\/www.quimica.ufpr.br\/paginas\/marcio-peres\/wp-content\/uploads\/sites\/6\/2018\/06\/\u00d3xidos-Anidros.pdf\">\u00d3xidos Anidros<\/a><\/p>\n<p><a href=\"http:\/\/www.quimica.ufpr.br\/paginas\/marcio-peres\/wp-content\/uploads\/sites\/6\/2018\/06\/quimica_da_coordena\u00e7\u00e3o.pdf\">quimica_da_coordena\u00e7\u00e3o<\/a><\/p>\n","protected":false},"excerpt":{"rendered":"<p>Aula 1 &#8211; introdu\u00e7\u00e3o tabela e periodicidade carga nuclear efetiva liga\u00e7\u00e3o i\u00f4nica TOM_1 \u00c1cidos e bases Familia-dos-Halogenios-1 \u00d3xidos Anidros quimica_da_coordena\u00e7\u00e3o<\/p>\n","protected":false},"author":9,"featured_media":0,"parent":0,"menu_order":0,"comment_status":"closed","ping_status":"closed","template":"","meta":{"footnotes":""},"class_list":["post-326","page","type-page","status-publish","hentry","post"],"_links":{"self":[{"href":"http:\/\/www.quimica.ufpr.br\/paginas\/marcio-peres\/wp-json\/wp\/v2\/pages\/326","targetHints":{"allow":["GET"]}}],"collection":[{"href":"http:\/\/www.quimica.ufpr.br\/paginas\/marcio-peres\/wp-json\/wp\/v2\/pages"}],"about":[{"href":"http:\/\/www.quimica.ufpr.br\/paginas\/marcio-peres\/wp-json\/wp\/v2\/types\/page"}],"author":[{"embeddable":true,"href":"http:\/\/www.quimica.ufpr.br\/paginas\/marcio-peres\/wp-json\/wp\/v2\/users\/9"}],"replies":[{"embeddable":true,"href":"http:\/\/www.quimica.ufpr.br\/paginas\/marcio-peres\/wp-json\/wp\/v2\/comments?post=326"}],"version-history":[{"count":7,"href":"http:\/\/www.quimica.ufpr.br\/paginas\/marcio-peres\/wp-json\/wp\/v2\/pages\/326\/revisions"}],"predecessor-version":[{"id":350,"href":"http:\/\/www.quimica.ufpr.br\/paginas\/marcio-peres\/wp-json\/wp\/v2\/pages\/326\/revisions\/350"}],"wp:attachment":[{"href":"http:\/\/www.quimica.ufpr.br\/paginas\/marcio-peres\/wp-json\/wp\/v2\/media?parent=326"}],"curies":[{"name":"wp","href":"https:\/\/api.w.org\/{rel}","templated":true}]}}