{"id":2,"date":"2016-03-31T13:18:22","date_gmt":"2016-03-31T13:18:22","guid":{"rendered":"http:\/\/www.quimica.ufpr.br\/paginas\/marcio-peres\/?page_id=2"},"modified":"2018-02-20T17:58:46","modified_gmt":"2018-02-20T17:58:46","slug":"pagina-inicial-2","status":"publish","type":"page","link":"http:\/\/www.quimica.ufpr.br\/paginas\/marcio-peres\/","title":{"rendered":"PRINCIPAL"},"content":{"rendered":"<div id=\"pl-2\"  class=\"panel-layout\" ><div id=\"pg-2-0\"  class=\"panel-grid panel-no-style\" ><div id=\"pgc-2-0-0\"  class=\"panel-grid-cell\" ><div id=\"panel-2-0-0-0\" class=\"so-panel widget widget_sow-image panel-first-child panel-last-child\" data-index=\"0\" ><div\n\t\t\t\n\t\t\tclass=\"so-widget-sow-image so-widget-sow-image-default-8b5b6f678277-2\"\n\t\t\t\n\t\t>\n<div class=\"sow-image-container\">\n\t\t<img \n\tsrc=\"http:\/\/www.quimica.ufpr.br\/paginas\/marcio-peres\/wp-content\/uploads\/sites\/6\/2016\/03\/20517561_10211540426684234_285336090_o-258x300.jpg\" width=\"258\" height=\"300\" srcset=\"https:\/\/www.quimica.ufpr.br\/paginas\/marcio-peres\/wp-content\/uploads\/sites\/6\/2016\/03\/20517561_10211540426684234_285336090_o-258x300.jpg 258w, https:\/\/www.quimica.ufpr.br\/paginas\/marcio-peres\/wp-content\/uploads\/sites\/6\/2016\/03\/20517561_10211540426684234_285336090_o-768x893.jpg 768w, https:\/\/www.quimica.ufpr.br\/paginas\/marcio-peres\/wp-content\/uploads\/sites\/6\/2016\/03\/20517561_10211540426684234_285336090_o-881x1024.jpg 881w, https:\/\/www.quimica.ufpr.br\/paginas\/marcio-peres\/wp-content\/uploads\/sites\/6\/2016\/03\/20517561_10211540426684234_285336090_o.jpg 1101w\" sizes=\"(max-width: 258px) 100vw, 258px\" alt=\"\" \t\tclass=\"so-widget-image\"\/>\n\t<\/div>\n\n<\/div><\/div><\/div><div id=\"pgc-2-0-1\"  class=\"panel-grid-cell\" ><div id=\"panel-2-0-1-0\" class=\"so-panel widget widget_sow-editor panel-first-child panel-last-child\" data-index=\"1\" ><div\n\t\t\t\n\t\t\tclass=\"so-widget-sow-editor so-widget-sow-editor-base\"\n\t\t\t\n\t\t><h3 class=\"widget-title\">FORMA\u00c7\u00c3O<\/h3>\n<div class=\"siteorigin-widget-tinymce textwidget\">\n\t<p style=\"text-align: left\">Bacharelado em Qu\u00edmica pela UFSCAR -1995<\/p>\n<p style=\"text-align: left\">Mestrado em Qu\u00edmica (\u00c1rea de concentra\u00e7\u00e3o: Qu\u00edmica Inorg\u00e2nica) pela UFSCAR - 1997<\/p>\n<p style=\"text-align: left\">Doutorado em Qu\u00edmica\u00a0(\u00c1rea de concentra\u00e7\u00e3o: Qu\u00edmica Inorg\u00e2nica) pelo IQ- UNESP - 2001<\/p>\n<p style=\"text-align: left\">P\u00f3s-doutorados: UFSCAR (bolsista FAPESP) - 2002; UBC - Canad\u00e1 (bolsista NSERC) - 2003;<\/p>\n<p style=\"text-align: left\">UFMG (bolsista CNPQ) - 2003 e UOttawa - Canad\u00e1 (bolsista CNPQ) - 2014.<\/p>\n<\/div>\n<\/div><\/div><\/div><div id=\"pgc-2-0-2\"  class=\"panel-grid-cell\" ><div id=\"panel-2-0-2-0\" class=\"so-panel widget panel-first-child panel-last-child\" data-index=\"2\" ><\/div><\/div><\/div><\/div>","protected":false},"excerpt":{"rendered":"<p>Bacharelado em Qu\u00edmica pela UFSCAR -1995 Mestrado em Qu\u00edmica (\u00c1rea de concentra\u00e7\u00e3o: Qu\u00edmica Inorg\u00e2nica) pela UFSCAR &#8211; 1997 Doutorado em Qu\u00edmica\u00a0(\u00c1rea de concentra\u00e7\u00e3o: Qu\u00edmica Inorg\u00e2nica) pelo IQ- UNESP &#8211; 2001 P\u00f3s-doutorados: UFSCAR (bolsista FAPESP) &#8211; 2002; UBC &#8211; Canad\u00e1 (bolsista NSERC) &#8211; 2003; UFMG (bolsista CNPQ) &#8211; 2003 e UOttawa &#8211; Canad\u00e1 (bolsista CNPQ) &#8211; [&hellip;]<\/p>\n","protected":false},"author":9,"featured_media":0,"parent":0,"menu_order":0,"comment_status":"closed","ping_status":"closed","template":"templates\/template-full.php","meta":{"footnotes":""},"class_list":["post-2","page","type-page","status-publish","hentry","post"],"_links":{"self":[{"href":"http:\/\/www.quimica.ufpr.br\/paginas\/marcio-peres\/wp-json\/wp\/v2\/pages\/2","targetHints":{"allow":["GET"]}}],"collection":[{"href":"http:\/\/www.quimica.ufpr.br\/paginas\/marcio-peres\/wp-json\/wp\/v2\/pages"}],"about":[{"href":"http:\/\/www.quimica.ufpr.br\/paginas\/marcio-peres\/wp-json\/wp\/v2\/types\/page"}],"author":[{"embeddable":true,"href":"http:\/\/www.quimica.ufpr.br\/paginas\/marcio-peres\/wp-json\/wp\/v2\/users\/9"}],"replies":[{"embeddable":true,"href":"http:\/\/www.quimica.ufpr.br\/paginas\/marcio-peres\/wp-json\/wp\/v2\/comments?post=2"}],"version-history":[{"count":63,"href":"http:\/\/www.quimica.ufpr.br\/paginas\/marcio-peres\/wp-json\/wp\/v2\/pages\/2\/revisions"}],"predecessor-version":[{"id":296,"href":"http:\/\/www.quimica.ufpr.br\/paginas\/marcio-peres\/wp-json\/wp\/v2\/pages\/2\/revisions\/296"}],"wp:attachment":[{"href":"http:\/\/www.quimica.ufpr.br\/paginas\/marcio-peres\/wp-json\/wp\/v2\/media?parent=2"}],"curies":[{"name":"wp","href":"https:\/\/api.w.org\/{rel}","templated":true}]}}