{"id":924,"date":"2024-01-08T09:18:14","date_gmt":"2024-01-08T12:18:14","guid":{"rendered":"http:\/\/www.quimica.ufpr.br\/paginas\/luiz-ramos\/?page_id=924"},"modified":"2024-01-11T22:25:00","modified_gmt":"2024-01-12T01:25:00","slug":"orientacoes-em-andamento","status":"publish","type":"page","link":"http:\/\/www.quimica.ufpr.br\/paginas\/luiz-ramos\/orientacoes-em-andamento\/","title":{"rendered":"Orienta\u00e7\u00f5es em andamento"},"content":{"rendered":"<div id=\"pl-924\"  class=\"panel-layout\" ><div id=\"pg-924-0\"  class=\"panel-grid panel-no-style\" ><div id=\"pgc-924-0-0\"  class=\"panel-grid-cell\" ><div id=\"panel-924-0-0-0\" class=\"so-panel widget widget_sow-editor panel-first-child panel-last-child\" data-index=\"0\" ><div\n\t\t\t\n\t\t\tclass=\"so-widget-sow-editor so-widget-sow-editor-base\"\n\t\t\t\n\t\t>\n<div class=\"siteorigin-widget-tinymce textwidget\">\n\t<h3>Supervis\u00e3o de p\u00f3s-doutorado<\/h3>\n<hr \/>\n<p style=\"padding-left: 40px\">1. Tatiane Caroline Ferrari. 2022. Supervis\u00e3o de p\u00f3s-doutorado - Universidade Federal do Paran\u00e1. Financiamento: Funda\u00e7\u00e3o Arauc\u00e1ria de Apoio ao Desenvolvimento Cient\u00edfico e Tecnol\u00f3gico<br \/>\n2. Ramiro Picoli Nippes. 2022. Supervis\u00e3o de p\u00f3s-doutorado - Universidade Federal do Paran\u00e1. Financiamento: Funda\u00e7\u00e3o Arauc\u00e1ria de Apoio ao Desenvolvimento Cient\u00edfico e Tecnol\u00f3gico<br \/>\n3. Thiago Alessandre da Silva. 2022. Supervis\u00e3o de p\u00f3s-doutorado - Universidade Federal do Paran\u00e1. Financiamento: Funda\u00e7\u00e3o Arauc\u00e1ria de Apoio ao Desenvolvimento Cient\u00edfico e Tecnol\u00f3gico<\/p>\n<hr \/>\n<h3>Teses de doutorado: orientador principal<\/h3>\n<hr \/>\n<p style=\"padding-left: 40px\">1. Rayssa Luana da Silva Pinto. Produ\u00e7\u00e3o de hidrocarbonetos renov\u00e1veis via hidrotratamento de \u00f3leo bruto obtido por rea\u00e7\u00e3o de Fischer-Tropsch. 2021. Tese (Engenharia Qu\u00edmica) - Universidade Federal do Paran\u00e1<br \/>\n2. Bruna Sgarlate. Modelagem, simula\u00e7\u00e3o e s\u00edntese de hidrocarbonetos l\u00edquidos a partir de syngas via rea\u00e7\u00e3o de Fischer-Trospch. In\u00edcio: 2022. Tese (Engenharia Qu\u00edmica) - Universidade Federal do Paran\u00e1. Financiamento: Conselho Nacional de Desenvolvimento Cient\u00edfico e Tecnol\u00f3gico<\/p>\n<hr \/>\n<h3>Teses de doutorado: co-orientador<\/h3>\n<hr \/>\n<p style=\"padding-left: 40px\">2. Lucas Leocadio Battiston. Hidrogena\u00e7\u00e3o de \u00f3xidos de carbono a produtos de alto valor agregado por cat\u00e1lise heterog\u00eanea. 2021. Tese (Engenharia Qu\u00edmica) - Universidade Federal do Paran\u00e1. Financiamento: Funda\u00e7\u00e3o Arauc\u00e1ria de Apoio ao Desenvolvimento Cient\u00edfico e Tecnol\u00f3gico<br \/>\n3. Giulia Hersbt. Engenharia e otimiza\u00e7\u00e3o da separa\u00e7\u00e3o e purifica\u00e7\u00e3o de \u00e1cido l\u00e1tico de segunda gera\u00e7\u00e3o. 2021. Disserta\u00e7\u00e3o (Engenharia Qu\u00edmica) - Universidade Federal do Paran\u00e1. Financiamento: Conselho Nacional de Desenvolvimento Cient\u00edfico e Tecnol\u00f3gico<\/p>\n<hr \/>\n<h3>Disserta\u00e7\u00f5es de mestrado: orientador principal<\/h3>\n<hr \/>\n<p style=\"padding-left: 40px\">1. Matheus Callegari. Otimiza\u00e7\u00e3o da produ\u00e7\u00e3o de etanol celul\u00f3sico a partir de cana energia. In\u00edcio: 2023. Disserta\u00e7\u00e3o (Engenharia Qu\u00edmica) - Universidade Federal do Paran\u00e1. Financiamento: Conselho Nacional de Desenvolvimento Cient\u00edfico e Tecnol\u00f3gico. (Orientador).<\/p>\n<hr \/>\n<h3>Disserta\u00e7\u00f5es de mestrado: co-orientador<\/h3>\n<hr \/>\n<p style=\"padding-left: 40px\">2. Juan Esteban Foronda Quiroz. Preparaci\u00f3n de catalizadores heterog\u00e9neos para la producci\u00f3n de biolubricantes. In\u00edcio: 2023. Disserta\u00e7\u00e3o (Engenharia Qu\u00edmica) - Instituto Tecnologico de Aguascalientes (Coorientador).<br \/>\n3. Carolina Gomes Quirrenbach. Desenvolvimento de barreira hidr\u00e1ulica injet\u00e1vel \u00e0 base de carv\u00e3o ativado nanom\u00e9trico para conten\u00e7\u00e3o de plumas de contamina\u00e7\u00e3o. 2021. Disserta\u00e7\u00e3o (Engenharia Qu\u00edmica) - Universidade Federal do Paran\u00e1. Financiamento: Geoambiente Geologia e Engenharia Ambiental Ltda.<\/p>\n<hr \/>\n<h3>Inicia\u00e7\u00e3o Cient\u00edfica<\/h3>\n<hr \/>\n<p style=\"padding-left: 40px\">1. Daniel Guimar\u00e3es de Arruda. Deslignifica\u00e7\u00e3o etan\u00f3lica, caracteriza\u00e7\u00e3o da lignina e teste de hidr\u00f3lise enzim\u00e1tica dos carboidratos extra\u00eddos de diferentes cultivares de cana-energia pr\u00e9 -tratados por explos\u00e3o a vapor. 2023. Inicia\u00e7\u00e3o cient\u00edfica (Bacharelado e Licenciatura em Qu\u00edmica) - Universidade Federal do Paran\u00e1. Financiamento: Conselho Nacional de Desenvolvimento Cient\u00edfico e Tecnol\u00f3gico<br \/>\n2. Ana Maura Novak. Produ\u00e7\u00e3o de compostos de interesse em biorrefinarias a partir de res\u00edduos agroindustriais. 2023. Inicia\u00e7\u00e3o cient\u00edfica (Engenharia Qu\u00edmica) - Universidade Federal do Paran\u00e1. Financiamento: Conselho Nacional de Desenvolvimento Cient\u00edfico e Tecnol\u00f3gico<br \/>\n3. Jo\u00e3o Victor Silva de Oliveira. Caracteriza\u00e7\u00e3o qu\u00edmica de cultivares de cana-energia e sua susceptibilidade \u00e0 hidr\u00f3lise enzim\u00e1tica ap\u00f3s tratamento por explos\u00e3o a vapor. 2023. Inicia\u00e7\u00e3o cient\u00edfica (Engenharia Florestal) - Universidade Federal do Paran\u00e1. Financiamento: Conselho Nacional de Desenvolvimento Cient\u00edfico e Tecnol\u00f3gico<\/p>\n<\/div>\n<\/div><\/div><\/div><\/div><\/div>","protected":false},"excerpt":{"rendered":"<p>Supervis\u00e3o de p\u00f3s-doutorado 1. Tatiane Caroline Ferrari. 2022. Supervis\u00e3o de p\u00f3s-doutorado &#8211; Universidade Federal do Paran\u00e1. Financiamento: Funda\u00e7\u00e3o Arauc\u00e1ria de Apoio ao Desenvolvimento Cient\u00edfico e Tecnol\u00f3gico 2. Ramiro Picoli Nippes. 2022. Supervis\u00e3o de p\u00f3s-doutorado &#8211; Universidade Federal do Paran\u00e1. Financiamento: Funda\u00e7\u00e3o Arauc\u00e1ria de Apoio ao Desenvolvimento Cient\u00edfico e Tecnol\u00f3gico 3. Thiago Alessandre da Silva. 2022. [&hellip;]<\/p>\n","protected":false},"author":21,"featured_media":0,"parent":0,"menu_order":0,"comment_status":"closed","ping_status":"closed","template":"","meta":{"footnotes":""},"class_list":["post-924","page","type-page","status-publish","hentry","post"],"_links":{"self":[{"href":"http:\/\/www.quimica.ufpr.br\/paginas\/luiz-ramos\/wp-json\/wp\/v2\/pages\/924","targetHints":{"allow":["GET"]}}],"collection":[{"href":"http:\/\/www.quimica.ufpr.br\/paginas\/luiz-ramos\/wp-json\/wp\/v2\/pages"}],"about":[{"href":"http:\/\/www.quimica.ufpr.br\/paginas\/luiz-ramos\/wp-json\/wp\/v2\/types\/page"}],"author":[{"embeddable":true,"href":"http:\/\/www.quimica.ufpr.br\/paginas\/luiz-ramos\/wp-json\/wp\/v2\/users\/21"}],"replies":[{"embeddable":true,"href":"http:\/\/www.quimica.ufpr.br\/paginas\/luiz-ramos\/wp-json\/wp\/v2\/comments?post=924"}],"version-history":[{"count":3,"href":"http:\/\/www.quimica.ufpr.br\/paginas\/luiz-ramos\/wp-json\/wp\/v2\/pages\/924\/revisions"}],"predecessor-version":[{"id":1221,"href":"http:\/\/www.quimica.ufpr.br\/paginas\/luiz-ramos\/wp-json\/wp\/v2\/pages\/924\/revisions\/1221"}],"wp:attachment":[{"href":"http:\/\/www.quimica.ufpr.br\/paginas\/luiz-ramos\/wp-json\/wp\/v2\/media?parent=924"}],"curies":[{"name":"wp","href":"https:\/\/api.w.org\/{rel}","templated":true}]}}