{"id":870,"date":"2022-12-22T17:32:34","date_gmt":"2022-12-22T20:32:34","guid":{"rendered":"http:\/\/www.quimica.ufpr.br\/paginas\/luiz-ramos\/?page_id=870"},"modified":"2022-12-22T19:13:04","modified_gmt":"2022-12-22T22:13:04","slug":"projetos-2","status":"publish","type":"page","link":"http:\/\/www.quimica.ufpr.br\/paginas\/luiz-ramos\/projetos-2\/","title":{"rendered":"Projetos em andamento"},"content":{"rendered":"<div id=\"pl-870\"  class=\"panel-layout\" ><div id=\"pg-870-0\"  class=\"panel-grid panel-no-style\" ><div id=\"pgc-870-0-0\"  class=\"panel-grid-cell\" ><div id=\"panel-870-0-0-0\" class=\"so-panel widget widget_sow-editor panel-first-child panel-last-child\" data-index=\"0\" ><div\n\t\t\t\n\t\t\tclass=\"so-widget-sow-editor so-widget-sow-editor-base\"\n\t\t\t\n\t\t><h3 class=\"widget-title\">Projetos Financiados pela FINEP<\/h3>\n<div class=\"siteorigin-widget-tinymce textwidget\">\n\t<p>Em constru\u00e7\u00e3o...<\/p>\n<\/div>\n<\/div><\/div><\/div><div id=\"pgc-870-0-1\"  class=\"panel-grid-cell\" ><div id=\"panel-870-0-1-0\" class=\"so-panel widget widget_sow-image panel-first-child panel-last-child\" data-index=\"1\" ><div\n\t\t\t\n\t\t\tclass=\"so-widget-sow-image so-widget-sow-image-default-8b5b6f678277-870\"\n\t\t\t\n\t\t>\n<div class=\"sow-image-container\">\n\t\t<img \n\tsrc=\"http:\/\/www.quimica.ufpr.br\/paginas\/luiz-ramos\/wp-content\/uploads\/sites\/20\/2016\/12\/Finep.png\" width=\"298\" height=\"169\" sizes=\"(max-width: 298px) 100vw, 298px\" title=\"finep\" alt=\"\" \t\tclass=\"so-widget-image\"\/>\n\t<\/div>\n\n<\/div><\/div><\/div><\/div><div id=\"pg-870-1\"  class=\"panel-grid panel-no-style\" ><div id=\"pgc-870-1-0\"  class=\"panel-grid-cell\" ><div id=\"panel-870-1-0-0\" class=\"so-panel widget widget_sow-editor panel-first-child panel-last-child\" data-index=\"2\" ><div\n\t\t\t\n\t\t\tclass=\"so-widget-sow-editor so-widget-sow-editor-base\"\n\t\t\t\n\t\t><h3 class=\"widget-title\">Projetos Financiados pelo CNPq<\/h3>\n<div class=\"siteorigin-widget-tinymce textwidget\">\n\t<p style=\"font-weight: 400\">CNPq, Chamada N\u00ba 18-2022.\u00a0Pesquisa, desenvolvimento e inova\u00e7\u00e3o em apoio ao programa combust\u00edvel do futuro e \u00e0 iniciativa brasileira do hidrog\u00eanio (IBH2 MCTI).\u00a0T\u00edtulo: \u201cProdu\u00e7\u00e3o de hidrocarbonetos renov\u00e1veis a partir do biog\u00e1s e seus co-produtos\u201d. Coordenador: Dr. Marcos Lucio Corazza (UFPR). Valor total concedido: R$ 1.200.000,00. Vig\u00eancia: 2023 a 2026. Institui\u00e7\u00f5es envolvidas: UFPR, UNIOESTE, UEM e a West Virginia University<\/p>\n<hr \/>\n<p style=\"font-weight: 400\">CNPq, Chamada N\u00ba 12\/2020 \u2013 Programa de Mestrado e Doutorado Acad\u00eamico para Inova\u00e7\u00e3o MAI\/DAI. T\u00edtulo: \u201cTecnologia, Inova\u00e7\u00e3o e Gest\u00e3o Ambiental para o Desenvolvimento Sustent\u00e1vel de Produtos e Processos\u201d (processo 403601\/2020-7). Participa\u00e7\u00e3o em projetos conveniados com as seguintes empresas:<\/p>\n<ol>\n<li>BioVertis Produ\u00e7\u00e3o Agr\u00edcola Ltda. T\u00edtulo: \u201cCaracteriza\u00e7\u00e3o qu\u00edmica e produ\u00e7\u00e3o de etanol celul\u00f3sico a partir de cana energia\u201d. Bolsa de mestrado com vig\u00eancia de 2021 a 2023 (orienta\u00e7\u00e3o direta)<\/li>\n<li>Earth Renewable Technologies do Brasil Participa\u00e7\u00f5es Societ\u00e1rias Ltda (ERT). T\u00edtulo: \u201cEngenharia e otimiza\u00e7\u00e3o da separa\u00e7\u00e3o e purifica\u00e7\u00e3o de \u00e1cido l\u00e1tico 2G em processos livre de gesso\u201d. Bolsa de doutorado com vig\u00eancia de 2021 a 2024 (co-orienta\u00e7\u00e3o)<\/li>\n<li>Geoambiente Geologia e Engenharia Ambiental Ltda. T\u00edtulo: \u201cDesenvolvimento de emuls\u00f5es \u00f3leo\/\u00e1gua contendo nutrientes e agentes tensoativos para acelerar a biorremedia\u00e7\u00e3o ambiental de solos e \u00e1guas subterr\u00e2neas\u201d. Bolsa de mestrado com vig\u00eancia de 2021 a 2023 (co-orienta\u00e7\u00e3o)<\/li>\n<\/ol>\n<\/div>\n<\/div><\/div><\/div><div id=\"pgc-870-1-1\"  class=\"panel-grid-cell\" ><div id=\"panel-870-1-1-0\" class=\"so-panel widget widget_sow-image panel-first-child panel-last-child\" data-index=\"3\" ><div\n\t\t\t\n\t\t\tclass=\"so-widget-sow-image so-widget-sow-image-default-8b5b6f678277-870\"\n\t\t\t\n\t\t>\n<div class=\"sow-image-container\">\n\t\t<img \n\tsrc=\"http:\/\/www.quimica.ufpr.br\/paginas\/luiz-ramos\/wp-content\/uploads\/sites\/20\/2016\/12\/CNPq.png\" width=\"338\" height=\"149\" srcset=\"https:\/\/www.quimica.ufpr.br\/paginas\/luiz-ramos\/wp-content\/uploads\/sites\/20\/2016\/12\/CNPq.png 338w, https:\/\/www.quimica.ufpr.br\/paginas\/luiz-ramos\/wp-content\/uploads\/sites\/20\/2016\/12\/CNPq-300x132.png 300w\" sizes=\"(max-width: 338px) 100vw, 338px\" title=\"cnpq\" alt=\"\" \t\tclass=\"so-widget-image\"\/>\n\t<\/div>\n\n<\/div><\/div><\/div><\/div><div id=\"pg-870-2\"  class=\"panel-grid panel-no-style\" ><div id=\"pgc-870-2-0\"  class=\"panel-grid-cell\" ><div id=\"panel-870-2-0-0\" class=\"so-panel widget widget_sow-editor panel-first-child panel-last-child\" data-index=\"4\" ><div\n\t\t\t\n\t\t\tclass=\"so-widget-sow-editor so-widget-sow-editor-base\"\n\t\t\t\n\t\t><h3 class=\"widget-title\">Projetos Financiados pela Funda\u00e7\u00e3o Arauc\u00e1ria<\/h3>\n<div class=\"siteorigin-widget-tinymce textwidget\">\n\t<p style=\"font-weight: 400\">Funda\u00e7\u00e3o Arauc\u00e1ria, Chamada P\u00fablica PI 07\/2018 HORIZON 2020 (Termo de Convenio 004\/2019). T\u00edtulo: \u201cMedidas de propriedades termodina\u0302micas e desenvolvimento de processos integrados em biorefinarias\u201d. Coordenador: Marcos L\u00facio Corazza (UFPR). Institui\u00e7\u00f5es associadas: UFPR, University of Southern Denmark, Dinamarca; Instituto Superior de Engenharia de Lisboa, Portugal; University Campus Rio Patras, Gr\u00e9cia; Consiglio Nazionale dele Ricerche, It\u00e1lia; University of Chemical Technology and Metallurgy, Bulg\u00e1ria; University of Salamanca, Espanha; University College London, UK; Bulgarian Academy of Science, Bulg\u00e1ria; Santzouk Samir &amp; Co., Gr\u00e9cia; Instituto Tecnologico de Aguascalientes, M\u00e9xico<\/p>\n<hr \/>\n<p style=\"font-weight: 400\">Funda\u00e7\u00e3o Arauc\u00e1ria, Projeto NAPI-HCR Fase 1. T\u00edtulo: \u201cConsolida\u00e7\u00e3o do novo arranjo de pesquisa e inova\u00e7\u00e3o em hidrocarbonetos renov\u00e1veis do Estado do Paran\u00e1 (NAPI HCR)\u201d. Valor total concedido: R$ 1.521.476,00 (R$ 770.000,00 para a UFPR). Vig\u00eancia: 2021 a 2023. Institui\u00e7\u00f5es envolvidas: UFPR, UNIOESTE, UEM, UEL, UTFPR, CIBIOG\u00c1S, PTI-ITAIPU e outras empresas do setor bioenerg\u00e9tico paranaense<\/p>\n<hr \/>\n<p style=\"font-weight: 400\">Funda\u00e7\u00e3o Arauc\u00e1ria, Projeto NAPI-HCR Fase 1 \u2013 Termo aditivo (contrapartida ao projeto GIZ\/CIBIOGAS\/UFPR). T\u00edtulo: \u201cConsolida\u00e7\u00e3o do novo arranjo de pesquisa e inova\u00e7\u00e3o em hidrocarbonetos renov\u00e1veis do Estado do Paran\u00e1 (NAPI HCR)\u201d. Valor total concedido: R$ 1.579.025,00. Vig\u00eancia: 2021 a 2024. Institui\u00e7\u00f5es envolvidas: GIZ, UFPR, UEM, UTFPR, CIBIOG\u00c1S e PTI-ITAIPU<\/p>\n<hr \/>\n<p style=\"font-weight: 400\">Funda\u00e7\u00e3o Arauc\u00e1ria, Projeto WVU\/UFPR\/UNIOESTE\/UEM. T\u00edtulo: \u201cApoio das a\u00e7\u00f5es de internacionaliza\u00e7\u00e3o da UFPR no \u00e2mbito do NAPI HCR, em pareceria com a West Virginia University (WVU)\u201d \u2013 Valor total concedido: R$ 453.000,00. Vig\u00eancia: 2022 a 2026. Institui\u00e7\u00f5es envolvidas: UFPR, UNIOESTE, UEM e WVU<\/p>\n<\/div>\n<\/div><\/div><\/div><div id=\"pgc-870-2-1\"  class=\"panel-grid-cell\" ><div id=\"panel-870-2-1-0\" class=\"so-panel widget widget_sow-image panel-first-child panel-last-child\" data-index=\"5\" ><div\n\t\t\t\n\t\t\tclass=\"so-widget-sow-image so-widget-sow-image-default-8b5b6f678277-870\"\n\t\t\t\n\t\t>\n<div class=\"sow-image-container\">\n\t\t<img \n\tsrc=\"http:\/\/www.quimica.ufpr.br\/paginas\/luiz-ramos\/wp-content\/uploads\/sites\/20\/2016\/12\/FA.png\" width=\"350\" height=\"144\" srcset=\"https:\/\/www.quimica.ufpr.br\/paginas\/luiz-ramos\/wp-content\/uploads\/sites\/20\/2016\/12\/FA.png 350w, https:\/\/www.quimica.ufpr.br\/paginas\/luiz-ramos\/wp-content\/uploads\/sites\/20\/2016\/12\/FA-300x123.png 300w\" sizes=\"(max-width: 350px) 100vw, 350px\" title=\"fa\" alt=\"\" \t\tclass=\"so-widget-image\"\/>\n\t<\/div>\n\n<\/div><\/div><\/div><\/div><div id=\"pg-870-3\"  class=\"panel-grid panel-no-style\" ><div id=\"pgc-870-3-0\"  class=\"panel-grid-cell\" ><div id=\"panel-870-3-0-0\" class=\"so-panel widget widget_sow-editor panel-first-child panel-last-child\" data-index=\"6\" ><div\n\t\t\t\n\t\t\tclass=\"so-widget-sow-editor so-widget-sow-editor-base\"\n\t\t\t\n\t\t><h3 class=\"widget-title\">Participa\u00e7\u00e3o em Projetos Internacionais<\/h3>\n<div class=\"siteorigin-widget-tinymce textwidget\">\n\t<p style=\"font-weight: 400\">Deutsche Gesellschaft f\u00fcr Internationale Zusammenarbeit GmbH (GIZ). Projeto GIZ\/CIBIOGAS\/UFPR. T\u00edtulo: \u201cPtX Paran\u00e1: Transi\u00e7\u00e3o Energ\u00e9tica &amp; Economia de Baixo Carbono no Agroneg\u00f3cio do Paran\u00e1\u201d. Valor total concedido: \u20ac 1,5 milh\u00e3o. Vig\u00eancia: 2022-2023. Coordenador: Felipe Souza Marques (CIBiog\u00e1s). Institui\u00e7\u00f5es associadas: GIZ, UFPR, CIBIOG\u00c1S e PTI-ITAIPU<\/p>\n<hr \/>\n<p style=\"font-weight: 400\">Programa Iberoamericano de Ciencia y Tecnolog\u00eda para el Desarrollo (CYTED). T\u00edtulo: Red Tem\u00e1tica NANOCELIA: \"Transferencia Tecnol\u00f3gica sobre Aplicaciones de Nanocelulosa en Iberoam\u00e9rica\" (projeto n\u00famero 317RT0525). Coordenador geral: Dra. Maria Vallejos (Universidad de Missiones, Argentina). Vig\u00eancia: 2017 a 2022. Institui\u00e7\u00f5es participantes: Instituto de Materiales de Misiones (IMAM, Argentina), Universidad de Girona (UdG, Espa\u00f1a), Universidad de Coimbra (UC, Portugal), Universidad Federal de Paran\u00e1 (UFPR, Brasil), Universidad Nacional de Costa Rica (UNA, Costa Rica), Universidad de Concepci\u00f3n (UdeC, Chile) y la Universidad Pontificia Bolivariana (UPB,Colombia), Asociaci\u00f3n de Fabricantes de Celulosa y Papel (AFCP, Argentina), Klabin (Brasil), Forestal y Papelera Concepci\u00f3n (Chile), Novelteak S.A. e Productos Florida S.A. (Costa Rica), LC Paper 1881 S.A. (Espa\u00f1a) y el Instituto de Investiga\u00e7\u00e3o da Floresta e Papel (RAIZ, Portugal).\"<\/p>\n<hr \/>\n<p style=\"font-weight: 400\">Programa Iberoamericano de Ciencia y Tecnolog\u00eda para el Desarrollo (CYTED). T\u00edtulo: \"Red Valorizaci\u00f3n de Residuos de la Industria Agroalimentaria\" (RESALVALOR, projeto n\u00famero 319RT0575). Coordenador geral: Dr. F\u00e9lix Ochoa-Soria (Universidad Complutense de Madrid, Espanha). Vig\u00eancia: 2019 a 2022. Institui\u00e7\u00f5es participantes: UFPR, Brasil; USP, Brasil; Universidad Complutense de Madrid (UCM), Espanha; INIA, Espanha; Universidad de la Republica (UDELAR), Uruguai; Universidad Catolica de Valpara\u00edso (UCV), Chile; Universidad de Bahia Blanca (UBB), Argentina; Universidad Nacional del Litoral (UNL), Argentina; Universidad de Costa Rica (UCR), Costa Rica; Universidad Central, Guatemala; Corporaci\u00f3n Colombiana de Investigaci\u00f3n Agropecuaria (Corpoica), Col\u00f4mbia; Plant Response, Espanha; Pago de Carraovejas, Espanha; SmartBio, Argentina; Biobahia, Argentina; Novozymes Latin America, Brasil; Ioto International, USA\/Brasil<\/p>\n<hr \/>\n<p style=\"font-weight: 400\">European Union Council, Marie Sklodowska-Curie Actions of the Research and Innovation Staff Exchange (RISE), Edital H2020-MSCA-RISE-2017. T\u00edtulo: \u201cIntegrated and Process Design for Sustainable Biorefineries\u201d (protocolo n\u00famero 778168). Coordenador geral: Dr. Massimiliano Errico (University of Southern Denmark, Dinamarca). Vig\u00eancia: 2018 a 2023. Institui\u00e7\u00f5es participantes: UFPR, University of Southern Denmark, Dinamarca; Instituto Superior de Engenharia de Lisboa, Portugal; University Campus Rio Patras, Gr\u00e9cia; Consiglio Nazionale dele Ricerche, It\u00e1lia; University of Chemical Technology and Metallurgy, Bulg\u00e1ria; University of Salamanca, Espanha; University College London, UK; Bulgarian Academy of Science, Bulg\u00e1ria; Santzouk Samir &amp; Co., Gr\u00e9cia; Instituto Tecnologico de Aguascalientes, M\u00e9xico.<\/p>\n<\/div>\n<\/div><\/div><\/div><\/div><\/div>","protected":false},"excerpt":{"rendered":"<p>Em constru\u00e7\u00e3o&#8230; CNPq, Chamada N\u00ba 18-2022.\u00a0Pesquisa, desenvolvimento e inova\u00e7\u00e3o em apoio ao programa combust\u00edvel do futuro e \u00e0 iniciativa brasileira do hidrog\u00eanio (IBH2 MCTI).\u00a0T\u00edtulo: \u201cProdu\u00e7\u00e3o de hidrocarbonetos renov\u00e1veis a partir do biog\u00e1s e seus co-produtos\u201d. Coordenador: Dr. Marcos Lucio Corazza (UFPR). Valor total concedido: R$ 1.200.000,00. Vig\u00eancia: 2023 a 2026. Institui\u00e7\u00f5es envolvidas: UFPR, UNIOESTE, UEM [&hellip;]<\/p>\n","protected":false},"author":21,"featured_media":0,"parent":0,"menu_order":0,"comment_status":"closed","ping_status":"closed","template":"","meta":{"footnotes":""},"class_list":["post-870","page","type-page","status-publish","hentry","post"],"_links":{"self":[{"href":"http:\/\/www.quimica.ufpr.br\/paginas\/luiz-ramos\/wp-json\/wp\/v2\/pages\/870","targetHints":{"allow":["GET"]}}],"collection":[{"href":"http:\/\/www.quimica.ufpr.br\/paginas\/luiz-ramos\/wp-json\/wp\/v2\/pages"}],"about":[{"href":"http:\/\/www.quimica.ufpr.br\/paginas\/luiz-ramos\/wp-json\/wp\/v2\/types\/page"}],"author":[{"embeddable":true,"href":"http:\/\/www.quimica.ufpr.br\/paginas\/luiz-ramos\/wp-json\/wp\/v2\/users\/21"}],"replies":[{"embeddable":true,"href":"http:\/\/www.quimica.ufpr.br\/paginas\/luiz-ramos\/wp-json\/wp\/v2\/comments?post=870"}],"version-history":[{"count":9,"href":"http:\/\/www.quimica.ufpr.br\/paginas\/luiz-ramos\/wp-json\/wp\/v2\/pages\/870\/revisions"}],"predecessor-version":[{"id":888,"href":"http:\/\/www.quimica.ufpr.br\/paginas\/luiz-ramos\/wp-json\/wp\/v2\/pages\/870\/revisions\/888"}],"wp:attachment":[{"href":"http:\/\/www.quimica.ufpr.br\/paginas\/luiz-ramos\/wp-json\/wp\/v2\/media?parent=870"}],"curies":[{"name":"wp","href":"https:\/\/api.w.org\/{rel}","templated":true}]}}