{"id":869,"date":"2022-12-22T18:40:33","date_gmt":"2022-12-22T21:40:33","guid":{"rendered":"http:\/\/www.quimica.ufpr.br\/paginas\/luiz-ramos\/?page_id=869"},"modified":"2022-12-22T19:10:05","modified_gmt":"2022-12-22T22:10:05","slug":"projetos","status":"publish","type":"page","link":"http:\/\/www.quimica.ufpr.br\/paginas\/luiz-ramos\/projetos\/","title":{"rendered":"Projetos conclu\u00eddos"},"content":{"rendered":"<div id=\"pl-869\"  class=\"panel-layout\" ><div id=\"pg-869-0\"  class=\"panel-grid panel-no-style\" ><div id=\"pgc-869-0-0\"  class=\"panel-grid-cell\" ><div id=\"panel-869-0-0-0\" class=\"so-panel widget widget_sow-editor panel-first-child panel-last-child\" data-index=\"0\" ><div\n\t\t\t\n\t\t\tclass=\"so-widget-sow-editor so-widget-sow-editor-base\"\n\t\t\t\n\t\t><h3 class=\"widget-title\">Projetos Financiados pela FINEP e por Ag\u00eancias Reguladoras<\/h3>\n<div class=\"siteorigin-widget-tinymce textwidget\">\n\t<p style=\"font-weight: 400\">COPEL Distribui\u00e7\u00e3o SA \/ Projeto ANEEL. T\u00edtulo: \u201cDesenvolvimento de Minirredes com Fontes de Energia Renov\u00e1veis n\u00e3o Convencionais\u201d (projeto PD 2866-0470\/2017). Coordenador: Gustavo Henrique da Costa Oliveira (UFPR). Vig\u00eancia: 2017-2020. Institui\u00e7\u00f5es participantes: UFPR, COPEL<\/p>\n<hr \/>\n<p>MCT\/FINEP Encomenda Transversal. T\u00edtulo: \u201cApoio \u00e0s A\u00e7\u00f5es do Grupo de Trabalho sobre Co-produtos na Rede Brasileira de Tecnologia de Biodiesel (RBTB)\u201d, Conv\u00eanio 01.06.1208-00, Refer\u00eancia 3733\/06. Valor: R$ 4.200.000,00 (R$ 600.000,00 para o grupo de pesquisa). Vig\u00eancia: 2009 a 2014. Institui\u00e7\u00f5es envolvidas: TECBIO Tecnologias Bioenerg\u00e9ticas, UTFPR, UFMA, UFBA, UFPE, UFRGS, UPE, UFRJ e TECPAR<\/p>\n<hr \/>\n<p>Chamada P\u00fablica MCT\/FINEP - A\u00e7\u00e3o Transversal Brasil\/Fran\u00e7a, Programa 2+2. T\u00edtulo: \"Desenvolvimento de novos materiais polim\u00e9ricos e insumos qu\u00edmicos a partir do \u00f3leo de mamona e seus derivados\", Conv\u00eanio 01.09.0394-00, Refer\u00eancia 1416\/08. Valor: R$ 650.000,00 + 1 bolsa DTI-2 e 1 bolsa ITI-A. Vig\u00eancia: 06\/2010 a 09\/2014. Institui\u00e7\u00f5es envolvidas: CIRAD, University of Montpellier 2, SEG (Fran\u00e7a), Houghton Brasil Ltda.<\/p>\n<hr \/>\n<p>Chamada P\u00fablica MCT\/FINEP A\u00e7\u00e3o Transversal - Biodiesel 10\/2006. T\u00edtulo: \"Produ\u00e7\u00e3o e Purifica\u00e7\u00e3o do Biodiesel em Modo Cont\u00ednuo\". Valor: R$ 460.000,00. Vig\u00eancia: 12\/2006 a 04\/2011. Institui\u00e7\u00f5es envolvidas: LACTEC, TECBIO Tecnologias Bioenerg\u00e9ticas, UTFPR, TECPAR<\/p>\n<hr \/>\n<p>FINEP Encomenda Transversal. T\u00edtulo: \"Pesquisa, desenvolvimento e inova\u00e7\u00e3o em tecnologias para produ\u00e7\u00e3o e uso de biodieseis derivados de \u00f3leos de algas\", Conv\u00eanio 01.10.0457.01. Vig\u00eancia: 08\/09\/2010 a 08\/09\/2014. Coordenador: Nelson Roberto Antoniosi Filho (UFG). Valor do financiamento: R$ 6.039.312,65, sendo R$ 430.218,90 p\/ a UFPR. Institui\u00e7\u00f5es envolvidas: UFG, UFPR, UFRJ, UFES, INT, UFSCAR, TECPAR, UFPB, UFSC, UFLA<\/p>\n<hr \/>\n<p>FINEP Encomenda Transversal. T\u00edtulo: \u201cConsolida\u00e7\u00e3o da Rede de Estudos e Projetos sobre Armazenamento de Biodiesel e Misturas\u201d. Coordenador geral: Ieda Maria Garcia dos Santos - UFPB. Vig\u00eancia: 11\/2013 a 10\/2015. Valor Total: R$ 6.942.634,28 , sendo R$ 742.080,00 p\/ a UFPR. Institui\u00e7\u00f5es envolvidas: UFPB, UFPR, INT, UFRGS, FUA, UNICAMP, UFG, UNESP-IQ.<\/p>\n<\/div>\n<\/div><\/div><\/div><div id=\"pgc-869-0-1\"  class=\"panel-grid-cell\" ><div id=\"panel-869-0-1-0\" class=\"so-panel widget widget_sow-image panel-first-child panel-last-child\" data-index=\"1\" ><div\n\t\t\t\n\t\t\tclass=\"so-widget-sow-image so-widget-sow-image-default-8b5b6f678277-869\"\n\t\t\t\n\t\t>\n<div class=\"sow-image-container\">\n\t\t<img \n\tsrc=\"http:\/\/www.quimica.ufpr.br\/paginas\/luiz-ramos\/wp-content\/uploads\/sites\/20\/2016\/12\/Finep.png\" width=\"298\" height=\"169\" sizes=\"(max-width: 298px) 100vw, 298px\" title=\"finep\" alt=\"\" \t\tclass=\"so-widget-image\"\/>\n\t<\/div>\n\n<\/div><\/div><\/div><\/div><div id=\"pg-869-1\"  class=\"panel-grid panel-no-style\" ><div id=\"pgc-869-1-0\"  class=\"panel-grid-cell\" ><div id=\"panel-869-1-0-0\" class=\"so-panel widget widget_sow-editor panel-first-child panel-last-child\" data-index=\"2\" ><div\n\t\t\t\n\t\t\tclass=\"so-widget-sow-editor so-widget-sow-editor-base\"\n\t\t\t\n\t\t><h3 class=\"widget-title\">Projetos Financiados pelo CNPq<\/h3>\n<div class=\"siteorigin-widget-tinymce textwidget\">\n\t<p>Edital MCT\/CNPq\/FNDCT 03\/2010 - Linha 1: Cadeia de Produ\u00e7\u00e3o e Uso de Biodiesel. T\u00edtulo: \u201cDesenvolvimento tecnol\u00f3gico e agrega\u00e7\u00e3o de valor \u00e0 cadeia de produ\u00e7\u00e3o de \u00e9steres graxos (biodiesel) a partir de microalgas e de \u00f3leos de fritura\u201d, Processo 558836\/2010-0. Vig\u00eancia: 10\/11\/2010 a 09\/11\/2014. Valor: R$ 622.288,00 + bolsas: 5 DTI-3 e 1 DTI-1. Institui\u00e7\u00f5es envolvidas: UFLA, UFG, FURG, UESC, Copel, Ioto International, Novozymes<\/p>\n<hr \/>\n<p>Edital MCT\/CNPq\/FNDCT 46\/2009 - Forma\u00e7\u00e3o de Recursos Humanos em Etanol e Biodiesel - Linha 1 \u2013 Etanol. T\u00edtulo: \u201cAplica\u00e7\u00e3o de CO<sub>2<\/sub> supercr\u00edtico no pr\u00e9-tratamento e na hidr\u00f3lise enzim\u00e1tica de materiais lignocelul\u00f3sicos\u201d, Processo 551404\/2010-8. Vig\u00eancia: 08\/2010 a 08\/2014. Valor: R$ 13.600,00 + bolsas: 2 ITI-A, 1 GD, 2 GM e 1 SWE. Institui\u00e7\u00f5es envolvidas: UFPR, UEM, UNIT, VTT Biotechnology (Finl\u00e2ndia), Novozymes<\/p>\n<hr \/>\n<p>Edital MCT\/CNPq n\u00ba 46\/2008 - Processo de obten\u00e7\u00e3o de biodiesel via rota et\u00edlica. T\u00edtulo: \u201cProdu\u00e7\u00e3o de \u00e9steres et\u00edlicos (biodiesel) em sistemas cont\u00ednuos empregando catalisadores heterog\u00eaneos e destila\u00e7\u00e3o reativa\u201d, Processo 575812\/2008-7. Vig\u00eancia: 08\/2009 a 09\/2012. Valor: R$ R$ 450.717,67. Institui\u00e7\u00f5es envolvidas: UFPR, UTFPR, Tecpar, Tecbio<\/p>\n<hr \/>\n<p>Edital MCT\/CNPq n\u00ba 70\/2007 - Mestrado\/Doutorado. T\u00edtulo: \"Produ\u00e7\u00e3o de \u00e9steres et\u00edlicos (biodiesel) em sistemas cont\u00ednuos empregando cat\u00e1lise heterog\u00eanea\u201d, Processo 550348\/2009-3. Vig\u00eancia: 03\/2009 a 02\/2013. Valor: R$ 105.312,00 (bolsa de estudos - doutorado). Institui\u00e7\u00f5es envolvidas: UFPR, Tecnologias Bioenerg\u00e9ticas - TECBIO, Universidade Tiradentes, LACTEC, TECPAR<\/p>\n<hr \/>\n<p>Edital MCT \/ CNPq n\u00ba 01\/2007 \u2013 Bolsas de Inicia\u00e7\u00e3o Cient\u00edfica. T\u00edtulo: \"Estudo de catalisadores s\u00f3lidos imobilizados em suportes inorg\u00e2nicos para cat\u00e1lise heterog\u00eanea de transesterifica\u00e7\u00e3o de \u00f3leos vegetais\". Vig\u00eancia: 08\/2007 a 07\/2010. Valor: R$ 10.800,00<\/p>\n<hr \/>\n<p>Edital MCT\/CNPq 15\/2007 - Universal - Faixa C - De R$ 50.001,00 at\u00e9 R$ 150.000,00. T\u00edtulo: \u201cProdu\u00e7\u00e3o de hidrolisados fermentesc\u00edveis a partir do pr\u00e9-tratamento a vapor e hidr\u00f3lise enzim\u00e1tica de materiais lignocelul\u00f3sicos\u201d, Processo 481637\/2007-9. Vig\u00eancia: 2007 a 2009. Valor: R$ 100.800,00. Institui\u00e7\u00f5es envolvidas: UFPR, Novozymes<\/p>\n<hr \/>\n<p>Edital MCT\/CNPq \u2013 Programa PADCT, Subprograma QEQ 01\/95 \u2013 Grupos Emergentes. T\u00edtulo: \u201cProcessamento qu\u00edmico e tecnol\u00f3gico de res\u00edduos agr\u00edcolas e agroindustriais\u201d, Processo 620194\/95.2. Vig\u00eancia: 27\/12\/1995 a 30\/06\/1998. Valor: US$ 240,037.12. Institui\u00e7\u00f5es envolvidas: UFPR, UnB, Universidade do Minho (Portugal), Universit\u00e9 de Compi\u00e9gne (Fran\u00e7a), University of British Columbia (Canad\u00e1), Klabin<\/p>\n<hr \/>\n<p>Edital MCTI\/CNPq\/ N\u00b0 40\/2013, processo 406737\/2013-4. T\u00edtulo: \u201cDesenvolvimento de Sistemas Catal\u00edticos H\u00edbridos para a Produ\u00e7\u00e3o de Biodiesel a partir de \u00d3leos \u00c1cidos\u201d. Vig\u00eancia: 12\/2013 a 11\/2016. Coordenador: Marcos Lucio Corazza. Valor do financiamento: R$ 570.000,00 + R$ 187.200,00 em bolsas. Institui\u00e7\u00f5es envolvidas: UFPR, UNIT, UEM, Novozymes<\/p>\n<hr \/>\n<p>Edital MCT\/CNPq\/CTAgro\/CTBio n\u00ba 39\/2007- Tecnologias de Vanguarda para a Produ\u00e7\u00e3o de Etanol e Biodiesel. T\u00edtulo: \"N\u00facleo de pesquisa e desenvolvimento de energia auto-sustent\u00e1vel a partir do biodiesel e outras fontes\". Coordenador: Jose Viriato Coelho Vargas. Vig\u00eancia: 12\/2007 a 12\/2010. Valor do financiamento: Custeio: R$ 360.000,00; Capital: R$ 120.500,00; Bolsa: R$ 260.886,76; Total: R$ 761.386,76 (R$ 250.000,00 para o DQUI\/UFPR) + contrapartida de R$ 100.000,00. Institui\u00e7\u00f5es envolvidas: UFPR, Nilko, Novozymes<\/p>\n<\/div>\n<\/div><\/div><\/div><div id=\"pgc-869-1-1\"  class=\"panel-grid-cell\" ><div id=\"panel-869-1-1-0\" class=\"so-panel widget widget_sow-image panel-first-child panel-last-child\" data-index=\"3\" ><div\n\t\t\t\n\t\t\tclass=\"so-widget-sow-image so-widget-sow-image-default-8b5b6f678277-869\"\n\t\t\t\n\t\t>\n<div class=\"sow-image-container\">\n\t\t<img \n\tsrc=\"http:\/\/www.quimica.ufpr.br\/paginas\/luiz-ramos\/wp-content\/uploads\/sites\/20\/2016\/12\/CNPq.png\" width=\"338\" height=\"149\" srcset=\"https:\/\/www.quimica.ufpr.br\/paginas\/luiz-ramos\/wp-content\/uploads\/sites\/20\/2016\/12\/CNPq.png 338w, https:\/\/www.quimica.ufpr.br\/paginas\/luiz-ramos\/wp-content\/uploads\/sites\/20\/2016\/12\/CNPq-300x132.png 300w\" sizes=\"(max-width: 338px) 100vw, 338px\" title=\"cnpq\" alt=\"\" \t\tclass=\"so-widget-image\"\/>\n\t<\/div>\n\n<\/div><\/div><\/div><\/div><div id=\"pg-869-2\"  class=\"panel-grid panel-no-style\" ><div id=\"pgc-869-2-0\"  class=\"panel-grid-cell\" ><div id=\"panel-869-2-0-0\" class=\"so-panel widget widget_sow-editor panel-first-child panel-last-child\" data-index=\"4\" ><div\n\t\t\t\n\t\t\tclass=\"so-widget-sow-editor so-widget-sow-editor-base\"\n\t\t\t\n\t\t><h3 class=\"widget-title\">Projetos Financiados pela Funda\u00e7\u00e3o Arauc\u00e1ria<\/h3>\n<div class=\"siteorigin-widget-tinymce textwidget\">\n\t<p>Funda\u00e7\u00e3o Arauc\u00e1ria, Programa de Pesquisa B\u00e1sica e Aplicada, Chamada P\u00fablica 14\/2009 - Plano de trabalho 4902010_19197. T\u00edtulo: \u201cEstudo das modifica\u00e7\u00f5es estruturais causas pelo pr\u00e9-tratamento a vapor e posterior hidr\u00f3lise enzim\u00e1tica dos res\u00edduos do processamento do algod\u00e3o\u201d. Vig\u00eancia: 07\/2010 a \u00a006\/2014. Valor: R$ 32.500,00. Institui\u00e7\u00f5es envolvidas: UFPR, FURB, Novozymes<\/p>\n<hr \/>\n<p>Funda\u00e7\u00e3o Arauc\u00e1ria, Programa de Fluxo Cont\u00ednuo para Apoio a Projetos Especiais, Chamada P\u00fablica 03\/2012 - Plano de trabalho 3572013_35356. T\u00edtulo: \u201cFortalecimento da coopera\u00e7\u00e3o internacional entre a UFPR e a Su\u00e9cia em projetos de bioenergia e biorrefinarias\u201d. Vig\u00eancia: 01\/06\/2013 a 28\/05\/2015. Valor do financiamento: R$ 125.000,00. Institui\u00e7\u00f5es associadas: Invenntia (Su\u00e9cia), Novozymes Latin America (Arauc\u00e1ria, PR)<\/p>\n<hr \/>\n<p>Funda\u00e7\u00e3o Arauc\u00e1ria, Programa de Bolsas de P\u00f3s-Doutorado em Empresas, Chamada P\u00fablica 14\/2012 - Plano de trabalho 2742013_35145. T\u00edtulo: \u201cEstudos de otimiza\u00e7\u00e3o de bioprocessos (hidr\u00f3lise enzim\u00e1tica e fermenta\u00e7\u00e3o) para a produ\u00e7\u00e3o de etanol e \u00e1cido l\u00e1tico a partir de substratos lignocelul\u00f3sicos\u201d. Vig\u00eancia: 01\/03\/2013 a 28\/05\/2016. Valor do financiamento: R$ 61.200,00. Institui\u00e7\u00f5es envolvidas: Innventia (Su\u00e9cia), Novozymes Latin America (Brasil) e UFPR<\/p>\n<hr \/>\n<p>Funda\u00e7\u00e3o Arauc\u00e1ria, Programa de Pesquisa B\u00e1sica e Aplicada, Chamada P\u00fablica 24\/2012 \u2013 Plano de trabalho 3052014_39864. T\u00edtulo: \u201cProdu\u00e7\u00e3o de biodiesel e triacetina por interesterifica\u00e7\u00e3o qu\u00edmica do \u00f3leo de soja com acetato de etila utilizando materiais lamelares como catalisadores heterog\u00eaneos\u201d. Vig\u00eancia: 2014-2016. Valor do financiamento: R$ 93.457,00<\/p>\n<hr \/>\n<p>Funda\u00e7\u00e3o Arauc\u00e1ria, Programa de Apoio \u00e0 Pesquisa B\u00e1sica e Aplicada, Chamada P\u00fablica 3\/2003 \u2013 Plano de trabalho 266. T\u00edtulo: \u201cAvalia\u00e7\u00e3o da viabilidade e competitividade t\u00e9cnica da transesterifica\u00e7\u00e3o et\u00edlica de \u00f3leos vegetais\u201d. Vig\u00eancia: 01\/08\/2004 a 31\/07\/2006. Valor do financiamento: R$ 39.886,60<\/p>\n<\/div>\n<\/div><\/div><\/div><div id=\"pgc-869-2-1\"  class=\"panel-grid-cell\" ><div id=\"panel-869-2-1-0\" class=\"so-panel widget widget_sow-image panel-first-child panel-last-child\" data-index=\"5\" ><div\n\t\t\t\n\t\t\tclass=\"so-widget-sow-image so-widget-sow-image-default-8b5b6f678277-869\"\n\t\t\t\n\t\t>\n<div class=\"sow-image-container\">\n\t\t<img \n\tsrc=\"http:\/\/www.quimica.ufpr.br\/paginas\/luiz-ramos\/wp-content\/uploads\/sites\/20\/2016\/12\/FA.png\" width=\"350\" height=\"144\" srcset=\"https:\/\/www.quimica.ufpr.br\/paginas\/luiz-ramos\/wp-content\/uploads\/sites\/20\/2016\/12\/FA.png 350w, https:\/\/www.quimica.ufpr.br\/paginas\/luiz-ramos\/wp-content\/uploads\/sites\/20\/2016\/12\/FA-300x123.png 300w\" sizes=\"(max-width: 350px) 100vw, 350px\" title=\"fa\" alt=\"\" \t\tclass=\"so-widget-image\"\/>\n\t<\/div>\n\n<\/div><\/div><\/div><\/div><div id=\"pg-869-3\"  class=\"panel-grid panel-no-style\" ><div id=\"pgc-869-3-0\"  class=\"panel-grid-cell\" ><div id=\"panel-869-3-0-0\" class=\"so-panel widget widget_sow-editor panel-first-child panel-last-child\" data-index=\"6\" ><div\n\t\t\t\n\t\t\tclass=\"so-widget-sow-editor so-widget-sow-editor-base\"\n\t\t\t\n\t\t><h3 class=\"widget-title\">Participa\u00e7\u00e3o em Projetos Internacionais<\/h3>\n<div class=\"siteorigin-widget-tinymce textwidget\">\n\t<p>Swedish International Program Office for Education and Training. T\u00edtulo: \u201cBrazil\/Sweden Linneaus-Palme exchange program (Project Nr:HB-040)\u201d. Vig\u00eancia: 07\/2013 a 06\/2014. Coordenadores: Luiz P. Ramos (Brasil), Ilona S\u00e1rv\u00e1ri Horv\u00e1th (Su\u00e9cia). Valor do financiamento: passagens e di\u00e1rias para miss\u00f5es de trabalho e de estudos. Institui\u00e7\u00f5es envolvidas: Universidade de B\u00f6ras, Su\u00e9cia<\/p>\n<hr \/>\n<p>Programa de Coopera\u00e7\u00e3o Bilateral CAPES\/MinCyT. T\u00edtulo: \u201cProdu\u00e7\u00e3o de biodiesel de segunda gera\u00e7\u00e3o utilizando catalisadores homog\u00eaneos e heterog\u00eaneos\u201d. Vig\u00eancia: 03\/2013 a 02\/2014. Coordenadores: Luiz P. Ramos (Brasil), Carlos Querini (Argentina). Valor do financiamento: passagens e di\u00e1rias para miss\u00f5es de trabalho e de estudos. Institui\u00e7\u00f5es envolvidas: UFPR, Universidade Nacional del Litoral (Santa Fe, Argentina)<\/p>\n<hr \/>\n<p>Programa de Coopera\u00e7\u00e3o Bilateral CAPES\/SECyT (Brasil-Argentina). T\u00edtulo: Caracteriza\u00e7\u00e3o qu\u00edmica de polpas kraft n\u00e3o branqueadas ap\u00f3s tratamento com lacases, Conv\u00eanio 83\/05. Vig\u00eancia: 03\/2005 a 02\/2007. Coordenadores: Luiz P. Ramos (Brasil), Miguel Angel Zannutini (Argentina). Valor do financiamento: passagens e di\u00e1rias para miss\u00f5es de trabalho e de estudos. Institui\u00e7\u00f5es envolvidas: UFPR, Universidade Nacional del Litoral (Santa Fe, Argentina)<\/p>\n<hr \/>\n<p>Programa de coopera\u00e7\u00e3o t\u00e9cnico-cient\u00edfico luso-brasileiro (CNPq-ICCTI). T\u00edtulo: \u201cBiotransforma\u00e7\u00e3o de ligninas para a obten\u00e7\u00e3o de produtos de maior valor agregado\u201d, Processo 91.0132\/98.4. Vig\u00eancia: 04\/2000 a 03\/2002. Coordenadores: Luiz P. Ramos (Brasil), Dr. Jos\u00e9 Cardoso Duarte (Portugal). Valor do financiamento: passagens e di\u00e1rias para miss\u00f5es de trabalho e de estudos. Institui\u00e7\u00f5es envolvidas: UFPR, Instituto Nacional de Engenharia e Tecnologia Industrial (INETI), Lisboa, Portugal<\/p>\n<hr \/>\n<p>Centro de Pesquisa e Inova\u00e7\u00e3o Sueco-Brasileiro (CISB). T\u00edtulo: \u201cIntegrated Production of Polymers and Ethanol from Forest and Sugar Cane Industries\u201d (Polynol). Coordenador geral: Niklas Berglin (Innventia, Su\u00e9cia). Vig\u00eancia: 03\/2013 a 06\/2015. Institui\u00e7\u00f5es envolvidas: Innventia (Su\u00e9cia), Fibria (Brasil), Stora Enso (Su\u00e9cia\/Brasil), Novozymes Latin America (Brasil), Perstorp (Su\u00e9cia), Scania (Su\u00e9cia\/Brasil), Sekab (Su\u00e9cia), KTH (Su\u00e9cia), Chalmers University (Su\u00e9cia), UNICAMP, UFRJ e UFPR<\/p>\n<hr \/>\n<p>Programa Iberoamericano de Ciencia y Tecnolog\u00eda para el Desarrollo (CYTED). T\u00edtulo: \u201cProductos de Valor Agregado a Partir de Residuos Agro y Forestoindustriales (Rede Provalor, 312RT0456)\u201d. Coordenador geral: Song Won Park (USP) e Ju\u00e1n Carlos Villar. Institui\u00e7\u00f5es envolvidas: UNaM, Argentina; INIA, Espanha; UNL, Argentina; UPB, Col\u00f4mbia; UdG, Espanha; Universidad de la Republica, Uruguai; ESALQ-USP, Brasil; Universidade de Coimbra, Portugal; UFPR, Brasil; IQSC-USP, Brasil; IPT, Brasil \u2013 bem como as seguintes empresas: Suzano Cia Papel e Celulose, Brasil; Fundaci\u00f3n Cartif, Espanha; Kemira Chemicals, Brasil<\/p>\n<hr \/>\n<p>Programa Iberoamericano de Ciencia y Tecnolog\u00eda para el Desarrollo (CYTED). T\u00edtulo: Red Iberoamericana de Docencia e Investigaci\u00f3n en Celulosa y Papel (RIADICYP). Coordenador geral: Dra. Maria Cristina Area (Universidad de Missiones, Argentina). Institui\u00e7\u00f5es participantes: USP, UNESP, UFPR, UFV, Asociaci\u00f3n T\u00e9cnica de la Celulosa y el Papel, Universidad Pontificia Bolivariana, Universidad Nacional del Litoral, Universidad de Costa Rica, Uni\u00f3n de Investigaci\u00f3n Producci\u00f3n de la Celulosa del Bagazo Cuba, Universidad Central de Las Villas, Universidad de Girona, Universidad Complutense de Madrid, Universidad de Barcelona, Universidad de C\u00f3rdoba, Universidad de Huelva, Universidad Pablo de Olavide \u2013 Sevilla, Universidad Polit\u00e9cnica de Catalu\u00f1a, Universidad de Guadalajara, Universidade de Coimbra, Universidade de Aveiro, Instituto Polit\u00e9cnico de Bragan\u00e7a, Instituto Polit\u00e9cnico de Tomar, Universidade de Porto, Universidade da Beira Interior, Universidade de Aveiro, Universidad de la Rep\u00fablica, Universidad de Los Andes.<\/p>\n<hr \/>\n<p>Comunidade Europeia - Programa SICA, Sup-programa Energy 2008.3.2.1 - Enhancing international cooperation between the EU and Latin America in the field of biofuels. T\u00edtulo: \"Convers\u00e3o da Biomassa da Cana-de-a\u00e7\u00facar em Etanol \u2013 CaneBioFuel\". Coordenador Geral: Dra. Nina Eriksen (Novozymes, Dinamarca). Coordenador na UFPR: Luiz Pereira Ramos (PPGQ\/UFPR). Vig\u00eancia: 03\/2009 a 02\/2011. Valor: 1,600,000 Euros (325,000 Euros, ou R$ 900.000,00 para o grupo de pesquisa). Institui\u00e7\u00f5es envolvidas: Lund University, Novozymes, Centro de Tecnologia Canavieira (CTC)<\/p>\n<\/div>\n<\/div><\/div><\/div><\/div><\/div>","protected":false},"excerpt":{"rendered":"<p>COPEL Distribui\u00e7\u00e3o SA \/ Projeto ANEEL. T\u00edtulo: \u201cDesenvolvimento de Minirredes com Fontes de Energia Renov\u00e1veis n\u00e3o Convencionais\u201d (projeto PD 2866-0470\/2017). Coordenador: Gustavo Henrique da Costa Oliveira (UFPR). Vig\u00eancia: 2017-2020. Institui\u00e7\u00f5es participantes: UFPR, COPEL MCT\/FINEP Encomenda Transversal. T\u00edtulo: \u201cApoio \u00e0s A\u00e7\u00f5es do Grupo de Trabalho sobre Co-produtos na Rede Brasileira de Tecnologia de Biodiesel (RBTB)\u201d, Conv\u00eanio [&hellip;]<\/p>\n","protected":false},"author":21,"featured_media":0,"parent":0,"menu_order":0,"comment_status":"closed","ping_status":"closed","template":"","meta":{"footnotes":""},"class_list":["post-869","page","type-page","status-publish","hentry","post"],"_links":{"self":[{"href":"http:\/\/www.quimica.ufpr.br\/paginas\/luiz-ramos\/wp-json\/wp\/v2\/pages\/869","targetHints":{"allow":["GET"]}}],"collection":[{"href":"http:\/\/www.quimica.ufpr.br\/paginas\/luiz-ramos\/wp-json\/wp\/v2\/pages"}],"about":[{"href":"http:\/\/www.quimica.ufpr.br\/paginas\/luiz-ramos\/wp-json\/wp\/v2\/types\/page"}],"author":[{"embeddable":true,"href":"http:\/\/www.quimica.ufpr.br\/paginas\/luiz-ramos\/wp-json\/wp\/v2\/users\/21"}],"replies":[{"embeddable":true,"href":"http:\/\/www.quimica.ufpr.br\/paginas\/luiz-ramos\/wp-json\/wp\/v2\/comments?post=869"}],"version-history":[{"count":3,"href":"http:\/\/www.quimica.ufpr.br\/paginas\/luiz-ramos\/wp-json\/wp\/v2\/pages\/869\/revisions"}],"predecessor-version":[{"id":885,"href":"http:\/\/www.quimica.ufpr.br\/paginas\/luiz-ramos\/wp-json\/wp\/v2\/pages\/869\/revisions\/885"}],"wp:attachment":[{"href":"http:\/\/www.quimica.ufpr.br\/paginas\/luiz-ramos\/wp-json\/wp\/v2\/media?parent=869"}],"curies":[{"name":"wp","href":"https:\/\/api.w.org\/{rel}","templated":true}]}}