{"id":268,"date":"2016-12-06T16:30:12","date_gmt":"2016-12-06T18:30:12","guid":{"rendered":"http:\/\/www.quimica.ufpr.br\/paginas\/luiz-ramos\/?page_id=268"},"modified":"2022-12-21T10:06:22","modified_gmt":"2022-12-21T13:06:22","slug":"parcerias","status":"publish","type":"page","link":"http:\/\/www.quimica.ufpr.br\/paginas\/luiz-ramos\/parcerias\/","title":{"rendered":"Parcerias"},"content":{"rendered":"<div id=\"pl-268\"  class=\"panel-layout\" ><div id=\"pg-268-0\"  class=\"panel-grid panel-no-style\" ><div id=\"pgc-268-0-0\"  class=\"panel-grid-cell\" ><div id=\"panel-268-0-0-0\" class=\"so-panel widget widget_sow-editor panel-first-child panel-last-child\" data-index=\"0\" ><div\n\t\t\t\n\t\t\tclass=\"so-widget-sow-editor so-widget-sow-editor-base\"\n\t\t\t\n\t\t><h3 class=\"widget-title\">Universidades, Institutos e Redes do Exterior<\/h3>\n<div class=\"siteorigin-widget-tinymce textwidget\">\n\t<p>University of British Columbia (Canad\u00e1), Universidad Nacional del Litoral (Argentina), Universidad de la Republica (Uruguai), Lakehead University (Canad\u00e1), Universidad de Missiones (Argentina), Pontificia Universidad Bolivariana (Col\u00f4mbia), Universidad Nacional Complutense (Espanha), University of Boras (Su\u00e9cia), Laborat\u00f3rio Nacional de Energia e Geologia (Portugal), Graz University of Technology (\u00c1ustria), Universit\u00e4t f\u00fcr Bodenkultur (\u00c1ustria), <span class=\"st\">Centre de Coop\u00e9ration Internationale en Recherche Agronomique pour le D\u00e9veloppement (CIRAD, Fran\u00e7a)<\/span><\/p>\n<p>Rede CYTED Provalor (Productos de Valor Agregado a Partir de Residuos Agro y Forestoindustriales), Red Iberoamericana de Docencia e Investigaci\u00f3n en Celulosa y Papel (RIADICYP)<\/p>\n<\/div>\n<\/div><\/div><\/div><\/div><div id=\"pg-268-1\"  class=\"panel-grid panel-no-style\" ><div id=\"pgc-268-1-0\"  class=\"panel-grid-cell\" ><div id=\"panel-268-1-0-0\" class=\"so-panel widget widget_sow-editor panel-first-child panel-last-child\" data-index=\"1\" ><div\n\t\t\t\n\t\t\tclass=\"so-widget-sow-editor so-widget-sow-editor-base\"\n\t\t\t\n\t\t><h3 class=\"widget-title\">Universidades Brasileiras e Redes de Coopera\u00e7\u00e3o<\/h3>\n<div class=\"siteorigin-widget-tinymce textwidget\">\n\t<p>Universidade Federal de Goi\u00e1s, Universidade Federal de Santa Catarina, Universidade Federal de Lavras, Universidade Federal da Bahia, Universidade Federal de S\u00e3o Carlos, Universidade Federal do Rio Grande, Funda\u00e7\u00e3o da Universidade Regional de Blumenau, Universidade Estadual de Maring\u00e1, Universidade Estadual de Londrina, Universidade Tecnol\u00f3gica Federal do Paran\u00e1, Universidade do Oeste do Estado do Paran\u00e1, Universidade Tiradentes, Universidade de S\u00e3o Paulo, Universidade de Caxias do Sul<\/p>\n<p>Rede Brasileira de Produ\u00e7\u00e3o e Uso de Biodiesel (RBTB), Rede Brasileira de Bioquerosene de Avia\u00e7\u00e3o (RBQAv), Rede de pesquisa, desenvolvimento e inova\u00e7\u00e3o em tecnologias para produ\u00e7\u00e3o e uso de biodieseis derivados de \u00f3leos de algas (Rede FINEP, liderada pelo Prof. Nelson Antoniosi Filho da UFG)<\/p>\n<\/div>\n<\/div><\/div><\/div><\/div><div id=\"pg-268-2\"  class=\"panel-grid panel-no-style\" ><div id=\"pgc-268-2-0\"  class=\"panel-grid-cell\" ><div id=\"panel-268-2-0-0\" class=\"so-panel widget widget_sow-editor panel-first-child panel-last-child\" data-index=\"2\" ><div\n\t\t\t\n\t\t\tclass=\"so-widget-sow-editor so-widget-sow-editor-base\"\n\t\t\t\n\t\t><h3 class=\"widget-title\">INCTs e Outros Institutos de Pesquisa Nacionais<\/h3>\n<div class=\"siteorigin-widget-tinymce textwidget\">\n\t<p>Instituto Nacional de Ci\u00eancia e Tecnologia em Energia e Ambiente (INCT Energia e Ambiente), Instituto Nacional de Ci\u00eancia e Tecnologia em Bioetanol, Instituto de Pesquisa do Estado de S\u00e3o Paulo (IPT), Instituto de Tecnologia do Paran\u00e1 (Tecpar), Centro de Tecnologia Canavieira (CTC)<\/p>\n<\/div>\n<\/div><\/div><\/div><\/div><div id=\"pg-268-3\"  class=\"panel-grid panel-no-style\" ><div id=\"pgc-268-3-0\"  class=\"panel-grid-cell\" ><div id=\"panel-268-3-0-0\" class=\"so-panel widget widget_sow-editor panel-first-child panel-last-child\" data-index=\"3\" ><div\n\t\t\t\n\t\t\tclass=\"so-widget-sow-editor so-widget-sow-editor-base\"\n\t\t\t\n\t\t><h3 class=\"widget-title\">Empresas<\/h3>\n<div class=\"siteorigin-widget-tinymce textwidget\">\n\t<p><em>Novozymes Latin America (Arauc\u00e1ria) &amp; Novozymes AS (Dinamarca)<\/em><\/p>\n<p>O professor colabora em projetos de pesquisa com a Novozymes na \u00e1rea de etanol celul\u00f3sico e de s\u00edntese enzim\u00e1tica de \u00e9steres graxos (biodiesel). Em uma destas intera\u00e7\u00f5es, o grupo fez parte de projeto, intitulado CaneBioFuel (www.canebiofuel.com), que foi coordenado pela empresa e financiado pela Comunidade Europ\u00e9ia (Programa FP7). A Novozymes tamb\u00e9m foi interveniente em projetos de pesquisa do grupo junto \u00e0 FINEP e ao CNPq.<\/p>\n<hr \/>\n<p><em>GIZ - Ag\u00eancia de Coopera\u00e7\u00e3o Brasil-Alemanha<\/em><\/p>\n<p>O professor atua como colaborador no desenvolvimento de projetos de pesquisa e em atividades de treinamento de pessoal em temas relacionados \u00e0 produ\u00e7\u00e3o de hidrog\u00eanio verde e hidrocarbonetos renov\u00e1veis e\/ou combust\u00edveis sint\u00e9ticos a partir de recursos renov\u00e1veis, empregando tecnologias PtX, PtL, BtL e PBtL.<\/p>\n<hr \/>\n<p><em>CIBiog\u00e1s<\/em><\/p>\n<p>O professor colabora em projeto de pesquisa liderado pelo CIBiog\u00e1s para a produ\u00e7\u00e3o de hidrocarbonetos renov\u00e1veis a partir da reforma do biog\u00e1s e da convers\u00e3o dos gases de s\u00edntese em \u00f3leos sint\u00e9ticos a serem beneficiados a bioquerosene de avia\u00e7\u00e3o por t\u00e9cnicas de hidrotratamento.<\/p>\n<hr \/>\n<p><em>ERT Renewable Technologies<\/em><\/p>\n<p>O professor coordenou e colaborou em projetos de pesquisa financiados pela empresa para a produ\u00e7\u00e3o de \u00e1cido l\u00e1tico e poli(\u00e1cido l\u00e1tico) de segunda gera\u00e7\u00e3o a partir de hidrolisados \u00e1cidos e enzim\u00e1ticos de baga\u00e7o de cana.<\/p>\n<hr \/>\n<p><em>Houghton do Brasil<\/em><\/p>\n<p>A empresa foi interveniente de projeto FINEP coordenado pelo professor na \u00e1rea de oleoqu\u00edmica, envolvendo pol\u00edmeros derivados de \u00f3leos vegetais como o \u00f3leo de mamona.<\/p>\n<hr \/>\n<p><em>Ioto International<\/em><\/p>\n<p>A empresa tem sido parceira em v\u00e1rios projetos, atuando como interveniente em propostas encaminhadas \u00e0 FINEP e ao CNPq principalmente na \u00e1rea de oleoqu\u00edmica e gliceroqu\u00edmica.<\/p>\n<hr \/>\n<p><em>Tecbio - Tecnologias Bioenerg\u00e9ticas<\/em><\/p>\n<p>A Tecbio foi interveniente em dois projetos de pesquisa coordenados pelo professor junto \u00e0 FINEP, cujos temas est\u00e3o relacionados ao desenvolvimento de catalisadores para a s\u00edntese de biodiesel e a valoriza\u00e7\u00e3o de coprodutos (glicerina, tortas e farelos) de sua cadeia de produ\u00e7\u00e3o.<\/p>\n<hr \/>\n<p><em>Lactec - Laborat\u00f3rio de Tecnologia para o Desenvolvimento<\/em><\/p>\n<p>O grupo desenvolveu v\u00e1rios projetos em parceria com o Lactec para o desenvolvimento de tecnologias sustent\u00e1veis para o setor el\u00e9trico. Em outro projeto, o grupo colaborou em estrat\u00e9gias para caracterizar e controlar as emiss\u00f5es de motores do ciclo Diesel.<\/p>\n<hr \/>\n<p><em>Tecpar - Instituto de Tecnologia do Paran\u00e1<\/em><\/p>\n<p>O professor manteve colabora\u00e7\u00e3o em v\u00e1rios projetos de pesquisa com o Tecpar e com Centro de Refer\u00eancia em Biocombust\u00edveis (CERBIO), particularmente em temas como tecnologias de produ\u00e7\u00e3o e controle de qualidade do biodiesel.<\/p>\n<hr \/>\n<p><em>Instituto de Pesquisas Tecnol\u00f3gicas do Estado de S\u00e3o Paulo<\/em><\/p>\n<p>O professor colaborou em projetos de pesquisa liderados pelo IPT na \u00e1rea de etanol celul\u00f3sico.<\/p>\n<hr \/>\n<p><em>Outras parceiras...<br \/>\n<\/em><\/p>\n<p>Al\u00e9m das empresas mencionadas acima, projetos tamb\u00e9m j\u00e1 foram realizados com apoio do Centro de Tecnologia Canavieira (CTC), Corn Products Brasil, Klabin Fabricante de Papel e Celulose, Ripasa Papel e Celulose, Evonik\/Degussa, Risotol\u00e2ndia Ind\u00fastria e Com\u00e9rcio de Alimentos, IMCOPA Ind\u00fastria de \u00d3leos Vegetais, Ind\u00fastria Sucroalcooeira Melhoramentos S\/A e Embrapa-Soja (Londrina, PR).<\/p>\n<\/div>\n<\/div><\/div><\/div><\/div><\/div>","protected":false},"excerpt":{"rendered":"<p>University of British Columbia (Canad\u00e1), Universidad Nacional del Litoral (Argentina), Universidad de la Republica (Uruguai), Lakehead University (Canad\u00e1), Universidad de Missiones (Argentina), Pontificia Universidad Bolivariana (Col\u00f4mbia), Universidad Nacional Complutense (Espanha), University of Boras (Su\u00e9cia), Laborat\u00f3rio Nacional de Energia e Geologia (Portugal), Graz University of Technology (\u00c1ustria), Universit\u00e4t f\u00fcr Bodenkultur (\u00c1ustria), Centre de Coop\u00e9ration Internationale en [&hellip;]<\/p>\n","protected":false},"author":21,"featured_media":0,"parent":0,"menu_order":0,"comment_status":"closed","ping_status":"closed","template":"","meta":{"footnotes":""},"class_list":["post-268","page","type-page","status-publish","hentry","post"],"_links":{"self":[{"href":"http:\/\/www.quimica.ufpr.br\/paginas\/luiz-ramos\/wp-json\/wp\/v2\/pages\/268","targetHints":{"allow":["GET"]}}],"collection":[{"href":"http:\/\/www.quimica.ufpr.br\/paginas\/luiz-ramos\/wp-json\/wp\/v2\/pages"}],"about":[{"href":"http:\/\/www.quimica.ufpr.br\/paginas\/luiz-ramos\/wp-json\/wp\/v2\/types\/page"}],"author":[{"embeddable":true,"href":"http:\/\/www.quimica.ufpr.br\/paginas\/luiz-ramos\/wp-json\/wp\/v2\/users\/21"}],"replies":[{"embeddable":true,"href":"http:\/\/www.quimica.ufpr.br\/paginas\/luiz-ramos\/wp-json\/wp\/v2\/comments?post=268"}],"version-history":[{"count":9,"href":"http:\/\/www.quimica.ufpr.br\/paginas\/luiz-ramos\/wp-json\/wp\/v2\/pages\/268\/revisions"}],"predecessor-version":[{"id":863,"href":"http:\/\/www.quimica.ufpr.br\/paginas\/luiz-ramos\/wp-json\/wp\/v2\/pages\/268\/revisions\/863"}],"wp:attachment":[{"href":"http:\/\/www.quimica.ufpr.br\/paginas\/luiz-ramos\/wp-json\/wp\/v2\/media?parent=268"}],"curies":[{"name":"wp","href":"https:\/\/api.w.org\/{rel}","templated":true}]}}