{"id":150,"date":"2016-12-05T17:25:07","date_gmt":"2016-12-05T19:25:07","guid":{"rendered":"http:\/\/www.quimica.ufpr.br\/paginas\/luiz-ramos\/?page_id=150"},"modified":"2022-12-18T16:00:11","modified_gmt":"2022-12-18T19:00:11","slug":"infraestrutura","status":"publish","type":"page","link":"http:\/\/www.quimica.ufpr.br\/paginas\/luiz-ramos\/infraestrutura\/","title":{"rendered":"Infraestrutura"},"content":{"rendered":"<div id=\"pl-150\"  class=\"panel-layout\" ><div id=\"pg-150-0\"  class=\"panel-grid panel-no-style\" ><div id=\"pgc-150-0-0\"  class=\"panel-grid-cell\" ><div id=\"panel-150-0-0-0\" class=\"so-panel widget widget_metaslider_widget panel-first-child panel-last-child\" data-index=\"0\" ><h3 class=\"widget-title\">Etanol celul\u00f3sico e \u00e1reas afins<\/h3><div id=\"metaslider-id-332\" style=\"max-width: 500px; margin: 0 auto;\" class=\"ml-slider-3-107-0 metaslider metaslider-flex metaslider-332 ml-slider has-dots-nav ms-theme-default\" role=\"region\" aria-label=\"Etanol\" data-height=\"795\" data-width=\"500\">\n    <div id=\"metaslider_container_332\">\n        <div id=\"metaslider_332\">\n            <ul class='slides'>\n                <li style=\"display: block; width: 100%;\" class=\"slide-174 ms-image \" aria-roledescription=\"slide\" data-date=\"2016-12-06 10:23:25\" data-filename=\"IMG_20140307_144821-500x795.jpg\" data-slide-type=\"image\"><img loading=\"lazy\" decoding=\"async\" src=\"http:\/\/www.quimica.ufpr.br\/paginas\/luiz-ramos\/wp-content\/uploads\/sites\/20\/2016\/12\/IMG_20140307_144821-500x795.jpg\" height=\"795\" width=\"500\" alt=\"\" class=\"slider-332 slide-174 msDefaultImage\" \/><div class=\"caption-wrap\"><div class=\"caption\">Explos\u00e3o a vapor<\/div><\/div><\/li>\n                <li style=\"display: none; width: 100%;\" class=\"slide-175 ms-image \" aria-roledescription=\"slide\" data-date=\"2016-12-06 10:23:27\" data-filename=\"IMG_20140307_144833-500x795.jpg\" data-slide-type=\"image\"><img loading=\"lazy\" decoding=\"async\" src=\"http:\/\/www.quimica.ufpr.br\/paginas\/luiz-ramos\/wp-content\/uploads\/sites\/20\/2016\/12\/IMG_20140307_144833-500x795.jpg\" height=\"795\" width=\"500\" alt=\"\" class=\"slider-332 slide-175 msDefaultImage\" \/><div class=\"caption-wrap\"><div class=\"caption\">Explos\u00e3o a vapor<\/div><\/div><\/li>\n                <li style=\"display: none; width: 100%;\" class=\"slide-177 ms-image \" aria-roledescription=\"slide\" data-date=\"2016-12-06 10:23:31\" data-filename=\"IMG_20140307_150050-500x795.jpg\" data-slide-type=\"image\"><img loading=\"lazy\" decoding=\"async\" src=\"http:\/\/www.quimica.ufpr.br\/paginas\/luiz-ramos\/wp-content\/uploads\/sites\/20\/2016\/12\/IMG_20140307_150050-500x795.jpg\" height=\"795\" width=\"500\" alt=\"\" class=\"slider-332 slide-177 msDefaultImage\" \/><div class=\"caption-wrap\"><div class=\"caption\">Labfors 5HT Bioethanol (Infors)<\/div><\/div><\/li>\n                <li style=\"display: none; width: 100%;\" class=\"slide-355 ms-image \" aria-roledescription=\"slide\" data-date=\"2016-12-13 16:58:50\" data-filename=\"IMG_20160311_122915565-1-500x795.jpg\" data-slide-type=\"image\"><img loading=\"lazy\" decoding=\"async\" src=\"http:\/\/www.quimica.ufpr.br\/paginas\/luiz-ramos\/wp-content\/uploads\/sites\/20\/2016\/12\/IMG_20160311_122915565-1-500x795.jpg\" height=\"795\" width=\"500\" alt=\"\" class=\"slider-332 slide-355 msDefaultImage\" \/><div class=\"caption-wrap\"><div class=\"caption\">Hidr\u00f3lise enzim\u00e1tica a 20% TS<\/div><\/div><\/li>\n            <\/ul>\n        <\/div>\n        \n    <\/div>\n<\/div><\/div><\/div><div id=\"pgc-150-0-1\"  class=\"panel-grid-cell\" ><div id=\"panel-150-0-1-0\" class=\"so-panel widget widget_metaslider_widget panel-first-child\" data-index=\"1\" ><h3 class=\"widget-title\">Biodiesel e \u00e1reas afins<\/h3><div id=\"metaslider-id-335\" style=\"max-width: 700px; margin: 0 auto;\" class=\"ml-slider-3-107-0 metaslider metaslider-flex metaslider-335 ml-slider has-dots-nav ms-theme-default\" role=\"region\" aria-label=\"Biodiesel\" data-height=\"450\" data-width=\"700\">\n    <div id=\"metaslider_container_335\">\n        <div id=\"metaslider_335\">\n            <ul class='slides'>\n                <li style=\"display: block; width: 100%;\" class=\"slide-176 ms-image \" aria-roledescription=\"slide\" data-date=\"2016-12-06 10:23:29\" data-filename=\"IMG_20140307_144846-700x450.jpg\" data-slide-type=\"image\"><img loading=\"lazy\" decoding=\"async\" src=\"http:\/\/www.quimica.ufpr.br\/paginas\/luiz-ramos\/wp-content\/uploads\/sites\/20\/2016\/12\/IMG_20140307_144846-700x450.jpg\" height=\"450\" width=\"700\" alt=\"\" class=\"slider-335 slide-176 msDefaultImage\" \/><div class=\"caption-wrap\"><div class=\"caption\">Unidade de produ\u00e7\u00e3o de biodiesel<\/div><\/div><\/li>\n                <li style=\"display: none; width: 100%;\" class=\"slide-172 ms-image \" aria-roledescription=\"slide\" data-date=\"2016-12-06 10:23:21\" data-filename=\"IMG_20140307_144222-700x450.jpg\" data-slide-type=\"image\"><img loading=\"lazy\" decoding=\"async\" src=\"http:\/\/www.quimica.ufpr.br\/paginas\/luiz-ramos\/wp-content\/uploads\/sites\/20\/2016\/12\/IMG_20140307_144222-700x450.jpg\" height=\"450\" width=\"700\" alt=\"\" class=\"slider-335 slide-172 msDefaultImage\" \/><div class=\"caption-wrap\"><div class=\"caption\">Reator de microondas<\/div><\/div><\/li>\n                <li style=\"display: none; width: 100%;\" class=\"slide-173 ms-image \" aria-roledescription=\"slide\" data-date=\"2016-12-06 10:23:23\" data-filename=\"IMG_20140307_144506-700x450.jpg\" data-slide-type=\"image\"><img loading=\"lazy\" decoding=\"async\" src=\"http:\/\/www.quimica.ufpr.br\/paginas\/luiz-ramos\/wp-content\/uploads\/sites\/20\/2016\/12\/IMG_20140307_144506-700x450.jpg\" height=\"450\" width=\"700\" alt=\"\" class=\"slider-335 slide-173 msDefaultImage\" \/><div class=\"caption-wrap\"><div class=\"caption\">Reator de ultrassom<\/div><\/div><\/li>\n            <\/ul>\n        <\/div>\n        \n    <\/div>\n<\/div><\/div><div id=\"panel-150-0-1-1\" class=\"so-panel widget widget_metaslider_widget panel-last-child\" data-index=\"2\" ><h3 class=\"widget-title\">Infraestrutura anal\u00edtica do laborat\u00f3rio<\/h3><div id=\"metaslider-id-294\" style=\"max-width: 700px; margin: 0 auto;\" class=\"ml-slider-3-107-0 metaslider metaslider-flex metaslider-294 ml-slider has-dots-nav ms-theme-default\" role=\"region\" aria-label=\"Anal\u00edtica\" data-height=\"450\" data-width=\"700\">\n    <div id=\"metaslider_container_294\">\n        <div id=\"metaslider_294\">\n            <ul class='slides'>\n                <li style=\"display: block; width: 100%;\" class=\"slide-200 ms-image \" aria-roledescription=\"slide\" data-date=\"2016-12-06 11:40:37\" data-filename=\"DSC02700-700x450.jpg\" data-slide-type=\"image\"><img loading=\"lazy\" decoding=\"async\" src=\"http:\/\/www.quimica.ufpr.br\/paginas\/luiz-ramos\/wp-content\/uploads\/sites\/20\/2016\/12\/DSC02700-700x450.jpg\" height=\"450\" width=\"700\" alt=\"\" class=\"slider-294 slide-200 msDefaultImage\" \/><div class=\"caption-wrap\"><div class=\"caption\">BET e Carl-Fischer<\/div><\/div><\/li>\n                <li style=\"display: none; width: 100%;\" class=\"slide-198 ms-image \" aria-roledescription=\"slide\" data-date=\"2016-12-06 11:40:35\" data-filename=\"DSC02696-700x450.jpg\" data-slide-type=\"image\"><img loading=\"lazy\" decoding=\"async\" src=\"http:\/\/www.quimica.ufpr.br\/paginas\/luiz-ramos\/wp-content\/uploads\/sites\/20\/2016\/12\/DSC02696-700x450.jpg\" height=\"450\" width=\"700\" alt=\"\" class=\"slider-294 slide-198 msDefaultImage\" \/><div class=\"caption-wrap\"><div class=\"caption\">DSC<\/div><\/div><\/li>\n                <li style=\"display: none; width: 100%;\" class=\"slide-197 ms-image \" aria-roledescription=\"slide\" data-date=\"2016-12-06 11:40:34\" data-filename=\"DSC02695-700x450.jpg\" data-slide-type=\"image\"><img loading=\"lazy\" decoding=\"async\" src=\"http:\/\/www.quimica.ufpr.br\/paginas\/luiz-ramos\/wp-content\/uploads\/sites\/20\/2016\/12\/DSC02695-700x450.jpg\" height=\"450\" width=\"700\" alt=\"\" class=\"slider-294 slide-197 msDefaultImage\" \/><div class=\"caption-wrap\"><div class=\"caption\">CG-FID e CG-MS<\/div><\/div><\/li>\n                <li style=\"display: none; width: 100%;\" class=\"slide-201 ms-image \" aria-roledescription=\"slide\" data-date=\"2016-12-06 11:40:38\" data-filename=\"DSC02702-700x450.jpg\" data-slide-type=\"image\"><img loading=\"lazy\" decoding=\"async\" src=\"http:\/\/www.quimica.ufpr.br\/paginas\/luiz-ramos\/wp-content\/uploads\/sites\/20\/2016\/12\/DSC02702-700x450.jpg\" height=\"450\" width=\"700\" alt=\"\" class=\"slider-294 slide-201 msDefaultImage\" \/><div class=\"caption-wrap\"><div class=\"caption\">M\u00e1quina Universal de Ensaios da Instron<\/div><\/div><\/li>\n            <\/ul>\n        <\/div>\n        \n    <\/div>\n<\/div><\/div><\/div><\/div><\/div>","protected":false},"excerpt":{"rendered":"<p>Etanol celul\u00f3sico e \u00e1reas afins Explos\u00e3o a vapor Explos\u00e3o a vapor Labfors 5HT Bioethanol (Infors) Hidr\u00f3lise enzim\u00e1tica a 20% TS Biodiesel e \u00e1reas afins Unidade de produ\u00e7\u00e3o de biodiesel Reator de microondas Reator de ultrassom Infraestrutura anal\u00edtica do laborat\u00f3rio BET e Carl-Fischer DSC CG-FID e CG-MS M\u00e1quina Universal de Ensaios da Instron<\/p>\n","protected":false},"author":21,"featured_media":0,"parent":0,"menu_order":0,"comment_status":"closed","ping_status":"closed","template":"","meta":{"footnotes":""},"class_list":["post-150","page","type-page","status-publish","hentry","post"],"_links":{"self":[{"href":"http:\/\/www.quimica.ufpr.br\/paginas\/luiz-ramos\/wp-json\/wp\/v2\/pages\/150","targetHints":{"allow":["GET"]}}],"collection":[{"href":"http:\/\/www.quimica.ufpr.br\/paginas\/luiz-ramos\/wp-json\/wp\/v2\/pages"}],"about":[{"href":"http:\/\/www.quimica.ufpr.br\/paginas\/luiz-ramos\/wp-json\/wp\/v2\/types\/page"}],"author":[{"embeddable":true,"href":"http:\/\/www.quimica.ufpr.br\/paginas\/luiz-ramos\/wp-json\/wp\/v2\/users\/21"}],"replies":[{"embeddable":true,"href":"http:\/\/www.quimica.ufpr.br\/paginas\/luiz-ramos\/wp-json\/wp\/v2\/comments?post=150"}],"version-history":[{"count":47,"href":"http:\/\/www.quimica.ufpr.br\/paginas\/luiz-ramos\/wp-json\/wp\/v2\/pages\/150\/revisions"}],"predecessor-version":[{"id":812,"href":"http:\/\/www.quimica.ufpr.br\/paginas\/luiz-ramos\/wp-json\/wp\/v2\/pages\/150\/revisions\/812"}],"wp:attachment":[{"href":"http:\/\/www.quimica.ufpr.br\/paginas\/luiz-ramos\/wp-json\/wp\/v2\/media?parent=150"}],"curies":[{"name":"wp","href":"https:\/\/api.w.org\/{rel}","templated":true}]}}