{"id":14,"date":"2016-09-12T10:51:58","date_gmt":"2016-09-12T13:51:58","guid":{"rendered":"http:\/\/www.quimica.ufpr.br\/paginas\/luiz-ramos\/?page_id=14"},"modified":"2024-01-08T16:14:56","modified_gmt":"2024-01-08T19:14:56","slug":"producao-tecnologica","status":"publish","type":"page","link":"http:\/\/www.quimica.ufpr.br\/paginas\/luiz-ramos\/producao-tecnologica\/","title":{"rendered":"Produ\u00e7\u00e3o Tecnol\u00f3gica"},"content":{"rendered":"<div id=\"pl-14\"  class=\"panel-layout\" ><div id=\"pg-14-0\"  class=\"panel-grid panel-no-style\" ><div id=\"pgc-14-0-0\"  class=\"panel-grid-cell\" ><div id=\"panel-14-0-0-0\" class=\"so-panel widget widget_sow-editor panel-first-child panel-last-child\" data-index=\"0\" ><div\n\t\t\t\n\t\t\tclass=\"so-widget-sow-editor so-widget-sow-editor-base\"\n\t\t\t\n\t\t><h3 class=\"widget-title\">Pedidos de patente j\u00e1 depositados no INPI (Instituto Nacional de Propriedade Intelectual)<\/h3>\n<div class=\"siteorigin-widget-tinymce textwidget\">\n\t<ol>\n<li>Nakagaki, S.; Nunes, F.S.; Ramos, L.P.; Bail, A.; Vrubel, H. Uso de molibdato de s\u00f3dio na transesterifica\u00e7\u00e3o de \u00f3leos vegetais para a obten\u00e7\u00e3o de \u00e9\u00c9steres de \u00e1cidos graxos atrav\u00e9s de cat\u00e1lise heterog\u00eanea. Registro PI0605499-4, 2006.<\/li>\n<li>Guimar\u00e3es, J.L.; Satyanarayana, K.G; Wypych, F.; Ramos, L.P.; Cursino, A.C.T. Termomoldagem direta de laminados comp\u00f3sitos baseados em tortas de <em>Ricinus communis<\/em> (mamona) plastificada com glicerol bruto recuperado do processo de transesterifica\u00e7\u00e3o de \u00f3leos vegetais, refor\u00e7ados com fibras de origem natural. Registro PI0605742-0, 2006.<\/li>\n<li>Guimar\u00e3es, J.L.; Wypych, F.; Satyanarayana, K.G; Ramos, L.P. Termomoldagem direta de laminados comp\u00f3sitos baseados em amido plastificado com glicerol hidratado recuperado, refor\u00e7ados com fibras de origem vegetal e\/ou mineral (bananeira, cana de a\u00e7\u00facar, <em>Luffa cylindrica<\/em> e de fibras de amianto crisotila). Registro PI0602428-9, 2006.<\/li>\n<li>Zawadzki, S.F.; Pedrozo, T.H.; Ramos, L.P. Uso de plastificante alternativo para o poli(cloreto de vinila). Registro PI0701324-8, 2007.<\/li>\n<li>Krieger, N.; Mitchell, D.A.; Camilios Neto, D.; Meira, J.A.; Ramos, L.P. Produ\u00e7\u00e3o de ramnolip\u00eddeos por fermenta\u00e7\u00e3o no estado s\u00f3lido. Registro PI0701366-3, 2007.<\/li>\n<li>Wypych, F.; Cordeiro, C.S.; Ramos, L.P. Processo de obten\u00e7\u00e3o de \u00e9steres de \u00e1cidos graxos por cat\u00e1lise heterog\u00eanea por cat\u00e1lise heterog\u00eanea empregando hidr\u00f3xidos duplos lamelares. Registro PI-0702235-2, 2007.<\/li>\n<li>Wypych, F.; Cordeiro, C.S.; Ramos, L.P. Processo de obten\u00e7\u00e3o de \u00e9steres graxos por cat\u00e1lise heterog\u00eanea empregando hidroxissais lamelares. Registro PI0705995-7, 2007.<\/li>\n<li>Krieger, N.; Mitchell, D.A.; Fernandes, M.L; Saad, E.B.; Ramos, L.P. Processo de s\u00edntese de \u00e9steres com lipases imobilizadas no substrato s\u00f3lido fermentado. Registro PI0704791-6, 2007.<\/li>\n<li>Ramos, L.P.; Cordeiro, C.S.; Wypych, F. Processo de obten\u00e7\u00e3o de \u00e9steres de \u00e1cidos graxos por cat\u00e1lise heterog\u00eanea empregando carboxilatos met\u00e1licos lamelares. Registro PI0805712-5, 2008.<\/li>\n<li>Wypych, F.; Ramos, L.P.; Cordeiro, C.S; Lisboa, F.S. Processo de obten\u00e7\u00e3o de \u00e9steres de \u00e1cidos graxos por transesterifica\u00e7\u00e3o m(et\u00edlica) de \u00f3leos e gorduras, empregando carboxilatos met\u00e1licos lamelares. Registro PI0901072-6, 2009.<\/li>\n<li>Woehl, M.A.; Ramos, L.P.; Wypych, F. Processo de obten\u00e7\u00e3o de nanocomp\u00f3sitos polim\u00e9ricos utilizando nanofibras de celulose como agentes de refor\u00e7o. Registro PI0903868-0, 2009.<\/li>\n<li>Ndiaye, P.M.; Joaquim, R.G.; Lenzi, M.K.; Corazza, M.L.; Ramos, L.P.; Silva, T.A.; Zawadzki, S.F.; Barbosa, R.V. Uso do metassilicato e ortossilicato de s\u00f3dio na produ\u00e7\u00e3o de poliois a partir de \u00f3leo vegetais, Registro BR1020120326639, 2012.<\/li>\n<li>Ndiaye, P.M.; Joaquim, R.G.; Lenzi, M.K.; Corazza, M.L.; Ramos, L.P.; Silva, T.A.; Zawadzki, S.F.; Barbosa, R.V. Uso do metassilicato de s\u00f3dio e do ortossilicato de s\u00f3dio como catalisadores para produ\u00e7\u00e3o de biodiesel, Registro BR1020120326590, 2012.<\/li>\n<li>Wypych, F.; Zatta, L.;Ramos, L.P. Processo de obten\u00e7\u00e3o de \u00e9steres de \u00e1cidos graxos por cat\u00e1lise heterog\u00eanea empregando argilominerais do grupo 2:1. Registro BR1020120205297, 2012.<\/li>\n<li>Ndiaye, P. M.; Corazza, M.L.; Lenzi, M.K.; Ramos, L.P.; Cordeiro, C.S . Processo para separa\u00e7\u00e3o e\/ou purifica\u00e7\u00e3o de biodiesel usando di\u00f3xido de carbono pressurizado, Registro BR1020120328518, 2012.<\/li>\n<li>Cesar-Oliveira, M.A.F.; Ramos, L.P.; Oliveira, A.R.S.; Muniz, A.S.; Ferraz, F. A.; Baena, T.M.F. Aditivos copolim\u00e9ricos derivados de anidrido maleico como melhoradores das propriedades de fluxo a frio\u00a0de combustiveis, biocombust\u00edveis e misturas. Registro BR102013023881, 2013.<\/li>\n<li>Cesar-Oliveira, M.A.F.; Ramos, L.P.; Oliveira, A.R.S.; Muniz, A.S.; Costa, M.M.; Ferraz, F. A.; Carvalho, A.R. Aditivos antioxidantes derivados de \u00e1cidos graxos como melhoradores das propriedades oxidativas de \u00f3leos vegetais, biocombust\u00edveis, combust\u00edveis e misturas. Registro BR1020140269797, 2014.<\/li>\n<li>Cordeiro, C.S.; Useda, A.A.; Ramos, L.P. Processo de obten\u00e7\u00e3o de \u00e1cidos graxos e triacetina por interesterifica\u00e7\u00e3o de triacilglicer\u00f3is empregando\u00a0carboxilatos met\u00e1licos lamelares. Registro BR1020150319541, 2015.<\/li>\n<li>Cesar-Oliveira, M.A.F.; Oliveira, A.R.S.; Ramos, L.P.; Muniz, A.S.; Inque, M.H. Aditivos polim\u00e9ricos derivados de acrilatos e metacrilatos de alquila, para melhoria das propriedades de fluxo a frio e das propriedades termo-oxidativas de \u00f3leos vegetais, biocombust\u00edveis, combust\u00edveis e misturas. Registro BR10201603030, 2016.<\/li>\n<li>Cordeiro, C.S.; Wypych, F.; Useda, A.A.; Ramos, L.P. Processo de obten\u00e7\u00e3o de \u00e9steres de \u00e1cidos graxos por interesterifica\u00e7\u00e3o de triacilglicer\u00f3is, empregando hidr\u00f3xidos duplos lamelares. Registro BR1020160199352, 2016.<\/li>\n<\/ol>\n<\/div>\n<\/div><\/div><\/div><\/div><\/div>","protected":false},"excerpt":{"rendered":"<p>Nakagaki, S.; Nunes, F.S.; Ramos, L.P.; Bail, A.; Vrubel, H. Uso de molibdato de s\u00f3dio na transesterifica\u00e7\u00e3o de \u00f3leos vegetais para a obten\u00e7\u00e3o de \u00e9\u00c9steres de \u00e1cidos graxos atrav\u00e9s de cat\u00e1lise heterog\u00eanea. Registro PI0605499-4, 2006. Guimar\u00e3es, J.L.; Satyanarayana, K.G; Wypych, F.; Ramos, L.P.; Cursino, A.C.T. Termomoldagem direta de laminados comp\u00f3sitos baseados em tortas de Ricinus [&hellip;]<\/p>\n","protected":false},"author":21,"featured_media":0,"parent":0,"menu_order":0,"comment_status":"closed","ping_status":"closed","template":"","meta":{"footnotes":""},"class_list":["post-14","page","type-page","status-publish","hentry","post"],"_links":{"self":[{"href":"http:\/\/www.quimica.ufpr.br\/paginas\/luiz-ramos\/wp-json\/wp\/v2\/pages\/14","targetHints":{"allow":["GET"]}}],"collection":[{"href":"http:\/\/www.quimica.ufpr.br\/paginas\/luiz-ramos\/wp-json\/wp\/v2\/pages"}],"about":[{"href":"http:\/\/www.quimica.ufpr.br\/paginas\/luiz-ramos\/wp-json\/wp\/v2\/types\/page"}],"author":[{"embeddable":true,"href":"http:\/\/www.quimica.ufpr.br\/paginas\/luiz-ramos\/wp-json\/wp\/v2\/users\/21"}],"replies":[{"embeddable":true,"href":"http:\/\/www.quimica.ufpr.br\/paginas\/luiz-ramos\/wp-json\/wp\/v2\/comments?post=14"}],"version-history":[{"count":15,"href":"http:\/\/www.quimica.ufpr.br\/paginas\/luiz-ramos\/wp-json\/wp\/v2\/pages\/14\/revisions"}],"predecessor-version":[{"id":1061,"href":"http:\/\/www.quimica.ufpr.br\/paginas\/luiz-ramos\/wp-json\/wp\/v2\/pages\/14\/revisions\/1061"}],"wp:attachment":[{"href":"http:\/\/www.quimica.ufpr.br\/paginas\/luiz-ramos\/wp-json\/wp\/v2\/media?parent=14"}],"curies":[{"name":"wp","href":"https:\/\/api.w.org\/{rel}","templated":true}]}}