{"id":123,"date":"2016-12-05T16:45:52","date_gmt":"2016-12-05T18:45:52","guid":{"rendered":"http:\/\/www.quimica.ufpr.br\/paginas\/luiz-ramos\/?page_id=123"},"modified":"2016-12-05T16:58:12","modified_gmt":"2016-12-05T18:58:12","slug":"orientacao","status":"publish","type":"page","link":"http:\/\/www.quimica.ufpr.br\/paginas\/luiz-ramos\/orientacao\/","title":{"rendered":"Orienta\u00e7\u00e3o"},"content":{"rendered":"<div id=\"pl-123\"  class=\"panel-layout\" ><div id=\"pg-123-0\"  class=\"panel-grid panel-no-style\" ><div id=\"pgc-123-0-0\"  class=\"panel-grid-cell\" ><div id=\"panel-123-0-0-0\" class=\"so-panel widget widget_sow-editor panel-first-child panel-last-child\" data-index=\"0\" ><div\n\t\t\t\n\t\t\tclass=\"so-widget-sow-editor so-widget-sow-editor-base\"\n\t\t\t\n\t\t>\n<div class=\"siteorigin-widget-tinymce textwidget\">\n\t<p>At\u00e9 outubro de 2016, foram orientadas ou co-orientadas 47 disserta\u00e7\u00f5es de mestrado, 18 teses de doutorado, 5 est\u00e1gios p\u00f3s-doutorais e 47 projetos de inicia\u00e7\u00e3o cient\u00edfica, al\u00e9m de 2 projetos de especializa\u00e7\u00e3o e 2 trabalhos de conclus\u00e3o de curso. Atualmente, 4 disserta\u00e7\u00f5es de mestrado, 5 teses de doutorado e 3 projetos de inicia\u00e7\u00e3o cient\u00edfica encontram-se sob a sua orienta\u00e7\u00e3o ou co-orienta\u00e7\u00e3o. A maior parte dos alunos e dos temas envolvidos nestas orienta\u00e7\u00f5es est\u00e1 discriminada logo abaixo.<\/p>\n<\/div>\n<\/div><\/div><\/div><\/div><\/div>","protected":false},"excerpt":{"rendered":"<p>At\u00e9 outubro de 2016, foram orientadas ou co-orientadas 47 disserta\u00e7\u00f5es de mestrado, 18 teses de doutorado, 5 est\u00e1gios p\u00f3s-doutorais e 47 projetos de inicia\u00e7\u00e3o cient\u00edfica, al\u00e9m de 2 projetos de especializa\u00e7\u00e3o e 2 trabalhos de conclus\u00e3o de curso. Atualmente, 4 disserta\u00e7\u00f5es de mestrado, 5 teses de doutorado e 3 projetos de inicia\u00e7\u00e3o cient\u00edfica encontram-se sob [&hellip;]<\/p>\n","protected":false},"author":21,"featured_media":0,"parent":0,"menu_order":0,"comment_status":"closed","ping_status":"closed","template":"","meta":{"footnotes":""},"class_list":["post-123","page","type-page","status-publish","hentry","post"],"_links":{"self":[{"href":"http:\/\/www.quimica.ufpr.br\/paginas\/luiz-ramos\/wp-json\/wp\/v2\/pages\/123","targetHints":{"allow":["GET"]}}],"collection":[{"href":"http:\/\/www.quimica.ufpr.br\/paginas\/luiz-ramos\/wp-json\/wp\/v2\/pages"}],"about":[{"href":"http:\/\/www.quimica.ufpr.br\/paginas\/luiz-ramos\/wp-json\/wp\/v2\/types\/page"}],"author":[{"embeddable":true,"href":"http:\/\/www.quimica.ufpr.br\/paginas\/luiz-ramos\/wp-json\/wp\/v2\/users\/21"}],"replies":[{"embeddable":true,"href":"http:\/\/www.quimica.ufpr.br\/paginas\/luiz-ramos\/wp-json\/wp\/v2\/comments?post=123"}],"version-history":[{"count":3,"href":"http:\/\/www.quimica.ufpr.br\/paginas\/luiz-ramos\/wp-json\/wp\/v2\/pages\/123\/revisions"}],"predecessor-version":[{"id":135,"href":"http:\/\/www.quimica.ufpr.br\/paginas\/luiz-ramos\/wp-json\/wp\/v2\/pages\/123\/revisions\/135"}],"wp:attachment":[{"href":"http:\/\/www.quimica.ufpr.br\/paginas\/luiz-ramos\/wp-json\/wp\/v2\/media?parent=123"}],"curies":[{"name":"wp","href":"https:\/\/api.w.org\/{rel}","templated":true}]}}