{"id":12,"date":"2016-09-12T10:49:24","date_gmt":"2016-09-12T13:49:24","guid":{"rendered":"http:\/\/www.quimica.ufpr.br\/paginas\/luiz-ramos\/?page_id=12"},"modified":"2024-01-06T12:42:08","modified_gmt":"2024-01-06T15:42:08","slug":"servicos","status":"publish","type":"page","link":"http:\/\/www.quimica.ufpr.br\/paginas\/luiz-ramos\/servicos\/","title":{"rendered":"Servi\u00e7os"},"content":{"rendered":"<div id=\"pl-12\"  class=\"panel-layout\" ><div id=\"pg-12-0\"  class=\"panel-grid panel-no-style\" ><div id=\"pgc-12-0-0\"  class=\"panel-grid-cell\" ><div id=\"panel-12-0-0-0\" class=\"so-panel widget widget_sow-editor panel-first-child panel-last-child\" data-index=\"0\" ><div\n\t\t\t\n\t\t\tclass=\"so-widget-sow-editor so-widget-sow-editor-base\"\n\t\t\t\n\t\t>\n<div class=\"siteorigin-widget-tinymce textwidget\">\n\t<p><strong>Consultoria<\/strong><\/p>\n<p>Consultoria t\u00e9cnica em bioenergia, biorrefinarias, qu\u00edmica de recursos renov\u00e1veis e an\u00e1lise org\u00e2nica instrumental, com enfoque nos setores de papel e celulose, tecnologia enzim\u00e1tica (lipases e celulases) e de produ\u00e7\u00e3o e uso de biocombust\u00edveis oxigenados (metanol, etanol celul\u00f3sico, butanol, dimetil-\u00e9ter e biodiesel) e n\u00e3o oxigenados (combust\u00edveis sint\u00e9ticos, \u00f3leos vegetais hidrogenados, diesel verde e bioquerosene de avia\u00e7\u00e3o).<\/p>\n<p><strong>Presta\u00e7\u00e3o de servi\u00e7os na \u00e1rea de qu\u00edmica anal\u00edtica:<\/strong><\/p>\n<p>Desenvolvimento de m\u00e9todos cromatogr\u00e1ficos e espectrom\u00e9tricos para a an\u00e1lise qualitativa e quantitativa de compostos org\u00e2nicos, particularmente carboidratos, \u00e1cidos org\u00e2nicos e \u00e1cidos graxos e seus derivados (\u00e9steres);<br \/>\nAn\u00e1lise de pol\u00edmeros sint\u00e9ticos, celulose, complexos lignina-carboidrato e amido por cromatografia de exclus\u00e3o por tamanho;<br \/>\nAvalia\u00e7\u00e3o de mat\u00e9rias-primas de diferentes origens para a produ\u00e7\u00e3o de biocombust\u00edveis de primeira, segunda e terceira gera\u00e7\u00f5es (etanol sacar\u00ednico e celul\u00f3sico; biodiesel e bio-\u00f3leos oriundos de diferentes tipos de biomassas vegetais e animais);<br \/>\nDesenvolvimento de produtos e processos nas \u00e1reas de qu\u00edmica ambiental, qu\u00edmica fina, tecnologia enzim\u00e1tica e biorrefinarias.<\/p>\n<p><strong>Oferta de cursos de treinamento para o setor p\u00fablico e privado:<\/strong><\/p>\n<ol>\n<li>M\u00e9todos Cromatogr\u00e1ficos<\/li>\n<li>M\u00e9todos Espectrom\u00e9tricos (UV-Vis, FTIR\/NIR, RMN)<\/li>\n<li>Qu\u00edmica de Recursos Renov\u00e1veis<\/li>\n<li>Tecnologias de Produ\u00e7\u00e3o do Etanol de Primeira e Segunda Gera\u00e7\u00f5es<\/li>\n<li>Tecnologias de Produ\u00e7\u00e3o e Uso do Biodiesel de Primeira, Segunda e Terceira Gera\u00e7\u00f5es<\/li>\n<li>Valoriza\u00e7\u00e3o de Coprodutos Oriundos das Cadeias de Produ\u00e7\u00e3o de Biocombust\u00edveis L\u00edquidos: Glicerina, Tortas, Farelos, Materiais Lignocelul\u00f3sicos<\/li>\n<li>Biorrefinarias: do conceito \u00e0 aplica\u00e7\u00e3o pr\u00e1tica<\/li>\n<li>Tecnologias PtX: combust\u00edveis sustent\u00e1veis a partir de carbono biog\u00eanico e energia renov\u00e1vel<\/li>\n<\/ol>\n<\/div>\n<\/div><\/div><\/div><\/div><\/div>","protected":false},"excerpt":{"rendered":"<p>Consultoria Consultoria t\u00e9cnica em bioenergia, biorrefinarias, qu\u00edmica de recursos renov\u00e1veis e an\u00e1lise org\u00e2nica instrumental, com enfoque nos setores de papel e celulose, tecnologia enzim\u00e1tica (lipases e celulases) e de produ\u00e7\u00e3o e uso de biocombust\u00edveis oxigenados (metanol, etanol celul\u00f3sico, butanol, dimetil-\u00e9ter e biodiesel) e n\u00e3o oxigenados (combust\u00edveis sint\u00e9ticos, \u00f3leos vegetais hidrogenados, diesel verde e bioquerosene de [&hellip;]<\/p>\n","protected":false},"author":21,"featured_media":0,"parent":0,"menu_order":0,"comment_status":"closed","ping_status":"closed","template":"","meta":{"footnotes":""},"class_list":["post-12","page","type-page","status-publish","hentry","post"],"_links":{"self":[{"href":"http:\/\/www.quimica.ufpr.br\/paginas\/luiz-ramos\/wp-json\/wp\/v2\/pages\/12","targetHints":{"allow":["GET"]}}],"collection":[{"href":"http:\/\/www.quimica.ufpr.br\/paginas\/luiz-ramos\/wp-json\/wp\/v2\/pages"}],"about":[{"href":"http:\/\/www.quimica.ufpr.br\/paginas\/luiz-ramos\/wp-json\/wp\/v2\/types\/page"}],"author":[{"embeddable":true,"href":"http:\/\/www.quimica.ufpr.br\/paginas\/luiz-ramos\/wp-json\/wp\/v2\/users\/21"}],"replies":[{"embeddable":true,"href":"http:\/\/www.quimica.ufpr.br\/paginas\/luiz-ramos\/wp-json\/wp\/v2\/comments?post=12"}],"version-history":[{"count":5,"href":"http:\/\/www.quimica.ufpr.br\/paginas\/luiz-ramos\/wp-json\/wp\/v2\/pages\/12\/revisions"}],"predecessor-version":[{"id":929,"href":"http:\/\/www.quimica.ufpr.br\/paginas\/luiz-ramos\/wp-json\/wp\/v2\/pages\/12\/revisions\/929"}],"wp:attachment":[{"href":"http:\/\/www.quimica.ufpr.br\/paginas\/luiz-ramos\/wp-json\/wp\/v2\/media?parent=12"}],"curies":[{"name":"wp","href":"https:\/\/api.w.org\/{rel}","templated":true}]}}