{"id":1176,"date":"2024-01-09T11:29:36","date_gmt":"2024-01-09T14:29:36","guid":{"rendered":"http:\/\/www.quimica.ufpr.br\/paginas\/luiz-ramos\/?page_id=1176"},"modified":"2024-01-09T11:30:22","modified_gmt":"2024-01-09T14:30:22","slug":"napi-hcr-eng-2","status":"publish","type":"page","link":"http:\/\/www.quimica.ufpr.br\/paginas\/luiz-ramos\/napi-hcr-eng-2\/","title":{"rendered":"NAPI-HCR &#8211; Novo Arranjo de Pesquisa e Inova\u00e7\u00e3o em Hidrocarbonetos Renov\u00e1veis"},"content":{"rendered":"<div id=\"pl-1176\"  class=\"panel-layout\" ><div id=\"pg-1176-0\"  class=\"panel-grid panel-no-style\" ><div id=\"pgc-1176-0-0\"  class=\"panel-grid-cell\" ><div id=\"panel-1176-0-0-0\" class=\"so-panel widget widget_media_image panel-first-child panel-last-child\" data-index=\"0\" ><img loading=\"lazy\" decoding=\"async\" width=\"300\" height=\"139\" src=\"http:\/\/www.quimica.ufpr.br\/paginas\/luiz-ramos\/wp-content\/uploads\/sites\/20\/2024\/01\/Logo-NAPI-HCR-em-paisagem-300x139.jpeg\" class=\"image wp-image-1017  attachment-medium size-medium\" alt=\"\" style=\"max-width: 100%; height: auto;\" srcset=\"https:\/\/www.quimica.ufpr.br\/paginas\/luiz-ramos\/wp-content\/uploads\/sites\/20\/2024\/01\/Logo-NAPI-HCR-em-paisagem-300x139.jpeg 300w, https:\/\/www.quimica.ufpr.br\/paginas\/luiz-ramos\/wp-content\/uploads\/sites\/20\/2024\/01\/Logo-NAPI-HCR-em-paisagem-1024x476.jpeg 1024w, https:\/\/www.quimica.ufpr.br\/paginas\/luiz-ramos\/wp-content\/uploads\/sites\/20\/2024\/01\/Logo-NAPI-HCR-em-paisagem-768x357.jpeg 768w, https:\/\/www.quimica.ufpr.br\/paginas\/luiz-ramos\/wp-content\/uploads\/sites\/20\/2024\/01\/Logo-NAPI-HCR-em-paisagem-1536x713.jpeg 1536w, https:\/\/www.quimica.ufpr.br\/paginas\/luiz-ramos\/wp-content\/uploads\/sites\/20\/2024\/01\/Logo-NAPI-HCR-em-paisagem.jpeg 1600w\" sizes=\"auto, (max-width: 300px) 100vw, 300px\" \/><\/div><\/div><div id=\"pgc-1176-0-1\"  class=\"panel-grid-cell\" ><div id=\"panel-1176-0-1-0\" class=\"so-panel widget widget_sow-editor panel-first-child panel-last-child\" data-index=\"1\" ><div\n\t\t\t\n\t\t\tclass=\"so-widget-sow-editor so-widget-sow-editor-base\"\n\t\t\t\n\t\t><h3 class=\"widget-title\">Facilitadores<\/h3>\n<div class=\"siteorigin-widget-tinymce textwidget\">\n\t<p>Profs. Drs. Luiz Pereira Ramos &amp; Marcos L\u00facio Corazza<\/p>\n<p>Programa de P\u00f3s-gradua\u00e7\u00e3o em Engenharia Qu\u00edmica<br \/>\nUniversidade Federal do Paran\u00e1, Curitiba, PR, Brasil<\/p>\n<p>luiz.ramos@ufpr.br; corazza@ufpr.br<\/p>\n<\/div>\n<\/div><\/div><\/div><\/div><div id=\"pg-1176-1\"  class=\"panel-grid panel-no-style\" ><div id=\"pgc-1176-1-0\"  class=\"panel-grid-cell\" ><div id=\"panel-1176-1-0-0\" class=\"so-panel widget widget_sow-editor panel-first-child\" data-index=\"2\" ><div\n\t\t\t\n\t\t\tclass=\"so-widget-sow-editor so-widget-sow-editor-base\"\n\t\t\t\n\t\t><h3 class=\"widget-title\">Miss\u00e3o<\/h3>\n<div class=\"siteorigin-widget-tinymce textwidget\">\n\t<p>Promover conex\u00f5es entre os principais ativos do Estado que atuem em tecnologias de produ\u00e7\u00e3o e uso de combust\u00edveis sint\u00e9ticos, capazes de reduzir a pegada de carbono dos setores de transporte a\u00e9reo e rodovi\u00e1rio e contribuir \u00e0 transi\u00e7\u00e3o energ\u00e9tica para uma economia de baixo carbono<\/p>\n<\/div>\n<\/div><\/div><div id=\"panel-1176-1-0-1\" class=\"so-panel widget widget_sow-editor panel-last-child\" data-index=\"3\" ><div\n\t\t\t\n\t\t\tclass=\"so-widget-sow-editor so-widget-sow-editor-base\"\n\t\t\t\n\t\t><h3 class=\"widget-title\">Apoio<\/h3>\n<div class=\"siteorigin-widget-tinymce textwidget\">\n\t<p><img loading=\"lazy\" decoding=\"async\" class=\"alignnone  wp-image-1154\" src=\"http:\/\/www.quimica.ufpr.br\/paginas\/luiz-ramos\/wp-content\/uploads\/sites\/20\/2024\/01\/Araucaria-300x123.png\" alt=\"\" width=\"239\" height=\"98\" srcset=\"https:\/\/www.quimica.ufpr.br\/paginas\/luiz-ramos\/wp-content\/uploads\/sites\/20\/2024\/01\/Araucaria-300x123.png 300w, https:\/\/www.quimica.ufpr.br\/paginas\/luiz-ramos\/wp-content\/uploads\/sites\/20\/2024\/01\/Araucaria.png 351w\" sizes=\"auto, (max-width: 239px) 100vw, 239px\" \/><\/p>\n<\/div>\n<\/div><\/div><\/div><div id=\"pgc-1176-1-1\"  class=\"panel-grid-cell\" ><div id=\"panel-1176-1-1-0\" class=\"so-panel widget widget_sow-editor panel-first-child panel-last-child\" data-index=\"4\" ><div\n\t\t\t\n\t\t\tclass=\"so-widget-sow-editor so-widget-sow-editor-base\"\n\t\t\t\n\t\t><h3 class=\"widget-title\">Principais objetivos<\/h3>\n<div class=\"siteorigin-widget-tinymce textwidget\">\n\t<p>1. Transferir conhecimento de alto potencial inovador para o setor produtivo<br \/>\n2. Integrar ativos para valorizar a cadeia de produ\u00e7\u00e3o de biocombust\u00edveis no Estado<br \/>\n3. Aumentar a produ\u00e7\u00e3o cient\u00edfica e tecnol\u00f3gica associada ao tema pelas institui\u00e7\u00f5es parceiras<br \/>\n4. Formar recursos humanos qualificados para dar suporte \u00e0 transi\u00e7\u00e3o energ\u00e9tica<br \/>\n5. Criar novas oportunidades de internacionaliza\u00e7\u00e3o para os PPGs envolvidos<br \/>\n6. Desenvolver sistemas catal\u00edticos para a s\u00edntese de HCR usando mat\u00e9rias-primas renov\u00e1veis<br \/>\n7. Demonstrar a viabilidade da produ\u00e7\u00e3o de SAF e diesel verde a partir do biog\u00e1s<br \/>\n8. Aumentar a gera\u00e7\u00e3o de emprego e renda de base tecnol\u00f3gica no Estado<\/p>\n<\/div>\n<\/div><\/div><\/div><\/div><div id=\"pg-1176-2\"  class=\"panel-grid panel-no-style\" ><div id=\"pgc-1176-2-0\"  class=\"panel-grid-cell\" ><div id=\"panel-1176-2-0-0\" class=\"so-panel widget widget_sow-editor panel-first-child panel-last-child\" data-index=\"5\" ><div\n\t\t\t\n\t\t\tclass=\"so-widget-sow-editor so-widget-sow-editor-base\"\n\t\t\t\n\t\t><h3 class=\"widget-title\">Parceiros de projeto (NAPI-HCR)<\/h3>\n<div class=\"siteorigin-widget-tinymce textwidget\">\n\t<p><img loading=\"lazy\" decoding=\"async\" class=\"alignnone  wp-image-1162\" src=\"http:\/\/www.quimica.ufpr.br\/paginas\/luiz-ramos\/wp-content\/uploads\/sites\/20\/2024\/01\/Partners-NAPI-300x151.png\" alt=\"\" width=\"421\" height=\"212\" srcset=\"https:\/\/www.quimica.ufpr.br\/paginas\/luiz-ramos\/wp-content\/uploads\/sites\/20\/2024\/01\/Partners-NAPI-300x151.png 300w, https:\/\/www.quimica.ufpr.br\/paginas\/luiz-ramos\/wp-content\/uploads\/sites\/20\/2024\/01\/Partners-NAPI.png 622w\" sizes=\"auto, (max-width: 421px) 100vw, 421px\" \/><\/p>\n<\/div>\n<\/div><\/div><\/div><div id=\"pgc-1176-2-1\"  class=\"panel-grid-cell\" ><div id=\"panel-1176-2-1-0\" class=\"so-panel widget widget_media_image panel-first-child panel-last-child\" data-index=\"6\" ><h3 class=\"widget-title\">Roadmap tecnol\u00f3gico<\/h3><img loading=\"lazy\" decoding=\"async\" width=\"697\" height=\"670\" src=\"http:\/\/www.quimica.ufpr.br\/paginas\/luiz-ramos\/wp-content\/uploads\/sites\/20\/2024\/01\/Roadmap.png\" class=\"image wp-image-1170  attachment-full size-full\" alt=\"\" style=\"max-width: 100%; height: auto;\" title=\"Technological roadmap\" srcset=\"https:\/\/www.quimica.ufpr.br\/paginas\/luiz-ramos\/wp-content\/uploads\/sites\/20\/2024\/01\/Roadmap.png 697w, https:\/\/www.quimica.ufpr.br\/paginas\/luiz-ramos\/wp-content\/uploads\/sites\/20\/2024\/01\/Roadmap-300x288.png 300w\" sizes=\"auto, (max-width: 697px) 100vw, 697px\" \/><\/div><\/div><\/div><div id=\"pg-1176-3\"  class=\"panel-grid panel-no-style\" ><div id=\"pgc-1176-3-0\"  class=\"panel-grid-cell\" ><div id=\"panel-1176-3-0-0\" class=\"so-panel widget widget_sow-editor panel-first-child panel-last-child\" data-index=\"7\" ><div\n\t\t\t\n\t\t\tclass=\"so-widget-sow-editor so-widget-sow-editor-base\"\n\t\t\t\n\t\t><h3 class=\"widget-title\">Projeto PtX Paran\u00e1 - Transi\u00e7\u00e3o Energ\u00e9tica e Economia de Baixo Carbono no Agroneg\u00f3cio do Paran\u00e1<\/h3>\n<div class=\"siteorigin-widget-tinymce textwidget\">\n\t<h4>Objetivo<\/h4>\n<p>Desenvolver uma nova rota de produ\u00e7\u00e3o de combust\u00edveis sint\u00e9ticos sustent\u00e1veis a partir do biog\u00e1s por meio da integra\u00e7\u00e3o da reforma catal\u00edtica e s\u00edntese Fischer-Tropsch, com \u00eanfase no desenvolvimento do mercado Power-to-X no Estado do Paran\u00e1.<\/p>\n<h4>Parceiros de projeto<\/h4>\n<p><img loading=\"lazy\" decoding=\"async\" class=\"alignnone size-medium wp-image-1161\" src=\"http:\/\/www.quimica.ufpr.br\/paginas\/luiz-ramos\/wp-content\/uploads\/sites\/20\/2024\/01\/Support-PtX-PR-300x54.png\" alt=\"\" width=\"300\" height=\"54\" srcset=\"https:\/\/www.quimica.ufpr.br\/paginas\/luiz-ramos\/wp-content\/uploads\/sites\/20\/2024\/01\/Support-PtX-PR-300x54.png 300w, https:\/\/www.quimica.ufpr.br\/paginas\/luiz-ramos\/wp-content\/uploads\/sites\/20\/2024\/01\/Support-PtX-PR-1024x186.png 1024w, https:\/\/www.quimica.ufpr.br\/paginas\/luiz-ramos\/wp-content\/uploads\/sites\/20\/2024\/01\/Support-PtX-PR-768x139.png 768w, https:\/\/www.quimica.ufpr.br\/paginas\/luiz-ramos\/wp-content\/uploads\/sites\/20\/2024\/01\/Support-PtX-PR-1536x278.png 1536w, https:\/\/www.quimica.ufpr.br\/paginas\/luiz-ramos\/wp-content\/uploads\/sites\/20\/2024\/01\/Support-PtX-PR-2048x371.png 2048w\" sizes=\"auto, (max-width: 300px) 100vw, 300px\" \/><\/p>\n<\/div>\n<\/div><\/div><\/div><div id=\"pgc-1176-3-1\"  class=\"panel-grid-cell\" ><div id=\"panel-1176-3-1-0\" class=\"so-panel widget widget_media_image panel-first-child panel-last-child\" data-index=\"8\" ><img loading=\"lazy\" decoding=\"async\" width=\"720\" height=\"523\" src=\"http:\/\/www.quimica.ufpr.br\/paginas\/luiz-ramos\/wp-content\/uploads\/sites\/20\/2024\/01\/PtX-PR-1024x744.png\" class=\"image wp-image-1150  attachment-large size-large\" alt=\"\" style=\"max-width: 100%; height: auto;\" srcset=\"https:\/\/www.quimica.ufpr.br\/paginas\/luiz-ramos\/wp-content\/uploads\/sites\/20\/2024\/01\/PtX-PR-1024x744.png 1024w, https:\/\/www.quimica.ufpr.br\/paginas\/luiz-ramos\/wp-content\/uploads\/sites\/20\/2024\/01\/PtX-PR-300x218.png 300w, https:\/\/www.quimica.ufpr.br\/paginas\/luiz-ramos\/wp-content\/uploads\/sites\/20\/2024\/01\/PtX-PR-768x558.png 768w, https:\/\/www.quimica.ufpr.br\/paginas\/luiz-ramos\/wp-content\/uploads\/sites\/20\/2024\/01\/PtX-PR-1536x1115.png 1536w, https:\/\/www.quimica.ufpr.br\/paginas\/luiz-ramos\/wp-content\/uploads\/sites\/20\/2024\/01\/PtX-PR-2048x1487.png 2048w\" sizes=\"auto, (max-width: 720px) 100vw, 720px\" \/><\/div><\/div><\/div><\/div>","protected":false},"excerpt":{"rendered":"<p>Profs. Drs. Luiz Pereira Ramos &amp; Marcos L\u00facio Corazza Programa de P\u00f3s-gradua\u00e7\u00e3o em Engenharia Qu\u00edmica Universidade Federal do Paran\u00e1, Curitiba, PR, Brasil luiz.ramos@ufpr.br; corazza@ufpr.br Promover conex\u00f5es entre os principais ativos do Estado que atuem em tecnologias de produ\u00e7\u00e3o e uso de combust\u00edveis sint\u00e9ticos, capazes de reduzir a pegada de carbono dos setores de transporte a\u00e9reo [&hellip;]<\/p>\n","protected":false},"author":21,"featured_media":0,"parent":0,"menu_order":0,"comment_status":"closed","ping_status":"closed","template":"","meta":{"footnotes":""},"class_list":["post-1176","page","type-page","status-publish","hentry","post"],"_links":{"self":[{"href":"http:\/\/www.quimica.ufpr.br\/paginas\/luiz-ramos\/wp-json\/wp\/v2\/pages\/1176","targetHints":{"allow":["GET"]}}],"collection":[{"href":"http:\/\/www.quimica.ufpr.br\/paginas\/luiz-ramos\/wp-json\/wp\/v2\/pages"}],"about":[{"href":"http:\/\/www.quimica.ufpr.br\/paginas\/luiz-ramos\/wp-json\/wp\/v2\/types\/page"}],"author":[{"embeddable":true,"href":"http:\/\/www.quimica.ufpr.br\/paginas\/luiz-ramos\/wp-json\/wp\/v2\/users\/21"}],"replies":[{"embeddable":true,"href":"http:\/\/www.quimica.ufpr.br\/paginas\/luiz-ramos\/wp-json\/wp\/v2\/comments?post=1176"}],"version-history":[{"count":3,"href":"http:\/\/www.quimica.ufpr.br\/paginas\/luiz-ramos\/wp-json\/wp\/v2\/pages\/1176\/revisions"}],"predecessor-version":[{"id":1182,"href":"http:\/\/www.quimica.ufpr.br\/paginas\/luiz-ramos\/wp-json\/wp\/v2\/pages\/1176\/revisions\/1182"}],"wp:attachment":[{"href":"http:\/\/www.quimica.ufpr.br\/paginas\/luiz-ramos\/wp-json\/wp\/v2\/media?parent=1176"}],"curies":[{"name":"wp","href":"https:\/\/api.w.org\/{rel}","templated":true}]}}