{"id":14,"date":"2016-09-30T11:10:55","date_gmt":"2016-09-30T14:10:55","guid":{"rendered":"http:\/\/www.quimica.ufpr.br\/paginas\/liliana-micaroni\/?page_id=14"},"modified":"2020-03-10T10:53:02","modified_gmt":"2020-03-10T13:53:02","slug":"cq110","status":"publish","type":"page","link":"http:\/\/www.quimica.ufpr.br\/paginas\/liliana-micaroni\/cq110\/","title":{"rendered":"CQ110 &#8211; Princ\u00edpios de F\u00edsico-Qu\u00edmica"},"content":{"rendered":"","protected":true},"excerpt":{"rendered":"","protected":true},"author":1,"featured_media":0,"parent":0,"menu_order":0,"comment_status":"closed","ping_status":"closed","template":"","meta":{"footnotes":""},"class_list":["post-14","page","type-page","status-publish","post-password-required","hentry","post"],"_links":{"self":[{"href":"http:\/\/www.quimica.ufpr.br\/paginas\/liliana-micaroni\/wp-json\/wp\/v2\/pages\/14","targetHints":{"allow":["GET"]}}],"collection":[{"href":"http:\/\/www.quimica.ufpr.br\/paginas\/liliana-micaroni\/wp-json\/wp\/v2\/pages"}],"about":[{"href":"http:\/\/www.quimica.ufpr.br\/paginas\/liliana-micaroni\/wp-json\/wp\/v2\/types\/page"}],"author":[{"embeddable":true,"href":"http:\/\/www.quimica.ufpr.br\/paginas\/liliana-micaroni\/wp-json\/wp\/v2\/users\/1"}],"replies":[{"embeddable":true,"href":"http:\/\/www.quimica.ufpr.br\/paginas\/liliana-micaroni\/wp-json\/wp\/v2\/comments?post=14"}],"version-history":[{"count":61,"href":"http:\/\/www.quimica.ufpr.br\/paginas\/liliana-micaroni\/wp-json\/wp\/v2\/pages\/14\/revisions"}],"predecessor-version":[{"id":353,"href":"http:\/\/www.quimica.ufpr.br\/paginas\/liliana-micaroni\/wp-json\/wp\/v2\/pages\/14\/revisions\/353"}],"wp:attachment":[{"href":"http:\/\/www.quimica.ufpr.br\/paginas\/liliana-micaroni\/wp-json\/wp\/v2\/media?parent=14"}],"curies":[{"name":"wp","href":"https:\/\/api.w.org\/{rel}","templated":true}]}}