{"id":82,"date":"2017-01-05T11:55:29","date_gmt":"2017-01-05T11:55:29","guid":{"rendered":"http:\/\/www.quimica.ufpr.br\/paginas\/leandro-piovan\/?page_id=82"},"modified":"2020-03-02T17:54:00","modified_gmt":"2020-03-02T17:54:00","slug":"linhas-de-pesquisa","status":"publish","type":"page","link":"http:\/\/www.quimica.ufpr.br\/paginas\/leandro-piovan\/linhas-de-pesquisa\/","title":{"rendered":"Pesquisa"},"content":{"rendered":"<div id=\"pl-82\"  class=\"panel-layout\" ><div id=\"pg-82-0\"  class=\"panel-grid panel-no-style\" ><div id=\"pgc-82-0-0\"  class=\"panel-grid-cell\" ><div id=\"panel-82-0-0-0\" class=\"so-panel widget widget_sow-editor panel-first-child panel-last-child\" data-index=\"0\" ><div\n\t\t\t\n\t\t\tclass=\"so-widget-sow-editor so-widget-sow-editor-base\"\n\t\t\t\n\t\t>\n<div class=\"siteorigin-widget-tinymce textwidget\">\n\t<p style=\"text-align: justify\"><strong><span style=\"color: #0000ff\">BIOCAT\u00c1LISE APLICADA \u00c0 S\u00cdNTESE ORG\u00c2NICA\u00a0<\/span><\/strong><\/p>\n<p><span style=\"color: #993366\"><em>Utiliza\u00e7\u00e3o\u00a0de enzimas em s\u00edntese org\u00e2nica visando a prepara\u00e7\u00e3o de compostos opticamente ativos.\u00a0<\/em><\/span><\/p>\n<p><span style=\"color: #993366\"><em>Classes de compostos: \u00e1lcoois, aminas, \u00e9steres, lactonas e \u00e1cidos carbox\u00edlicos<\/em><\/span><\/p>\n<p><span style=\"color: #993366\"><em>Enzimas: lipases comerciais e de metagen\u00f4mica<\/em><\/span><\/p>\n<p><span style=\"color: #993366\"><em>Microrganismos: leveduras e fungos<\/em><\/span><\/p>\n<p style=\"text-align: justify\"><span style=\"color: #993366\">\u00a0<\/span><\/p>\n<\/div>\n<\/div><\/div><\/div><div id=\"pgc-82-0-1\"  class=\"panel-grid-cell\" ><div id=\"panel-82-0-1-0\" class=\"so-panel widget widget_sow-editor panel-first-child panel-last-child\" data-index=\"1\" ><div\n\t\t\t\n\t\t\tclass=\"so-widget-sow-editor so-widget-sow-editor-base\"\n\t\t\t\n\t\t>\n<div class=\"siteorigin-widget-tinymce textwidget\">\n\t<p style=\"text-align: justify\"><strong><span style=\"color: #0000ff\">QU\u00cdMICA MEDICINAL\u00a0<\/span><\/strong><\/p>\n<p><span style=\"color: #993366\"><em>S\u00edntese de compostos org\u00e2nicos contendo sel\u00eanio e tel\u00fario em diferentes estados de oxida\u00e7\u00e3o<\/em><\/span><\/p>\n<p><span style=\"color: #993366\"><em>Avalia\u00e7\u00e3o das rela\u00e7\u00f5es estrutura-propriedades e estrutura-atividade<\/em><\/span><\/p>\n<p><span style=\"color: #993366\"><em>Avalia\u00e7\u00e3o biol\u00f3gica dos compostos<\/em><\/span><\/p>\n<\/div>\n<\/div><\/div><\/div><div id=\"pgc-82-0-2\"  class=\"panel-grid-cell\" ><div id=\"panel-82-0-2-0\" class=\"so-panel widget widget_sow-image panel-first-child panel-last-child\" data-index=\"2\" ><div\n\t\t\t\n\t\t\tclass=\"so-widget-sow-image so-widget-sow-image-default-e4c2d9f6c920-82\"\n\t\t\t\n\t\t>\n<div class=\"sow-image-container\">\n\t\t<img \n\tsrc=\"http:\/\/www.quimica.ufpr.br\/paginas\/leandro-piovan\/wp-content\/uploads\/sites\/4\/2017\/01\/lasque-novo-baixa-resolu\u00e7\u00e3o-2.png\" width=\"11921\" height=\"4925\" srcset=\"https:\/\/www.quimica.ufpr.br\/paginas\/leandro-piovan\/wp-content\/uploads\/sites\/4\/2017\/01\/lasque-novo-baixa-resolu\u00e7\u00e3o-2.png 11921w, https:\/\/www.quimica.ufpr.br\/paginas\/leandro-piovan\/wp-content\/uploads\/sites\/4\/2017\/01\/lasque-novo-baixa-resolu\u00e7\u00e3o-2-300x124.png 300w, https:\/\/www.quimica.ufpr.br\/paginas\/leandro-piovan\/wp-content\/uploads\/sites\/4\/2017\/01\/lasque-novo-baixa-resolu\u00e7\u00e3o-2-768x317.png 768w, https:\/\/www.quimica.ufpr.br\/paginas\/leandro-piovan\/wp-content\/uploads\/sites\/4\/2017\/01\/lasque-novo-baixa-resolu\u00e7\u00e3o-2-1024x423.png 1024w\" sizes=\"(max-width: 11921px) 100vw, 11921px\" title=\"lasque novo baixa resolu\u00e7\u00e3o 2\" alt=\"\" \t\tclass=\"so-widget-image\"\/>\n\t<\/div>\n\n<\/div><\/div><\/div><\/div><\/div>","protected":false},"excerpt":{"rendered":"<p>BIOCAT\u00c1LISE APLICADA \u00c0 S\u00cdNTESE ORG\u00c2NICA\u00a0Utiliza\u00e7\u00e3o\u00a0de enzimas em s\u00edntese org\u00e2nica visando a prepara\u00e7\u00e3o de compostos opticamente ativos.\u00a0Classes de compostos: \u00e1lcoois, aminas, \u00e9steres, lactonas e \u00e1cidos carbox\u00edlicosEnzimas: lipases comerciais e de metagen\u00f4micaMicrorganismos: leveduras e fungos\u00a0 QU\u00cdMICA MEDICINAL\u00a0 S\u00edntese de compostos org\u00e2nicos contendo sel\u00eanio e tel\u00fario em diferentes estados de oxida\u00e7\u00e3o Avalia\u00e7\u00e3o das rela\u00e7\u00f5es estrutura-propriedades e estrutura-atividade Avalia\u00e7\u00e3o [&hellip;]<\/p>\n","protected":false},"author":7,"featured_media":0,"parent":0,"menu_order":0,"comment_status":"closed","ping_status":"closed","template":"","meta":{"footnotes":""},"class_list":["post-82","page","type-page","status-publish","hentry","post"],"_links":{"self":[{"href":"http:\/\/www.quimica.ufpr.br\/paginas\/leandro-piovan\/wp-json\/wp\/v2\/pages\/82","targetHints":{"allow":["GET"]}}],"collection":[{"href":"http:\/\/www.quimica.ufpr.br\/paginas\/leandro-piovan\/wp-json\/wp\/v2\/pages"}],"about":[{"href":"http:\/\/www.quimica.ufpr.br\/paginas\/leandro-piovan\/wp-json\/wp\/v2\/types\/page"}],"author":[{"embeddable":true,"href":"http:\/\/www.quimica.ufpr.br\/paginas\/leandro-piovan\/wp-json\/wp\/v2\/users\/7"}],"replies":[{"embeddable":true,"href":"http:\/\/www.quimica.ufpr.br\/paginas\/leandro-piovan\/wp-json\/wp\/v2\/comments?post=82"}],"version-history":[{"count":12,"href":"http:\/\/www.quimica.ufpr.br\/paginas\/leandro-piovan\/wp-json\/wp\/v2\/pages\/82\/revisions"}],"predecessor-version":[{"id":565,"href":"http:\/\/www.quimica.ufpr.br\/paginas\/leandro-piovan\/wp-json\/wp\/v2\/pages\/82\/revisions\/565"}],"wp:attachment":[{"href":"http:\/\/www.quimica.ufpr.br\/paginas\/leandro-piovan\/wp-json\/wp\/v2\/media?parent=82"}],"curies":[{"name":"wp","href":"https:\/\/api.w.org\/{rel}","templated":true}]}}