{"id":37,"date":"2016-06-28T17:01:19","date_gmt":"2016-06-28T17:01:19","guid":{"rendered":"http:\/\/www.quimica.ufpr.br\/paginas\/leandro-piovan\/?page_id=37"},"modified":"2023-01-14T18:09:05","modified_gmt":"2023-01-14T18:09:05","slug":"orientacoes","status":"publish","type":"page","link":"http:\/\/www.quimica.ufpr.br\/paginas\/leandro-piovan\/orientacoes\/","title":{"rendered":"Orienta\u00e7\u00f5es"},"content":{"rendered":"<div id=\"pl-37\"  class=\"panel-layout\" ><div id=\"pg-37-0\"  class=\"panel-grid panel-no-style\" ><div id=\"pgc-37-0-0\"  class=\"panel-grid-cell\" ><div id=\"panel-37-0-0-0\" class=\"so-panel widget widget_black-studio-tinymce widget_black_studio_tinymce panel-first-child\" data-index=\"0\" ><div class=\"textwidget\"><p><span style=\"color: #0000ff\"><strong>DISSERTA\u00c7\u00d5ES &amp; TESES EM ANDAMENTO<\/strong><\/span><\/p>\n<p><strong>Maria Clara da Silva Durigon<br \/>\n<\/strong><\/p>\n<p>Projeto de Doutorado: <em>S\u00edntese e avalia\u00e7\u00e3o da atividade antimelanoma de compostos organocalcogenados<\/em><\/p>\n<p>&nbsp;<\/p>\n<\/div><\/div><div id=\"panel-37-0-0-1\" class=\"so-panel widget widget_black-studio-tinymce widget_black_studio_tinymce panel-last-child\" data-index=\"1\" ><div class=\"textwidget\"><p><span style=\"color: #0000ff\"><strong>DISSERTA\u00c7\u00d5ES &amp; TESES CONCLU\u00cdDAS<\/strong><\/span><\/p>\n<p><strong>15. Bruna Brocardo Ferreira<\/strong> - <em>Estudo da reatividade de compostos hipervalentes de Tel\u00fario contra diferentes nucle\u00f3filos\u00a0 (Disserta\u00e7\u00e3o - <strong>2022<\/strong>)<\/em><\/p>\n<p><strong>14. Tay Zugman<\/strong> -\u00a0<em>Dicalcogenetos diar\u00edlicos funcionalizados: Avalia\u00e7\u00e3o do potencial antiparasit\u00e1rio contra Leishmania spp.<\/em>\u00a0\u00a0(Disserta\u00e7\u00e3o - <strong>2022<\/strong>)<\/p>\n<p><strong>13. Maria Clara da Silva Durigon<\/strong> - <i>S\u00edntese e avalia\u00e7\u00e3o da citotoxicidade de derivados de \u03b1-seleno-cianoidrinas<\/i>\u00a0(Disserta\u00e7\u00e3o - <strong>2022<\/strong>)<\/p>\n<p><strong>12. Felipe Gon\u00e7alves Borges<\/strong> - <em>Estudos na<\/em> s<em>\u00edntese\u00a0 disselenetos de diarila 1,4-dissubstitu\u00eddos.<\/em> (Disserta\u00e7\u00e3o - <strong>2021<\/strong>)<\/p>\n<p><strong>11. Thiago Puccinell<\/strong>i -\u00a0<span style=\"text-transform: none\"><em>S\u00edntese e avalia\u00e7\u00e3o da atividade antitumoral de calcogenoaminas<\/em>. (Disserta\u00e7\u00e3o - <strong>2020<\/strong>)<\/span><\/p>\n<p><strong>10. Pamela Taisline Bandeira <\/strong>- <i>S\u00edntese, atividades antioxidante e leishmanicida e citotoxicidade de organo(di)teluretos. (Tese - <strong>2019<\/strong>)<br \/>\n<\/i><\/p>\n<p><strong>09. Juliana Christina Thomas <\/strong>- <em>(Seleno)-cianoidrinas: S\u00edntese, resolu\u00e7\u00e3o cin\u00e9tica enzim\u00e1tica em fluxo cont\u00ednuo e aplica\u00e7\u00e3o como blocos de constru\u00e7\u00e3o quirais para subst\u00e2ncias polifuncionalizadas. <\/em>(Tese - <strong>2019<\/strong>)<em><br \/>\n<\/em><\/p>\n<p><strong>08.<\/strong>\u00a0<strong>Mara Cristina Dalmolin<\/strong><em> - <\/em><em>S\u00edntese e avalia\u00e7\u00e3o das atividades antiprotozo\u00e1ria, antimicrobiana e antitumoral de compostos org\u00e2nicos de sel\u00eanio. <\/em>(Tese<em> - <strong>2018<\/strong><\/em>)<\/p>\n<p><strong>07.<\/strong>\u00a0<strong>Jo\u00e3o Pedro de Albuquerque Souza <\/strong>-\u00a0<em>S\u00edntese de compostos heteroc\u00edclicos contendo liga\u00e7\u00e3o tel\u00fario(IV)-oxig\u00eanio e avalia\u00e7\u00e3o da atividade antiprotozo\u00e1ria sobre Leishmania amazonensis. (Disserta\u00e7\u00e3o - <strong>2018<\/strong>)<\/em><\/p>\n<p style=\"text-align: left\"><strong>06. Suelem Kluconski de Campos <\/strong>-\u00a0<em>Avalia\u00e7\u00e3o de seleno\u00e9steres como doadores acila irrevers\u00edveis em rea\u00e7\u00f5es de resolu\u00e7\u00e3o cin\u00e9tica enzim\u00e1tica. <\/em>(Disserta\u00e7\u00e3o - <strong>2017<\/strong>)<\/p>\n<p style=\"text-align: left\"><strong>05. Mariana Lopes Teixeira <\/strong>-\u00a0<em>Investiga\u00e7\u00e3o da estabilidade qu\u00edmica de compostos org\u00e2nicos hipervalentes de tel\u00fario em meio org\u00e2nico-aquosoempregando RMN de Te-125. <\/em>(Disserta\u00e7\u00e3o - <strong>2017<\/strong>)<\/p>\n<p style=\"text-align: left\"><strong>04. Thiago Sabino da Silva<\/strong> -\u00a0<em>Efeito da por\u00e7\u00e3o alco\u00f3lica na resolu\u00e7\u00e3o cin\u00e9tica enzim\u00e1tica de \u00e9steres derivados do \u00c1cido 2-Bromo But\u00edrico: Um bloco de constru\u00e7\u00e3o quiral vers\u00e1til<\/em>. (Disserta\u00e7\u00e3o - <strong>2016<\/strong>)<\/p>\n<p style=\"text-align: left\"><strong>03. Pamela Taisline Bandeira <\/strong>-<em>Resolu\u00e7\u00e3o cin\u00e9tica enzim\u00e1tica de \u00e1lcoois alif\u00e1ticos empregando lipase de metagen\u00f4mica. <\/em>(Disserta\u00e7\u00e3o - <strong>2015<\/strong>)<\/p>\n<p style=\"text-align: left\"><strong>02. Juliana Christina Thomas <\/strong>-\u00a0<em>Aplica\u00e7\u00e3o do sistema de fluxo-cont\u00ednuo em rea\u00e7\u00f5es de resolu\u00e7\u00e3o cin\u00e9tica enzim\u00e1tica: Obten\u00e7\u00e3o de \u00e1lcoois secund\u00e1rios enantiomericamente puros empregando a lipase B de <u>Candida antarctica<\/u>.\u00a0<\/em>(Disserta\u00e7\u00e3o - <strong>2015<\/strong>)<\/p>\n<p style=\"text-align: left\"><strong>01. Allen Carolina dos Santos Costa <\/strong>-\u00a0<em>Aplica\u00e7\u00e3o de lipases comerciais e n\u00e3o-comerciais em rea\u00e7\u00f5es de resolu\u00e7\u00e3o cin\u00e9tica de \u00e1lcoois secund\u00e1rios quirais. <\/em>(Disserta\u00e7\u00e3o - <strong>2014<\/strong>)<\/p>\n<\/div><\/div><\/div><\/div><\/div>","protected":false},"excerpt":{"rendered":"<p>DISSERTA\u00c7\u00d5ES &amp; TESES EM ANDAMENTO Maria Clara da Silva Durigon Projeto de Doutorado: S\u00edntese e avalia\u00e7\u00e3o da atividade antimelanoma de compostos organocalcogenados &nbsp; DISSERTA\u00c7\u00d5ES &amp; TESES CONCLU\u00cdDAS 15. Bruna Brocardo Ferreira &#8211; Estudo da reatividade de compostos hipervalentes de Tel\u00fario contra diferentes nucle\u00f3filos\u00a0 (Disserta\u00e7\u00e3o &#8211; 2022) 14. Tay Zugman &#8211;\u00a0Dicalcogenetos diar\u00edlicos funcionalizados: Avalia\u00e7\u00e3o do potencial [&hellip;]<\/p>\n","protected":false},"author":7,"featured_media":0,"parent":0,"menu_order":0,"comment_status":"closed","ping_status":"closed","template":"","meta":{"footnotes":""},"class_list":["post-37","page","type-page","status-publish","hentry","post"],"_links":{"self":[{"href":"http:\/\/www.quimica.ufpr.br\/paginas\/leandro-piovan\/wp-json\/wp\/v2\/pages\/37","targetHints":{"allow":["GET"]}}],"collection":[{"href":"http:\/\/www.quimica.ufpr.br\/paginas\/leandro-piovan\/wp-json\/wp\/v2\/pages"}],"about":[{"href":"http:\/\/www.quimica.ufpr.br\/paginas\/leandro-piovan\/wp-json\/wp\/v2\/types\/page"}],"author":[{"embeddable":true,"href":"http:\/\/www.quimica.ufpr.br\/paginas\/leandro-piovan\/wp-json\/wp\/v2\/users\/7"}],"replies":[{"embeddable":true,"href":"http:\/\/www.quimica.ufpr.br\/paginas\/leandro-piovan\/wp-json\/wp\/v2\/comments?post=37"}],"version-history":[{"count":61,"href":"http:\/\/www.quimica.ufpr.br\/paginas\/leandro-piovan\/wp-json\/wp\/v2\/pages\/37\/revisions"}],"predecessor-version":[{"id":623,"href":"http:\/\/www.quimica.ufpr.br\/paginas\/leandro-piovan\/wp-json\/wp\/v2\/pages\/37\/revisions\/623"}],"wp:attachment":[{"href":"http:\/\/www.quimica.ufpr.br\/paginas\/leandro-piovan\/wp-json\/wp\/v2\/media?parent=37"}],"curies":[{"name":"wp","href":"https:\/\/api.w.org\/{rel}","templated":true}]}}