{"id":22,"date":"2016-06-28T14:13:16","date_gmt":"2016-06-28T14:13:16","guid":{"rendered":"http:\/\/www.quimica.ufpr.br\/paginas\/leandro-piovan\/?page_id=22"},"modified":"2022-10-31T20:03:12","modified_gmt":"2022-10-31T20:03:12","slug":"prof-leandro-piovan","status":"publish","type":"page","link":"http:\/\/www.quimica.ufpr.br\/paginas\/leandro-piovan\/","title":{"rendered":"Prof. Dr. Leandro Piovan"},"content":{"rendered":"<div id=\"pl-22\"  class=\"panel-layout\" ><div id=\"pg-22-0\"  class=\"panel-grid panel-no-style\" ><div id=\"pgc-22-0-0\"  class=\"panel-grid-cell\" ><div id=\"panel-22-0-0-0\" class=\"so-panel widget widget_sow-image panel-first-child panel-last-child\" data-index=\"0\" ><div\n\t\t\t\n\t\t\tclass=\"so-widget-sow-image so-widget-sow-image-default-334eeca80698-22\"\n\t\t\t\n\t\t>\n<div class=\"sow-image-container\">\n\t\t<img \n\tsrc=\"http:\/\/www.quimica.ufpr.br\/paginas\/leandro-piovan\/wp-content\/uploads\/sites\/4\/2022\/10\/20220814_175710-scaled.jpg\" width=\"900\" height=\"612\" srcset=\"https:\/\/www.quimica.ufpr.br\/paginas\/leandro-piovan\/wp-content\/uploads\/sites\/4\/2022\/10\/20220814_175710-scaled.jpg 2560w, https:\/\/www.quimica.ufpr.br\/paginas\/leandro-piovan\/wp-content\/uploads\/sites\/4\/2022\/10\/20220814_175710-300x225.jpg 300w, https:\/\/www.quimica.ufpr.br\/paginas\/leandro-piovan\/wp-content\/uploads\/sites\/4\/2022\/10\/20220814_175710-1024x768.jpg 1024w, https:\/\/www.quimica.ufpr.br\/paginas\/leandro-piovan\/wp-content\/uploads\/sites\/4\/2022\/10\/20220814_175710-768x576.jpg 768w, https:\/\/www.quimica.ufpr.br\/paginas\/leandro-piovan\/wp-content\/uploads\/sites\/4\/2022\/10\/20220814_175710-1536x1152.jpg 1536w, https:\/\/www.quimica.ufpr.br\/paginas\/leandro-piovan\/wp-content\/uploads\/sites\/4\/2022\/10\/20220814_175710-2048x1536.jpg 2048w\" sizes=\"(max-width: 816px) 100vw, 816px\" title=\"20220814_175710\" alt=\"\" \t\tclass=\"so-widget-image\"\/>\n\t<\/div>\n\n<\/div><\/div><\/div><div id=\"pgc-22-0-1\"  class=\"panel-grid-cell\" ><div id=\"panel-22-0-1-0\" class=\"so-panel widget widget_black-studio-tinymce widget_black_studio_tinymce panel-first-child panel-last-child\" data-index=\"1\" ><div class=\"panel-widget-style panel-widget-style-for-22-0-1-0\" ><div class=\"textwidget\"><p style=\"text-align: center\"><strong>Contatos<\/strong><\/p>\n<p style=\"text-align: center\">Universidade Federal do Paran\u00e1<\/p>\n<p style=\"text-align: center\">Centro Polit\u00e9cnico<\/p>\n<p style=\"text-align: center\">Departamento de Qu\u00edmica<\/p>\n<p style=\"text-align: center\">Curitiba - PR<\/p>\n<p style=\"text-align: center\">CEP: 81531-990<\/p>\n<p style=\"text-align: center\"><span style=\"color: #0000ff\">lpiovan@ufpr.br<\/span><\/p>\n<p style=\"text-align: center\">(41) 3361-3269<\/p>\n<\/div><\/div><\/div><\/div><div id=\"pgc-22-0-2\"  class=\"panel-grid-cell\" ><div id=\"panel-22-0-2-0\" class=\"so-panel widget widget_black-studio-tinymce widget_black_studio_tinymce panel-first-child panel-last-child\" data-index=\"2\" ><div class=\"panel-widget-style panel-widget-style-for-22-0-2-0\" ><div class=\"textwidget\"><p><strong>Forma\u00e7\u00e3o<\/strong><\/p>\n<p><strong>P\u00f3s-doutorado pela <em>University of Calgary<\/em> - Canad\u00e1 (2021-2022)<\/strong><\/p>\n<p>Supervisor: Prof. Dr. Thomas G. Back<\/p>\n<p style=\"text-align: justify\"><strong>Doutorado pela Universidade de S\u00e3o Paulo (2011)<\/strong><\/p>\n<p style=\"text-align: justify\">Tese: <em>S\u00edntese de Compostos de Sel\u00eanio (IV) e Tel\u00fario (IV) e sua Avalia\u00e7\u00e3o como Inibidores de Ciste\u00edno Proteases<\/em>. Orientador: Prof. Dr. Leandro Helgueira de Andrade<\/p>\n<p style=\"text-align: justify\"><strong>Mestrado pela Universidade de S\u00e3o Paulo (2007)<\/strong><\/p>\n<p style=\"text-align: justify\">Disserta\u00e7\u00e3o: <em>Biotransforma\u00e7\u00e3o de Compostos Funcionalizados por Fungos Basidiomicetos e Desmetila\u00e7\u00e3o\/Desalquila\u00e7\u00e3o de Aminas Terci\u00e1rias por Fungos <span style=\"text-decoration: underline\">Aspergillus terreus<\/span><\/em>.\u00a0Orientador: Prof. Dr. Andr\u00e9 Luiz Meleiro Porto<\/p>\n<p style=\"text-align: justify\"><strong>Gradua\u00e7\u00e3o em Qu\u00edmica pela Universidade Estadual de Maring\u00e1 (2005)<\/strong><\/p>\n<\/div><\/div><\/div><\/div><\/div><\/div>","protected":false},"excerpt":{"rendered":"<p>Contatos Universidade Federal do Paran\u00e1 Centro Polit\u00e9cnico Departamento de Qu\u00edmica Curitiba &#8211; PR CEP: 81531-990 lpiovan@ufpr.br (41) 3361-3269 Forma\u00e7\u00e3o P\u00f3s-doutorado pela University of Calgary &#8211; Canad\u00e1 (2021-2022) Supervisor: Prof. Dr. Thomas G. Back Doutorado pela Universidade de S\u00e3o Paulo (2011) Tese: S\u00edntese de Compostos de Sel\u00eanio (IV) e Tel\u00fario (IV) e sua Avalia\u00e7\u00e3o como Inibidores [&hellip;]<\/p>\n","protected":false},"author":7,"featured_media":0,"parent":0,"menu_order":0,"comment_status":"closed","ping_status":"closed","template":"","meta":{"footnotes":""},"class_list":["post-22","page","type-page","status-publish","hentry","post"],"_links":{"self":[{"href":"http:\/\/www.quimica.ufpr.br\/paginas\/leandro-piovan\/wp-json\/wp\/v2\/pages\/22","targetHints":{"allow":["GET"]}}],"collection":[{"href":"http:\/\/www.quimica.ufpr.br\/paginas\/leandro-piovan\/wp-json\/wp\/v2\/pages"}],"about":[{"href":"http:\/\/www.quimica.ufpr.br\/paginas\/leandro-piovan\/wp-json\/wp\/v2\/types\/page"}],"author":[{"embeddable":true,"href":"http:\/\/www.quimica.ufpr.br\/paginas\/leandro-piovan\/wp-json\/wp\/v2\/users\/7"}],"replies":[{"embeddable":true,"href":"http:\/\/www.quimica.ufpr.br\/paginas\/leandro-piovan\/wp-json\/wp\/v2\/comments?post=22"}],"version-history":[{"count":35,"href":"http:\/\/www.quimica.ufpr.br\/paginas\/leandro-piovan\/wp-json\/wp\/v2\/pages\/22\/revisions"}],"predecessor-version":[{"id":627,"href":"http:\/\/www.quimica.ufpr.br\/paginas\/leandro-piovan\/wp-json\/wp\/v2\/pages\/22\/revisions\/627"}],"wp:attachment":[{"href":"http:\/\/www.quimica.ufpr.br\/paginas\/leandro-piovan\/wp-json\/wp\/v2\/media?parent=22"}],"curies":[{"name":"wp","href":"https:\/\/api.w.org\/{rel}","templated":true}]}}