{"id":44,"date":"2016-07-09T08:09:36","date_gmt":"2016-07-09T11:09:36","guid":{"rendered":"http:\/\/www.quimica.ufpr.br\/paginas\/joaquim-motta\/?page_id=44"},"modified":"2016-07-23T17:51:29","modified_gmt":"2016-07-23T20:51:29","slug":"photodynamic-therapy-pdt","status":"publish","type":"page","link":"http:\/\/www.quimica.ufpr.br\/paginas\/joaquim-motta\/photodynamic-therapy-pdt\/","title":{"rendered":"Terapia Fotodin\u00e2mica (PDT)"},"content":{"rendered":"<p><strong>O problema: <a href=\"https:\/\/pt.wikipedia.org\/wiki\/C%C3%A2ncer\">c\u00e2ncer<\/a><\/strong><\/p>\n<p><a href=\"https:\/\/pt.wikipedia.org\/wiki\/C%C3%A2ncer\">C\u00e2ncer<\/a> ainda \u00e9 uma das doen\u00e7as associadas com mais altas taxas de mortalidade neste planeta. Existe uma grande variedade de tumores que atacam diferentes pontos do organismo. O tratamento geralmente envolve cirurgia (muito cara devido \u00e0 necessidade de hospitaliza\u00e7\u00e3o) ou quimioterapia (impondo severos danos ao paciente). Nos \u00faltimas d\u00e9cadas muita aten\u00e7\u00e3o tem sido \u00e0 terapia fotodin\u00e2mica (<a href=\"https:\/\/en.wikipedia.org\/wiki\/Photodynamic_therapy\">Photodynamical therapy, PDT<\/a>). Em particular, o governo brasileiro examina a possibilidade de montar equipes itinerantes de m\u00e9dicos e t\u00e9cnicos com kits de PDT. Uma aplica\u00e7\u00e3o geralmente leva de cinco a dez minutos, e o quadro geralmente evolui favoravelmente com rapidez. Em conseq\u00fc\u00eancia, tem havido confer\u00eancias inteiras dedicadas aos progressos em PDT. No estado de S\u00e3o Paulo j\u00e1 existem diversas companhias especializadas em equipamento de PDT.<\/p>\n<p>Em vista do quadro acima descrito, tem havido intensa pesquisa na procura de novos e mais seguros compostos que possam ser usados em PDT. Os principais requisitos para um fotosensitizador eficiente s\u00e3o (1) homogeneidade qu\u00edmica; (2) intensa absor\u00e7\u00e3o na regi\u00e3o do vermelho; (3) alto rendimento qu\u00e2ntico; (4) solubilidade em \u00e1gua.<\/p>\n<p>A descri\u00e7\u00e3o de novos fotossensitizadores tem sido o objeto de v\u00e1rios trabalhos acad\u00eamicos recentes no pa\u00eds. Uma amostra pode ser vista em duas disserta\u00e7\u00f5es de mestrado a seguir:<\/p>\n<p><a href=\"http:\/\/acervodigital.ufpr.br\/bitstream\/handle\/1884\/11293\/disserta%E7%E3o_vers%E3o_final.pdf?sequence=1\">Cristina Aparecida Set\u00fabal (UFPR, 2007)<\/a> e <a href=\"http:\/\/bicen-tede.uepg.br\/tde_busca\/arquivo.php?codArquivo=485\">Jeanine Domareski da Silva (UEPG, 2009)<\/a><\/p>\n<p><strong>Nossa contribui\u00e7\u00e3o<\/strong><\/p>\n<p>Numa fase inicial deste projeto, tentamos aplicar um procedimento muito simples: otimizar geometrias com m\u00e9todos semi-emp\u00edricos (ex. AM1, PM3 etc.) e usar estas geometrias num c\u00e1lculo INDO\/S para obter o espectro de UV-vis\u00edvel. Com o progresso do trabalho, escolhemos obter as geometrias com um c\u00e1lculo DFT usando o funcional B3LYP. As geometrias obtidas adequaram-se bem ao procedimento, sugerindo um potencial uso.<\/p>\n<p><strong>No momento<\/strong><\/p>\n<p>Um dos compostos mais intrigantes neste contexto \u00e9 a <a href=\"https:\/\/en.wikipedia.org\/wiki\/Hypericin\">hipericina<\/a>, um corante amarelo extra\u00eddo da erva-de-s\u00e3o-jo\u00e3o. Nosso grupo agora o est\u00e1 examinando com c\u00e1lculos de UV-vis\u00edvel (usando a t\u00e9cnica INDO\/S) e simula\u00e7\u00f5es de din\u00e2mica molecular (usando o c\u00f3digo gromacs e outros em colabora\u00e7\u00e3o com a UTFPR).<\/p>\n<p><strong>Perspectivas futuras<\/strong><\/p>\n<p>Diversos compostos t\u00eam sido examinados recentemente como poss\u00edveis fotossensitizadores. Dentre eles, destaca-se a texafirina de lut\u00e9cio(III). Um dos problemas que este composto apresenta \u00e9 a falta de par\u00e2metros semi-emp\u00edricos para lut\u00e9cio. At\u00e9 onde sabemos, apenas o grupo de Recife tem dispon\u00edvel um conjunto consistente.<\/p>\n","protected":false},"excerpt":{"rendered":"<p>O problema: c\u00e2ncer C\u00e2ncer ainda \u00e9 uma das doen\u00e7as associadas com mais altas taxas de mortalidade neste planeta. Existe uma grande variedade de tumores que atacam diferentes pontos do organismo. O tratamento geralmente envolve cirurgia (muito cara devido \u00e0 necessidade de hospitaliza\u00e7\u00e3o) ou quimioterapia (impondo severos danos ao paciente). Nos \u00faltimas d\u00e9cadas muita aten\u00e7\u00e3o tem [&hellip;]<\/p>\n","protected":false},"author":19,"featured_media":0,"parent":0,"menu_order":0,"comment_status":"closed","ping_status":"closed","template":"","meta":{"footnotes":""},"class_list":["post-44","page","type-page","status-publish","hentry","post"],"_links":{"self":[{"href":"http:\/\/www.quimica.ufpr.br\/paginas\/joaquim-motta\/wp-json\/wp\/v2\/pages\/44","targetHints":{"allow":["GET"]}}],"collection":[{"href":"http:\/\/www.quimica.ufpr.br\/paginas\/joaquim-motta\/wp-json\/wp\/v2\/pages"}],"about":[{"href":"http:\/\/www.quimica.ufpr.br\/paginas\/joaquim-motta\/wp-json\/wp\/v2\/types\/page"}],"author":[{"embeddable":true,"href":"http:\/\/www.quimica.ufpr.br\/paginas\/joaquim-motta\/wp-json\/wp\/v2\/users\/19"}],"replies":[{"embeddable":true,"href":"http:\/\/www.quimica.ufpr.br\/paginas\/joaquim-motta\/wp-json\/wp\/v2\/comments?post=44"}],"version-history":[{"count":4,"href":"http:\/\/www.quimica.ufpr.br\/paginas\/joaquim-motta\/wp-json\/wp\/v2\/pages\/44\/revisions"}],"predecessor-version":[{"id":93,"href":"http:\/\/www.quimica.ufpr.br\/paginas\/joaquim-motta\/wp-json\/wp\/v2\/pages\/44\/revisions\/93"}],"wp:attachment":[{"href":"http:\/\/www.quimica.ufpr.br\/paginas\/joaquim-motta\/wp-json\/wp\/v2\/media?parent=44"}],"curies":[{"name":"wp","href":"https:\/\/api.w.org\/{rel}","templated":true}]}}