{"id":288,"date":"2016-08-01T09:04:55","date_gmt":"2016-08-01T12:04:55","guid":{"rendered":"http:\/\/www.quimica.ufpr.br\/paginas\/joaquim-motta\/?page_id=288"},"modified":"2017-10-13T08:01:21","modified_gmt":"2017-10-13T11:01:21","slug":"cv","status":"publish","type":"page","link":"http:\/\/www.quimica.ufpr.br\/paginas\/joaquim-motta\/cv\/","title":{"rendered":"Short CV"},"content":{"rendered":"<div id=\"pl-288\"  class=\"panel-layout\" ><div id=\"pg-288-0\"  class=\"panel-grid panel-no-style\" ><div id=\"pgc-288-0-0\"  class=\"panel-grid-cell\" ><div id=\"panel-288-0-0-0\" class=\"so-panel widget widget_sow-editor panel-first-child panel-last-child\" data-index=\"0\" ><div\n\t\t\t\n\t\t\tclass=\"so-widget-sow-editor so-widget-sow-editor-base\"\n\t\t\t\n\t\t><h3 class=\"widget-title\">Publications list<\/h3>\n<div class=\"siteorigin-widget-tinymce textwidget\">\n\t<p>This list includes work by our group as well as collaborations with other groups within the UFPR.<br \/>1. PONTES M.A.P., DE OLIVEIRA, M.H., FERR\u00c3O L.F.A., ROBERTO NETO O., DA MOTTA NETO, J.D., MACHADO F.B.C. AsCl Radical: the Low Lying Electronic States and the <sup>3<\/sup>\u03a0-<sup>3<\/sup>\u03a3<sup>-<\/sup> Electronic Transition. Chem. Phys. Lett. 634, 60-64 (2015). First published online June 9th, 2015. DOI 10.1016\/j.cplett.2015.05.063.<br \/>2. DE OLIVEIRA, M.H., PONTES M.A.P., DA MOTTA NETO, J.D., FERR\u00c3O L.F.A., ROBERTO NETO O., MACHADO F.B.C. MRCI Characterization of the Low Lying States of the GeB Molecule. Chem. Phys. Lett. 601, 26-32 (2014). First published online April 3rd, 2014. DOI 10.1016\/jcplett.2014.03.078.<br \/>3. DE OLIVEIRA, M.H., MARTINS FILHO, H.P. and DA MOTTA NETO, J.D. Ab Initio MR-SDCI Study of the Low Lying States of Iron Mononitride. Int. J. Quantum Chem. 111(7-8), 1453-1457 (2010). First published online June 28th, 2010. DOI 100.1002\/qua22685.<br \/>4. MACHADO, A.M., DA MOTTA NETO, J.D., ATVARS, T.D.Z. and AKCELRUD, L. Synthesis and Photophysical Study of a Conjugated-Non-Conjugated Oligoazomethine. J. Luminesc. 129, 720-728 (2009).<br \/>5. MACHADO, A.M., DA MOTTA NETO, J.D., COSSIELLO, R.F., ATVARS, T.D.Z., DING, L., KARASZ, F.E. and AKCELRUD, L., Photophysical Study of a Conjugated-Non-Conjugated PPV-Type Electroluminescent Copolymer. Polymer 46, 2452-2460 (2005).<br \/>6. NIEDWIESKI, A. C.; DA MOTTA NETO, J. D.; WYPYCH, F.; LEIGH, G. J.; NUNES, F. S. Vanadium(II)-diamine Complexes: Synthesis, UV-Visible, Infrared, Thermogravimetry and INDO\/S Characterisation. J. Braz. Chem. Soc. 14(5), 750-758 (2003).<\/p>\n<p>\u0394\u03b9\u03ac \u03ba\u03b1\u03c1\u03c4\u03b5\u03c1\u03af\u03b1\u03c2 \u03ba\u03b1\u03af \u03c6\u03b9\u03bb\u03bf\u03c0\u03bf\u03bd\u03af\u03b1\u03c2 \u03c0\u03b1\u03c1\u03b1\u03c3\u03ba\u03b5\u03c5\u03b1\u03b6\u03b5\u03c4\u03b1\u03b9 \u03b8\u03b5 \u03b4\u03cc\u03be\u03b1.<\/p>\n<hr \/>\n<h3>Previous advisory work at the Chemistry Department of UFPR:<\/h3>\n<\/div>\n<\/div><\/div><\/div><\/div><div id=\"pg-288-1\"  class=\"panel-grid panel-no-style\" ><div id=\"pgc-288-1-0\"  class=\"panel-grid-cell\" ><div id=\"panel-288-1-0-0\" class=\"so-panel widget widget_sow-image panel-first-child panel-last-child\" data-index=\"1\" ><div\n\t\t\t\n\t\t\tclass=\"so-widget-sow-image so-widget-sow-image-default-8b5b6f678277-288\"\n\t\t\t\n\t\t>\n<div class=\"sow-image-container\">\n\t\t<img \n\tsrc=\"http:\/\/www.quimica.ufpr.br\/paginas\/joaquim-motta\/wp-content\/uploads\/sites\/17\/2016\/08\/530863_103941453105625_1714745853_n.jpg\" width=\"560\" height=\"400\" srcset=\"https:\/\/www.quimica.ufpr.br\/paginas\/joaquim-motta\/wp-content\/uploads\/sites\/17\/2016\/08\/530863_103941453105625_1714745853_n.jpg 560w, https:\/\/www.quimica.ufpr.br\/paginas\/joaquim-motta\/wp-content\/uploads\/sites\/17\/2016\/08\/530863_103941453105625_1714745853_n-300x214.jpg 300w\" sizes=\"(max-width: 560px) 100vw, 560px\" title=\"Armando de Lima Filho\" alt=\"\" \t\tclass=\"so-widget-image\"\/>\n\t<\/div>\n\n<\/div><\/div><\/div><div id=\"pgc-288-1-1\"  class=\"panel-grid-cell\" ><div id=\"panel-288-1-1-0\" class=\"so-panel widget widget_sow-image panel-first-child panel-last-child\" data-index=\"2\" ><div\n\t\t\t\n\t\t\tclass=\"so-widget-sow-image so-widget-sow-image-default-8b5b6f678277-288\"\n\t\t\t\n\t\t>\n<div class=\"sow-image-container\">\n\t\t<img \n\tsrc=\"http:\/\/www.quimica.ufpr.br\/paginas\/joaquim-motta\/wp-content\/uploads\/sites\/17\/2016\/07\/Marcos.jpg\" width=\"337\" height=\"416\" srcset=\"https:\/\/www.quimica.ufpr.br\/paginas\/joaquim-motta\/wp-content\/uploads\/sites\/17\/2016\/07\/Marcos.jpg 337w, https:\/\/www.quimica.ufpr.br\/paginas\/joaquim-motta\/wp-content\/uploads\/sites\/17\/2016\/07\/Marcos-243x300.jpg 243w\" sizes=\"(max-width: 337px) 100vw, 337px\" title=\"Marcos H. de Oliveira\" alt=\"\" \t\tclass=\"so-widget-image\"\/>\n\t<\/div>\n\n<\/div><\/div><\/div><div id=\"pgc-288-1-2\"  class=\"panel-grid-cell\" ><div id=\"panel-288-1-2-0\" class=\"so-panel widget widget_sow-image panel-first-child panel-last-child\" data-index=\"3\" ><div\n\t\t\t\n\t\t\tclass=\"so-widget-sow-image so-widget-sow-image-default-8b5b6f678277-288\"\n\t\t\t\n\t\t>\n<div class=\"sow-image-container\">\n\t\t<img \n\tsrc=\"http:\/\/www.quimica.ufpr.br\/paginas\/joaquim-motta\/wp-content\/uploads\/sites\/17\/2016\/08\/DSCN0186.jpg\" width=\"2048\" height=\"1536\" srcset=\"https:\/\/www.quimica.ufpr.br\/paginas\/joaquim-motta\/wp-content\/uploads\/sites\/17\/2016\/08\/DSCN0186.jpg 2048w, https:\/\/www.quimica.ufpr.br\/paginas\/joaquim-motta\/wp-content\/uploads\/sites\/17\/2016\/08\/DSCN0186-300x225.jpg 300w, https:\/\/www.quimica.ufpr.br\/paginas\/joaquim-motta\/wp-content\/uploads\/sites\/17\/2016\/08\/DSCN0186-768x576.jpg 768w, https:\/\/www.quimica.ufpr.br\/paginas\/joaquim-motta\/wp-content\/uploads\/sites\/17\/2016\/08\/DSCN0186-1024x768.jpg 1024w\" sizes=\"(max-width: 2048px) 100vw, 2048px\" title=\"Cristina Setubal\" alt=\"\" \t\tclass=\"so-widget-image\"\/>\n\t<\/div>\n\n<\/div><\/div><\/div><div id=\"pgc-288-1-3\"  class=\"panel-grid-cell\" ><div id=\"panel-288-1-3-0\" class=\"so-panel widget widget_sow-image panel-first-child panel-last-child\" data-index=\"4\" ><div\n\t\t\t\n\t\t\tclass=\"so-widget-sow-image so-widget-sow-image-default-8b5b6f678277-288\"\n\t\t\t\n\t\t>\n<div class=\"sow-image-container\">\n\t\t<img \n\tsrc=\"http:\/\/www.quimica.ufpr.br\/paginas\/joaquim-motta\/wp-content\/uploads\/sites\/17\/2016\/08\/20161008_1342122305843009213694279.jpg\" width=\"949\" height=\"1239\" srcset=\"https:\/\/www.quimica.ufpr.br\/paginas\/joaquim-motta\/wp-content\/uploads\/sites\/17\/2016\/08\/20161008_1342122305843009213694279.jpg 949w, https:\/\/www.quimica.ufpr.br\/paginas\/joaquim-motta\/wp-content\/uploads\/sites\/17\/2016\/08\/20161008_1342122305843009213694279-230x300.jpg 230w, https:\/\/www.quimica.ufpr.br\/paginas\/joaquim-motta\/wp-content\/uploads\/sites\/17\/2016\/08\/20161008_1342122305843009213694279-768x1003.jpg 768w, https:\/\/www.quimica.ufpr.br\/paginas\/joaquim-motta\/wp-content\/uploads\/sites\/17\/2016\/08\/20161008_1342122305843009213694279-784x1024.jpg 784w\" sizes=\"(max-width: 949px) 100vw, 949px\" title=\"Marcelo dos Santos Azevedo\" alt=\"\" \t\tclass=\"so-widget-image\"\/>\n\t<\/div>\n\n<\/div><\/div><\/div><\/div><div id=\"pg-288-2\"  class=\"panel-grid panel-no-style\" ><div id=\"pgc-288-2-0\"  class=\"panel-grid-cell\" ><div id=\"panel-288-2-0-0\" class=\"so-panel widget widget_sow-editor panel-first-child panel-last-child\" data-index=\"5\" ><div\n\t\t\t\n\t\t\tclass=\"so-widget-sow-editor so-widget-sow-editor-base\"\n\t\t\t\n\t\t>\n<div class=\"siteorigin-widget-tinymce textwidget\">\n\t<p><strong>Armando Lima Filho<\/strong> (2000) - atualmente \u00e9 professor da rede estadual do Paran\u00e1.<\/p>\n<\/div>\n<\/div><\/div><\/div><div id=\"pgc-288-2-1\"  class=\"panel-grid-cell\" ><div id=\"panel-288-2-1-0\" class=\"so-panel widget widget_sow-editor panel-first-child panel-last-child\" data-index=\"6\" ><div\n\t\t\t\n\t\t\tclass=\"so-widget-sow-editor so-widget-sow-editor-base\"\n\t\t\t\n\t\t>\n<div class=\"siteorigin-widget-tinymce textwidget\">\n\t<p><strong>Marcos Herrerias de Oliveira<\/strong> (2005) - atualmente \u00e9 professor do Instituto Federal do Paran\u00e1 (IFPR). Est\u00e1 concluindo o doutorado no grupo ETER do CTA-ITA em S\u00e3o Jos\u00e9 dos Campos, SP<\/p>\n<\/div>\n<\/div><\/div><\/div><div id=\"pgc-288-2-2\"  class=\"panel-grid-cell\" ><div id=\"panel-288-2-2-0\" class=\"so-panel widget widget_sow-editor panel-first-child panel-last-child\" data-index=\"7\" ><div\n\t\t\t\n\t\t\tclass=\"so-widget-sow-editor so-widget-sow-editor-base\"\n\t\t\t\n\t\t>\n<div class=\"siteorigin-widget-tinymce textwidget\">\n\t<p><strong>Cristina Aparecida Set\u00fabal<\/strong> (2007) - passou alguns anos como aluna de doutorado na Universidad Andres Bello, em Santiago do Chile. Ap\u00f3s alguns anos trabalhando como post-doc na UNICAMP, agora \u00e9 professora assistente na Polska Akademia Nauk em Vars\u00f3via.<\/p>\n<\/div>\n<\/div><\/div><\/div><div id=\"pgc-288-2-3\"  class=\"panel-grid-cell\" ><div id=\"panel-288-2-3-0\" class=\"so-panel widget widget_sow-editor panel-first-child panel-last-child\" data-index=\"8\" ><div\n\t\t\t\n\t\t\tclass=\"so-widget-sow-editor so-widget-sow-editor-base\"\n\t\t\t\n\t\t>\n<div class=\"siteorigin-widget-tinymce textwidget\">\n\t<p><strong>Marcelo dos Santos Azevedo<\/strong> (2007) - atualmente aluno de doutorado em Educa\u00e7\u00e3o na Universidade de Bras\u00edlia (UnB).<\/p>\n<\/div>\n<\/div><\/div><\/div><\/div><\/div>","protected":false},"excerpt":{"rendered":"<p>This list includes work by our group as well as collaborations with other groups within the UFPR.1. PONTES M.A.P., DE OLIVEIRA, M.H., FERR\u00c3O L.F.A., ROBERTO NETO O., DA MOTTA NETO, J.D., MACHADO F.B.C. AsCl Radical: the Low Lying Electronic States and the 3\u03a0-3\u03a3- Electronic Transition. Chem. Phys. Lett. 634, 60-64 (2015). First published online June [&hellip;]<\/p>\n","protected":false},"author":19,"featured_media":0,"parent":0,"menu_order":0,"comment_status":"closed","ping_status":"closed","template":"","meta":{"footnotes":""},"class_list":["post-288","page","type-page","status-publish","hentry","post"],"_links":{"self":[{"href":"http:\/\/www.quimica.ufpr.br\/paginas\/joaquim-motta\/wp-json\/wp\/v2\/pages\/288","targetHints":{"allow":["GET"]}}],"collection":[{"href":"http:\/\/www.quimica.ufpr.br\/paginas\/joaquim-motta\/wp-json\/wp\/v2\/pages"}],"about":[{"href":"http:\/\/www.quimica.ufpr.br\/paginas\/joaquim-motta\/wp-json\/wp\/v2\/types\/page"}],"author":[{"embeddable":true,"href":"http:\/\/www.quimica.ufpr.br\/paginas\/joaquim-motta\/wp-json\/wp\/v2\/users\/19"}],"replies":[{"embeddable":true,"href":"http:\/\/www.quimica.ufpr.br\/paginas\/joaquim-motta\/wp-json\/wp\/v2\/comments?post=288"}],"version-history":[{"count":15,"href":"http:\/\/www.quimica.ufpr.br\/paginas\/joaquim-motta\/wp-json\/wp\/v2\/pages\/288\/revisions"}],"predecessor-version":[{"id":790,"href":"http:\/\/www.quimica.ufpr.br\/paginas\/joaquim-motta\/wp-json\/wp\/v2\/pages\/288\/revisions\/790"}],"wp:attachment":[{"href":"http:\/\/www.quimica.ufpr.br\/paginas\/joaquim-motta\/wp-json\/wp\/v2\/media?parent=288"}],"curies":[{"name":"wp","href":"https:\/\/api.w.org\/{rel}","templated":true}]}}