{"id":104,"date":"2016-07-25T13:04:20","date_gmt":"2016-07-25T16:04:20","guid":{"rendered":"http:\/\/www.quimica.ufpr.br\/paginas\/joaquim-motta\/?page_id=104"},"modified":"2018-02-26T16:04:01","modified_gmt":"2018-02-26T19:04:01","slug":"upcoming-meetings","status":"publish","type":"page","link":"http:\/\/www.quimica.ufpr.br\/paginas\/joaquim-motta\/upcoming-meetings\/","title":{"rendered":"Upcoming meetings"},"content":{"rendered":"<div id=\"pl-104\"  class=\"panel-layout\" ><div id=\"pg-104-0\"  class=\"panel-grid panel-no-style\" ><div id=\"pgc-104-0-0\"  class=\"panel-grid-cell\" ><div id=\"panel-104-0-0-0\" class=\"so-panel widget widget_sow-image panel-first-child panel-last-child\" data-index=\"0\" ><div\n\t\t\t\n\t\t\tclass=\"so-widget-sow-image so-widget-sow-image-default-8b5b6f678277-104\"\n\t\t\t\n\t\t>\n<div class=\"sow-image-container\">\n\t\t<img \n\tsrc=\"http:\/\/www.quimica.ufpr.br\/paginas\/joaquim-motta\/wp-content\/uploads\/sites\/17\/2018\/02\/logo-e1519666923274.png\" width=\"250\" height=\"148\" sizes=\"(max-width: 250px) 100vw, 250px\" title=\"logo\" alt=\"\" \t\tclass=\"so-widget-image\"\/>\n\t<\/div>\n\n<\/div><\/div><\/div><div id=\"pgc-104-0-1\"  class=\"panel-grid-cell\" ><div id=\"panel-104-0-1-0\" class=\"so-panel widget widget_sow-editor panel-first-child panel-last-child\" data-index=\"1\" ><div\n\t\t\t\n\t\t\tclass=\"so-widget-sow-editor so-widget-sow-editor-base\"\n\t\t\t\n\t\t>\n<div class=\"siteorigin-widget-tinymce textwidget\">\n\t<p><strong>Datas: 10 a 14 de junho de 2018<\/strong><\/p>\n<p>Venue: Guaruj\u00e1, SP<\/p>\n<p>Limite para abstracts: 31 de mar\u00e7o de 2018<\/p>\n<p>Limite para inscri\u00e7\u00e3o: 31 de mar\u00e7o de 2018<\/p>\n<p>Valor da inscri\u00e7\u00e3o: US$ 700 (at\u00e9 31 de mar\u00e7o)<\/p>\n<p>site:<a href=\"http:\/\/3qc.iqm.unicamp.br\/LACCB\/\"> http:\/\/3qc.iqm.unicamp.br\/LACCB\/<\/a><\/p>\n<\/div>\n<\/div><\/div><\/div><\/div><div id=\"pg-104-1\"  class=\"panel-grid panel-no-style\" ><div id=\"pgc-104-1-0\"  class=\"panel-grid-cell\" ><div id=\"panel-104-1-0-0\" class=\"so-panel widget widget_sow-image panel-first-child panel-last-child\" data-index=\"2\" ><div\n\t\t\t\n\t\t\tclass=\"so-widget-sow-image so-widget-sow-image-default-8b5b6f678277-104\"\n\t\t\t\n\t\t>\n<div class=\"sow-image-container\">\n\t\t<img \n\tsrc=\"http:\/\/www.quimica.ufpr.br\/paginas\/joaquim-motta\/wp-content\/uploads\/sites\/17\/2018\/02\/16_icqc_banner_small_1.png\" width=\"752\" height=\"150\" srcset=\"https:\/\/www.quimica.ufpr.br\/paginas\/joaquim-motta\/wp-content\/uploads\/sites\/17\/2018\/02\/16_icqc_banner_small_1.png 752w, https:\/\/www.quimica.ufpr.br\/paginas\/joaquim-motta\/wp-content\/uploads\/sites\/17\/2018\/02\/16_icqc_banner_small_1-300x60.png 300w\" sizes=\"(max-width: 752px) 100vw, 752px\" alt=\"\" \t\tclass=\"so-widget-image\"\/>\n\t<\/div>\n\n<\/div><\/div><\/div><div id=\"pgc-104-1-1\"  class=\"panel-grid-cell\" ><div id=\"panel-104-1-1-0\" class=\"so-panel widget widget_sow-editor panel-first-child panel-last-child\" data-index=\"3\" ><div\n\t\t\t\n\t\t\tclass=\"so-widget-sow-editor so-widget-sow-editor-base\"\n\t\t\t\n\t\t>\n<div class=\"siteorigin-widget-tinymce textwidget\">\n\t<p><strong>Datas: 18 a 23 de junho de 2018<\/strong><\/p>\n<p>Venue: Menton, FR<\/p>\n<p>Limite para abstracts: 15 de mar\u00e7o de 2017<\/p>\n<p>Limite para inscri\u00e7\u00e3o: 30 de abril de 2018<\/p>\n<p>Valor da inscri\u00e7\u00e3o: \u20ac$ 580 (delegado)<\/p>\n<p>site: <a href=\"http:\/\/www.icavs.org\/icavs-9\/\">http:\/\/www.icavs.org\/icavs-9\/<\/a><\/p>\n<\/div>\n<\/div><\/div><\/div><\/div><div id=\"pg-104-2\"  class=\"panel-grid panel-no-style\" ><div id=\"pgc-104-2-0\"  class=\"panel-grid-cell\" ><div id=\"panel-104-2-0-0\" class=\"so-panel widget widget_sow-image panel-first-child panel-last-child\" data-index=\"4\" ><div\n\t\t\t\n\t\t\tclass=\"so-widget-sow-image so-widget-sow-image-default-8b5b6f678277-104\"\n\t\t\t\n\t\t>\n<div class=\"sow-image-container\">\n\t\t<img \n\tsrc=\"http:\/\/www.quimica.ufpr.br\/paginas\/joaquim-motta\/wp-content\/uploads\/sites\/17\/2018\/02\/Banner-1120x400.jpg\" width=\"1200\" height=\"400\" srcset=\"https:\/\/www.quimica.ufpr.br\/paginas\/joaquim-motta\/wp-content\/uploads\/sites\/17\/2018\/02\/Banner-1120x400.jpg 1200w, https:\/\/www.quimica.ufpr.br\/paginas\/joaquim-motta\/wp-content\/uploads\/sites\/17\/2018\/02\/Banner-1120x400-300x100.jpg 300w, https:\/\/www.quimica.ufpr.br\/paginas\/joaquim-motta\/wp-content\/uploads\/sites\/17\/2018\/02\/Banner-1120x400-768x256.jpg 768w, https:\/\/www.quimica.ufpr.br\/paginas\/joaquim-motta\/wp-content\/uploads\/sites\/17\/2018\/02\/Banner-1120x400-1024x341.jpg 1024w\" sizes=\"(max-width: 1200px) 100vw, 1200px\" title=\"Banner-1120&#215;400\" alt=\"\" \t\tclass=\"so-widget-image\"\/>\n\t<\/div>\n\n<\/div><\/div><\/div><div id=\"pgc-104-2-1\"  class=\"panel-grid-cell\" ><div id=\"panel-104-2-1-0\" class=\"so-panel widget widget_sow-editor panel-first-child panel-last-child\" data-index=\"5\" ><div\n\t\t\t\n\t\t\tclass=\"so-widget-sow-editor so-widget-sow-editor-base\"\n\t\t\t\n\t\t>\n<div class=\"siteorigin-widget-tinymce textwidget\">\n\t<p><strong>Datas: 17 a 19 de julho de 2018<\/strong><\/p>\n<p>Venue: Toledo<\/p>\n<p>Limite para abstracts: 15 de abril de 2018<\/p>\n<p>Limite para inscri\u00e7\u00e3o: 12 de abril de 2018<\/p>\n<p>Valor da inscri\u00e7\u00e3o: \u20ac$ 200 (estudante), \u20ac$ 400 (congressista)<\/p>\n<p>site<\/p>\n<\/div>\n<\/div><\/div><\/div><\/div><div id=\"pg-104-3\"  class=\"panel-grid panel-no-style\" ><div id=\"pgc-104-3-0\"  class=\"panel-grid-cell\" ><div id=\"panel-104-3-0-0\" class=\"so-panel widget widget_sow-image panel-first-child panel-last-child\" data-index=\"6\" ><div\n\t\t\t\n\t\t\tclass=\"so-widget-sow-image so-widget-sow-image-default-8b5b6f678277-104\"\n\t\t\t\n\t\t>\n<div class=\"sow-image-container\">\n\t\t<img \n\tsrc=\"http:\/\/www.quimica.ufpr.br\/paginas\/joaquim-motta\/wp-content\/uploads\/sites\/17\/2018\/02\/mesm_bandeau.gif\" width=\"980\" height=\"196\" sizes=\"(max-width: 980px) 100vw, 980px\" alt=\"\" \t\tclass=\"so-widget-image\"\/>\n\t<\/div>\n\n<\/div><\/div><\/div><div id=\"pgc-104-3-1\"  class=\"panel-grid-cell\" ><div id=\"panel-104-3-1-0\" class=\"so-panel widget widget_sow-editor panel-first-child panel-last-child\" data-index=\"7\" ><div\n\t\t\t\n\t\t\tclass=\"so-widget-sow-editor so-widget-sow-editor-base\"\n\t\t\t\n\t\t>\n<div class=\"siteorigin-widget-tinymce textwidget\">\n\t<p><strong>Datas: 28 a 31 de agosto de 2018<\/strong><\/p>\n<p>Venue: Metz<\/p>\n<p>Limite para abstracts: 15 de junho<\/p>\n<p>Limite para inscri\u00e7\u00e3o: 15 de junho<\/p>\n<p>Valor da inscri\u00e7\u00e3o: \u20ac$ ???\u00a0<\/p>\n<p>site:<\/p>\n<\/div>\n<\/div><\/div><\/div><\/div><div id=\"pg-104-4\"  class=\"panel-grid panel-no-style\" ><div id=\"pgc-104-4-0\"  class=\"panel-grid-cell\" ><div id=\"panel-104-4-0-0\" class=\"so-panel widget widget_sow-image panel-first-child panel-last-child\" data-index=\"8\" ><div\n\t\t\t\n\t\t\tclass=\"so-widget-sow-image so-widget-sow-image-default-8b5b6f678277-104\"\n\t\t\t\n\t\t>\n<div class=\"sow-image-container\">\n\t\t<img \n\tsrc=\"http:\/\/www.quimica.ufpr.br\/paginas\/joaquim-motta\/wp-content\/uploads\/sites\/17\/2018\/02\/ESCB2.jpg\" width=\"1113\" height=\"241\" srcset=\"https:\/\/www.quimica.ufpr.br\/paginas\/joaquim-motta\/wp-content\/uploads\/sites\/17\/2018\/02\/ESCB2.jpg 1113w, https:\/\/www.quimica.ufpr.br\/paginas\/joaquim-motta\/wp-content\/uploads\/sites\/17\/2018\/02\/ESCB2-300x65.jpg 300w, https:\/\/www.quimica.ufpr.br\/paginas\/joaquim-motta\/wp-content\/uploads\/sites\/17\/2018\/02\/ESCB2-768x166.jpg 768w, https:\/\/www.quimica.ufpr.br\/paginas\/joaquim-motta\/wp-content\/uploads\/sites\/17\/2018\/02\/ESCB2-1024x222.jpg 1024w\" sizes=\"(max-width: 1113px) 100vw, 1113px\" alt=\"\" \t\tclass=\"so-widget-image\"\/>\n\t<\/div>\n\n<\/div><\/div><\/div><div id=\"pgc-104-4-1\"  class=\"panel-grid-cell\" ><div id=\"panel-104-4-1-0\" class=\"so-panel widget widget_sow-editor panel-first-child panel-last-child\" data-index=\"9\" ><div\n\t\t\t\n\t\t\tclass=\"so-widget-sow-editor so-widget-sow-editor-base\"\n\t\t\t\n\t\t>\n<div class=\"siteorigin-widget-tinymce textwidget\">\n\t<p><strong>Datas: 3 a 7 de setembro\u00a0 de 2017<\/strong><\/p>\n<p>Venue: Oviedo<\/p>\n<p>Limite para abstracts: ?<\/p>\n<p>Limite para inscri\u00e7\u00e3o: ?<\/p>\n<p>Valor da inscri\u00e7\u00e3o: ?<\/p>\n<p>site: <a href=\"http:\/\/www.escb2oviedo.com\/en\">http:\/\/www.escb2oviedo.com\/en<\/a><\/p>\n<\/div>\n<\/div><\/div><\/div><\/div><div id=\"pg-104-5\"  class=\"panel-grid panel-no-style\" ><div id=\"pgc-104-5-0\"  class=\"panel-grid-cell\" ><div id=\"panel-104-5-0-0\" class=\"so-panel widget widget_sow-image panel-first-child panel-last-child\" data-index=\"10\" ><div\n\t\t\t\n\t\t\tclass=\"so-widget-sow-image so-widget-sow-image-default-8b5b6f678277-104\"\n\t\t\t\n\t\t>\n<div class=\"sow-image-container\">\n\t\t<img \n\tsrc=\"http:\/\/www.quimica.ufpr.br\/paginas\/joaquim-motta\/wp-content\/uploads\/sites\/17\/2018\/02\/QUITEL_2018_Santiagosmall.jpg\" width=\"600\" height=\"802\" srcset=\"https:\/\/www.quimica.ufpr.br\/paginas\/joaquim-motta\/wp-content\/uploads\/sites\/17\/2018\/02\/QUITEL_2018_Santiagosmall.jpg 600w, https:\/\/www.quimica.ufpr.br\/paginas\/joaquim-motta\/wp-content\/uploads\/sites\/17\/2018\/02\/QUITEL_2018_Santiagosmall-224x300.jpg 224w\" sizes=\"(max-width: 600px) 100vw, 600px\" alt=\"\" \t\tclass=\"so-widget-image\"\/>\n\t<\/div>\n\n<\/div><\/div><\/div><div id=\"pgc-104-5-1\"  class=\"panel-grid-cell\" ><div id=\"panel-104-5-1-0\" class=\"so-panel widget widget_sow-editor panel-first-child panel-last-child\" data-index=\"11\" ><div\n\t\t\t\n\t\t\tclass=\"so-widget-sow-editor so-widget-sow-editor-base\"\n\t\t\t\n\t\t>\n<div class=\"siteorigin-widget-tinymce textwidget\">\n\t<p><strong>Datas: 8 a 12 de outubro de 2018<\/strong><\/p>\n<p>Venue: Santiago de Chile<\/p>\n<p>Limite para abstracts:<\/p>\n<p>Limite para inscri\u00e7\u00e3o:<\/p>\n<p>Valor da inscri\u00e7\u00e3o: ?<\/p>\n<p>site:<\/p>\n<\/div>\n<\/div><\/div><\/div><\/div><div id=\"pg-104-6\"  class=\"panel-grid panel-no-style\" ><div id=\"pgc-104-6-0\"  class=\"panel-grid-cell\" ><div id=\"panel-104-6-0-0\" class=\"so-panel widget widget_sow-image panel-first-child panel-last-child\" data-index=\"12\" ><div\n\t\t\t\n\t\t\tclass=\"so-widget-sow-image so-widget-sow-image-default-8b5b6f678277-104\"\n\t\t\t\n\t\t><\/div><\/div><\/div><div id=\"pgc-104-6-1\"  class=\"panel-grid-cell\" ><div id=\"panel-104-6-1-0\" class=\"so-panel widget widget_sow-editor panel-first-child panel-last-child\" data-index=\"13\" ><div\n\t\t\t\n\t\t\tclass=\"so-widget-sow-editor so-widget-sow-editor-base\"\n\t\t\t\n\t\t>\n<div class=\"siteorigin-widget-tinymce textwidget\">\n\t<p>Datas:<\/p>\n<p>Venue:<\/p>\n<p>Limite para abstracts:<\/p>\n<p>Limite para inscri\u00e7\u00e3o:<\/p>\n<p>Valor da inscri\u00e7\u00e3o: US$ xxx ()<\/p>\n<p>site:<\/p>\n<\/div>\n<\/div><\/div><\/div><\/div><\/div>","protected":false},"excerpt":{"rendered":"<p>Datas: 10 a 14 de junho de 2018 Venue: Guaruj\u00e1, SP Limite para abstracts: 31 de mar\u00e7o de 2018 Limite para inscri\u00e7\u00e3o: 31 de mar\u00e7o de 2018 Valor da inscri\u00e7\u00e3o: US$ 700 (at\u00e9 31 de mar\u00e7o) site: http:\/\/3qc.iqm.unicamp.br\/LACCB\/ Datas: 18 a 23 de junho de 2018 Venue: Menton, FR Limite para abstracts: 15 de mar\u00e7o [&hellip;]<\/p>\n","protected":false},"author":19,"featured_media":0,"parent":0,"menu_order":0,"comment_status":"closed","ping_status":"closed","template":"","meta":{"footnotes":""},"class_list":["post-104","page","type-page","status-publish","hentry","post"],"_links":{"self":[{"href":"http:\/\/www.quimica.ufpr.br\/paginas\/joaquim-motta\/wp-json\/wp\/v2\/pages\/104","targetHints":{"allow":["GET"]}}],"collection":[{"href":"http:\/\/www.quimica.ufpr.br\/paginas\/joaquim-motta\/wp-json\/wp\/v2\/pages"}],"about":[{"href":"http:\/\/www.quimica.ufpr.br\/paginas\/joaquim-motta\/wp-json\/wp\/v2\/types\/page"}],"author":[{"embeddable":true,"href":"http:\/\/www.quimica.ufpr.br\/paginas\/joaquim-motta\/wp-json\/wp\/v2\/users\/19"}],"replies":[{"embeddable":true,"href":"http:\/\/www.quimica.ufpr.br\/paginas\/joaquim-motta\/wp-json\/wp\/v2\/comments?post=104"}],"version-history":[{"count":22,"href":"http:\/\/www.quimica.ufpr.br\/paginas\/joaquim-motta\/wp-json\/wp\/v2\/pages\/104\/revisions"}],"predecessor-version":[{"id":1074,"href":"http:\/\/www.quimica.ufpr.br\/paginas\/joaquim-motta\/wp-json\/wp\/v2\/pages\/104\/revisions\/1074"}],"wp:attachment":[{"href":"http:\/\/www.quimica.ufpr.br\/paginas\/joaquim-motta\/wp-json\/wp\/v2\/media?parent=104"}],"curies":[{"name":"wp","href":"https:\/\/api.w.org\/{rel}","templated":true}]}}