{"id":347,"date":"2020-04-09T13:16:18","date_gmt":"2020-04-09T16:16:18","guid":{"rendered":"http:\/\/www.quimica.ufpr.br\/paginas\/isomeria\/?page_id=347"},"modified":"2021-02-05T18:19:11","modified_gmt":"2021-02-05T21:19:11","slug":"servicos","status":"publish","type":"page","link":"http:\/\/www.quimica.ufpr.br\/paginas\/isomeria\/servicos\/","title":{"rendered":"Servi\u00e7os"},"content":{"rendered":"<div id=\"pl-347\"  class=\"panel-layout\" ><div id=\"pg-347-0\"  class=\"panel-grid panel-no-style\" ><div id=\"pgc-347-0-0\"  class=\"panel-grid-cell\" ><div id=\"panel-347-0-0-0\" class=\"so-panel widget widget_sow-headline panel-first-child panel-last-child\" data-index=\"0\" ><div\n\t\t\t\n\t\t\tclass=\"so-widget-sow-headline so-widget-sow-headline-default-52227be2ea0b-347\"\n\t\t\t\n\t\t><div class=\"sow-headline-container \">\n\t\t\t\t\t\t\t<h1 class=\"sow-headline\">\n\t\t\t\t\t\tNossos Servi\u00e7os\t\t\t\t\t\t<\/h1>\n\t\t\t\t\t\t\t\t\t\t\t<div class=\"decoration\">\n\t\t\t\t\t\t<div class=\"decoration-inside\"><\/div>\n\t\t\t\t\t<\/div>\n\t\t\t\t\t<\/div>\n<\/div><\/div><\/div><\/div><div id=\"pg-347-1\"  class=\"panel-grid panel-no-style\" ><div id=\"pgc-347-1-0\"  class=\"panel-grid-cell\" ><div id=\"panel-347-1-0-0\" class=\"so-panel widget widget_sow-features panel-first-child panel-last-child\" data-index=\"1\" ><div\n\t\t\t\n\t\t\tclass=\"so-widget-sow-features so-widget-sow-features-default-d9f3efee5f9c-347\"\n\t\t\t\n\t\t><ul\n\tclass=\"sow-features-list\n\tsow-features-responsive\">\n\n\t\t\t<li\n\t\t\tclass=\"sow-features-feature sow-icon-container-position-top\"\n\t\t\tstyle=\"display: flex; flex-direction: column; width: calc(100% - 25px);\"\n\t\t>\n\t\t\t\n\t\t\t\t\t\t<div\t\t\t\tclass=\"sow-icon-container sow-container-round\"\n\t\t\t\tstyle=\"color: #2cb18c; \"\n\t\t\t\t\n\t\t\t\t\t\t\t>\n\t\t\t\t<span class=\"sow-icon-fontawesome sow-far\" data-sow-icon=\"&#xf2b5;\"\n\t\tstyle=\"font-size: 50px; color: #FFFFFF\" \n\t\taria-hidden=\"true\"><\/span>\t\t\t<\/div>\n\n\t\t\t<div class=\"textwidget\">\n\t\t\t\t\n\t\t\t\t\t\t\t\t\t<h5 class=\"sow-features-feature-title\">\n\t\t\t\t\t\tConsultoria em Qu\u00edmica\t\t\t\t\t<\/h5>\n\t\t\t\t\n\t\t\t\t\t\t\t<\/div>\n\t\t\t\t\t\t\t\t<\/li>\n\n\t<\/ul>\n<\/div><\/div><\/div><div id=\"pgc-347-1-1\"  class=\"panel-grid-cell\" ><div id=\"panel-347-1-1-0\" class=\"so-panel widget widget_sow-editor panel-first-child panel-last-child\" data-index=\"2\" ><div\n\t\t\t\n\t\t\tclass=\"so-widget-sow-editor so-widget-sow-editor-base\"\n\t\t\t\n\t\t>\n<div class=\"siteorigin-widget-tinymce textwidget\">\n\t<div style=\"text-align: justify\">A Consultoria consiste em uma assist\u00eancia especializada, com o intuito de auxiliar o cliente para encontrar solu\u00e7\u00f5es para os seus problemas ou melhorar processos no ramo da Qu\u00edmica. Atrav\u00e9s da consultoria, podemos otimizar seus processos, adequ\u00e1-los \u00e0 legisla\u00e7\u00e3o vigente, al\u00e9m de evitar preju\u00edzos por inadequa\u00e7\u00f5es, desperd\u00edcio de reagentes e de tempo.<\/div>\n<\/div>\n<\/div><\/div><\/div><\/div><div id=\"pg-347-2\"  class=\"panel-grid panel-no-style\" ><div id=\"pgc-347-2-0\"  class=\"panel-grid-cell\" ><div id=\"panel-347-2-0-0\" class=\"so-panel widget widget_sow-features panel-first-child panel-last-child\" data-index=\"3\" ><div\n\t\t\t\n\t\t\tclass=\"so-widget-sow-features so-widget-sow-features-default-d9f3efee5f9c-347\"\n\t\t\t\n\t\t><ul\n\tclass=\"sow-features-list\n\tsow-features-responsive\">\n\n\t\t\t<li\n\t\t\tclass=\"sow-features-feature sow-icon-container-position-top\"\n\t\t\tstyle=\"display: flex; flex-direction: column; width: calc(100% - 25px);\"\n\t\t>\n\t\t\t\n\t\t\t\t\t\t<div\t\t\t\tclass=\"sow-icon-container sow-container-round\"\n\t\t\t\tstyle=\"color: #2cb18c; \"\n\t\t\t\t\n\t\t\t\t\t\t\t>\n\t\t\t\t<span class=\"sow-icon-icomoon\" data-sow-icon=\"&#xe986;\"\n\t\tstyle=\"font-size: 50px; color: #FFFFFF\" \n\t\taria-hidden=\"true\"><\/span>\t\t\t<\/div>\n\n\t\t\t<div class=\"textwidget\">\n\t\t\t\t\n\t\t\t\t\t\t\t\t\t<h5 class=\"sow-features-feature-title\">\n\t\t\t\t\t\tAn\u00e1lises Qu\u00edmicas\t\t\t\t\t<\/h5>\n\t\t\t\t\n\t\t\t\t\t\t\t<\/div>\n\t\t\t\t\t\t\t\t<\/li>\n\n\t<\/ul>\n<\/div><\/div><\/div><div id=\"pgc-347-2-1\"  class=\"panel-grid-cell\" ><div id=\"panel-347-2-1-0\" class=\"so-panel widget widget_sow-editor panel-first-child panel-last-child\" data-index=\"4\" ><div\n\t\t\t\n\t\t\tclass=\"so-widget-sow-editor so-widget-sow-editor-base\"\n\t\t\t\n\t\t>\n<div class=\"siteorigin-widget-tinymce textwidget\">\n\t<div style=\"text-align: justify\">As an\u00e1lises qu\u00edmicas consistem em analisar a amostra por Espectroscopia Ultravioleta-Vis\u00edvel(UV-vis) ou por Espectroscopia no Infravermelho(FTIR). Esses m\u00e9todos permitem a determina\u00e7\u00e3o qualitativa e quantitativa de compostos inorg\u00e2nicos e org\u00e2nicos, al\u00e9m da identifica\u00e7\u00e3o de grupos funcionais atrav\u00e9s do espectro obtido para a amostra. Essas an\u00e1lises permitem ainda a caracteriza\u00e7\u00e3o e quantifica\u00e7\u00e3o r\u00e1pida e eficiente de amostras.<\/div>\n<\/div>\n<\/div><\/div><\/div><\/div><div id=\"pg-347-3\"  class=\"panel-grid panel-no-style\" ><div id=\"pgc-347-3-0\"  class=\"panel-grid-cell\" ><div id=\"panel-347-3-0-0\" class=\"so-panel widget widget_sow-features panel-first-child panel-last-child\" data-index=\"5\" ><div\n\t\t\t\n\t\t\tclass=\"so-widget-sow-features so-widget-sow-features-default-d9f3efee5f9c-347\"\n\t\t\t\n\t\t><ul\n\tclass=\"sow-features-list\n\tsow-features-responsive\">\n\n\t\t\t<li\n\t\t\tclass=\"sow-features-feature sow-icon-container-position-top\"\n\t\t\tstyle=\"display: flex; flex-direction: column; width: calc(100% - 25px);\"\n\t\t>\n\t\t\t\n\t\t\t\t\t\t<div\t\t\t\tclass=\"sow-icon-container sow-container-round\"\n\t\t\t\tstyle=\"color: #2cb18c; \"\n\t\t\t\t\n\t\t\t\t\t\t\t>\n\t\t\t\t<span class=\"sow-icon-fontawesome sow-fas\" data-sow-icon=\"&#xf46a;\"\n\t\tstyle=\"font-size: 50px; color: #FFFFFF\" \n\t\taria-hidden=\"true\"><\/span>\t\t\t<\/div>\n\n\t\t\t<div class=\"textwidget\">\n\t\t\t\t\n\t\t\t\t\t\t\t\t\t<h5 class=\"sow-features-feature-title\">\n\t\t\t\t\t\tAn\u00e1lise de \u00c1gua\t\t\t\t\t<\/h5>\n\t\t\t\t\n\t\t\t\t\t\t\t<\/div>\n\t\t\t\t\t\t\t\t<\/li>\n\n\t<\/ul>\n<\/div><\/div><\/div><div id=\"pgc-347-3-1\"  class=\"panel-grid-cell\" ><div id=\"panel-347-3-1-0\" class=\"so-panel widget widget_sow-editor panel-first-child panel-last-child\" data-index=\"6\" ><div\n\t\t\t\n\t\t\tclass=\"so-widget-sow-editor so-widget-sow-editor-base\"\n\t\t\t\n\t\t>\n<div class=\"siteorigin-widget-tinymce textwidget\">\n\t<div style=\"text-align: justify\">As an\u00e1lises de \u00c1gua consistem em procedimentos avaliar alguns par\u00e2metros estabelecidos pelo Minist\u00e9rio da Sa\u00fade: Cor aparente, S\u00f3lidos dissolvidos totais, Turbidez, pH, Ferro, Cloreto, Di\u00f3xido de cloro, Cloro residual combinado e Cloro residual livre, al\u00e9m de par\u00e2metros Microbiol\u00f3gicos (Coliformes totais, Escherichia coli e Bact\u00e9rias heterotr\u00f3ficas). Pode-se tamb\u00e9m realizar a an\u00e1lise da \u00e1gua que \u00e9 utilizada em nos processos de fabrica\u00e7\u00e3o da cerveja, em que os procedimentos oferecidos s\u00e3o: Ferro total, Mangan\u00eas total, Dureza, pH, Alcalinidade, Cloro livre e cloretos, e Minerais dissolvidos.<\/div>\n<\/div>\n<\/div><\/div><\/div><\/div><div id=\"pg-347-4\"  class=\"panel-grid panel-no-style\" ><div id=\"pgc-347-4-0\"  class=\"panel-grid-cell\" ><div id=\"panel-347-4-0-0\" class=\"so-panel widget widget_sow-features panel-first-child panel-last-child\" data-index=\"7\" ><div\n\t\t\t\n\t\t\tclass=\"so-widget-sow-features so-widget-sow-features-default-d9f3efee5f9c-347\"\n\t\t\t\n\t\t><ul\n\tclass=\"sow-features-list\n\tsow-features-responsive\">\n\n\t\t\t<li\n\t\t\tclass=\"sow-features-feature sow-icon-container-position-top\"\n\t\t\tstyle=\"display: flex; flex-direction: column; width: calc(100% - 25px);\"\n\t\t>\n\t\t\t\n\t\t\t\t\t\t<div\t\t\t\tclass=\"sow-icon-container sow-container-round\"\n\t\t\t\tstyle=\"color: #2cb18c; \"\n\t\t\t\t\n\t\t\t\t\t\t\t>\n\t\t\t\t<span class=\"sow-icon-icomoon\" data-sow-icon=\"&#xe9aa;\"\n\t\tstyle=\"font-size: 50px; color: #FFFFFF\" \n\t\taria-hidden=\"true\"><\/span>\t\t\t<\/div>\n\n\t\t\t<div class=\"textwidget\">\n\t\t\t\t\n\t\t\t\t\t\t\t\t\t<h5 class=\"sow-features-feature-title\">\n\t\t\t\t\t\tExperimenta\u00e7\u00e3o para o Ensino M\u00e9dio\t\t\t\t\t<\/h5>\n\t\t\t\t\n\t\t\t\t\t\t\t<\/div>\n\t\t\t\t\t\t\t\t<\/li>\n\n\t<\/ul>\n<\/div><\/div><\/div><div id=\"pgc-347-4-1\"  class=\"panel-grid-cell\" ><div id=\"panel-347-4-1-0\" class=\"so-panel widget widget_sow-editor panel-first-child panel-last-child\" data-index=\"8\" ><div\n\t\t\t\n\t\t\tclass=\"so-widget-sow-editor so-widget-sow-editor-base\"\n\t\t\t\n\t\t>\n<div class=\"siteorigin-widget-tinymce textwidget\">\n\t<div style=\"text-align: justify\">No projeto, oferecemos uma metodologia para melhorar o aprendizado de Qu\u00edmica dos alunos durante o Ensino M\u00e9dio, a fim de que possam concretizar os conceitos te\u00f3ricos aprendidos em sala de aula. Para isso, \u00e9 desenvolvido um material did\u00e1tico personalizado contendo experimentos que atendam ao Col\u00e9gio. O projeto conta tamb\u00e9m com a organiza\u00e7\u00e3o do laborat\u00f3rio para ser melhor aproveitado, identificando de materiais, alertando sobre poss\u00edveis perigos no ambiente e outros recursos visuais. Assim, \u00e9 poss\u00edvel desenvolver nos alunos autonomia e racioc\u00ednio para lidar com as situa\u00e7\u00f5es vivenciadas em um laborat\u00f3rio atrav\u00e9s da execu\u00e7\u00e3o das pr\u00e1ticas experimentais.<\/div>\n<\/div>\n<\/div><\/div><\/div><\/div><div id=\"pg-347-5\"  class=\"panel-grid panel-no-style\" ><div id=\"pgc-347-5-0\"  class=\"panel-grid-cell\" ><div id=\"panel-347-5-0-0\" class=\"so-panel widget widget_sow-features panel-first-child panel-last-child\" data-index=\"9\" ><div\n\t\t\t\n\t\t\tclass=\"so-widget-sow-features so-widget-sow-features-default-d9f3efee5f9c-347\"\n\t\t\t\n\t\t><ul\n\tclass=\"sow-features-list\n\tsow-features-responsive\">\n\n\t\t\t<li\n\t\t\tclass=\"sow-features-feature sow-icon-container-position-top\"\n\t\t\tstyle=\"display: flex; flex-direction: column; width: calc(100% - 25px);\"\n\t\t>\n\t\t\t\n\t\t\t\t\t\t<div\t\t\t\tclass=\"sow-icon-container sow-container-round\"\n\t\t\t\tstyle=\"color: #2cb18c; \"\n\t\t\t\t\n\t\t\t\t\t\t\t>\n\t\t\t\t<span class=\"sow-icon-icomoon\" data-sow-icon=\"&#xe99e;\"\n\t\tstyle=\"font-size: 50px; color: #FFFFFF\" \n\t\taria-hidden=\"true\"><\/span>\t\t\t<\/div>\n\n\t\t\t<div class=\"textwidget\">\n\t\t\t\t\n\t\t\t\t\t\t\t\t\t<h5 class=\"sow-features-feature-title\">\n\t\t\t\t\t\tFeira de Ci\u00eancias para o Ensino Fundamental\t\t\t\t\t<\/h5>\n\t\t\t\t\n\t\t\t\t\t\t\t<\/div>\n\t\t\t\t\t\t\t\t<\/li>\n\n\t<\/ul>\n<\/div><\/div><\/div><div id=\"pgc-347-5-1\"  class=\"panel-grid-cell\" ><div id=\"panel-347-5-1-0\" class=\"so-panel widget widget_sow-editor panel-first-child panel-last-child\" data-index=\"10\" ><div\n\t\t\t\n\t\t\tclass=\"so-widget-sow-editor so-widget-sow-editor-base\"\n\t\t\t\n\t\t>\n<div class=\"siteorigin-widget-tinymce textwidget\">\n\t<div style=\"text-align: justify\">O projeto consiste em implementar uma Feira de Ci\u00eancias destinada \u00e0 comunidade escolar, em que os alunos selecionam experimentos que desejam realizar no evento, podendo os retirar de um material did\u00e1tico oferecido pela EJ para os professores, que tamb\u00e9m cont\u00e9m instru\u00e7\u00f5es de como instigar a participa\u00e7\u00e3o dos alunos, como orient\u00e1-los em suas apresenta\u00e7\u00f5es, guias sobre organiza\u00e7\u00e3o do local, sistema de premia\u00e7\u00e3o, e outras informa\u00e7\u00f5es. Al\u00e9m disso, os membros da EJ podem participar da organiza\u00e7\u00e3o e monitoramento no dia do evento. Atrav\u00e9s deste projeto, \u00e9 poss\u00edvel facilitar a compreens\u00e3o dos conhecimentos cient\u00edficos de forma l\u00facida e divertida e promover socializa\u00e7\u00e3o, autonomia e trabalho em grupo dos estudantes.<\/div>\n<\/div>\n<\/div><\/div><\/div><\/div><\/div>","protected":false},"excerpt":{"rendered":"<p>A Consultoria consiste em uma assist\u00eancia especializada, com o intuito de auxiliar o cliente para encontrar solu\u00e7\u00f5es para os seus problemas ou melhorar processos no ramo da Qu\u00edmica. Atrav\u00e9s da consultoria, podemos otimizar seus processos, adequ\u00e1-los \u00e0 legisla\u00e7\u00e3o vigente, al\u00e9m de evitar preju\u00edzos por inadequa\u00e7\u00f5es, desperd\u00edcio de reagentes e de tempo.<\/p>\n","protected":false},"author":38,"featured_media":0,"parent":0,"menu_order":0,"comment_status":"closed","ping_status":"closed","template":"","meta":{"footnotes":""},"class_list":["post-347","page","type-page","status-publish","hentry","post"],"_links":{"self":[{"href":"http:\/\/www.quimica.ufpr.br\/paginas\/isomeria\/wp-json\/wp\/v2\/pages\/347","targetHints":{"allow":["GET"]}}],"collection":[{"href":"http:\/\/www.quimica.ufpr.br\/paginas\/isomeria\/wp-json\/wp\/v2\/pages"}],"about":[{"href":"http:\/\/www.quimica.ufpr.br\/paginas\/isomeria\/wp-json\/wp\/v2\/types\/page"}],"author":[{"embeddable":true,"href":"http:\/\/www.quimica.ufpr.br\/paginas\/isomeria\/wp-json\/wp\/v2\/users\/38"}],"replies":[{"embeddable":true,"href":"http:\/\/www.quimica.ufpr.br\/paginas\/isomeria\/wp-json\/wp\/v2\/comments?post=347"}],"version-history":[{"count":10,"href":"http:\/\/www.quimica.ufpr.br\/paginas\/isomeria\/wp-json\/wp\/v2\/pages\/347\/revisions"}],"predecessor-version":[{"id":1330,"href":"http:\/\/www.quimica.ufpr.br\/paginas\/isomeria\/wp-json\/wp\/v2\/pages\/347\/revisions\/1330"}],"wp:attachment":[{"href":"http:\/\/www.quimica.ufpr.br\/paginas\/isomeria\/wp-json\/wp\/v2\/media?parent=347"}],"curies":[{"name":"wp","href":"https:\/\/api.w.org\/{rel}","templated":true}]}}