{"id":338,"date":"2020-04-09T13:01:50","date_gmt":"2020-04-09T16:01:50","guid":{"rendered":"http:\/\/www.quimica.ufpr.br\/paginas\/isomeria\/?page_id=338"},"modified":"2022-06-03T02:21:47","modified_gmt":"2022-06-03T05:21:47","slug":"quem-somos","status":"publish","type":"page","link":"http:\/\/www.quimica.ufpr.br\/paginas\/isomeria\/quem-somos\/","title":{"rendered":"Quem Somos"},"content":{"rendered":"<div id=\"pl-338\"  class=\"panel-layout\" ><div id=\"pg-338-0\"  class=\"panel-grid panel-no-style\" ><div id=\"pgc-338-0-0\"  class=\"panel-grid-cell\" ><div id=\"panel-338-0-0-0\" class=\"so-panel widget widget_sow-headline panel-first-child\" data-index=\"0\" ><div\n\t\t\t\n\t\t\tclass=\"so-widget-sow-headline so-widget-sow-headline-default-29ff7b61f0ae-338\"\n\t\t\t\n\t\t><div class=\"sow-headline-container \">\n\t\t\t\t\t\t\t<h1 class=\"sow-headline\">\n\t\t\t\t\t\tQuem Somos\t\t\t\t\t\t<\/h1>\n\t\t\t\t\t\t\t\t\t\t\t<div class=\"decoration\">\n\t\t\t\t\t\t<div class=\"decoration-inside\"><\/div>\n\t\t\t\t\t<\/div>\n\t\t\t\t\t<\/div>\n<\/div><\/div><div id=\"panel-338-0-0-1\" class=\"so-panel widget widget_sow-editor panel-last-child\" data-index=\"1\" ><div class=\"panel-widget-style panel-widget-style-for-338-0-0-1\" ><div\n\t\t\t\n\t\t\tclass=\"so-widget-sow-editor so-widget-sow-editor-base\"\n\t\t\t\n\t\t>\n<div class=\"siteorigin-widget-tinymce textwidget\">\n\t<h5 style=\"text-align: center\">\"<span style=\"font-weight: 400\">N\u00f3s somos a Isomeria - Solu\u00e7\u00f5es em Qu\u00edmica, a Empresa J\u00fanior de Qu\u00edmica da Universidade Federal do Paran\u00e1! Fundada em 2019, a Isomeria trata-se de uma empresa associada, confederada e federada ao Movimento Empresa J\u00fanior, desenvolvendo projetos e impactando o espa\u00e7o \u00e0 nossa volta. Somos a primeira Empresa J\u00fanior exclusivamente da \u00e1rea de Qu\u00edmica do Paran\u00e1 e a \u00fanica de Curitiba, al\u00e9m de uma das poucas do Brasil com projetos voltados para licenciatura e bacharelado!<\/span><\/h5><\/div>\n<\/div><\/div><\/div><\/div><\/div><div id=\"pg-338-1\"  class=\"panel-grid panel-no-style\" ><div id=\"pgc-338-1-0\"  class=\"panel-grid-cell\" ><div id=\"panel-338-1-0-0\" class=\"so-panel widget widget_sow-headline panel-first-child\" data-index=\"2\" ><div\n\t\t\t\n\t\t\tclass=\"so-widget-sow-headline so-widget-sow-headline-default-29ff7b61f0ae-338\"\n\t\t\t\n\t\t><div class=\"sow-headline-container \">\n\t\t\t\t\t\t\t<h1 class=\"sow-headline\">\n\t\t\t\t\t\tNossos pilares\t\t\t\t\t\t<\/h1>\n\t\t\t\t\t\t\t\t\t\t\t<div class=\"decoration\">\n\t\t\t\t\t\t<div class=\"decoration-inside\"><\/div>\n\t\t\t\t\t<\/div>\n\t\t\t\t\t<\/div>\n<\/div><\/div><div id=\"panel-338-1-0-1\" class=\"so-panel widget widget_sow-features panel-last-child\" data-index=\"3\" ><div\n\t\t\t\n\t\t\tclass=\"so-widget-sow-features so-widget-sow-features-default-d40955e8f0a8-338\"\n\t\t\t\n\t\t><ul\n\tclass=\"sow-features-list\n\tsow-features-responsive\">\n\n\t\t\t<li\n\t\t\tclass=\"sow-features-feature sow-icon-container-position-top\"\n\t\t\tstyle=\"display: flex; flex-direction: column; width: calc(33.333% - 25px);\"\n\t\t>\n\t\t\t\n\t\t\t\t\t\t<div\t\t\t\tclass=\"sow-icon-container sow-container-round\"\n\t\t\t\tstyle=\"color: #d8f0ea; \"\n\t\t\t\t\n\t\t\t\t\t\t\t>\n\t\t\t\t<span class=\"sow-icon-icomoon\" data-sow-icon=\"&#xe9b3;\"\n\t\tstyle=\"font-size: 100px; color: #8bd4c0\" \n\t\taria-hidden=\"true\"><\/span>\t\t\t<\/div>\n\n\t\t\t<div class=\"textwidget\">\n\t\t\t\t\n\t\t\t\t\t\t\t\t\t<h5 class=\"sow-features-feature-title\">\n\t\t\t\t\t\tMiss\u00e3o\t\t\t\t\t<\/h5>\n\t\t\t\t\n\t\t\t\t\t\t\t\t\t<div class=\"sow-features-feature-text\">\n\t\t\t\t\t<p style=\"text-align: center\">\"<span style=\"font-weight: 400\">\u201cFornecer solu\u00e7\u00f5es pr\u00e1ticas e criativas \u00e0queles que necessitem de aux\u00edlio especializado na \u00e1rea de qu\u00edmica, visando o aprimoramento dos conhecimentos t\u00e9cnico-cient\u00edficos e do car\u00e1ter empreendedor dos integrantes.\u201d<\/span><\/p>\t\t\t\t\t<\/div>\n\t\t\t\t\t\t\t\t<\/div>\n\t\t\t\t\t\t\t\t<\/li>\n\n\t\t\t<li\n\t\t\tclass=\"sow-features-feature sow-icon-container-position-top\"\n\t\t\tstyle=\"display: flex; flex-direction: column; width: calc(33.333% - 25px);\"\n\t\t>\n\t\t\t\n\t\t\t\t\t\t<div\t\t\t\tclass=\"sow-icon-container sow-container-round\"\n\t\t\t\tstyle=\"color: #d8f0ea; \"\n\t\t\t\t\n\t\t\t\t\t\t\t>\n\t\t\t\t<span class=\"sow-icon-icomoon\" data-sow-icon=\"&#xe9ce;\"\n\t\tstyle=\"font-size: 100px; color: #8bd4c0\" \n\t\taria-hidden=\"true\"><\/span>\t\t\t<\/div>\n\n\t\t\t<div class=\"textwidget\">\n\t\t\t\t\n\t\t\t\t\t\t\t\t\t<h5 class=\"sow-features-feature-title\">\n\t\t\t\t\t\tVis\u00e3o\t\t\t\t\t<\/h5>\n\t\t\t\t\n\t\t\t\t\t\t\t\t\t<div class=\"sow-features-feature-text\">\n\t\t\t\t\t<p style=\"text-align: center\"><span style=\"font-weight: 400\">\u201cComo uma das empresa juniores pioneiras na \u00e1rea de qu\u00edmica no estado do Paran\u00e1, a Isomeria almeja ser, em 2021, uma empresa consolidada no ramo oferecendo servi\u00e7os de qualidade.\u201d<\/span><\/p>\n\t\t\t\t\t<\/div>\n\t\t\t\t\t\t\t\t<\/div>\n\t\t\t\t\t\t\t\t<\/li>\n\n\t\t\t<li\n\t\t\tclass=\"sow-features-feature sow-icon-container-position-top\"\n\t\t\tstyle=\"display: flex; flex-direction: column; width: calc(33.333% - 25px);\"\n\t\t>\n\t\t\t\n\t\t\t\t\t\t<div\t\t\t\tclass=\"sow-icon-container sow-container-round\"\n\t\t\t\tstyle=\"color: #d8f0ea; \"\n\t\t\t\t\n\t\t\t\t\t\t\t>\n\t\t\t\t<span class=\"sow-icon-icomoon\" data-sow-icon=\"&#xe946;\"\n\t\tstyle=\"font-size: 100px; color: #8bd4c0\" \n\t\taria-hidden=\"true\"><\/span>\t\t\t<\/div>\n\n\t\t\t<div class=\"textwidget\">\n\t\t\t\t\n\t\t\t\t\t\t\t\t\t<h5 class=\"sow-features-feature-title\">\n\t\t\t\t\t\tValores\t\t\t\t\t<\/h5>\n\t\t\t\t\n\t\t\t\t\t\t\t\t\t<div class=\"sow-features-feature-text\">\n\t\t\t\t\t<p style=\"text-align: center\"><span style=\"font-weight: 400\">Is\u00f4mero Amigo; Membros Ressonantes; Rea\u00e7\u00e3o Espont\u00e2nea; Cabe\u00e7a Empreendedora; Claros como \u00c1gua<\/span><\/p>\n\t\t\t\t\t<\/div>\n\t\t\t\t\t\t\t\t<\/div>\n\t\t\t\t\t\t\t\t<\/li>\n\n\t<\/ul>\n<\/div><\/div><\/div><\/div><div id=\"pg-338-2\"  class=\"panel-grid panel-no-style\" ><div id=\"pgc-338-2-0\"  class=\"panel-grid-cell\" ><div id=\"panel-338-2-0-0\" class=\"so-panel widget widget_sow-headline panel-first-child\" data-index=\"4\" ><div\n\t\t\t\n\t\t\tclass=\"so-widget-sow-headline so-widget-sow-headline-default-29ff7b61f0ae-338\"\n\t\t\t\n\t\t><div class=\"sow-headline-container \">\n\t\t\t\t\t\t\t<h1 class=\"sow-headline\">\n\t\t\t\t\t\tNossa Equipe\t\t\t\t\t\t<\/h1>\n\t\t\t\t\t\t\t\t\t\t\t<div class=\"decoration\">\n\t\t\t\t\t\t<div class=\"decoration-inside\"><\/div>\n\t\t\t\t\t<\/div>\n\t\t\t\t\t<\/div>\n<\/div><\/div><div id=\"panel-338-2-0-1\" class=\"so-panel widget widget_siteorigin-panels-builder\" data-index=\"5\" ><div id=\"pl-w61eaf0805d62b\"  class=\"panel-layout\" ><div id=\"pg-w61eaf0805d62b-0\"  class=\"panel-grid panel-no-style\" ><div id=\"pgc-w61eaf0805d62b-0-0\"  class=\"panel-grid-cell\" ><div id=\"panel-w61eaf0805d62b-0-0-0\" class=\"so-panel widget widget_sow-features panel-first-child panel-last-child\" data-index=\"0\" ><div\n\t\t\t\n\t\t\tclass=\"so-widget-sow-features so-widget-sow-features-default-dcca52224fa4\"\n\t\t\t\n\t\t><ul\n\tclass=\"sow-features-list\n\tsow-features-responsive\">\n\n\t\t\t<li\n\t\t\tclass=\"sow-features-feature sow-icon-container-position-top\"\n\t\t\tstyle=\"display: flex; flex-direction: column; width: calc(33.333% - 25px);\"\n\t\t>\n\t\t\t\n\t\t\t\t\t\t<a\t\t\t\tclass=\"sow-icon-container sow-container-round\"\n\t\t\t\tstyle=\"color: #d8f0ea; \"\n\t\t\t\ttitle=\"Mayara de Oliveira Dantas\"\n\t\t\t\t\t\t\t\t\thref=\"https:\/\/www.linkedin.com\/in\/mayara-dantas-38839521b\/\"\n\t\t\t\t\ttarget=\"_blank\" rel=\"noopener noreferrer\"\t\t\t>\n\t\t\t\t\t\t\t\t\t\t<div class=\"sow-icon-image\" style=\"background-image: url(http:\/\/www.quimica.ufpr.br\/paginas\/isomeria\/wp-content\/uploads\/sites\/40\/2022\/01\/19.png); font-size: 200px\"><\/div>\n\t\t\t\t\t\t\t\t\t<\/a>\n\n\t\t\t<div class=\"textwidget\">\n\t\t\t\t\n\t\t\t\t\t\t\t\t\t<h5 class=\"sow-features-feature-title\">\n\t\t\t\t\t\tMayara de Oliveira Dantas\t\t\t\t\t<\/h5>\n\t\t\t\t\n\t\t\t\t\t\t\t\t\t<div class=\"sow-features-feature-text\">\n\t\t\t\t\t<p style=\"text-align: center\"><span style=\"font-weight: 400\">Presidente [spacer height=\"1px\"]<\/span><\/p>\n<p>&nbsp;<\/p>\n\t\t\t\t\t<\/div>\n\t\t\t\t\t\t\t\t<\/div>\n\t\t\t\t\t\t\t\t<\/li>\n\n\t\t\t<li\n\t\t\tclass=\"sow-features-feature sow-icon-container-position-top\"\n\t\t\tstyle=\"display: flex; flex-direction: column; width: calc(33.333% - 25px);\"\n\t\t>\n\t\t\t\n\t\t\t\t\t\t<a\t\t\t\tclass=\"sow-icon-container sow-container-round\"\n\t\t\t\tstyle=\"color: #d8f0ea; \"\n\t\t\t\ttitle=\"Vin\u00edcius Moraes Chagas\"\n\t\t\t\t\t\t\t\t\thref=\"https:\/\/www.linkedin.com\/in\/viniciusmoraeschagas\/\"\n\t\t\t\t\ttarget=\"_blank\" rel=\"noopener noreferrer\"\t\t\t>\n\t\t\t\t\t\t\t\t\t\t<div class=\"sow-icon-image\" style=\"background-image: url(http:\/\/www.quimica.ufpr.br\/paginas\/isomeria\/wp-content\/uploads\/sites\/40\/2021\/02\/3.png); font-size: 200px\"><\/div>\n\t\t\t\t\t\t\t\t\t<\/a>\n\n\t\t\t<div class=\"textwidget\">\n\t\t\t\t\n\t\t\t\t\t\t\t\t\t<h5 class=\"sow-features-feature-title\">\n\t\t\t\t\t\tVin\u00edcius Moraes Chagas\t\t\t\t\t<\/h5>\n\t\t\t\t\n\t\t\t\t\t\t\t\t\t<div class=\"sow-features-feature-text\">\n\t\t\t\t\t<p style=\"text-align: center\"><span style=\"font-weight: 400\">Diretor de Gest\u00e3o de Pessoas<\/span><\/p>\n\t\t\t\t\t<\/div>\n\t\t\t\t\t\t\t\t<\/div>\n\t\t\t\t\t\t\t\t<\/li>\n\n\t\t\t<li\n\t\t\tclass=\"sow-features-feature sow-icon-container-position-top\"\n\t\t\tstyle=\"display: flex; flex-direction: column; width: calc(33.333% - 25px);\"\n\t\t>\n\t\t\t\n\t\t\t\t\t\t<div\t\t\t\tclass=\"sow-icon-container sow-container-round\"\n\t\t\t\tstyle=\"color: #d8f0ea; \"\n\t\t\t\ttitle=\"Luciane Wagner Dall&#039; Agnese\"\n\t\t\t\t\t\t\t>\n\t\t\t\t\t\t\t\t\t\t<div class=\"sow-icon-image\" style=\"background-image: url(http:\/\/www.quimica.ufpr.br\/paginas\/isomeria\/wp-content\/uploads\/sites\/40\/2022\/01\/20.png); font-size: 200px\"><\/div>\n\t\t\t\t\t\t\t\t\t<\/div>\n\n\t\t\t<div class=\"textwidget\">\n\t\t\t\t\n\t\t\t\t\t\t\t\t\t<h5 class=\"sow-features-feature-title\">\n\t\t\t\t\t\tLuciane Wagner Dall' Agnese\t\t\t\t\t<\/h5>\n\t\t\t\t\n\t\t\t\t\t\t\t\t\t<div class=\"sow-features-feature-text\">\n\t\t\t\t\t<p style=\"text-align: center\"><span style=\"font-weight: 400\">Diretora Adminstrativo-Financeiro-Jur\u00eddico<\/span><\/p>\n\t\t\t\t\t<\/div>\n\t\t\t\t\t\t\t\t<\/div>\n\t\t\t\t\t\t\t\t<\/li>\n\n\t<\/ul>\n<\/div><\/div><\/div><\/div><\/div><\/div><div id=\"panel-338-2-0-2\" class=\"so-panel widget widget_siteorigin-panels-builder panel-last-child\" data-index=\"6\" ><div id=\"pl-w62999a6bd9320\"  class=\"panel-layout\" ><div id=\"pg-w62999a6bd9320-0\"  class=\"panel-grid panel-no-style\" ><div id=\"pgc-w62999a6bd9320-0-0\"  class=\"panel-grid-cell\" ><div id=\"panel-w62999a6bd9320-0-0-0\" class=\"so-panel widget widget_sow-features panel-first-child panel-last-child\" data-index=\"0\" ><div\n\t\t\t\n\t\t\tclass=\"so-widget-sow-features so-widget-sow-features-default-69c5110ff5cf\"\n\t\t\t\n\t\t><ul\n\tclass=\"sow-features-list\n\tsow-features-responsive\">\n\n\t\t\t<li\n\t\t\tclass=\"sow-features-feature sow-icon-container-position-top\"\n\t\t\tstyle=\"display: flex; flex-direction: column; width: calc(33.333% - 25px);\"\n\t\t>\n\t\t\t\n\t\t\t\t\t\t<a\t\t\t\tclass=\"sow-icon-container sow-container-round\"\n\t\t\t\tstyle=\"color: #d8f0ea; \"\n\t\t\t\ttitle=\"Let\u00edcia Lima Ludovico\"\n\t\t\t\t\t\t\t\t\thref=\"https:\/\/www.linkedin.com\/in\/leticialimaludovico\/\"\n\t\t\t\t\ttarget=\"_blank\" rel=\"noopener noreferrer\"\t\t\t>\n\t\t\t\t\t\t\t\t\t\t<div class=\"sow-icon-image\" style=\"background-image: url(http:\/\/www.quimica.ufpr.br\/paginas\/isomeria\/wp-content\/uploads\/sites\/40\/2022\/06\/FOTOS-DIREX-SITE-2.png); font-size: 200px\"><\/div>\n\t\t\t\t\t\t\t\t\t<\/a>\n\n\t\t\t<div class=\"textwidget\">\n\t\t\t\t\n\t\t\t\t\t\t\t\t\t<h5 class=\"sow-features-feature-title\">\n\t\t\t\t\t\tLet\u00edcia Lima Ludovico\t\t\t\t\t<\/h5>\n\t\t\t\t\n\t\t\t\t\t\t\t\t\t<div class=\"sow-features-feature-text\">\n\t\t\t\t\t<p style=\"text-align: center\"><span style=\"font-weight: 400\">Diretora de Marketing<\/span><\/p>\n\t\t\t\t\t<\/div>\n\t\t\t\t\t\t\t\t<\/div>\n\t\t\t\t\t\t\t\t<\/li>\n\n\t\t\t<li\n\t\t\tclass=\"sow-features-feature sow-icon-container-position-top\"\n\t\t\tstyle=\"display: flex; flex-direction: column; width: calc(33.333% - 25px);\"\n\t\t>\n\t\t\t\n\t\t\t\t\t\t<a\t\t\t\tclass=\"sow-icon-container sow-container-round\"\n\t\t\t\tstyle=\"color: #d8f0ea; \"\n\t\t\t\ttitle=\"Renata Pais de Avila\"\n\t\t\t\t\t\t\t\t\thref=\"https:\/\/www.linkedin.com\/in\/renata-pais-de-%C3%A1vila\/\"\n\t\t\t\t\ttarget=\"_blank\" rel=\"noopener noreferrer\"\t\t\t>\n\t\t\t\t\t\t\t\t\t\t<div class=\"sow-icon-image\" style=\"background-image: url(http:\/\/www.quimica.ufpr.br\/paginas\/isomeria\/wp-content\/uploads\/sites\/40\/2021\/09\/17.png); font-size: 200px\"><\/div>\n\t\t\t\t\t\t\t\t\t<\/a>\n\n\t\t\t<div class=\"textwidget\">\n\t\t\t\t\n\t\t\t\t\t\t\t\t\t<h5 class=\"sow-features-feature-title\">\n\t\t\t\t\t\tRenata Pais de Avila\t\t\t\t\t<\/h5>\n\t\t\t\t\n\t\t\t\t\t\t\t\t\t<div class=\"sow-features-feature-text\">\n\t\t\t\t\t<p style=\"text-align: center\"><span style=\"font-weight: 400\">Diretora Comercial<\/span><\/p>\n\t\t\t\t\t<\/div>\n\t\t\t\t\t\t\t\t<\/div>\n\t\t\t\t\t\t\t\t<\/li>\n\n\t\t\t<li\n\t\t\tclass=\"sow-features-feature sow-icon-container-position-top\"\n\t\t\tstyle=\"display: flex; flex-direction: column; width: calc(33.333% - 25px);\"\n\t\t>\n\t\t\t\n\t\t\t\t\t\t<a\t\t\t\tclass=\"sow-icon-container sow-container-round\"\n\t\t\t\tstyle=\"color: #d8f0ea; \"\n\t\t\t\ttitle=\"Helena da Rosa Galeski\"\n\t\t\t\t\t\t\t\t\thref=\"https:\/\/www.linkedin.com\/in\/helena-da-rosa-galeski\/\"\n\t\t\t\t\ttarget=\"_blank\" rel=\"noopener noreferrer\"\t\t\t>\n\t\t\t\t\t\t\t\t\t\t<div class=\"sow-icon-image\" style=\"background-image: url(http:\/\/www.quimica.ufpr.br\/paginas\/isomeria\/wp-content\/uploads\/sites\/40\/2021\/05\/FOTOS-DIREX-SITE.png); font-size: 200px\"><\/div>\n\t\t\t\t\t\t\t\t\t<\/a>\n\n\t\t\t<div class=\"textwidget\">\n\t\t\t\t\n\t\t\t\t\t\t\t\t\t<h5 class=\"sow-features-feature-title\">\n\t\t\t\t\t\tHelena da Rosa Galeski\t\t\t\t\t<\/h5>\n\t\t\t\t\n\t\t\t\t\t\t\t\t\t<div class=\"sow-features-feature-text\">\n\t\t\t\t\t<p style=\"text-align: center\"><span style=\"font-weight: 400\">Diretora de Projetos<\/span><\/p>\n\t\t\t\t\t<\/div>\n\t\t\t\t\t\t\t\t<\/div>\n\t\t\t\t\t\t\t\t<\/li>\n\n\t<\/ul>\n<\/div><\/div><\/div><\/div><\/div><\/div><\/div><\/div><\/div>","protected":false},"excerpt":{"rendered":"<p>&#8220;N\u00f3s somos a Isomeria &#8211; Solu\u00e7\u00f5es em Qu\u00edmica, a Empresa J\u00fanior de Qu\u00edmica da Universidade Federal do Paran\u00e1! Fundada em 2019, a Isomeria trata-se de uma empresa associada, confederada e federada ao Movimento Empresa J\u00fanior, desenvolvendo projetos e impactando o espa\u00e7o \u00e0 nossa volta. Somos a primeira Empresa J\u00fanior exclusivamente da \u00e1rea de [&hellip;]<\/p>\n","protected":false},"author":38,"featured_media":0,"parent":0,"menu_order":0,"comment_status":"closed","ping_status":"closed","template":"","meta":{"footnotes":""},"class_list":["post-338","page","type-page","status-publish","hentry","post"],"_links":{"self":[{"href":"http:\/\/www.quimica.ufpr.br\/paginas\/isomeria\/wp-json\/wp\/v2\/pages\/338","targetHints":{"allow":["GET"]}}],"collection":[{"href":"http:\/\/www.quimica.ufpr.br\/paginas\/isomeria\/wp-json\/wp\/v2\/pages"}],"about":[{"href":"http:\/\/www.quimica.ufpr.br\/paginas\/isomeria\/wp-json\/wp\/v2\/types\/page"}],"author":[{"embeddable":true,"href":"http:\/\/www.quimica.ufpr.br\/paginas\/isomeria\/wp-json\/wp\/v2\/users\/38"}],"replies":[{"embeddable":true,"href":"http:\/\/www.quimica.ufpr.br\/paginas\/isomeria\/wp-json\/wp\/v2\/comments?post=338"}],"version-history":[{"count":142,"href":"http:\/\/www.quimica.ufpr.br\/paginas\/isomeria\/wp-json\/wp\/v2\/pages\/338\/revisions"}],"predecessor-version":[{"id":1968,"href":"http:\/\/www.quimica.ufpr.br\/paginas\/isomeria\/wp-json\/wp\/v2\/pages\/338\/revisions\/1968"}],"wp:attachment":[{"href":"http:\/\/www.quimica.ufpr.br\/paginas\/isomeria\/wp-json\/wp\/v2\/media?parent=338"}],"curies":[{"name":"wp","href":"https:\/\/api.w.org\/{rel}","templated":true}]}}