{"id":8023,"date":"2024-09-25T11:00:01","date_gmt":"2024-09-25T14:00:01","guid":{"rendered":"https:\/\/www.quimica.ufpr.br\/paginas\/graduacao\/?page_id=8023"},"modified":"2025-06-11T09:51:58","modified_gmt":"2025-06-11T12:51:58","slug":"plano-de-acao","status":"publish","type":"page","link":"http:\/\/www.quimica.ufpr.br\/paginas\/graduacao\/plano-de-acao\/","title":{"rendered":"Plano de A\u00e7\u00e3o"},"content":{"rendered":"<p>&nbsp;<\/p>\n<p><a href=\"http:\/\/www.quimica.ufpr.br\/paginas\/graduacao\/wp-content\/uploads\/sites\/16\/2025\/06\/plano_acao2025-2027.pdf\">\u25ba Plano de a\u00e7\u00e3o &#8211; Coordena\u00e7\u00e3o de Qu\u00edmica: 2025-2027<\/a><\/p>\n","protected":false},"excerpt":{"rendered":"<p>&nbsp; \u25ba Plano de a\u00e7\u00e3o &#8211; Coordena\u00e7\u00e3o de Qu\u00edmica: 2025-2027<\/p>\n","protected":false},"author":34,"featured_media":0,"parent":0,"menu_order":0,"comment_status":"closed","ping_status":"closed","template":"","meta":{"footnotes":""},"class_list":["post-8023","page","type-page","status-publish","hentry"],"_links":{"self":[{"href":"http:\/\/www.quimica.ufpr.br\/paginas\/graduacao\/wp-json\/wp\/v2\/pages\/8023","targetHints":{"allow":["GET"]}}],"collection":[{"href":"http:\/\/www.quimica.ufpr.br\/paginas\/graduacao\/wp-json\/wp\/v2\/pages"}],"about":[{"href":"http:\/\/www.quimica.ufpr.br\/paginas\/graduacao\/wp-json\/wp\/v2\/types\/page"}],"author":[{"embeddable":true,"href":"http:\/\/www.quimica.ufpr.br\/paginas\/graduacao\/wp-json\/wp\/v2\/users\/34"}],"replies":[{"embeddable":true,"href":"http:\/\/www.quimica.ufpr.br\/paginas\/graduacao\/wp-json\/wp\/v2\/comments?post=8023"}],"version-history":[{"count":4,"href":"http:\/\/www.quimica.ufpr.br\/paginas\/graduacao\/wp-json\/wp\/v2\/pages\/8023\/revisions"}],"predecessor-version":[{"id":8709,"href":"http:\/\/www.quimica.ufpr.br\/paginas\/graduacao\/wp-json\/wp\/v2\/pages\/8023\/revisions\/8709"}],"wp:attachment":[{"href":"http:\/\/www.quimica.ufpr.br\/paginas\/graduacao\/wp-json\/wp\/v2\/media?parent=8023"}],"curies":[{"name":"wp","href":"https:\/\/api.w.org\/{rel}","templated":true}]}}