{"id":7932,"date":"2024-09-11T09:28:59","date_gmt":"2024-09-11T12:28:59","guid":{"rendered":"https:\/\/www.quimica.ufpr.br\/paginas\/graduacao\/?page_id=7932"},"modified":"2024-09-17T11:17:29","modified_gmt":"2024-09-17T14:17:29","slug":"docentes","status":"publish","type":"page","link":"http:\/\/www.quimica.ufpr.br\/paginas\/graduacao\/docentes\/","title":{"rendered":"Docentes"},"content":{"rendered":"<p style=\"text-align: center\"><strong>CORPO DOCENTE<\/strong><\/p>\n<p>&nbsp;<\/p>\n<p>As disciplinas dos Cursos de Qu\u00edmica s\u00e3o ministradas por docentes dos Departamentos de Qu\u00edmica, Matem\u00e1tica, Estat\u00edstica, F\u00edsica, Express\u00e3o Gr\u00e1fica, Engenharia Qu\u00edmica, Bioqu\u00edmica, Teoria e Pr\u00e1tica de Ensino, Teoria e Fundamentos de Educa\u00e7\u00e3o, Planejamento e Administra\u00e7\u00e3o Escolar e Letras Libras da UFPR.<\/p>\n<p>O docente espec\u00edfico de cada disciplina \u00e9 designado por seu respectivo departamento e pode variar a cada semestre, em fun\u00e7\u00e3o das disciplinas oferecidas e da carga hor\u00e1ria e demais atribui\u00e7\u00f5es dos docentes (aulas de p\u00f3s-gradua\u00e7\u00e3o, afastamentos, cargos administrativos, etc).<\/p>\n<p>A rela\u00e7\u00e3o dos <strong>docentes\/contato\/lattes<\/strong> s\u00e3o disponibilizadas na p\u00e1gina de cada departamento, dispon\u00edveis nos links abaixo.<\/p>\n<div class=\"wp-block-group\">\n<div class=\"wp-block-group__inner-container is-layout-flow wp-block-group-is-layout-flow\">\n<ul class=\"wp-block-list\">\n<li><a href=\"https:\/\/www.quimica.ufpr.br\/paginas\/departamento\/docentes\/\" target=\"_blank\" rel=\"noopener\">Docentes do Departamento de Qu\u00edmica<\/a><\/li>\n<li><a href=\"http:\/\/www.mat.ufpr.br\/departamento\/Docentes.html\" target=\"_blank\" rel=\"noreferrer noopener\">Docentes do Departamento de Matem\u00e1tica<\/a><\/li>\n<li><a href=\"http:\/\/www.est.ufpr.br\/docentes.html\" target=\"_blank\" rel=\"noreferrer noopener\">Docentes do Departamento de Estat\u00edstica<\/a><\/li>\n<li><a href=\"https:\/\/fisica.ufpr.br\/pessoal.html#content9-v\" target=\"_blank\" rel=\"noreferrer noopener\">Docentes do Departamento de F\u00edsica<\/a><\/li>\n<li><a href=\"http:\/\/www.exatas.ufpr.br\/portal\/degraf\/professores\/\" target=\"_blank\" rel=\"noreferrer noopener\">Docentes do Departamento de Express\u00e3o Gr\u00e1fica<\/a><\/li>\n<li><a href=\"https:\/\/tecnologia.ufpr.br\/cceq\/grade-e-corpo-docente\" target=\"_blank\" rel=\"noopener\">Docentes do Departamento de Engenharia Qu\u00edmica<\/a><\/li>\n<li><a href=\"https:\/\/bio.ufpr.br\/bioquimica\/professores\/\" target=\"_blank\" rel=\"noopener\">Docentes do Departamento de Bioqu\u00edmica<\/a><\/li>\n<li><a href=\"https:\/\/educacao.ufpr.br\/dtpen\/\" target=\"_blank\" rel=\"noreferrer noopener\">Docentes do Departamento de Teoria e Pr\u00e1tica de Ensino<\/a><\/li>\n<li><a href=\"https:\/\/educacao.ufpr.br\/dtfe2\/\" target=\"_blank\" rel=\"noreferrer noopener\">Docentes do Departamento de Teoria e Fundamentos de Educa\u00e7\u00e3o<\/a><\/li>\n<li><a href=\"https:\/\/educacao.ufpr.br\/deplae\/\" target=\"_blank\" rel=\"noreferrer noopener\">Docentes do Departamento de Planejamento e Administra\u00e7\u00e3o Escolar<\/a><\/li>\n<li><a href=\"http:\/\/www.letraslibras.ufpr.br\/corpo-docente\/\" target=\"_blank\" rel=\"noreferrer noopener\">Docentes de Libras<\/a><\/li>\n<\/ul>\n<\/div>\n<\/div>\n<p>&nbsp;<\/p>\n<p>A defini\u00e7\u00e3o do docente espec\u00edfico de cada disciplina do curso a cada per\u00edodo letivo est\u00e1 dispon\u00edvel aos alunos no sistema acad\u00eamico\u00a0<a href=\"http:\/\/www.prppg.ufpr.br\/siga\/\">SIGA<\/a>\u00a0durante a fase de matr\u00edculas.<\/p>\n<p>&nbsp;<\/p>\n<p>&nbsp;<\/p>\n","protected":false},"excerpt":{"rendered":"<p>CORPO DOCENTE &nbsp; As disciplinas dos Cursos de Qu\u00edmica s\u00e3o ministradas por docentes dos Departamentos de Qu\u00edmica, Matem\u00e1tica, Estat\u00edstica, F\u00edsica, Express\u00e3o Gr\u00e1fica, Engenharia Qu\u00edmica, Bioqu\u00edmica, Teoria e Pr\u00e1tica de Ensino, Teoria e Fundamentos de Educa\u00e7\u00e3o, Planejamento e Administra\u00e7\u00e3o Escolar e Letras Libras da UFPR. O docente espec\u00edfico de cada disciplina \u00e9 designado por seu respectivo [&hellip;]<\/p>\n","protected":false},"author":34,"featured_media":0,"parent":0,"menu_order":0,"comment_status":"closed","ping_status":"closed","template":"","meta":{"footnotes":""},"class_list":["post-7932","page","type-page","status-publish","hentry"],"_links":{"self":[{"href":"http:\/\/www.quimica.ufpr.br\/paginas\/graduacao\/wp-json\/wp\/v2\/pages\/7932","targetHints":{"allow":["GET"]}}],"collection":[{"href":"http:\/\/www.quimica.ufpr.br\/paginas\/graduacao\/wp-json\/wp\/v2\/pages"}],"about":[{"href":"http:\/\/www.quimica.ufpr.br\/paginas\/graduacao\/wp-json\/wp\/v2\/types\/page"}],"author":[{"embeddable":true,"href":"http:\/\/www.quimica.ufpr.br\/paginas\/graduacao\/wp-json\/wp\/v2\/users\/34"}],"replies":[{"embeddable":true,"href":"http:\/\/www.quimica.ufpr.br\/paginas\/graduacao\/wp-json\/wp\/v2\/comments?post=7932"}],"version-history":[{"count":6,"href":"http:\/\/www.quimica.ufpr.br\/paginas\/graduacao\/wp-json\/wp\/v2\/pages\/7932\/revisions"}],"predecessor-version":[{"id":7934,"href":"http:\/\/www.quimica.ufpr.br\/paginas\/graduacao\/wp-json\/wp\/v2\/pages\/7932\/revisions\/7934"}],"wp:attachment":[{"href":"http:\/\/www.quimica.ufpr.br\/paginas\/graduacao\/wp-json\/wp\/v2\/media?parent=7932"}],"curies":[{"name":"wp","href":"https:\/\/api.w.org\/{rel}","templated":true}]}}