{"id":74,"date":"2016-06-30T11:00:27","date_gmt":"2016-06-30T14:00:27","guid":{"rendered":"http:\/\/www.quimica.ufpr.br\/paginas\/graduacao\/pagina-inicial\/"},"modified":"2026-04-08T10:22:04","modified_gmt":"2026-04-08T13:22:04","slug":"pagina-inicial","status":"publish","type":"page","link":"http:\/\/www.quimica.ufpr.br\/paginas\/graduacao\/","title":{"rendered":"P\u00e1gina Inicial"},"content":{"rendered":"<div id=\"pl-74\"  class=\"panel-layout\" ><div id=\"pg-74-0\"  class=\"panel-grid panel-has-style\" ><div class=\"panel-row-style panel-row-style-for-74-0\" ><div id=\"pgc-74-0-0\"  class=\"panel-grid-cell\" ><div id=\"panel-74-0-0-0\" class=\"so-panel widget widget_category-posts cat-post-widget panel-first-child\" data-index=\"0\" ><h3 class=\"widget-title\">Not\u00edcias \/ Eventos<\/h3><ul id=\"category-posts-1-internal\" class=\"category-posts-internal\">\n<li class='cat-post-item'><div><a class=\"cat-post-title\" href=\"http:\/\/www.quimica.ufpr.br\/paginas\/graduacao\/batalha-de-derivadas-evento-de-extensao\/\" rel=\"bookmark\">\u25ba Batalha de Derivadas &#8211; Evento de extens\u00e3o<\/a><\/div><\/li><li class='cat-post-item'><div><a class=\"cat-post-title\" href=\"http:\/\/www.quimica.ufpr.br\/paginas\/graduacao\/seminario-defesa-das-lic-2026\/\" rel=\"bookmark\">\u25ba Semin\u00e1rio em Defesa das Licenciaturas &#8211; 19\/MAR\u00c7O<\/a><\/div><\/li><li class='cat-post-item'><div><a class=\"cat-post-title\" href=\"http:\/\/www.quimica.ufpr.br\/paginas\/graduacao\/curso-de-formacao-permanente-licenciatura\/\" rel=\"bookmark\">\u25ba Alunos da Licenciatura &#8211; Curso de Forma\u00e7\u00e3o Permanente<\/a><\/div><\/li><li class='cat-post-item'><div><a class=\"cat-post-title\" href=\"http:\/\/www.quimica.ufpr.br\/paginas\/graduacao\/pe2-2025\/\" rel=\"bookmark\">\u25ba Disciplinas em per\u00edodo especial de f\u00e9rias &#8211; JAN\/FEV\/2026<\/a><\/div><\/li><li class='cat-post-item'><div><a class=\"cat-post-title\" href=\"http:\/\/www.quimica.ufpr.br\/paginas\/graduacao\/2026-1s-grade-info-orient\/\" rel=\"bookmark\">\u25ba 2026-1S: Grade Hor\u00e1ria, Informa\u00e7\u00f5es e Orienta\u00e7\u00f5es<\/a><\/div><\/li><li class='cat-post-item'><div><a class=\"cat-post-title\" href=\"http:\/\/www.quimica.ufpr.br\/paginas\/graduacao\/p4e-acolhimento-psicologico\/\" rel=\"bookmark\">\u25ba P4E &#8211; Acolhimento Psicol\u00f3gico<\/a><\/div><\/li><li class='cat-post-item'><div><a class=\"cat-post-title\" href=\"http:\/\/www.quimica.ufpr.br\/paginas\/graduacao\/enade-2025-licenciatura\/\" rel=\"bookmark\">\u25ba ENADE 2025 &#8211; Alunos da Licenciatura<\/a><\/div><\/li><li class='cat-post-item'><div><a class=\"cat-post-title\" href=\"http:\/\/www.quimica.ufpr.br\/paginas\/graduacao\/em-defesa-das-licenciaturas\/\" rel=\"bookmark\">\u25ba Ato de Lan\u00e7amento da Frente em Defesa das Licenciaturas<\/a><\/div><\/li><li class='cat-post-item'><div><a class=\"cat-post-title\" href=\"http:\/\/www.quimica.ufpr.br\/paginas\/graduacao\/permanesendo-2025-2s\/\" rel=\"bookmark\">\u25ba Plant\u00f5es do PermaneSendo &#8211; Plant\u00e3o de acolhimento<\/a><\/div><\/li><li class='cat-post-item'><div><a class=\"cat-post-title\" href=\"http:\/\/www.quimica.ufpr.br\/paginas\/graduacao\/augm-edital-de-selecao-mobilidade-de-grado-saida-2026-1\/\" rel=\"bookmark\">\u25ba AUGM: Edital de Sele\u00e7\u00e3o Mobilidade de Grado (Sa\u00edda 2026\/1)<\/a><\/div><\/li><\/ul>\n<\/div><div id=\"panel-74-0-0-1\" class=\"so-panel widget widget_sow-editor\" data-index=\"1\" ><div\n\t\t\t\n\t\t\tclass=\"so-widget-sow-editor so-widget-sow-editor-base\"\n\t\t\t\n\t\t>\n<div class=\"siteorigin-widget-tinymce textwidget\">\n\t<h2 style=\"text-align: left\"><strong>Informa\u00e7\u00f5es Importantes<\/strong><\/h2>\n<p><a href=\"http:\/\/www.quimica.ufpr.br\/paginas\/graduacao\/atividades-formativas\/\">\u25ba Atividades Formativas<\/a>: Prazos e orienta\u00e7\u00f5es para envio.<\/p>\n<p><a href=\"https:\/\/www.quimica.ufpr.br\/paginas\/graduacao\/cancelamento-de-registro-academico\/\">\u25ba Cancelamento do Registro Acad\u00eamico - Abandono de Curso<\/a>: Alunos que n\u00e3o possuem matr\u00edcula ou trancamento no per\u00edodo.<\/p>\n<p><a href=\"https:\/\/www.quimica.ufpr.br\/paginas\/graduacao\/frequencias-faltas-segunda-chamada\/\">\u25ba Frequ\u00eancia \/ Faltas \/ Segunda Chamada<\/a><\/p>\n<p>\u25ba Cancelamento de disciplinas X carga hor\u00e1ria m\u00ednima<\/p>\n<p><a href=\"https:\/\/www.quimica.ufpr.br\/paginas\/graduacao\/aproveitamento-adiantamento-de-conhecimento\" target=\"_blank\" rel=\"noopener\">\u25ba Aproveitamento e Adiantamento de conhecimento<\/a><\/p>\n<p style=\"text-align: left\"><a href=\"https:\/\/ufpraberta.ufpr.br\/course\/view.php?id=9\">\u25ba SIGA - Tutoriais para utiliza\u00e7\u00e3o do Sistema<\/a><\/p>\n<p style=\"text-align: left\"><a href=\"https:\/\/www.prppg.ufpr.br\/siga\/\">\u25ba SIGA - Acesso ao Sistema<\/a>: \u00c9 pelo SIGA que os alunos solicitam as matr\u00edculas, podem acompanhar o Hist\u00f3rico Acad\u00eamico, gerar comprovante de matr\u00edcula, solicitar cancelamento de disciplinas, trancamento de curso, etc. \u00c9 importante que verifiquem os tutoriais disponibilizados.\u00a0<span style=\"color: #ff6600\"><strong>(<\/strong>para recupera\u00e7\u00e3o de senha verificar tamb\u00e9m o SPAM <strong>do e-mail que foi cadastrado no dia do seu registro acad\u00eamico)<\/strong><\/span><\/p>\n<p><a href=\"https:\/\/prae.ufpr.br\/programas-da-prae\/\" target=\"_blank\" rel=\"noopener\">\u25ba PRAE: Pr\u00f3-Reitoria de Assuntos Estudantis:<\/a> Programas de aux\u00edlios financeiros<\/p>\n<p><a href=\"https:\/\/pra.ufpr.br\/centran\/sobre\/onibus-intercampi\/\" target=\"_blank\" rel=\"noopener\">\u25ba \u00d4nibus Intercampi:<\/a> Hor\u00e1rios e rotas das linhas Intercampi<\/p>\n<p><a href=\"https:\/\/bibliotecas.ufpr.br\/\" target=\"_blank\" rel=\"noopener\">\u25ba Biblioteca UFPR:<\/a> SiBi\/UFPR - Sistema de Bibliotecas da UFPR<\/p>\n<hr \/>\n<p style=\"text-align: center\"><span style=\"color: #008000\"><strong>Para agilizar o atendimento, sempre ao enviar e-mails para a Coordena\u00e7\u00e3o informe seu GRR, Nome completo e Curso.<\/strong><\/span><\/p>\n<\/div>\n<\/div><\/div><div id=\"panel-74-0-0-2\" class=\"so-panel widget widget_sow-editor panel-last-child\" data-index=\"2\" ><div\n\t\t\t\n\t\t\tclass=\"so-widget-sow-editor so-widget-sow-editor-base\"\n\t\t\t\n\t\t>\n<div class=\"siteorigin-widget-tinymce textwidget\">\n\t<\/div>\n<\/div><\/div><\/div><div id=\"pgc-74-0-1\"  class=\"panel-grid-cell\" ><div id=\"panel-74-0-1-0\" class=\"so-panel widget widget_category-posts cat-post-widget panel-first-child\" data-index=\"3\" ><h3 class=\"widget-title\">Est\u00e1gios \/ Bolsas \/ Monitoria<\/h3><ul id=\"category-posts-1-internal\" class=\"category-posts-internal\">\n<li class='cat-post-item'><div><a class=\"cat-post-title\" href=\"http:\/\/www.quimica.ufpr.br\/paginas\/graduacao\/processo-seletivo-programa-de-educacao-tutorial-pet\/\" rel=\"bookmark\">\u25ba Processo Seletivo: Programa de Educa\u00e7\u00e3o Tutorial &#8211; PET \/ RESULTADO<\/a><\/div><\/li><li class='cat-post-item'><div><a class=\"cat-post-title\" href=\"http:\/\/www.quimica.ufpr.br\/paginas\/graduacao\/edital-selecao-projeto-experimentando-ciencia-e-artes-ii\/\" rel=\"bookmark\">\u25ba Edital de sele\u00e7\u00e3o &#8211; Projeto de Extens\u00e3o: \u201cExperimentando Ci\u00eancia e Artes II\u201d<\/a><\/div><\/li><li class='cat-post-item'><div><a class=\"cat-post-title\" href=\"http:\/\/www.quimica.ufpr.br\/paginas\/graduacao\/edital-programa-licenciar-2026-1\/\" rel=\"bookmark\">\u25ba Edital de Sele\u00e7\u00e3o: Programa Licenciar &#8211; Promovendo a Alfabetiza\u00e7\u00e3o Cient\u00edfica e Tecnol\u00f3gica nos anos finais do Ensino Fundamental<\/a><\/div><\/li><li class='cat-post-item'><div><a class=\"cat-post-title\" href=\"http:\/\/www.quimica.ufpr.br\/paginas\/graduacao\/monitores-cqe212-2026-1s\/\" rel=\"bookmark\">\u25ba Edital RESULTADO &#8211; Sele\u00e7\u00e3o de monitores &#8211; CQE212 &#8211; Qu\u00edmica Geral Experimental (2026-1S)<\/a><\/div><\/li><li class='cat-post-item'><div><a class=\"cat-post-title\" href=\"http:\/\/www.quimica.ufpr.br\/paginas\/graduacao\/selecao-monitoria-ep126-2026-1s\/\" rel=\"bookmark\">\u25ba Edital &#8211; Sele\u00e7\u00e3o de monitor: EP126 &#8211; Organiza\u00e7\u00e3o do Trabalho Pedag\u00f3gico na Escola<\/a><\/div><\/li><li class='cat-post-item'><div><a class=\"cat-post-title\" href=\"http:\/\/www.quimica.ufpr.br\/paginas\/graduacao\/selecao-monitor-cm303-2026-1s\/\" rel=\"bookmark\">\u25ba Edital &#8211; Sele\u00e7\u00e3o de monitor: CM303 &#8211; Introdu\u00e7\u00e3o \u00e0 Geometria Anal\u00edtica e \u00c1lgebra Linear<\/a><\/div><\/li><\/ul>\n<\/div><div id=\"panel-74-0-1-1\" class=\"so-panel widget widget_sow-image\" data-index=\"4\" ><div\n\t\t\t\n\t\t\tclass=\"so-widget-sow-image so-widget-sow-image-default-113ccd71f3e6-9162\"\n\t\t\t\n\t\t>\n<div class=\"sow-image-container\">\n\t\t\t<a href=\"https:\/\/www.quimica.ufpr.br\/paginas\/graduacao\/2026-1s-grade-info-orient\/\"\n\t\t\ttarget=\"_blank\" rel=\"noopener noreferrer\" \t\t>\n\t\t\t<img \n\tsrc=\"http:\/\/www.quimica.ufpr.br\/paginas\/graduacao\/wp-content\/uploads\/sites\/16\/2026\/02\/logocalouros.jpg\" width=\"288\" height=\"149\" sizes=\"(max-width: 288px) 100vw, 288px\" title=\"LOGOCALOUROS\" alt=\"\" \t\tclass=\"so-widget-image\"\/>\n\t\t\t<\/a><\/div>\n\n<\/div><\/div><div id=\"panel-74-0-1-2\" class=\"so-panel widget widget_sow-image\" data-index=\"5\" ><div\n\t\t\t\n\t\t\tclass=\"so-widget-sow-image so-widget-sow-image-default-8b5b6f678277-9162\"\n\t\t\t\n\t\t>\n<div class=\"sow-image-container\">\n\t\t\t<a href=\"https:\/\/sistemas.ufpr.br\/\"\n\t\t\ttarget=\"_blank\" rel=\"noopener noreferrer\" \t\t>\n\t\t\t<img \n\tsrc=\"http:\/\/www.quimica.ufpr.br\/paginas\/graduacao\/wp-content\/uploads\/sites\/16\/2026\/01\/avaliacursos2025-2s.jpg\" width=\"1182\" height=\"670\" srcset=\"http:\/\/www.quimica.ufpr.br\/paginas\/graduacao\/wp-content\/uploads\/sites\/16\/2026\/01\/avaliacursos2025-2s.jpg 1182w, http:\/\/www.quimica.ufpr.br\/paginas\/graduacao\/wp-content\/uploads\/sites\/16\/2026\/01\/avaliacursos2025-2s-300x170.jpg 300w, http:\/\/www.quimica.ufpr.br\/paginas\/graduacao\/wp-content\/uploads\/sites\/16\/2026\/01\/avaliacursos2025-2s-1024x580.jpg 1024w, http:\/\/www.quimica.ufpr.br\/paginas\/graduacao\/wp-content\/uploads\/sites\/16\/2026\/01\/avaliacursos2025-2s-768x435.jpg 768w\" sizes=\"(max-width: 1182px) 100vw, 1182px\" title=\"AvaliaCursos2025-2s\" alt=\"\" \t\tclass=\"so-widget-image\"\/>\n\t\t\t<\/a><\/div>\n\n<\/div><\/div><div id=\"panel-74-0-1-3\" class=\"so-panel widget widget_sow-image\" data-index=\"6\" ><div\n\t\t\t\n\t\t\tclass=\"so-widget-sow-image so-widget-sow-image-default-8b5b6f678277-9162\"\n\t\t\t\n\t\t>\n<div class=\"sow-image-container\">\n\t\t<img \n\tsrc=\"http:\/\/www.quimica.ufpr.br\/paginas\/graduacao\/wp-content\/uploads\/sites\/16\/2024\/10\/nota5.jpg\" width=\"1022\" height=\"556\" srcset=\"http:\/\/www.quimica.ufpr.br\/paginas\/graduacao\/wp-content\/uploads\/sites\/16\/2024\/10\/nota5.jpg 1022w, http:\/\/www.quimica.ufpr.br\/paginas\/graduacao\/wp-content\/uploads\/sites\/16\/2024\/10\/nota5-300x163.jpg 300w, http:\/\/www.quimica.ufpr.br\/paginas\/graduacao\/wp-content\/uploads\/sites\/16\/2024\/10\/nota5-768x418.jpg 768w\" sizes=\"(max-width: 1022px) 100vw, 1022px\" title=\"NOTA5\" alt=\"\" \t\tclass=\"so-widget-image\"\/>\n\t<\/div>\n\n<\/div><\/div><div id=\"panel-74-0-1-4\" class=\"so-panel widget widget_sow-editor\" data-index=\"7\" ><div\n\t\t\t\n\t\t\tclass=\"so-widget-sow-editor so-widget-sow-editor-base\"\n\t\t\t\n\t\t>\n<div class=\"siteorigin-widget-tinymce textwidget\">\n\t<\/div>\n<\/div><\/div><div id=\"panel-74-0-1-5\" class=\"so-panel widget widget_metaslider_widget\" data-index=\"8\" ><div id=\"metaslider-id-901\" style=\"max-width: 1000px;\" class=\"ml-slider-3-107-0 metaslider metaslider-flex metaslider-901 ml-slider has-dots-nav ms-theme-default\" role=\"region\" aria-label=\"New Slideshow\" data-height=\"728\" data-width=\"1000\">\n    <div id=\"metaslider_container_901\">\n        <div id=\"metaslider_901\">\n            <ul class='slides'>\n                <li style=\"display: block; width: 100%;\" class=\"slide-2630 ms-image \" aria-roledescription=\"slide\" data-date=\"2019-03-29 11:49:07\" data-filename=\"ufpr-seguran-1000x728.jpg\" data-slide-type=\"image\"><img loading=\"lazy\" decoding=\"async\" src=\"http:\/\/www.quimica.ufpr.br\/paginas\/graduacao\/wp-content\/uploads\/sites\/16\/2019\/03\/ufpr-seguran-1000x728.jpg\" height=\"728\" width=\"1000\" alt=\"\" class=\"slider-901 slide-2630 msDefaultImage\" title=\"UFPR Seguran\" \/><\/li>\n            <\/ul>\n        <\/div>\n        \n    <\/div>\n<\/div><\/div><div id=\"panel-74-0-1-6\" class=\"so-panel widget widget_sow-image\" data-index=\"9\" ><div\n\t\t\t\n\t\t\tclass=\"so-widget-sow-image so-widget-sow-image-default-8b5b6f678277-9162\"\n\t\t\t\n\t\t>\n<div class=\"sow-image-container\">\n\t\t\t<a href=\"https:\/\/intranet.ufpr.br\/formulario\/cpa\/pesquisas\/ict2025\"\n\t\t\ttarget=\"_blank\" rel=\"noopener noreferrer\" \t\t>\n\t\t\t<img \n\tsrc=\"http:\/\/www.quimica.ufpr.br\/paginas\/graduacao\/wp-content\/uploads\/sites\/16\/2025\/10\/avaic-1024x419.png\" width=\"1024\" height=\"419\" srcset=\"http:\/\/www.quimica.ufpr.br\/paginas\/graduacao\/wp-content\/uploads\/sites\/16\/2025\/10\/avaic-1024x419.png 1024w, http:\/\/www.quimica.ufpr.br\/paginas\/graduacao\/wp-content\/uploads\/sites\/16\/2025\/10\/avaic-300x123.png 300w, http:\/\/www.quimica.ufpr.br\/paginas\/graduacao\/wp-content\/uploads\/sites\/16\/2025\/10\/avaic-768x314.png 768w, http:\/\/www.quimica.ufpr.br\/paginas\/graduacao\/wp-content\/uploads\/sites\/16\/2025\/10\/avaic-1536x629.png 1536w, http:\/\/www.quimica.ufpr.br\/paginas\/graduacao\/wp-content\/uploads\/sites\/16\/2025\/10\/avaic-2048x838.png 2048w\" sizes=\"(max-width: 1024px) 100vw, 1024px\" title=\"avaiC\" alt=\"\" \t\tclass=\"so-widget-image\"\/>\n\t\t\t<\/a><\/div>\n\n<\/div><\/div><div id=\"panel-74-0-1-7\" class=\"so-panel widget widget_media_video\" data-index=\"10\" ><div style=\"width:100%;\" class=\"wp-video\"><video class=\"wp-video-shortcode\" id=\"video-9162-1\" preload=\"metadata\" controls=\"controls\"><source type=\"video\/youtube\" src=\"https:\/\/www.youtube.com\/watch?v=mTsqmhqp93s&#038;_=1\" \/><a href=\"https:\/\/www.youtube.com\/watch?v=mTsqmhqp93s\">https:\/\/www.youtube.com\/watch?v=mTsqmhqp93s<\/a><\/video><\/div><\/div><div id=\"panel-74-0-1-8\" class=\"so-panel widget widget_text\" data-index=\"11\" >\t\t\t<div class=\"textwidget\"><p>UFPR TV &#8211; Projetos de inicia\u00e7\u00e3o cient\u00edfica que saem das salas de aula para atender a comunidade<\/p>\n<hr \/>\n<p>&nbsp;<\/p>\n<\/div>\n\t\t<\/div><div id=\"panel-74-0-1-9\" class=\"so-panel widget widget_sow-editor\" data-index=\"12\" ><div\n\t\t\t\n\t\t\tclass=\"so-widget-sow-editor so-widget-sow-editor-base\"\n\t\t\t\n\t\t>\n<div class=\"siteorigin-widget-tinymce textwidget\">\n\t<\/div>\n<\/div><\/div><div id=\"panel-74-0-1-10\" class=\"so-panel widget widget_sow-editor panel-last-child\" data-index=\"13\" ><div\n\t\t\t\n\t\t\tclass=\"so-widget-sow-editor so-widget-sow-editor-base\"\n\t\t\t\n\t\t>\n<div class=\"siteorigin-widget-tinymce textwidget\">\n\t<p data-olk-copy-source=\"MessageBody\">\u00c0 Comunidade Acad\u00eamica,<\/p>\n<p>A Coordena\u00e7\u00e3o do Curso de Qu\u00edmica vem, por meio deste, manifestar-se acerca de postagens veiculadas em redes sociais que questionam a validade de um question\u00e1rio recentemente aplicado entre os discentes, insinuando, de forma equivocada, a possibilidade de fechamento do curso noturno de Licenciatura em Qu\u00edmica.<\/p>\n<p>\u00c9 com perplexidade que registramos a dissemina\u00e7\u00e3o de informa\u00e7\u00f5es inver\u00eddicas e tendenciosas, as quais, al\u00e9m de carecerem de fundamenta\u00e7\u00e3o factual, geram um clima de desconfian\u00e7a e animosidade entre os discentes e a Coordena\u00e7\u00e3o, podendo ainda causar inseguran\u00e7a injustificada aos alunos regularmente matriculados.<\/p>\n<p>Esclarecimentos Necess\u00e1rios:<\/p>\n<p>1) Objetivo do Question\u00e1rio:<\/p>\n<p>O instrumento em quest\u00e3o tem como finalidade exclusiva a elabora\u00e7\u00e3o de um diagn\u00f3stico do perfil discente, visando subsidiar a ado\u00e7\u00e3o de estrat\u00e9gias para a melhoria cont\u00ednua do curso. Tal iniciativa justifica-se diante de indicadores preocupantes, tais como evas\u00e3o, baixa procura no vestibular e \u00edndices elevados de reprova\u00e7\u00e3o, que demandam interven\u00e7\u00f5es imediatas e planejadas - nunca o encerramento do curso.<\/p>\n<p>2) Precedentes e Transpar\u00eancia:<\/p>\n<p>Cumpre destacar que levantamentos an\u00e1logos foram realizados anteriormente (e.g., em 2019), com resultados amplamente divulgados em reuni\u00f5es p\u00fablicas no Departamento de Qu\u00edmica, conforme demonstram anexo os gr\u00e1ficos. A presente a\u00e7\u00e3o, portanto, insere-se em um contexto de aprimoramento acad\u00eamico, com total participa\u00e7\u00e3o dos discentes.<\/p>\n<p>3) Incompet\u00eancia da Coordena\u00e7\u00e3o para Encerramento de Curso:<\/p>\n<p>Ressalta-se, com \u00eanfase, que a Coordena\u00e7\u00e3o n\u00e3o det\u00e9m compet\u00eancia legal para deliberar sobre o encerramento de cursos de gradua\u00e7\u00e3o. Tal processo exigiria a an\u00e1lise sucessiva de m\u00faltiplas inst\u00e2ncias universit\u00e1rias e do Minist\u00e9rio da Educa\u00e7\u00e3o (MEC), pautando-se em crit\u00e9rios formais e amplo debate institucional.<\/p>\n<p>Lamentamos veementemente a divulga\u00e7\u00e3o de conjecturas infundadas, que desvirtuam a natureza do trabalho t\u00e9cnico-administrativo em curso. Conclamamos a comunidade a buscar informa\u00e7\u00f5es junto aos canais oficiais antes de emitir ju\u00edzos precipitados, abstendo-se de compartilhar conte\u00fados que possam comprometer o ambiente acad\u00eamico e a reputa\u00e7\u00e3o da institui\u00e7\u00e3o.<\/p>\n<p>_<\/p>\n<p>Coordena\u00e7\u00e3o do Curso de Qu\u00edmica<\/p>\n<\/div>\n<\/div><\/div><\/div><\/div><\/div><\/div>","protected":false},"excerpt":{"rendered":"<p>Informa\u00e7\u00f5es Importantes \u25ba Atividades Formativas: Prazos e orienta\u00e7\u00f5es para envio. \u25ba Cancelamento do Registro Acad\u00eamico &#8211; Abandono de Curso: Alunos que n\u00e3o possuem matr\u00edcula ou trancamento no per\u00edodo. \u25ba Frequ\u00eancia \/ Faltas \/ Segunda Chamada \u25ba Cancelamento de disciplinas X carga hor\u00e1ria m\u00ednima \u25ba Aproveitamento e Adiantamento de conhecimento \u25ba SIGA &#8211; Tutoriais para utiliza\u00e7\u00e3o [&hellip;]<\/p>\n","protected":false},"author":34,"featured_media":0,"parent":0,"menu_order":0,"comment_status":"closed","ping_status":"closed","template":"","meta":{"footnotes":""},"class_list":["post-74","page","type-page","status-publish","hentry"],"_links":{"self":[{"href":"http:\/\/www.quimica.ufpr.br\/paginas\/graduacao\/wp-json\/wp\/v2\/pages\/74","targetHints":{"allow":["GET"]}}],"collection":[{"href":"http:\/\/www.quimica.ufpr.br\/paginas\/graduacao\/wp-json\/wp\/v2\/pages"}],"about":[{"href":"http:\/\/www.quimica.ufpr.br\/paginas\/graduacao\/wp-json\/wp\/v2\/types\/page"}],"author":[{"embeddable":true,"href":"http:\/\/www.quimica.ufpr.br\/paginas\/graduacao\/wp-json\/wp\/v2\/users\/34"}],"replies":[{"embeddable":true,"href":"http:\/\/www.quimica.ufpr.br\/paginas\/graduacao\/wp-json\/wp\/v2\/comments?post=74"}],"version-history":[{"count":654,"href":"http:\/\/www.quimica.ufpr.br\/paginas\/graduacao\/wp-json\/wp\/v2\/pages\/74\/revisions"}],"predecessor-version":[{"id":9211,"href":"http:\/\/www.quimica.ufpr.br\/paginas\/graduacao\/wp-json\/wp\/v2\/pages\/74\/revisions\/9211"}],"wp:attachment":[{"href":"http:\/\/www.quimica.ufpr.br\/paginas\/graduacao\/wp-json\/wp\/v2\/media?parent=74"}],"curies":[{"name":"wp","href":"https:\/\/api.w.org\/{rel}","templated":true}]}}