{"id":6840,"date":"2023-03-20T13:03:46","date_gmt":"2023-03-20T16:03:46","guid":{"rendered":"https:\/\/www.quimica.ufpr.br\/paginas\/graduacao\/?page_id=6840"},"modified":"2025-08-05T12:12:50","modified_gmt":"2025-08-05T15:12:50","slug":"quimica-abi-integral","status":"publish","type":"page","link":"http:\/\/www.quimica.ufpr.br\/paginas\/graduacao\/quimica-abi-integral\/","title":{"rendered":"Qu\u00edmica ABI &#8211; Integral"},"content":{"rendered":"<p style=\"text-align: center\"><strong>CURSO DE QU\u00cdMICA &#8211; ABI &#8211; \u00c1REA B\u00c1SICA DE INGRESSO<\/strong><\/p>\n<p style=\"text-align: center\"><strong>GRADE QUI-ABI-2023<\/strong><\/p>\n<p><strong>TURNO:<\/strong> INTEGRAL<\/p>\n<p><strong>\u25ba O que \u00e9 a \u00e1rea b\u00e1sica de ingresso?<\/strong><\/p>\n<p>Os cursos de Licenciatura e Bacharelado em Qu\u00edmica da UFPR compartilham uma <strong>base curricular comum nos quatro primeiros per\u00edodos.\u00a0<\/strong>Isso significa que estudantes de ambas as modalidades cursam as mesmas disciplinas nesse per\u00edodo, o que permite uma forma\u00e7\u00e3o s\u00f3lida e integrada antes da diferencia\u00e7\u00e3o de \u00eanfases entre os cursos.<\/p>\n<p>A principal diferen\u00e7a entre os cursos de Licenciatura e Bacharelado em Qu\u00edmica est\u00e1 na forma\u00e7\u00e3o profissional: a Licenciatura prepara o estudante para atuar como professor na educa\u00e7\u00e3o b\u00e1sica, com \u00eanfase em pr\u00e1ticas pedag\u00f3gicas e est\u00e1gios em escolas, enquanto o Bacharelado forma profissionais voltados para atua\u00e7\u00e3o em pesquisa, ind\u00fastria e laborat\u00f3rios, com foco mais t\u00e9cnico e cient\u00edfico.<\/p>\n<p>Para entender as principais diferen\u00e7as entre os cursos de Licenciatura e Bacharelado em Qu\u00edmica, acesse a p\u00e1gina comparativa entre as modalidades.<\/p>\n<p>Ap\u00f3s o ciclo b\u00e1sico, iniciam-se as disciplinas espec\u00edficas do Bacharelado e da Licenciatura. O que isso significa?<br \/>\nA exist\u00eancia de uma base curricular comum nos primeiros per\u00edodos dos cursos de Qu\u00edmica se justifica pela necessidade de fornecer a todos os estudantes uma forma\u00e7\u00e3o s\u00f3lida e integrada nas \u00e1reas fundamentais da ci\u00eancia. Tanto na Licenciatura quanto no Bacharelado, \u00e9 essencial o dom\u00ednio de conte\u00fados como Qu\u00edmica Geral, C\u00e1lculo e F\u00edsico-Qu\u00edmica, que servem como alicerce para o aprofundamento posterior, seja em abordagens pedag\u00f3gicas ou em contextos de pesquisa e ind\u00fastria.<\/p>\n<p>Essa base compartilhada tamb\u00e9m facilita a mobilidade acad\u00eamica e a compreens\u00e3o ampla da \u00e1rea, promovendo uma vis\u00e3o unificada das compet\u00eancias essenciais para o profissional da Qu\u00edmica.<br \/>\nAbaixo, voc\u00ea confere a organiza\u00e7\u00e3o das disciplinas por per\u00edodo, com indica\u00e7\u00e3o da carga hor\u00e1ria, pr\u00e9-requisitos e outras informa\u00e7\u00f5es relevantes. Essas disciplinas referem-se \u00e0 base comum. Informa\u00e7\u00f5es espec\u00edficas podem ser encontradas nas p\u00e1ginas espec\u00edficas de cada curso.<\/p>\n<p>&nbsp;<\/p>\n<table width=\"643\">\n<tbody>\n<tr>\n<td colspan=\"13\" width=\"643\">\n<p style=\"text-align: center\"><strong>1\u00ba PER\u00cdODO<\/strong><\/p>\n<\/td>\n<\/tr>\n<tr>\n<td width=\"57\"><strong>C\u00f3digo<\/strong><\/td>\n<td width=\"198\"><strong>Disciplina<\/strong><\/td>\n<td width=\"28\"><strong>PD<\/strong><\/td>\n<td width=\"28\"><strong>LB<\/strong><\/td>\n<td width=\"28\"><strong>CP<\/strong><\/td>\n<td width=\"28\"><strong>OR<\/strong><\/td>\n<td width=\"28\"><strong>ES<\/strong><\/td>\n<td width=\"28\"><strong>PE<\/strong><\/td>\n<td width=\"28\"><strong>EFP<\/strong><\/td>\n<td width=\"38\"><strong>TOT<\/strong><\/td>\n<td width=\"38\"><strong>EXT<\/strong><\/td>\n<td width=\"38\"><strong>PCC<\/strong><\/td>\n<td width=\"76\"><strong>PR\u00c9-REQ<\/strong><\/td>\n<\/tr>\n<tr>\n<td width=\"57\">CM300<\/td>\n<td width=\"198\">INTRODU\u00c7\u00c3O AO C\u00c1LCULO<\/td>\n<td width=\"28\">60<\/td>\n<td width=\"28\">0<\/td>\n<td width=\"28\">0<\/td>\n<td width=\"28\">0<\/td>\n<td width=\"28\">0<\/td>\n<td width=\"28\">0<\/td>\n<td width=\"28\">0<\/td>\n<td width=\"38\">60<\/td>\n<td width=\"38\">0<\/td>\n<td width=\"38\">0<\/td>\n<td width=\"76\">&#8211;<\/td>\n<\/tr>\n<tr>\n<td width=\"57\">CQ211<\/td>\n<td width=\"198\">QU\u00cdMICA GERAL<\/td>\n<td width=\"28\">60<\/td>\n<td width=\"28\">0<\/td>\n<td width=\"28\">0<\/td>\n<td width=\"28\">0<\/td>\n<td width=\"28\">0<\/td>\n<td width=\"28\">0<\/td>\n<td width=\"28\">0<\/td>\n<td width=\"38\">60<\/td>\n<td width=\"38\">0<\/td>\n<td width=\"38\">0<\/td>\n<td width=\"76\">&#8211;<\/td>\n<\/tr>\n<tr>\n<td width=\"57\">CQ213<\/td>\n<td width=\"198\">HIST\u00d3RIA DA QU\u00cdMICA<\/td>\n<td width=\"28\">30<\/td>\n<td width=\"28\">0<\/td>\n<td width=\"28\">0<\/td>\n<td width=\"28\">0<\/td>\n<td width=\"28\">0<\/td>\n<td width=\"28\">0<\/td>\n<td width=\"28\">0<\/td>\n<td width=\"38\">30<\/td>\n<td width=\"38\">0<\/td>\n<td width=\"38\">0<\/td>\n<td width=\"76\">&#8211;<\/td>\n<\/tr>\n<tr>\n<td width=\"57\">CQ248<\/td>\n<td width=\"198\">FILOSOFIA DA CI\u00caNCIA PARA A QU\u00cdMICA<\/td>\n<td width=\"28\">30<\/td>\n<td width=\"28\">0<\/td>\n<td width=\"28\">0<\/td>\n<td width=\"28\">0<\/td>\n<td width=\"28\">0<\/td>\n<td width=\"28\">0<\/td>\n<td width=\"28\">0<\/td>\n<td width=\"38\">30<\/td>\n<td width=\"38\">0<\/td>\n<td width=\"38\">0<\/td>\n<td width=\"76\">&#8211;<\/td>\n<\/tr>\n<tr>\n<td width=\"57\">CQE212<\/td>\n<td width=\"198\">QU\u00cdMICA GERAL EXPERIMENTAL<\/td>\n<td width=\"28\">0<\/td>\n<td width=\"28\">60<\/td>\n<td width=\"28\">0<\/td>\n<td width=\"28\">0<\/td>\n<td width=\"28\">0<\/td>\n<td width=\"28\">0<\/td>\n<td width=\"28\">0<\/td>\n<td width=\"38\">60<\/td>\n<td width=\"38\">20<\/td>\n<td width=\"38\">15<\/td>\n<td width=\"76\">&#8211;<\/td>\n<\/tr>\n<tr>\n<td width=\"57\">ET170<\/td>\n<td width=\"198\">DIVERSIDADE \u00c9TNICO-RACIAL, G\u00caNERO E SEXUALIDADE<\/td>\n<td width=\"28\">30<\/td>\n<td width=\"28\">0<\/td>\n<td width=\"28\">0<\/td>\n<td width=\"28\">0<\/td>\n<td width=\"28\">0<\/td>\n<td width=\"28\">0<\/td>\n<td width=\"28\">0<\/td>\n<td width=\"38\">30<\/td>\n<td width=\"38\">0<\/td>\n<td width=\"38\">10<\/td>\n<td width=\"76\">&#8211;<\/td>\n<\/tr>\n<tr>\n<td width=\"57\">CQE326<\/td>\n<td width=\"198\">EDUCA\u00c7\u00c3O AMBIENTAL<\/td>\n<td width=\"28\">30<\/td>\n<td width=\"28\">0<\/td>\n<td width=\"28\">0<\/td>\n<td width=\"28\">0<\/td>\n<td width=\"28\">0<\/td>\n<td width=\"28\">0<\/td>\n<td width=\"28\">0<\/td>\n<td width=\"38\">30<\/td>\n<td width=\"38\">30<\/td>\n<td width=\"38\">0<\/td>\n<td width=\"76\">&#8211;<\/td>\n<\/tr>\n<tr>\n<td width=\"57\"><\/td>\n<td width=\"198\">\n<p style=\"text-align: center\"><strong>TOTAL<\/strong><\/p>\n<\/td>\n<td width=\"28\">240<\/td>\n<td width=\"28\">60<\/td>\n<td width=\"28\">0<\/td>\n<td width=\"28\">0<\/td>\n<td width=\"28\">0<\/td>\n<td width=\"28\">0<\/td>\n<td width=\"28\">0<\/td>\n<td width=\"38\"><strong>300<\/strong><\/td>\n<td width=\"38\">50<\/td>\n<td width=\"38\">25<\/td>\n<td width=\"76\">&#8211;<\/td>\n<\/tr>\n<\/tbody>\n<\/table>\n<p><strong>\u00a0<\/strong><\/p>\n<p><strong>\u00a0<\/strong><\/p>\n<table width=\"643\">\n<tbody>\n<tr>\n<td colspan=\"13\" width=\"643\">\n<p style=\"text-align: center\"><strong>2\u00ba PER\u00cdODO<\/strong><\/p>\n<\/td>\n<\/tr>\n<tr>\n<td width=\"52\"><strong>C\u00f3digo<\/strong><\/td>\n<td width=\"215\"><strong>Disciplina<\/strong><\/td>\n<td width=\"31\"><strong>PD<\/strong><\/td>\n<td width=\"30\"><strong>LB<\/strong><\/td>\n<td width=\"30\"><strong>CP<\/strong><\/td>\n<td width=\"30\"><strong>OR<\/strong><\/td>\n<td width=\"32\"><strong>ES<\/strong><\/td>\n<td width=\"24\"><strong>PE<\/strong><\/td>\n<td width=\"33\"><strong>EFP<\/strong><\/td>\n<td width=\"37\"><strong>TOT<\/strong><\/td>\n<td width=\"30\"><strong>EXT<\/strong><\/td>\n<td width=\"34\"><strong>PCC<\/strong><\/td>\n<td width=\"66\"><strong>PR\u00c9-REQ<\/strong><\/td>\n<\/tr>\n<tr>\n<td width=\"52\">CE009<\/td>\n<td width=\"215\">INTRODU\u00c7\u00c3O \u00c0 ESTAT\u00cdSTICA<\/td>\n<td width=\"31\">60<\/td>\n<td width=\"30\">0<\/td>\n<td width=\"30\">0<\/td>\n<td width=\"30\">0<\/td>\n<td width=\"32\">0<\/td>\n<td width=\"24\">0<\/td>\n<td width=\"33\">0<\/td>\n<td width=\"37\">60<\/td>\n<td width=\"30\">0<\/td>\n<td width=\"34\">0<\/td>\n<td width=\"66\">&#8211;<\/td>\n<\/tr>\n<tr>\n<td width=\"52\">CM301<\/td>\n<td width=\"215\">C\u00c1LCULO EM UMA VARI\u00c1VEL REAL<\/td>\n<td width=\"31\">60<\/td>\n<td width=\"30\">0<\/td>\n<td width=\"30\">0<\/td>\n<td width=\"30\">0<\/td>\n<td width=\"32\">0<\/td>\n<td width=\"24\">0<\/td>\n<td width=\"33\">0<\/td>\n<td width=\"37\">60<\/td>\n<td width=\"30\">0<\/td>\n<td width=\"34\">0<\/td>\n<td width=\"66\">CM300<\/td>\n<\/tr>\n<tr>\n<td width=\"52\">CM303<\/td>\n<td width=\"215\">INTRODU\u00c7\u00c3O \u00c0 GEOMETRIA ANAL\u00cdTICA E \u00c1LGEBRA LINEAR<\/td>\n<td width=\"31\">60<\/td>\n<td width=\"30\">0<\/td>\n<td width=\"30\">0<\/td>\n<td width=\"30\">0<\/td>\n<td width=\"32\">0<\/td>\n<td width=\"24\">0<\/td>\n<td width=\"33\">0<\/td>\n<td width=\"37\">60<\/td>\n<td width=\"30\">0<\/td>\n<td width=\"34\">0<\/td>\n<td width=\"66\">&#8211;<\/td>\n<\/tr>\n<tr>\n<td width=\"52\">CQ214<\/td>\n<td width=\"215\">QU\u00cdMICA ANAL\u00cdTICA I<\/td>\n<td width=\"31\">60<\/td>\n<td width=\"30\">30<\/td>\n<td width=\"30\">0<\/td>\n<td width=\"30\">0<\/td>\n<td width=\"32\">0<\/td>\n<td width=\"24\">0<\/td>\n<td width=\"33\">0<\/td>\n<td width=\"37\">90<\/td>\n<td width=\"30\">0<\/td>\n<td width=\"34\">0<\/td>\n<td width=\"66\">&#8211;<\/td>\n<\/tr>\n<tr>\n<td width=\"52\">CQ221<\/td>\n<td width=\"215\">QU\u00cdMICA INORG\u00c2NICA I<\/td>\n<td width=\"31\">30<\/td>\n<td width=\"30\">0<\/td>\n<td width=\"30\">0<\/td>\n<td width=\"30\">0<\/td>\n<td width=\"32\">0<\/td>\n<td width=\"24\">0<\/td>\n<td width=\"33\">0<\/td>\n<td width=\"37\">30<\/td>\n<td width=\"30\">0<\/td>\n<td width=\"34\">0<\/td>\n<td width=\"66\">&#8211;<\/td>\n<\/tr>\n<tr>\n<td width=\"52\"><\/td>\n<td width=\"215\">\n<p style=\"text-align: center\"><strong>TOTAL<\/strong><\/p>\n<\/td>\n<td width=\"31\">270<\/td>\n<td width=\"30\">30<\/td>\n<td width=\"30\">0<\/td>\n<td width=\"30\">0<\/td>\n<td width=\"32\">0<\/td>\n<td width=\"24\">0<\/td>\n<td width=\"33\">0<\/td>\n<td width=\"37\"><strong>300<\/strong><\/td>\n<td width=\"30\">0<\/td>\n<td width=\"34\">0<\/td>\n<td width=\"66\">&#8211;<\/td>\n<\/tr>\n<\/tbody>\n<\/table>\n<p><strong>\u00a0<\/strong><\/p>\n<table width=\"624\">\n<tbody>\n<tr>\n<td colspan=\"13\" width=\"624\">\n<p style=\"text-align: center\"><strong>3\u00ba PER\u00cdODO<\/strong><\/p>\n<\/td>\n<\/tr>\n<tr>\n<td width=\"65\"><strong>C\u00f3digo<\/strong><\/td>\n<td width=\"189\"><strong>Disciplina<\/strong><\/td>\n<td width=\"29\"><strong>PD<\/strong><\/td>\n<td width=\"28\"><strong>LB<\/strong><\/td>\n<td width=\"28\"><strong>CP<\/strong><\/td>\n<td width=\"28\"><strong>OR<\/strong><\/td>\n<td width=\"28\"><strong>ES<\/strong><\/td>\n<td width=\"28\"><strong>PE<\/strong><\/td>\n<td width=\"28\"><strong>EFP<\/strong><\/td>\n<td width=\"38\"><strong>TOT<\/strong><\/td>\n<td width=\"28\"><strong>EXT<\/strong><\/td>\n<td width=\"28\"><strong>PCC<\/strong><\/td>\n<td width=\"76\"><strong>PR\u00c9-REQ \/ Co-Req<\/strong><\/td>\n<\/tr>\n<tr>\n<td width=\"65\">CM302<\/td>\n<td width=\"189\">C\u00c1LCULO EM V\u00c1RIAS VARI\u00c1VEIS REAIS<\/td>\n<td width=\"29\">60<\/td>\n<td width=\"28\">0<\/td>\n<td width=\"28\">0<\/td>\n<td width=\"28\">0<\/td>\n<td width=\"28\">0<\/td>\n<td width=\"28\">0<\/td>\n<td width=\"28\">0<\/td>\n<td width=\"38\">60<\/td>\n<td width=\"28\">0<\/td>\n<td width=\"28\">0<\/td>\n<td width=\"76\">CM301<\/td>\n<\/tr>\n<tr>\n<td width=\"65\">CQ222<\/td>\n<td width=\"189\">QU\u00cdMICA INORG\u00c2NICA II<\/td>\n<td width=\"29\">30<\/td>\n<td width=\"28\">0<\/td>\n<td width=\"28\">0<\/td>\n<td width=\"28\">0<\/td>\n<td width=\"28\">0<\/td>\n<td width=\"28\">0<\/td>\n<td width=\"28\">0<\/td>\n<td width=\"38\">30<\/td>\n<td width=\"28\">0<\/td>\n<td width=\"28\">0<\/td>\n<td width=\"76\">CQ221<\/td>\n<\/tr>\n<tr>\n<td width=\"65\">CQ231<\/td>\n<td width=\"189\">QU\u00cdMICA ORG\u00c2NICA I<\/td>\n<td width=\"29\">30<\/td>\n<td width=\"28\">0<\/td>\n<td width=\"28\">0<\/td>\n<td width=\"28\">0<\/td>\n<td width=\"28\">0<\/td>\n<td width=\"28\">0<\/td>\n<td width=\"28\">0<\/td>\n<td width=\"38\">30<\/td>\n<td width=\"28\">0<\/td>\n<td width=\"28\">0<\/td>\n<td width=\"76\">CQ211<\/td>\n<\/tr>\n<tr>\n<td width=\"65\">CQE215<\/td>\n<td width=\"189\">QU\u00cdMICA ANAL\u00cdTICA II<\/td>\n<td width=\"29\">30<\/td>\n<td width=\"28\">60<\/td>\n<td width=\"28\">0<\/td>\n<td width=\"28\">0<\/td>\n<td width=\"28\">0<\/td>\n<td width=\"28\">0<\/td>\n<td width=\"28\">0<\/td>\n<td width=\"38\">90<\/td>\n<td width=\"28\">20<\/td>\n<td width=\"28\">0<\/td>\n<td width=\"76\">CQ214<\/td>\n<\/tr>\n<tr>\n<td width=\"65\">CQE238<\/td>\n<td width=\"189\">F\u00cdSICO-QU\u00cdMICA I<\/td>\n<td width=\"29\">30<\/td>\n<td width=\"28\">0<\/td>\n<td width=\"28\">0<\/td>\n<td width=\"28\">0<\/td>\n<td width=\"28\">0<\/td>\n<td width=\"28\">0<\/td>\n<td width=\"28\">0<\/td>\n<td width=\"38\">30<\/td>\n<td width=\"28\">4<\/td>\n<td width=\"28\">0<\/td>\n<td width=\"76\">CM300<\/td>\n<\/tr>\n<tr>\n<td width=\"65\">CQE239<\/td>\n<td width=\"189\">F\u00cdSICO-QU\u00cdMICA EXPERIMENTAL I<\/td>\n<td width=\"29\">0<\/td>\n<td width=\"28\">30<\/td>\n<td width=\"28\">0<\/td>\n<td width=\"28\">0<\/td>\n<td width=\"28\">0<\/td>\n<td width=\"28\">0<\/td>\n<td width=\"28\">0<\/td>\n<td width=\"38\">30<\/td>\n<td width=\"28\">6<\/td>\n<td width=\"28\">0<\/td>\n<td width=\"76\">&#8211; \/ CQE238<\/td>\n<\/tr>\n<tr>\n<td width=\"65\"><\/td>\n<td width=\"189\">\n<p style=\"text-align: center\"><strong>TOTAL<\/strong><\/p>\n<\/td>\n<td width=\"29\">180<\/td>\n<td width=\"28\">90<\/td>\n<td width=\"28\">0<\/td>\n<td width=\"28\">0<\/td>\n<td width=\"28\">0<\/td>\n<td width=\"28\">0<\/td>\n<td width=\"28\">0<\/td>\n<td width=\"38\"><strong>270<\/strong><\/td>\n<td width=\"28\">30<\/td>\n<td width=\"28\">0<\/td>\n<td width=\"76\">&#8211;<\/td>\n<\/tr>\n<\/tbody>\n<\/table>\n<p><strong>\u00a0<\/strong><\/p>\n<p>&nbsp;<\/p>\n<table width=\"605\">\n<tbody>\n<tr>\n<td style=\"text-align: center\" colspan=\"13\" width=\"605\"><strong>4\u00ba PER\u00cdODO<\/strong><\/td>\n<\/tr>\n<tr>\n<td width=\"71\"><strong>C\u00f3digo<\/strong><\/td>\n<td width=\"175\"><strong>Disciplina<\/strong><\/td>\n<td width=\"28\"><strong>PD<\/strong><\/td>\n<td width=\"19\"><strong>LB<\/strong><\/td>\n<td width=\"19\"><strong>CP<\/strong><\/td>\n<td width=\"28\"><strong>OR<\/strong><\/td>\n<td width=\"28\"><strong>ES<\/strong><\/td>\n<td width=\"28\"><strong>PE<\/strong><\/td>\n<td width=\"28\"><strong>EFP<\/strong><\/td>\n<td width=\"38\"><strong>TOT<\/strong><\/td>\n<td width=\"28\"><strong>EXT<\/strong><\/td>\n<td width=\"28\"><strong>PCC<\/strong><\/td>\n<td width=\"85\"><strong>PR\u00c9-REQ \/ Co-Req<\/strong><\/td>\n<\/tr>\n<tr>\n<td width=\"71\">CF109<\/td>\n<td width=\"175\">F\u00cdSICA I<\/td>\n<td width=\"28\">60<\/td>\n<td width=\"19\">0<\/td>\n<td width=\"19\">0<\/td>\n<td width=\"28\">0<\/td>\n<td width=\"28\">0<\/td>\n<td width=\"28\">0<\/td>\n<td width=\"28\">0<\/td>\n<td width=\"38\">60<\/td>\n<td width=\"28\">0<\/td>\n<td width=\"28\">0<\/td>\n<td width=\"85\">&#8211;<\/td>\n<\/tr>\n<tr>\n<td width=\"71\">CQ223<\/td>\n<td width=\"175\">QU\u00cdMICA INORG\u00c2NICA III<\/td>\n<td width=\"28\">30<\/td>\n<td width=\"19\">0<\/td>\n<td width=\"19\">0<\/td>\n<td width=\"28\">0<\/td>\n<td width=\"28\">0<\/td>\n<td width=\"28\">0<\/td>\n<td width=\"28\">0<\/td>\n<td width=\"38\">30<\/td>\n<td width=\"28\">0<\/td>\n<td width=\"28\">0<\/td>\n<td width=\"85\">CQ221<\/td>\n<\/tr>\n<tr>\n<td width=\"71\">CQ232<\/td>\n<td width=\"175\">QU\u00cdMICA ORG\u00c2NICA II<\/td>\n<td width=\"28\">60<\/td>\n<td width=\"19\">0<\/td>\n<td width=\"19\">0<\/td>\n<td width=\"28\">0<\/td>\n<td width=\"28\">0<\/td>\n<td width=\"28\">0<\/td>\n<td width=\"28\">0<\/td>\n<td width=\"38\">60<\/td>\n<td width=\"28\">0<\/td>\n<td width=\"28\">0<\/td>\n<td width=\"85\">CQ231<\/td>\n<\/tr>\n<tr>\n<td width=\"71\">CQ216<\/td>\n<td width=\"175\">QU\u00cdMICA ANAL\u00cdTICA INSTRUMENTAL I<\/td>\n<td width=\"28\">30<\/td>\n<td width=\"19\">30<\/td>\n<td width=\"19\">0<\/td>\n<td width=\"28\">0<\/td>\n<td width=\"28\">0<\/td>\n<td width=\"28\">0<\/td>\n<td width=\"28\">0<\/td>\n<td width=\"38\">60<\/td>\n<td width=\"28\">0<\/td>\n<td width=\"28\">0<\/td>\n<td width=\"85\">CQ214<\/td>\n<\/tr>\n<tr>\n<td width=\"71\">CQE243<\/td>\n<td width=\"175\">F\u00cdSICO-QU\u00cdMICA IV<\/td>\n<td width=\"28\">30<\/td>\n<td width=\"19\">0<\/td>\n<td width=\"19\">0<\/td>\n<td width=\"28\">0<\/td>\n<td width=\"28\">0<\/td>\n<td width=\"28\">0<\/td>\n<td width=\"28\">0<\/td>\n<td width=\"38\">30<\/td>\n<td width=\"28\">4<\/td>\n<td width=\"28\">0<\/td>\n<td width=\"85\">(CM300 E CQE238)<\/td>\n<\/tr>\n<tr>\n<td width=\"71\">CQE244<\/td>\n<td width=\"175\">F\u00cdSICO-QU\u00cdMICA EXPERIMENTAL IV<\/td>\n<td width=\"28\">0<\/td>\n<td width=\"19\">30<\/td>\n<td width=\"19\">0<\/td>\n<td width=\"28\">0<\/td>\n<td width=\"28\">0<\/td>\n<td width=\"28\">0<\/td>\n<td width=\"28\">0<\/td>\n<td width=\"38\">30<\/td>\n<td width=\"28\">6<\/td>\n<td width=\"28\">0<\/td>\n<td width=\"85\">&#8211; \/ CQE243<\/td>\n<\/tr>\n<tr>\n<td width=\"71\">CQ256<\/td>\n<td width=\"175\">SEMIN\u00c1RIOS DE EDUCA\u00c7\u00c3O EM QU\u00cdMICA<\/td>\n<td width=\"28\">30<\/td>\n<td width=\"19\">0<\/td>\n<td width=\"19\">0<\/td>\n<td width=\"28\">0<\/td>\n<td width=\"28\">0<\/td>\n<td width=\"28\">0<\/td>\n<td width=\"28\">0<\/td>\n<td width=\"38\">30<\/td>\n<td width=\"28\">0<\/td>\n<td width=\"28\">0<\/td>\n<td width=\"85\">&#8211;<\/td>\n<\/tr>\n<tr>\n<td width=\"71\"><\/td>\n<td style=\"text-align: center\" width=\"175\"><strong>TOTAL<\/strong><\/td>\n<td width=\"28\">240<\/td>\n<td width=\"19\">60<\/td>\n<td width=\"19\">0<\/td>\n<td width=\"28\">0<\/td>\n<td width=\"28\">0<\/td>\n<td width=\"28\">0<\/td>\n<td width=\"28\">0<\/td>\n<td width=\"38\"><strong>300<\/strong><\/td>\n<td width=\"28\">10<\/td>\n<td width=\"28\">0<\/td>\n<td width=\"85\">&#8211;<\/td>\n<\/tr>\n<\/tbody>\n<\/table>\n<p>&nbsp;<\/p>\n<p><strong>PD:<\/strong>\u00a0Aula Padr\u00e3o \/\u00a0<strong>LB:\u00a0<\/strong>Aula Laborat\u00f3rio \/\u00a0<strong>CP:\u00a0<\/strong>Aula de Campo \/\u00a0<strong>ES:<\/strong>\u00a0Est\u00e1gio Supervisionado Obrigat\u00f3rio \/\u00a0<strong>OR:<\/strong>\u00a0Atividade Orientada \/\u00a0<strong>PE:\u00a0<\/strong>Pr\u00e1tica Espec\u00edfica \/\u00a0<strong>PR\u00c9-REQ:\u00a0<\/strong>Pr\u00e9-Requisito \/ <strong>TOT: <\/strong>Carga Hor\u00e1ria Semestral \/ <strong>EXT:<\/strong> Carga Hor\u00e1ria de Extens\u00e3o \/ PCC: Pr\u00e1tica Componente Curricular<\/p>\n<p>&nbsp;<\/p>\n<h5 style=\"text-align: center\"><strong>As disciplinas e periodiza\u00e7\u00e3o dos 1\u00ba, 2\u00ba, 3\u00ba e 4\u00ba per\u00edodos s\u00e3o as mesmas para as grades do Bacharelado e da Licenciatura.<\/strong><\/h5>\n<p>&nbsp;<\/p>\n<p><a href=\"http:\/\/www.quimica.ufpr.br\/paginas\/graduacao\/bacharelado-integral-12b-2023\/\">\u25ba Matriz Curricular do Bacharelado Integral (12B\/2023)<\/a><\/p>\n<p><a href=\"http:\/\/www.quimica.ufpr.br\/paginas\/graduacao\/licenciatura-integral-12a-2023\/\">\u25ba Matriz Curricular da Licenciatura Integral (12A\/2023)<\/a><\/p>\n","protected":false},"excerpt":{"rendered":"<p>CURSO DE QU\u00cdMICA &#8211; ABI &#8211; \u00c1REA B\u00c1SICA DE INGRESSO GRADE QUI-ABI-2023 TURNO: INTEGRAL \u25ba O que \u00e9 a \u00e1rea b\u00e1sica de ingresso? Os cursos de Licenciatura e Bacharelado em Qu\u00edmica da UFPR compartilham uma base curricular comum nos quatro primeiros per\u00edodos.\u00a0Isso significa que estudantes de ambas as modalidades cursam as mesmas disciplinas nesse per\u00edodo, [&hellip;]<\/p>\n","protected":false},"author":34,"featured_media":0,"parent":0,"menu_order":0,"comment_status":"closed","ping_status":"closed","template":"","meta":{"footnotes":""},"class_list":["post-6840","page","type-page","status-publish","hentry"],"_links":{"self":[{"href":"http:\/\/www.quimica.ufpr.br\/paginas\/graduacao\/wp-json\/wp\/v2\/pages\/6840","targetHints":{"allow":["GET"]}}],"collection":[{"href":"http:\/\/www.quimica.ufpr.br\/paginas\/graduacao\/wp-json\/wp\/v2\/pages"}],"about":[{"href":"http:\/\/www.quimica.ufpr.br\/paginas\/graduacao\/wp-json\/wp\/v2\/types\/page"}],"author":[{"embeddable":true,"href":"http:\/\/www.quimica.ufpr.br\/paginas\/graduacao\/wp-json\/wp\/v2\/users\/34"}],"replies":[{"embeddable":true,"href":"http:\/\/www.quimica.ufpr.br\/paginas\/graduacao\/wp-json\/wp\/v2\/comments?post=6840"}],"version-history":[{"count":12,"href":"http:\/\/www.quimica.ufpr.br\/paginas\/graduacao\/wp-json\/wp\/v2\/pages\/6840\/revisions"}],"predecessor-version":[{"id":8880,"href":"http:\/\/www.quimica.ufpr.br\/paginas\/graduacao\/wp-json\/wp\/v2\/pages\/6840\/revisions\/8880"}],"wp:attachment":[{"href":"http:\/\/www.quimica.ufpr.br\/paginas\/graduacao\/wp-json\/wp\/v2\/media?parent=6840"}],"curies":[{"name":"wp","href":"https:\/\/api.w.org\/{rel}","templated":true}]}}