{"id":6345,"date":"2022-08-29T11:05:08","date_gmt":"2022-08-29T14:05:08","guid":{"rendered":"https:\/\/www.quimica.ufpr.br\/paginas\/graduacao\/?page_id=6345"},"modified":"2022-08-29T11:56:13","modified_gmt":"2022-08-29T14:56:13","slug":"frequencias-faltas-segunda-chamada","status":"publish","type":"page","link":"http:\/\/www.quimica.ufpr.br\/paginas\/graduacao\/frequencias-faltas-segunda-chamada\/","title":{"rendered":"Frequ\u00eancias \/ Faltas \/ Segunda Chamada"},"content":{"rendered":"<p><span style=\"text-decoration: underline\"><strong>\u25ba FREQU\u00caNCIA \u00c0S AULAS<\/strong><\/span><\/p>\n<p>Para obter aprova\u00e7\u00e3o numa determinada disciplina, \u00e9 necess\u00e1rio frequentar mais de 75% das aulas. Se faltar a mais de 25% das aulas, o estudante estar\u00e1 reprovado, independentemente da nota\u00a0 Obtida.<\/p>\n<hr \/>\n<p><span style=\"text-decoration: underline\"><strong>\u25ba FALTAS<\/strong><\/span><\/p>\n<p>As faltas <strong>N\u00c3O<\/strong>\u00a0poder\u00e3o ser abonadas.<\/p>\n<p>Em alguns casos, entretanto, s\u00e3o permitidas dispensas de frequ\u00eancia, desde que sejam justificadas. S\u00e3o essas dispensas amparadas pelo Decreto-Lei n\u00ba 1.044\/69 e a Lei n\u00ba 6.202\/75. Nesses casos \u00e9 poss\u00edvel <span style=\"text-decoration: underline\"><strong>substituir a frequ\u00eancia por exerc\u00edcios domiciliares.<\/strong><\/span><\/p>\n<ul>\n<li>Enviar\/entregar o<a href=\"http:\/\/www.quimica.ufpr.br\/paginas\/graduacao\/formularios\/\" target=\"_blank\" rel=\"noopener\"> Formul\u00e1rio para Exerc\u00edcios Domiciliares<\/a> e o atestado na coordena\u00e7\u00e3o do curso.<\/li>\n<\/ul>\n<p>&nbsp;<\/p>\n<p><strong><em>RESOLU\u00c7\u00c3O 37\/97<\/em><\/strong><\/p>\n<p><em>Art. 80 -N\u00e3o haver\u00e1 abono de faltas, qualquer que tenha sido a raz\u00e3o da aus\u00eancia.<\/em><\/p>\n<p><em>Art. 81 -O coordenador do curso, de comum acordo com o(s) professor(es) ministrante(s) da(s) disciplina(s) cursada(s) pelo aluno, poder\u00e3o dispensar esporadicamente das aulas regulares o aluno participante de cursos intensivos, simp\u00f3sios, semin\u00e1rios, congressos, aulas extraordin\u00e1rias, e outras atividades similares, sempre que houver correla\u00e7\u00e3o com o seu curso, devendo, em caso de\u00a0 deferimento, ser marcadas presen\u00e7as em todas as aulas e possibilitada a segunda chamada de avalia\u00e7\u00f5es formais que eventualmente ocorrerem no per\u00edodo.<\/em><\/p>\n<p><em>\u00a7 1\u00ba &#8211; Nos casos em que o aluno necessite de uma manifesta\u00e7\u00e3o pr\u00e9via a respeito de sua pretens\u00e3o, dever\u00e1 o mesmo encaminhar pedido formal \u00e0 coordena\u00e7\u00e3o do curso, a qual, juntamente com o(s) professor(es) da(s) disciplina(s), dever\u00e3o pronunciar-se no prazo de cinco (05) dias \u00fateis contados do recebimento da solicita\u00e7\u00e3o.<\/em><br \/>\n<em>\u00a7 2\u00ba &#8211; Encerrado o evento, dever\u00e1 o aluno de imediato apresentar ao professor da disciplina documento comprobat\u00f3rio de sua participa\u00e7\u00e3o no mesmo, a fim de que sejam lan\u00e7adas as presen\u00e7as e marcada a eventual segunda chamada de avalia\u00e7\u00e3o formal.<\/em><\/p>\n<p><em>Art. 84 -Ser\u00e1 permitido aos(\u00e0s) alunos(as) amparados(as) pelo Decreto-Lei n\u00ba 1044\/69 e \u00e0s alunas em estado de gravidez, nos termos da Lei n\u00ba 6202\/75, substituir a frequ\u00eancia \u00e0s aulas por exerc\u00edcios domiciliares, sempre que a coordena\u00e7\u00e3o do curso, mediante consulta ao departamento se for o caso, entender como compat\u00edveis com o estado de sa\u00fade do requerente, com a natureza da disciplina e com as possibilidades da Institui\u00e7\u00e3o.<\/em><br \/>\n<em>Art. 85 -Impossibilitado de frequentar as aulas, o aluno ou seu representante requerer\u00e1 ao coordenador de seu curso, no prazo de at\u00e9 cinco 5 (cinco) dias \u00fateis contados do in\u00edcio do impedimento, o regime especial de exerc\u00edcios domiciliares, mediante apresenta\u00e7\u00e3o de atestado emitido por profissional da \u00e1rea de sa\u00fade.<\/em><\/p>\n<p>&nbsp;<\/p>\n<hr \/>\n<p><span style=\"text-decoration: underline\"><strong>\u25ba SEGUNDA CHAMADA<\/strong><\/span><\/p>\n<p>Se o aluno n\u00e3o puder comparecer a uma determinada avalia\u00e7\u00e3o, poder\u00e1 solicitar uma segunda oportunidade para realiz\u00e1-la, mas precisa apresentar um motivo relevante (veja Art. 106, da Res. CEPE 37\/97) para o n\u00e3o comparecimento. Para tanto, deve solicitar a segunda chamada ao professor ou ao departamento em at\u00e9 5 (cinco) \u00fateis ap\u00f3s a avalia\u00e7\u00e3o n\u00e3o realizada. \u00c9 preciso apresentar documentos comprobat\u00f3rios para justificar a solicita\u00e7\u00e3o de segunda chamada.<\/p>\n<p>A Segunda Chamada dever\u00e1 ser solicitada ao Departamento que oferta a disciplina <a href=\"https:\/\/www.quimica.ufpr.br\/paginas\/graduacao\/segunda-chamada-de-provas\/\" target=\"_blank\" rel=\"noopener\">(Link para contato com os Departamentos)<\/a> .<\/p>\n<p>&nbsp;<\/p>\n<p>&nbsp;<\/p>\n","protected":false},"excerpt":{"rendered":"<p>\u25ba FREQU\u00caNCIA \u00c0S AULAS Para obter aprova\u00e7\u00e3o numa determinada disciplina, \u00e9 necess\u00e1rio frequentar mais de 75% das aulas. Se faltar a mais de 25% das aulas, o estudante estar\u00e1 reprovado, independentemente da nota\u00a0 Obtida. \u25ba FALTAS As faltas N\u00c3O\u00a0poder\u00e3o ser abonadas. Em alguns casos, entretanto, s\u00e3o permitidas dispensas de frequ\u00eancia, desde que sejam justificadas. S\u00e3o [&hellip;]<\/p>\n","protected":false},"author":34,"featured_media":0,"parent":0,"menu_order":0,"comment_status":"closed","ping_status":"closed","template":"","meta":{"footnotes":""},"class_list":["post-6345","page","type-page","status-publish","hentry"],"_links":{"self":[{"href":"http:\/\/www.quimica.ufpr.br\/paginas\/graduacao\/wp-json\/wp\/v2\/pages\/6345","targetHints":{"allow":["GET"]}}],"collection":[{"href":"http:\/\/www.quimica.ufpr.br\/paginas\/graduacao\/wp-json\/wp\/v2\/pages"}],"about":[{"href":"http:\/\/www.quimica.ufpr.br\/paginas\/graduacao\/wp-json\/wp\/v2\/types\/page"}],"author":[{"embeddable":true,"href":"http:\/\/www.quimica.ufpr.br\/paginas\/graduacao\/wp-json\/wp\/v2\/users\/34"}],"replies":[{"embeddable":true,"href":"http:\/\/www.quimica.ufpr.br\/paginas\/graduacao\/wp-json\/wp\/v2\/comments?post=6345"}],"version-history":[{"count":6,"href":"http:\/\/www.quimica.ufpr.br\/paginas\/graduacao\/wp-json\/wp\/v2\/pages\/6345\/revisions"}],"predecessor-version":[{"id":6361,"href":"http:\/\/www.quimica.ufpr.br\/paginas\/graduacao\/wp-json\/wp\/v2\/pages\/6345\/revisions\/6361"}],"wp:attachment":[{"href":"http:\/\/www.quimica.ufpr.br\/paginas\/graduacao\/wp-json\/wp\/v2\/media?parent=6345"}],"curies":[{"name":"wp","href":"https:\/\/api.w.org\/{rel}","templated":true}]}}