{"id":5248,"date":"2021-09-14T16:15:26","date_gmt":"2021-09-14T19:15:26","guid":{"rendered":"https:\/\/www.quimica.ufpr.br\/paginas\/graduacao\/?page_id=5248"},"modified":"2025-03-31T13:05:09","modified_gmt":"2025-03-31T16:05:09","slug":"ementas-historico","status":"publish","type":"page","link":"http:\/\/www.quimica.ufpr.br\/paginas\/graduacao\/ementas-historico\/","title":{"rendered":"Ementas \/ Hist\u00f3rico"},"content":{"rendered":"<p style=\"text-align: center\"><strong>Ementas\/Programas das disciplinas<\/strong><\/p>\n<p><a href=\"https:\/\/transparencia.ufpr.br\/public\/dadosAcademicos\/graduacao_cursos.jsf\" target=\"_blank\" rel=\"noopener\">\u25ba Ementas no SIGA: Digitar o nome do curso &gt; Visualizar &gt; Matriz Curricular<\/a><\/p>\n<p><a href=\"http:\/\/www.quimica.ufpr.br\/paginas\/graduacao\/wp-content\/uploads\/sites\/16\/2024\/09\/12b-fichas-1-siga.pdf\">\u25ba Ementas e Bibliografia \/ Fichas &#8211; Disciplinas do Bacharelado em Qu\u00edmica (12B\/2023)<\/a><\/p>\n<p>&nbsp;<\/p>\n<p>As ementas que n\u00e3o est\u00e3o no SIGA ementas antigas poder\u00e3o ser solicitados aos departamentos que ofertam a disciplina.<\/p>\n<p><a href=\"http:\/\/www.quimica.ufpr.br\/paginas\/departamento\/contato\/\">\u25ba Disciplinas do Departamento de Qu\u00edmica<\/a><\/p>\n<p><a href=\"http:\/\/www.mat.ufpr.br\/departamento\/Programas.html\">\u25ba Disciplinas do Departamento de Matem\u00e1tica<\/a><\/p>\n<p><a href=\"https:\/\/fisica.ufpr.br\/info.html#content9-1j\">\u25ba Disciplinas do Departamento de F\u00edsica<\/a><\/p>\n<p><a href=\"http:\/\/www.est.ufpr.br\/departamento.html\">\u25ba Disciplinas do Departamento de Estat\u00edstica<\/a><\/p>\n<p><a href=\"https:\/\/drive.google.com\/drive\/folders\/1-zENrsSp5DlhdOO3ClO9afIS8i1bECc6\">\u25ba Disciplinas do Departamento de Geologia<\/a><\/p>\n<p><a href=\"https:\/\/educacao.ufpr.br\/departamentos\/\" target=\"_blank\" rel=\"noopener\">\u25ba Disciplinas dos Departamentos do Setor de Educa\u00e7\u00e3o<\/a>: Disciplinas EM: DTPEN \/ Disciplinas EP: DEPLAE \/ Disciplinas ET: DTFE.<\/p>\n<p>&nbsp;<\/p>\n<p>&nbsp;<\/p>\n<p style=\"text-align: center\"><strong>HIST\u00d3RICO COM NOTAS<\/strong><\/p>\n<p><strong><a href=\"http:\/\/www.prograd.ufpr.br\/portal\/copap\/faq-perguntas-frequentes\/\">Hist\u00f3rico com notas:\u00a0 Alunos que colaram grau antes de 2023<\/a><\/strong><\/p>\n<p><a href=\"http:\/\/www.quimica.ufpr.br\/paginas\/graduacao\/wp-content\/uploads\/sites\/16\/2023\/05\/tutorial_egresso.pdf\" target=\"_blank\" rel=\"noopener\"><strong>Hist\u00f3rico com notas \/ Diploma digital: Alunos que colaram grau a partir de 2023<\/strong><\/a><\/p>\n<p>&nbsp;<\/p>\n","protected":false},"excerpt":{"rendered":"<p>Ementas\/Programas das disciplinas \u25ba Ementas no SIGA: Digitar o nome do curso &gt; Visualizar &gt; Matriz Curricular \u25ba Ementas e Bibliografia \/ Fichas &#8211; Disciplinas do Bacharelado em Qu\u00edmica (12B\/2023) &nbsp; As ementas que n\u00e3o est\u00e3o no SIGA ementas antigas poder\u00e3o ser solicitados aos departamentos que ofertam a disciplina. \u25ba Disciplinas do Departamento de Qu\u00edmica [&hellip;]<\/p>\n","protected":false},"author":34,"featured_media":0,"parent":0,"menu_order":0,"comment_status":"closed","ping_status":"closed","template":"","meta":{"footnotes":""},"class_list":["post-5248","page","type-page","status-publish","hentry"],"_links":{"self":[{"href":"http:\/\/www.quimica.ufpr.br\/paginas\/graduacao\/wp-json\/wp\/v2\/pages\/5248","targetHints":{"allow":["GET"]}}],"collection":[{"href":"http:\/\/www.quimica.ufpr.br\/paginas\/graduacao\/wp-json\/wp\/v2\/pages"}],"about":[{"href":"http:\/\/www.quimica.ufpr.br\/paginas\/graduacao\/wp-json\/wp\/v2\/types\/page"}],"author":[{"embeddable":true,"href":"http:\/\/www.quimica.ufpr.br\/paginas\/graduacao\/wp-json\/wp\/v2\/users\/34"}],"replies":[{"embeddable":true,"href":"http:\/\/www.quimica.ufpr.br\/paginas\/graduacao\/wp-json\/wp\/v2\/comments?post=5248"}],"version-history":[{"count":14,"href":"http:\/\/www.quimica.ufpr.br\/paginas\/graduacao\/wp-json\/wp\/v2\/pages\/5248\/revisions"}],"predecessor-version":[{"id":8501,"href":"http:\/\/www.quimica.ufpr.br\/paginas\/graduacao\/wp-json\/wp\/v2\/pages\/5248\/revisions\/8501"}],"wp:attachment":[{"href":"http:\/\/www.quimica.ufpr.br\/paginas\/graduacao\/wp-json\/wp\/v2\/media?parent=5248"}],"curies":[{"name":"wp","href":"https:\/\/api.w.org\/{rel}","templated":true}]}}