{"id":5099,"date":"2021-08-30T10:17:54","date_gmt":"2021-08-30T13:17:54","guid":{"rendered":"https:\/\/www.quimica.ufpr.br\/paginas\/graduacao\/?page_id=5099"},"modified":"2026-01-22T13:13:28","modified_gmt":"2026-01-22T16:13:28","slug":"diplomas","status":"publish","type":"page","link":"http:\/\/www.quimica.ufpr.br\/paginas\/graduacao\/diplomas\/","title":{"rendered":"Diplomas"},"content":{"rendered":"<p>&nbsp;<\/p>\n<p><strong><a href=\"http:\/\/www.quimica.ufpr.br\/paginas\/graduacao\/wp-content\/uploads\/sites\/16\/2023\/05\/tutorial_egresso.pdf\" target=\"_blank\" rel=\"noopener\">\u25ba Tutorial Aluno Egresso &#8211; Para acesso ao Diploma Digital e acompanhamento do tr\u00e2mite de emiss\u00e3o<\/a><\/strong><\/p>\n<p>Prazo legal para disponibiliza\u00e7\u00e3o do diploma:<strong> 120 dias<\/strong> &lt; 60 dias (expedi\u00e7\u00e3o) + 60 dias (registro) &gt;&lt; Conforme Portaria 1.095\/2018 &#8211; Minist\u00e9rio da Educa\u00e7\u00e3o &gt;<\/p>\n<p>&nbsp;<\/p>\n<hr \/>\n<p>&nbsp;<\/p>\n<hr \/>\n<p style=\"text-align: center\"><strong>2\u00aa Via de Diploma<\/strong><\/p>\n<p>A emiss\u00e3o de segunda via do diploma \u00e9 especificada pela Resolu\u00e7\u00e3o-16-2017-COPLAD.<\/p>\n<p><a href=\"http:\/\/www.quimica.ufpr.br\/paginas\/graduacao\/wp-content\/uploads\/sites\/16\/2026\/01\/in-01-2026-taxas.pdf\">\u25ba Revis\u00e3o das taxas &#8211; 2026<\/a><\/p>\n<p><a href=\"http:\/\/www.quimica.ufpr.br\/paginas\/graduacao\/wp-content\/uploads\/sites\/16\/2023\/11\/2-via-requerimento.pdf\">\u25ba Requerimento para Solicita\u00e7\u00e3o de 2\u00aa Via<\/a><\/p>\n<p>&nbsp;<\/p>\n<p><strong>PROCEDIMENTOS PARA EMISS\u00c3O DE 2\u00aa VIA DO DIPLOMA<\/strong><\/p>\n<ol>\n<li>Informar por email ( coordenacao.quimica@ufpr.br )<\/li>\n<li>Pagar a taxa de emiss\u00e3o de 2\u00aa via do diploma link do tutorial: <a href=\"https:\/\/intranet.ufpr.br\/arrecadacao\/public\/index.jsf\">https:\/\/intranet.ufpr.br\/arrecadacao\/public\/index.jsf<\/a><\/li>\n<li><span data-olk-copy-source=\"MailCompose\">N\u00famero de refer\u00eancia para 2\u00aa via:\u00a0 1715366206001<\/span><\/li>\n<li>Preencher o requerimento de 2\u00aa via do diploma.<\/li>\n<li>Enviar PDF leg\u00edvel dos seguintes documentos:<br \/>\n&#8211; Certid\u00e3o de Nascimento ou Casamento.<br \/>\n&#8211; Carteira de Identidade (RG).<br \/>\n&#8211; C\u00f3pia do diploma (frente e verso), se for poss\u00edvel.<br \/>\n&#8211; Comprovante de pagamento da taxa(GRU)<\/li>\n<li>Em caso de roubo anexar o Boletim de Ocorr\u00eancia<\/li>\n<\/ol>\n<p>&nbsp;<\/p>\n<p data-start=\"751\" data-end=\"787\"><strong data-start=\"751\" data-end=\"775\">Registro de Diploma:<\/strong>\u00a0R$ 120,00<\/p>\n<p data-start=\"790\" data-end=\"829\"><strong data-start=\"790\" data-end=\"817\">Segunda Via de Diploma:<\/strong>\u00a0R$ 295,00<\/p>\n<p data-start=\"832\" data-end=\"885\"><strong data-start=\"832\" data-end=\"871\">Revalida\u00e7\u00e3o (abertura de processo):<\/strong>\u00a0R$ 1.070,00<\/p>\n<p data-start=\"888\" data-end=\"955\"><strong data-start=\"888\" data-end=\"943\">Expedi\u00e7\u00e3o e Registro do Certificado de Revalida\u00e7\u00e3o:<\/strong>\u00a0R$ 295,00<\/p>\n<p data-start=\"958\" data-end=\"1026\"><strong data-start=\"958\" data-end=\"1015\">Impress\u00e3o da Representa\u00e7\u00e3o Visual do Diploma Digital:<\/strong>\u00a0R$ 75,00<\/p>\n<p data-start=\"1029\" data-end=\"1094\"><strong data-start=\"1029\" data-end=\"1082\">Expedi\u00e7\u00e3o e Registro de Diplomas de IES Extintas:<\/strong>\u00a0R$ 295,00<\/p>\n<p data-start=\"1097\" data-end=\"1156\"><strong data-start=\"1097\" data-end=\"1144\">Revoga\u00e7\u00e3o e Reemiss\u00e3o de Diplomas Digitais:<\/strong>\u00a0R$ 295,00<\/p>\n<blockquote class=\"wp-embedded-content\" data-secret=\"rDeNsOUPSO\"><p><a href=\"https:\/\/prograp.ufpr.br\/informativo\/prograp-publica-instrucao-normativa-sobre-revisao-das-taxas-de-registro-de-diplomas-da-comunidade-externa\/\">PROGRAP publica Instru\u00e7\u00e3o Normativa sobre revis\u00e3o das taxas de registro de diplomas da comunidade externa<\/a><\/p><\/blockquote>\n<p><iframe loading=\"lazy\" class=\"wp-embedded-content\" sandbox=\"allow-scripts\" security=\"restricted\" style=\"position: absolute; visibility: hidden;\" title=\"&#8220;PROGRAP publica Instru\u00e7\u00e3o Normativa sobre revis\u00e3o das taxas de registro de diplomas da comunidade externa&#8221; &#8212; PROGRAP\" src=\"https:\/\/prograp.ufpr.br\/informativo\/prograp-publica-instrucao-normativa-sobre-revisao-das-taxas-de-registro-de-diplomas-da-comunidade-externa\/embed\/#?secret=UKPlZhyJTx#?secret=rDeNsOUPSO\" data-secret=\"rDeNsOUPSO\" width=\"500\" height=\"282\" frameborder=\"0\" marginwidth=\"0\" marginheight=\"0\" scrolling=\"no\"><\/iframe><\/p>\n<p>&nbsp;<\/p>\n<hr \/>\n<p data-start=\"1097\" data-end=\"1156\">\n<hr \/>\n<p style=\"text-align: center\"><strong>REPRESENTA\u00c7\u00c3O VISUAL DO DIPLOMA DIGITAL<\/strong><\/p>\n<p>&nbsp;<\/p>\n<p><a href=\"http:\/\/www.quimica.ufpr.br\/paginas\/graduacao\/wp-content\/uploads\/sites\/16\/2025\/04\/requerimento-rvdd.pdf\">\u25ba RVDD: Representa\u00e7\u00e3o Visual do Diploma Digital &#8211; REQUERIMENTO &#8211; OBS.: O valor foi atualizado R$ 75\u00a0<\/a><\/p>\n<blockquote class=\"wp-embedded-content\" data-secret=\"rDeNsOUPSO\"><p><a href=\"https:\/\/prograp.ufpr.br\/informativo\/prograp-publica-instrucao-normativa-sobre-revisao-das-taxas-de-registro-de-diplomas-da-comunidade-externa\/\">PROGRAP publica Instru\u00e7\u00e3o Normativa sobre revis\u00e3o das taxas de registro de diplomas da comunidade externa<\/a><\/p><\/blockquote>\n<p><iframe loading=\"lazy\" class=\"wp-embedded-content\" sandbox=\"allow-scripts\" security=\"restricted\" style=\"position: absolute; visibility: hidden;\" title=\"&#8220;PROGRAP publica Instru\u00e7\u00e3o Normativa sobre revis\u00e3o das taxas de registro de diplomas da comunidade externa&#8221; &#8212; PROGRAP\" src=\"https:\/\/prograp.ufpr.br\/informativo\/prograp-publica-instrucao-normativa-sobre-revisao-das-taxas-de-registro-de-diplomas-da-comunidade-externa\/embed\/#?secret=UKPlZhyJTx#?secret=rDeNsOUPSO\" data-secret=\"rDeNsOUPSO\" width=\"500\" height=\"282\" frameborder=\"0\" marginwidth=\"0\" marginheight=\"0\" scrolling=\"no\"><\/iframe><\/p>\n<p>&nbsp;<\/p>\n<p>&nbsp;<\/p>\n<hr \/>\n<p>&nbsp;<\/p>\n<p>&nbsp;<\/p>\n<p>&nbsp;<\/p>\n","protected":false},"excerpt":{"rendered":"<p>&nbsp; \u25ba Tutorial Aluno Egresso &#8211; Para acesso ao Diploma Digital e acompanhamento do tr\u00e2mite de emiss\u00e3o Prazo legal para disponibiliza\u00e7\u00e3o do diploma: 120 dias &lt; 60 dias (expedi\u00e7\u00e3o) + 60 dias (registro) &gt;&lt; Conforme Portaria 1.095\/2018 &#8211; Minist\u00e9rio da Educa\u00e7\u00e3o &gt; &nbsp; &nbsp; 2\u00aa Via de Diploma A emiss\u00e3o de segunda via do diploma [&hellip;]<\/p>\n","protected":false},"author":34,"featured_media":0,"parent":0,"menu_order":0,"comment_status":"closed","ping_status":"closed","template":"","meta":{"footnotes":""},"class_list":["post-5099","page","type-page","status-publish","hentry"],"_links":{"self":[{"href":"http:\/\/www.quimica.ufpr.br\/paginas\/graduacao\/wp-json\/wp\/v2\/pages\/5099","targetHints":{"allow":["GET"]}}],"collection":[{"href":"http:\/\/www.quimica.ufpr.br\/paginas\/graduacao\/wp-json\/wp\/v2\/pages"}],"about":[{"href":"http:\/\/www.quimica.ufpr.br\/paginas\/graduacao\/wp-json\/wp\/v2\/types\/page"}],"author":[{"embeddable":true,"href":"http:\/\/www.quimica.ufpr.br\/paginas\/graduacao\/wp-json\/wp\/v2\/users\/34"}],"replies":[{"embeddable":true,"href":"http:\/\/www.quimica.ufpr.br\/paginas\/graduacao\/wp-json\/wp\/v2\/comments?post=5099"}],"version-history":[{"count":16,"href":"http:\/\/www.quimica.ufpr.br\/paginas\/graduacao\/wp-json\/wp\/v2\/pages\/5099\/revisions"}],"predecessor-version":[{"id":9115,"href":"http:\/\/www.quimica.ufpr.br\/paginas\/graduacao\/wp-json\/wp\/v2\/pages\/5099\/revisions\/9115"}],"wp:attachment":[{"href":"http:\/\/www.quimica.ufpr.br\/paginas\/graduacao\/wp-json\/wp\/v2\/media?parent=5099"}],"curies":[{"name":"wp","href":"https:\/\/api.w.org\/{rel}","templated":true}]}}