{"id":5008,"date":"2021-08-12T00:24:12","date_gmt":"2021-08-12T03:24:12","guid":{"rendered":"https:\/\/www.quimica.ufpr.br\/paginas\/graduacao\/?page_id=5008"},"modified":"2026-02-25T12:40:48","modified_gmt":"2026-02-25T15:40:48","slug":"equivalencias","status":"publish","type":"page","link":"http:\/\/www.quimica.ufpr.br\/paginas\/graduacao\/equivalencias\/","title":{"rendered":"Equival\u00eancias"},"content":{"rendered":"<p style=\"text-align: center\">Solicita\u00e7\u00e3o efetuada por alunos ingressantes na UFPR ou para cr\u00e9ditos obtidos por meio de conv\u00eanio (mobilidade acad\u00eamica).<\/p>\n<p style=\"text-align: center\">O aluno solicita via sistema SIGA, no prazo estabelecido em calend\u00e1rio acad\u00eamico.<\/p>\n<p>Seguir tutorial da p\u00e1gina <a href=\"https:\/\/ufpraberta.ufpr.br\/course\/view.php?id=9\">UFPR Aberta<\/a>\u00a0\u2013 Apoio ao Usu\u00e1rio \u2013 Conhe\u00e7a o SIGA \u2013 Bloco 1 \u2013 Alunos e Alunas \u2013 Processo de Equival\u00eancia.<\/p>\n<p><a href=\"http:\/\/www.quimica.ufpr.br\/paginas\/graduacao\/wp-content\/uploads\/sites\/16\/2026\/02\/como-solicitar-equivalencia.pdf\">\u25ba Tutorial SIGA &#8211; Como solicitar equival\u00eancia<\/a><\/p>\n<p>&nbsp;<\/p>\n<p><span style=\"text-decoration: underline\"><strong>\u25ba ATEN\u00c7\u00c3O: <\/strong><\/span><\/p>\n<p><strong>I &#8211; A documenta\u00e7\u00e3o dever\u00e1 ser digitalizada no sentido correto da p\u00e1gina e com imagem leg\u00edvel.<\/strong><\/p>\n<p><strong>II &#8211; A documenta\u00e7\u00e3o inserida dever\u00e1 ser a da disciplina cursada originalmente (Hist\u00f3rico e Ementa), n\u00e3o sendo permitido equival\u00eancia de uma equival\u00eancia.<\/strong><\/p>\n<p><strong>III &#8211; Antes da solicita\u00e7\u00e3o no SIGA confira o conte\u00fado\/ementa da disciplina solicitada se tem rela\u00e7\u00e3o com a disciplina cursada.<\/strong><\/p>\n<p><strong>IV &#8211; Se foi necess\u00e1rio anexar mais de uma ementa para a equival\u00eancia em uma disciplina, o PDF que ser\u00e1 feito o upload dever\u00e1 constar todas as ementas necess\u00e1rias.<\/strong><\/p>\n<p><a href=\"https:\/\/transparencia.ufpr.br\/public\/dadosAcademicos\/graduacao_cursos.jsf\" target=\"_blank\" rel=\"noopener\">\u25ba Ementas &#8211; busca por disciplina\/c\u00f3digo<\/a><\/p>\n<p><a href=\"https:\/\/transparencia.ufpr.br\/public\/dadosAcademicos\/graduacao_cursos.jsf\" target=\"_blank\" rel=\"noopener\">\u25ba Matriz Curricular dos cursos &#8211; busca pelos c\u00f3digos (12B, 12A ou 104A)<\/a><\/p>\n<p>&#8211; Curso Bacharelado Integral (12B)<br \/>\n&#8211; Curso Licenciatura Integral (12A)<br \/>\n&#8211; Curso Licenciatura Noturno (104A)<\/p>\n<p>&nbsp;<\/p>\n<p>&nbsp;<\/p>\n<p style=\"text-align: left\"><strong><em>Resolu\u00e7\u00e3o CEPE 92\/13\u00a0<\/em><\/strong><\/p>\n<p style=\"text-align: left\"><em>Art. 5\u00ba A solicita\u00e7\u00e3o de equival\u00eancia de disciplinas dever\u00e1 ser protocolada <span style=\"text-decoration: underline\"><strong>uma \u00fanica vez por <\/strong><\/span><\/em><em><span style=\"text-decoration: underline\"><strong>ocasi\u00e3o do ingresso<\/strong><\/span> na UFPR e, quando for o caso, no retorno de interc\u00e2mbio na coordena\u00e7\u00e3o do <\/em><em>curso ao qual o aluno pertence.<\/em><\/p>\n<p>&nbsp;<\/p>\n<p><strong><em>I.N. 01\/2014-PROGRAD :<\/em><\/strong><\/p>\n<p><em>Art. 5\u00ba O processo de equival\u00eancia de disciplinas dever\u00e1 ser instru\u00eddo com:<\/em><br \/>\n<em>I. Hist\u00f3rico escolar ou certificado originais, da \u00e9poca de conclus\u00e3o da disciplina, completo e atualizado, em que constem a denomina\u00e7\u00e3o da disciplina, sua carga hor\u00e1ria total, nota ou conceito e frequ\u00eancia obtidas, bem como os par\u00e2metros m\u00ednimos para aprova\u00e7\u00e3o na Institui\u00e7\u00e3o de origem;<\/em><br \/>\n<em>II. Programas das disciplinas cursadas na institui\u00e7\u00e3o de origem com autentica\u00e7\u00e3o (carimbo, visto ou autentica\u00e7\u00e3o eletr\u00f4nica, etc&#8230;), onde constem os planos de ensinos (ementa, carga hor\u00e1ria, objetivos, conte\u00fado program\u00e1tico ou desdobramento da \u00e1rea de conhecimento em unidades, procedimentos did\u00e1ticos, formas de avalia\u00e7\u00e3o e bibliografia b\u00e1sica utilizada);<\/em><\/p>\n","protected":false},"excerpt":{"rendered":"<p>Solicita\u00e7\u00e3o efetuada por alunos ingressantes na UFPR ou para cr\u00e9ditos obtidos por meio de conv\u00eanio (mobilidade acad\u00eamica). O aluno solicita via sistema SIGA, no prazo estabelecido em calend\u00e1rio acad\u00eamico. Seguir tutorial da p\u00e1gina UFPR Aberta\u00a0\u2013 Apoio ao Usu\u00e1rio \u2013 Conhe\u00e7a o SIGA \u2013 Bloco 1 \u2013 Alunos e Alunas \u2013 Processo de Equival\u00eancia. \u25ba Tutorial [&hellip;]<\/p>\n","protected":false},"author":34,"featured_media":0,"parent":0,"menu_order":0,"comment_status":"closed","ping_status":"closed","template":"","meta":{"footnotes":""},"class_list":["post-5008","page","type-page","status-publish","hentry"],"_links":{"self":[{"href":"http:\/\/www.quimica.ufpr.br\/paginas\/graduacao\/wp-json\/wp\/v2\/pages\/5008","targetHints":{"allow":["GET"]}}],"collection":[{"href":"http:\/\/www.quimica.ufpr.br\/paginas\/graduacao\/wp-json\/wp\/v2\/pages"}],"about":[{"href":"http:\/\/www.quimica.ufpr.br\/paginas\/graduacao\/wp-json\/wp\/v2\/types\/page"}],"author":[{"embeddable":true,"href":"http:\/\/www.quimica.ufpr.br\/paginas\/graduacao\/wp-json\/wp\/v2\/users\/34"}],"replies":[{"embeddable":true,"href":"http:\/\/www.quimica.ufpr.br\/paginas\/graduacao\/wp-json\/wp\/v2\/comments?post=5008"}],"version-history":[{"count":11,"href":"http:\/\/www.quimica.ufpr.br\/paginas\/graduacao\/wp-json\/wp\/v2\/pages\/5008\/revisions"}],"predecessor-version":[{"id":7578,"href":"http:\/\/www.quimica.ufpr.br\/paginas\/graduacao\/wp-json\/wp\/v2\/pages\/5008\/revisions\/7578"}],"wp:attachment":[{"href":"http:\/\/www.quimica.ufpr.br\/paginas\/graduacao\/wp-json\/wp\/v2\/media?parent=5008"}],"curies":[{"name":"wp","href":"https:\/\/api.w.org\/{rel}","templated":true}]}}