{"id":4622,"date":"2021-03-11T11:36:33","date_gmt":"2021-03-11T14:36:33","guid":{"rendered":"http:\/\/www.quimica.ufpr.br\/paginas\/graduacao\/?page_id=4622"},"modified":"2024-12-16T11:31:39","modified_gmt":"2024-12-16T14:31:39","slug":"formandos","status":"publish","type":"page","link":"http:\/\/www.quimica.ufpr.br\/paginas\/graduacao\/formandos\/","title":{"rendered":"Formandos"},"content":{"rendered":"<ul>\n<li>As disciplinas de cada per\u00edodo do curso s\u00e3o ofertadas sem conflito de hor\u00e1rio, mas n\u00e3o \u00e9 poss\u00edvel garantir que disciplinas de per\u00edodos diferentes sejam ofertadas sem conflitos para atender a integraliza\u00e7\u00e3o espec\u00edfica de cada aluno desperiodizado.<\/li>\n<li><strong>O Certificado de Conclus\u00e3o de Curso s\u00f3 estar\u00e1 dispon\u00edvel ap\u00f3s a assinatura da ata de Cola\u00e7\u00e3o de Grau e poder\u00e1 ser solicitado via e-mail (solicitar via email @UFPR).\u00a0<\/strong><\/li>\n<li>Para participa\u00e7\u00e3o na pr\u00f3xima cola\u00e7\u00e3o o aluno dever\u00e1 ter integralizado o curso (com as atividades formativas e todas as notas j\u00e1 lan\u00e7adas no hist\u00f3rico &#8211; a considerar o prazo final de lan\u00e7amento) pelo menos <strong>40 dias antes da data da pr\u00f3xima cola\u00e7\u00e3o<\/strong>.<\/li>\n<li><span style=\"color: #ff0000\">\u00c9 importante o acompanhamento do Hist\u00f3rico de Integraliza\u00e7\u00e3o e o acompanhamento do lan\u00e7amento das notas pelos professores de acordo com as datas do calend\u00e1rio Acad\u00eamico.<\/span><\/li>\n<li>S\u00f3 estar\u00e3o liberados para a cola\u00e7\u00e3o de grau os alunos que integralizaram o curso com todas as notas, equival\u00eancias e Atividades Complementares lan\u00e7adas no sistema, bem como <strong>a situa\u00e7\u00e3o regular com o ENADE.<\/strong><\/li>\n<\/ul>\n<p>&nbsp;<\/p>\n<h3 style=\"text-align: center\"><span style=\"text-decoration: underline\">Cola\u00e7\u00e3o de Grau na UFPR<\/span><\/h3>\n<p style=\"text-align: center\"><strong>S\u00f3 estar\u00e3o liberados para a cola\u00e7\u00e3o de grau os alunos que integralizaram o curso j\u00e1 com todas as notas, equival\u00eancias e Atividades Complementares lan\u00e7adas no sistema, bem como a situa\u00e7\u00e3o regular com o ENADE.<\/strong><\/p>\n<p>&nbsp;<\/p>\n<p><strong>Cola\u00e7\u00e3o com solenidade<\/strong>: organizada por uma comiss\u00e3o de formatura e que ocorrer\u00e3o em sess\u00e3o solene do COUN.<\/p>\n<p><strong>Cola\u00e7\u00e3o sem solenidade<\/strong>: op\u00e7\u00e3o para os formandos que n\u00e3o desejam ou n\u00e3o podem arcar com os custos de uma cerim\u00f4nia de formatura. As Cola\u00e7\u00f5es Sem Solenidade ocorrem duas vezes ao ano, em datas definidas pelo Setor de Exatas. Informe-se na coordena\u00e7\u00e3o do curso sobre as datas.<\/p>\n<h4><\/h4>\n<h4>\u00a0Procedimentos para Cola\u00e7\u00e3o de Grau<\/h4>\n<ul>\n<li>Os alunos e\/ou as comiss\u00f5es de formatura dever\u00e3o no in\u00edcio do semestre comparecer\u00a0\u00e0\u00a0Coordena\u00e7\u00e3o do Curso e informar com anteced\u00eancia sobre a op\u00e7\u00e3o de cola\u00e7\u00e3o desejada, com ou sem solenidade.<\/li>\n<li>Os formandos que ir\u00e3o colar grau <strong>Sem Solenidade<\/strong> devem informar e confirmar via email \u00e0 consulta feita pela coordena\u00e7\u00e3o, uma vez confirmada a participa\u00e7\u00e3o na Cola\u00e7\u00e3o Sem Solenidade <strong>n\u00e3o<\/strong> \u00e9 permitida a participa\u00e7\u00e3o posterior na sess\u00e3o solene.<\/li>\n<li>Com estas informa\u00e7\u00f5es, a coordena\u00e7\u00e3o do curso ir\u00e1 expedir uma listagem de concluintes para a cola\u00e7\u00e3o e enviar para COPAP\/SAAC em dois processos: I-Alunos que participar\u00e3o da Cola\u00e7\u00e3o Com Solenidade e II-Alunos que participaram da cola\u00e7\u00e3o Sem Solenidade.<\/li>\n<li>A Instru\u00e7\u00e3o Normativa n\u00ba 01\/09-COUN pro\u00edbe expressamente a participa\u00e7\u00e3o de alunos n\u00e3o constantes da lista oficial encaminhada pela COPAP, em quaisquer atividades de Cola\u00e7\u00e3o de Grau.<\/li>\n<\/ul>\n<h4><\/h4>\n<h4><\/h4>\n<h4><strong>Orienta\u00e7\u00f5es para as Comiss\u00f5es de Formaturas<\/strong><\/h4>\n<ul>\n<li>Orientem aos alunos desperiozados, que no \u00faltimo per\u00edodo se precisarem de disciplinas de diferentes semestres para integraliza\u00e7\u00e3o do curso, n\u00e3o h\u00e1 como garantir a oferta dessas disciplinas sem que haja conflito, pois \u00e9 imposs\u00edvel atender a necessidade espec\u00edfica de hor\u00e1rio para cada aluno.<\/li>\n<li>A grade hor\u00e1ria das pr\u00f3ximas ofertas podem ser previstas pelas ofertas anteriores. Os hor\u00e1rios das disciplinas ofertadas nos semestres \u00edmpares e nos semestres pares ser\u00e3o mantidos, podendo ocorrer pequenos ajustes.<\/li>\n<li>Para oficializa\u00e7\u00e3o das solenidades as Comiss\u00f5es de Formatura devem se registrar junto ao Cerimonial do Gabinete da Reitoria, que \u00e9 o \u00f3rg\u00e3o oficialmente respons\u00e1vel por todos os protocolos e cerim\u00f4nias realizados no \u00e2mbito da Universidade.<\/li>\n<li>Diante deste registro, as Comiss\u00f5es de Formatura estar\u00e3o legalmente cadastradas e receber\u00e3o assessoria e orienta\u00e7\u00f5es sobre as normas oficiais que dever\u00e3o ser observadas para a realiza\u00e7\u00e3o deste ato solene do COUN.<\/li>\n<li>O primeiro passo para come\u00e7ar a preparar a formatura \u00e9 a reserva da data. A Comiss\u00e3o de Formatura deve reservar data junto \u00e0 Cerimonial do Gabinete da Reitoria (na Reitoria), recebendo, assim, material explicativo sobre o processo. Essa reserva deve ser feita com anteced\u00eancia, principalmente pela dificuldade de encontrar dispon\u00edvel a data desejada.<\/li>\n<li><span data-contrast=\"auto\">A<\/span><b><span data-contrast=\"auto\">\u00a0reserva do local<\/span><\/b><span data-contrast=\"auto\">\u00a0a ser realizada a solenidade de cola\u00e7\u00e3o de grau\u00a0<\/span><b><span data-contrast=\"auto\">\u00e9 responsabilidade da comiss\u00e3o de formatura<\/span><\/b><span data-contrast=\"auto\">, mesmo nos casos em que o local escolhido for o Teatro da Reitoria\u00a0 \u2013 Fone: (41) 3360-5066 \u2013 e-mail:\u00a0<\/span><a href=\"mailto:teatro@ufpr.br\"><span data-contrast=\"none\">teatro@ufpr.br<\/span><\/a><\/li>\n<li>Ap\u00f3s os procedimentos de reserva e confirma\u00e7\u00e3o, a Comiss\u00e3o de Formatura dever\u00e1 entrar em contato com o Cerimonial da UFPR ( (41) 3360-5014\/ 3360-5157) para orienta\u00e7\u00f5es pertinentes \u00e0 solenidade de cola\u00e7\u00e3o de grau.<\/li>\n<li>A Comiss\u00e3o de Formatura dever\u00e1 <strong>manter contato com a coordena\u00e7\u00e3o do curso atrav\u00e9s de email<\/strong> informando o nome e telefone de pelo menos 3 membros da comiss\u00e3o e solicitando que a coordena\u00e7\u00e3o encaminhe of\u00edcio via processo SEI para SAEC (Servi\u00e7o Administrativo dos Espa\u00e7os Culturais) para confirma\u00e7\u00e3o da data e hor\u00e1rio reservados para a solenidade.<\/li>\n<li>Acompanhar com a coordena\u00e7\u00e3o do curso a confirma\u00e7\u00e3o da reserva.<\/li>\n<li>Enviar email para a coordena\u00e7\u00e3o do curso com a <strong>listagem final<\/strong> dos participantes da Sess\u00e3o Solene at\u00e9 40 dias antes da data da Cola\u00e7\u00e3o, ap\u00f3s o envio <strong>n\u00e3o<\/strong> ser\u00e1 poss\u00edvel a inclus\u00e3o de novos participantes.<\/li>\n<\/ul>\n<p>&nbsp;<\/p>\n<p>O Cerimonial do Gabinete do Reitor est\u00e1 localizado no pr\u00e9dio da Reitoria, na Rua XV de Novembro, 1299 \u2013 2\u00ba andar. Os telefones para contato s\u00e3o: 3360\u20105157 ou 3360\u20105028 e o e\u2010mail \u00e9:\u00a0<a href=\"mailto:cerimonial@ufpr.br\" target=\"_blank\" rel=\"noopener\">cerimonial@ufpr.br<\/a><\/p>\n<p>&nbsp;<\/p>\n<hr \/>\n<h3 style=\"text-align: center\"><span style=\"text-decoration: underline\"><strong>Perman\u00eancia<\/strong><\/span><\/h3>\n<p>&nbsp;<\/p>\n<ul>\n<li><a href=\"http:\/\/www.quimica.ufpr.br\/paginas\/graduacao\/wp-content\/uploads\/sites\/16\/2022\/09\/resolucao-cepe-43-22-permanencia.pdf\">Resolu\u00e7\u00e3o CEPE 43-22 Perman\u00eancia<\/a><\/li>\n<\/ul>\n<p>Art. 120. A\/o estudante<strong> ingressante na UFPR at\u00e9 o ano de 2022<\/strong>, que concluir curso de gradua\u00e7\u00e3o no qual exista uma segunda habilita\u00e7\u00e3o, poder\u00e1 permanecer na UFPR para obter a segunda habilita\u00e7\u00e3o no mesmo curso, devendo realizar nova cola\u00e7\u00e3o de grau ao t\u00e9rmino desta.<\/p>\n<ul>\n<li>Estudantes <strong>ingressantes a partir do ano de 2023<\/strong> \u00a0<span style=\"text-decoration: underline\"><strong>n\u00e3o<\/strong><\/span>\u00a0 ter\u00e3o direito \u00e0 perman\u00eancia.<\/li>\n<\/ul>\n<p>&nbsp;<\/p>\n<hr \/>\n<h3><\/h3>\n<h3 style=\"text-align: center\"><span style=\"text-decoration: underline\">Emiss\u00e3o de Diplomas<\/span><\/h3>\n<ul>\n<li>O aluno deve realizar o Upload no SIGA dos documentos em formato PDF: Certid\u00e3o de Nascimento ou Casamento, <strong>RG<\/strong> e Certificado de Conclus\u00e3o do Ensino M\u00e9dio.<\/li>\n<li>Ap\u00f3s a cola\u00e7\u00e3o de grau, o Setor encaminhar\u00e1 a ata dos presentes e a coordena\u00e7\u00e3o preparar\u00e1 a documenta\u00e7\u00e3o para impress\u00e3o e registro dos diplomas.<\/li>\n<li>A coordena\u00e7\u00e3o encaminhar\u00e1 a documenta\u00e7\u00e3o para Unidade de Diplomas via SIGA, que ap\u00f3s todo o tr\u00e2mite informar\u00e1 a coordena\u00e7\u00e3o quando estiverem prontos.<\/li>\n<li>A coordena\u00e7\u00e3o enviar\u00e1 email para o ex-aluno, que dever\u00e1 comparecer \u00e0 Coordena\u00e7\u00e3o do Curso para assinar seu diploma e retir\u00e1-lo.<\/li>\n<li>O diploma somente poder\u00e1 ser retirado pelo ex-aluno, atrav\u00e9s de apresenta\u00e7\u00e3o de documenta\u00e7\u00e3o com foto.<\/li>\n<li>N\u00e3o ser\u00e3o entregues diplomas a terceiros, mesmo que haja grau de parentesco.<\/li>\n<li>N\u00e3o ser\u00e1 entregue o diploma ao aluno que conste da rela\u00e7\u00e3o de inadimplentes com o Sistema Integrado de Bibliotecas da UFPR (RESOLU\u00c7\u00c3O N\u00b0 79\/99-CEPE)<\/li>\n<li>Prazo legal para disponibiliza\u00e7\u00e3o do diploma no SIGA:<strong> 120 dias<\/strong> &lt; 60 dias (expedi\u00e7\u00e3o) + 60 dias (registro) &gt;&lt; Conforme Portaria 1.095\/2018 &#8211; Minist\u00e9rio da Educa\u00e7\u00e3o &gt;.<\/li>\n<\/ul>\n<p>&nbsp;<\/p>\n<p>&nbsp;<\/p>\n<hr \/>\n<p>&nbsp;<\/p>\n<p style=\"text-align: center\"><strong>DATAS DAS COLA\u00c7\u00d5ES<\/strong><\/p>\n<p>&nbsp;<\/p>\n<ul>\n<li>COLA\u00c7\u00c3O <strong>SEM<\/strong> SOLENIDADE PARA FORMANDOS DO 2\u00bas\/2024: <strong>previs\u00e3o fev\/2025 <\/strong>(Processo SEI &#8230; ).<br \/>\nLocal: A confirmar<\/li>\n<li>COLA\u00c7\u00c3O <strong>SEM<\/strong> SOLENIDADE PARA FORMANDOS DO 1\u00bas\/2024: <strong>30\/09\/2024 <\/strong>(Processo SEI 23075.008505\/2024-20).<br \/>\nLocal: Audit\u00f3rio da Administra\u00e7\u00e3o &#8211; 1\u00ba andar no Setor de Tecnologia, \u00e0s 14h:30.<\/li>\n<\/ul>\n<p>&nbsp;<\/p>\n<ul>\n<li>COLA\u00c7\u00c3O <strong>COM<\/strong> SOLENIDADE PARA FORMANDOS DO 2\u00baS\/2024: <strong>11\/02\/2025<br \/>\n<\/strong>Local: Teatro da Reitoria, \u00e0s 20h00<\/li>\n<li>COLA\u00c7\u00c3O <strong>COM<\/strong> SOLENIDADE PARA FORMANDOS DO 1\u00baS\/2024: <strong>30\/10\/2024<br \/>\n<\/strong>Local: Teatro da Reitoria, \u00e0s 20h00<\/li>\n<\/ul>\n<p>&nbsp;<\/p>\n","protected":false},"excerpt":{"rendered":"<p>As disciplinas de cada per\u00edodo do curso s\u00e3o ofertadas sem conflito de hor\u00e1rio, mas n\u00e3o \u00e9 poss\u00edvel garantir que disciplinas de per\u00edodos diferentes sejam ofertadas sem conflitos para atender a integraliza\u00e7\u00e3o espec\u00edfica de cada aluno desperiodizado. O Certificado de Conclus\u00e3o de Curso s\u00f3 estar\u00e1 dispon\u00edvel ap\u00f3s a assinatura da ata de Cola\u00e7\u00e3o de Grau e [&hellip;]<\/p>\n","protected":false},"author":34,"featured_media":0,"parent":0,"menu_order":0,"comment_status":"closed","ping_status":"closed","template":"","meta":{"footnotes":""},"class_list":["post-4622","page","type-page","status-publish","hentry"],"_links":{"self":[{"href":"http:\/\/www.quimica.ufpr.br\/paginas\/graduacao\/wp-json\/wp\/v2\/pages\/4622","targetHints":{"allow":["GET"]}}],"collection":[{"href":"http:\/\/www.quimica.ufpr.br\/paginas\/graduacao\/wp-json\/wp\/v2\/pages"}],"about":[{"href":"http:\/\/www.quimica.ufpr.br\/paginas\/graduacao\/wp-json\/wp\/v2\/types\/page"}],"author":[{"embeddable":true,"href":"http:\/\/www.quimica.ufpr.br\/paginas\/graduacao\/wp-json\/wp\/v2\/users\/34"}],"replies":[{"embeddable":true,"href":"http:\/\/www.quimica.ufpr.br\/paginas\/graduacao\/wp-json\/wp\/v2\/comments?post=4622"}],"version-history":[{"count":37,"href":"http:\/\/www.quimica.ufpr.br\/paginas\/graduacao\/wp-json\/wp\/v2\/pages\/4622\/revisions"}],"predecessor-version":[{"id":7946,"href":"http:\/\/www.quimica.ufpr.br\/paginas\/graduacao\/wp-json\/wp\/v2\/pages\/4622\/revisions\/7946"}],"wp:attachment":[{"href":"http:\/\/www.quimica.ufpr.br\/paginas\/graduacao\/wp-json\/wp\/v2\/media?parent=4622"}],"curies":[{"name":"wp","href":"https:\/\/api.w.org\/{rel}","templated":true}]}}