{"id":340,"date":"2017-02-22T11:05:27","date_gmt":"2017-02-22T14:05:27","guid":{"rendered":"http:\/\/www.quimica.ufpr.br\/paginas\/graduacao\/?page_id=340"},"modified":"2025-04-11T11:23:05","modified_gmt":"2025-04-11T14:23:05","slug":"administracao","status":"publish","type":"page","link":"http:\/\/www.quimica.ufpr.br\/paginas\/graduacao\/administracao\/","title":{"rendered":"Administra\u00e7\u00e3o"},"content":{"rendered":"<div id=\"pl-340\"  class=\"panel-layout\" ><div id=\"pg-340-0\"  class=\"panel-grid panel-has-style\" ><div class=\"panel-row-style panel-row-style-for-340-0\" ><div id=\"pgc-340-0-0\"  class=\"panel-grid-cell\" ><div id=\"panel-340-0-0-0\" class=\"so-panel widget widget_sow-editor panel-first-child panel-last-child\" data-index=\"0\" ><div class=\"panel-widget-style panel-widget-style-for-340-0-0-0\" ><div\n\t\t\t\n\t\t\tclass=\"so-widget-sow-editor so-widget-sow-editor-base\"\n\t\t\t\n\t\t>\n<div class=\"siteorigin-widget-tinymce textwidget\">\n\t<h2 style=\"text-align: left\"><strong>COORDENADOR<\/strong><\/h2>\n<h2><\/h2>\n<p style=\"text-align: left\">Prof. Dr. Frederico Luis Soares<\/p>\n<p>&nbsp;<\/p>\n<\/div>\n<\/div><\/div><\/div><\/div><div id=\"pgc-340-0-1\"  class=\"panel-grid-cell\" ><div id=\"panel-340-0-1-0\" class=\"so-panel widget widget_sow-editor panel-first-child panel-last-child\" data-index=\"1\" ><div class=\"panel-widget-style panel-widget-style-for-340-0-1-0\" ><div\n\t\t\t\n\t\t\tclass=\"so-widget-sow-editor so-widget-sow-editor-base\"\n\t\t\t\n\t\t>\n<div class=\"siteorigin-widget-tinymce textwidget\">\n\t<h2 style=\"text-align: left\"><strong>VICE-COORDENADOR<\/strong><\/h2>\n<h2 style=\"text-align: left\"><\/h2>\n<p style=\"text-align: left\">Prof. Dr. Marcio Vidotti<\/p>\n<\/div>\n<\/div><\/div><\/div><\/div><\/div><\/div><div id=\"pg-340-1\"  class=\"panel-grid panel-has-style\" ><div class=\"panel-row-style panel-row-style-for-340-1\" ><div id=\"pgc-340-1-0\"  class=\"panel-grid-cell\" ><div id=\"panel-340-1-0-0\" class=\"so-panel widget widget_sow-editor panel-first-child panel-last-child\" data-index=\"2\" ><div class=\"panel-widget-style panel-widget-style-for-340-1-0-0\" ><div\n\t\t\t\n\t\t\tclass=\"so-widget-sow-editor so-widget-sow-editor-base\"\n\t\t\t\n\t\t>\n<div class=\"siteorigin-widget-tinymce textwidget\">\n\t<h2 style=\"text-align: left\"><strong>ASSISTENTE EM ADMINISTRA\u00c7\u00c3O\u00a0<\/strong><\/h2>\n<p style=\"text-align: left\">\u00a0 \u00a0 Isac Luis<\/p>\n<\/div>\n<\/div><\/div><\/div><\/div><div id=\"pgc-340-1-1\"  class=\"panel-grid-cell\" ><div id=\"panel-340-1-1-0\" class=\"so-panel widget widget_sow-editor panel-first-child panel-last-child\" data-index=\"3\" ><div class=\"panel-widget-style panel-widget-style-for-340-1-1-0\" ><div\n\t\t\t\n\t\t\tclass=\"so-widget-sow-editor so-widget-sow-editor-base\"\n\t\t\t\n\t\t>\n<div class=\"siteorigin-widget-tinymce textwidget\">\n\t<h2 style=\"text-align: left\"><strong>ASSISTENTE EM ADMINISTRA\u00c7\u00c3O<\/strong><\/h2>\n<p style=\"text-align: left\">\u00a0\u00a0 <a href=\"http:\/\/www.quimica.ufpr.br\/paginas\/graduacao\/administracao\/manoel-foto\/\" rel=\"attachment wp-att-2529\">\u00a0<\/a>Manoel Felipe<\/p>\n<\/div>\n<\/div><\/div><\/div><\/div><\/div><\/div><div id=\"pg-340-2\"  class=\"panel-grid panel-has-style\" ><div class=\"panel-row-style panel-row-style-for-340-2\" ><div id=\"pgc-340-2-0\"  class=\"panel-grid-cell\" ><div id=\"panel-340-2-0-0\" class=\"so-panel widget widget_sow-editor panel-first-child\" data-index=\"4\" ><div class=\"panel-widget-style panel-widget-style-for-340-2-0-0\" ><div\n\t\t\t\n\t\t\tclass=\"so-widget-sow-editor so-widget-sow-editor-base\"\n\t\t\t\n\t\t>\n<div class=\"siteorigin-widget-tinymce textwidget\">\n\t<h2 style=\"text-align: center\"><strong>CONTATO<\/strong><\/h2>\n<p style=\"text-align: center\"><strong>coordenacao.quimica@ufpr.br<\/strong><\/p>\n<p style=\"text-align: center\">Hor\u00e1rio de atendimento presencial: Segunda a Sexta das 8h \u00e0s 13h e 14h \u00e0s 19h.<\/p>\n<p style=\"text-align: center\">Centro Polit\u00e9cnico - UFPR<\/p>\n<p style=\"text-align: center\">Av. Cel. Francisco H. dos Santos, 100 - Jardim das Am\u00e9ricas \/ Curitiba-PR<\/p>\n<hr \/>\n<p>&nbsp;<\/p>\n<\/div>\n<\/div><\/div><\/div><div id=\"panel-340-2-0-1\" class=\"so-panel widget widget_sow-editor panel-last-child\" data-index=\"5\" ><div\n\t\t\t\n\t\t\tclass=\"so-widget-sow-editor so-widget-sow-editor-base\"\n\t\t\t\n\t\t><h3 class=\"widget-title\">Gest\u00f5es Anteriores<\/h3>\n<div class=\"siteorigin-widget-tinymce textwidget\">\n\t<p><strong>\u25ba 13\/JAN\/2025 a (...)<\/strong><br \/>\n- Coordenador: Frederido Luis F. Soares<br \/>\n- Vice-coordenador: Marcio E. Vidotti Miyata<\/p>\n<p>&nbsp;<\/p>\n<p><strong>\u25ba 2020 a JAN\/2025:<\/strong><br \/>\n- Coordenadora: Prof\u00aa Dr\u00aa Andrea Pinto de Oliveira<br \/>\n- Vice-coordenador: Prof. Dr. Herbert Winnischofer<\/p>\n<p>&nbsp;<\/p>\n<p><strong>\u25ba 201.. a 2019:<\/strong><br \/>\n- Coordenador: Marcio E. Vidotti Miyata<br \/>\n- Vice-coordenadora: Camila Silveira da Silva<\/p>\n<p>&nbsp;<\/p>\n<p><strong>\u25ba 201___<\/strong><br \/>\n- Coordenadora: Prof\u00aa Dr\u00aa Orliney Maciel Guimar\u00e3es<br \/>\n- Vice-coordenadora: Prof\u00aa Dr\u00aa Maria Aparecida Biason Gomes<\/p>\n<p>&nbsp;<\/p>\n<\/div>\n<\/div><\/div><\/div><\/div><\/div><\/div>","protected":false},"excerpt":{"rendered":"<p>COORDENADOR Prof. Dr. Frederico Luis Soares &nbsp; VICE-COORDENADOR Prof. Dr. Marcio Vidotti ASSISTENTE EM ADMINISTRA\u00c7\u00c3O\u00a0 \u00a0 \u00a0 Isac Luis ASSISTENTE EM ADMINISTRA\u00c7\u00c3O \u00a0\u00a0 \u00a0Manoel Felipe<\/p>\n","protected":false},"author":34,"featured_media":0,"parent":0,"menu_order":0,"comment_status":"closed","ping_status":"closed","template":"","meta":{"footnotes":""},"class_list":["post-340","page","type-page","status-publish","hentry"],"_links":{"self":[{"href":"http:\/\/www.quimica.ufpr.br\/paginas\/graduacao\/wp-json\/wp\/v2\/pages\/340","targetHints":{"allow":["GET"]}}],"collection":[{"href":"http:\/\/www.quimica.ufpr.br\/paginas\/graduacao\/wp-json\/wp\/v2\/pages"}],"about":[{"href":"http:\/\/www.quimica.ufpr.br\/paginas\/graduacao\/wp-json\/wp\/v2\/types\/page"}],"author":[{"embeddable":true,"href":"http:\/\/www.quimica.ufpr.br\/paginas\/graduacao\/wp-json\/wp\/v2\/users\/34"}],"replies":[{"embeddable":true,"href":"http:\/\/www.quimica.ufpr.br\/paginas\/graduacao\/wp-json\/wp\/v2\/comments?post=340"}],"version-history":[{"count":58,"href":"http:\/\/www.quimica.ufpr.br\/paginas\/graduacao\/wp-json\/wp\/v2\/pages\/340\/revisions"}],"predecessor-version":[{"id":8311,"href":"http:\/\/www.quimica.ufpr.br\/paginas\/graduacao\/wp-json\/wp\/v2\/pages\/340\/revisions\/8311"}],"wp:attachment":[{"href":"http:\/\/www.quimica.ufpr.br\/paginas\/graduacao\/wp-json\/wp\/v2\/media?parent=340"}],"curies":[{"name":"wp","href":"https:\/\/api.w.org\/{rel}","templated":true}]}}