{"id":300,"date":"2017-02-15T20:54:03","date_gmt":"2017-02-15T22:54:03","guid":{"rendered":"http:\/\/www.quimica.ufpr.br\/paginas\/graduacao\/?page_id=300"},"modified":"2018-01-15T10:42:59","modified_gmt":"2018-01-15T12:42:59","slug":"curriculos","status":"publish","type":"page","link":"http:\/\/www.quimica.ufpr.br\/paginas\/graduacao\/curriculos\/","title":{"rendered":"Curr\u00edculos"},"content":{"rendered":"<p><a href=\"http:\/\/www.quimica.ufpr.br\/paginas\/graduacao\/wp-content\/uploads\/sites\/16\/2013\/08\/Periodiza\u00e7\u00e3o-Licenciatura-Noturno-104A.pdf\">Periodiza\u00e7\u00e3o Licenciatura Noturno (104A)<\/a><\/p>\n<p><a href=\"http:\/\/www.quimica.ufpr.br\/paginas\/graduacao\/wp-content\/uploads\/sites\/16\/2017\/02\/Periodiza\u00e7\u00e3o-Licenciatura-Bacharelado-Diurno-12E.pdf\">Periodiza\u00e7\u00e3o Licenciatura + Bacharelado Diurno (12E)<\/a><\/p>\n<p><a href=\"http:\/\/www.quimica.ufpr.br\/paginas\/graduacao\/wp-content\/uploads\/sites\/16\/2017\/02\/Periodiza\u00e7\u00e3o-Bacharelado-Diurno-12B.pdf\">Periodiza\u00e7\u00e3o Bacharelado Diurno (12B)<\/a><\/p>\n<p><a href=\"http:\/\/www.quimica.ufpr.br\/paginas\/graduacao\/wp-content\/uploads\/sites\/16\/2017\/02\/Periodiza\u00e7\u00e3o-Licenciatura-Diurno-12D.pdf\">Periodiza\u00e7\u00e3o Licenciatura Diurno (12D)<\/a><\/p>\n<p>&nbsp;<\/p>\n<p>&nbsp;<\/p>\n<p>&nbsp;<\/p>\n<p>&nbsp;<\/p>\n<p>&nbsp;<\/p>\n","protected":false},"excerpt":{"rendered":"<p>Periodiza\u00e7\u00e3o Licenciatura Noturno (104A) Periodiza\u00e7\u00e3o Licenciatura + Bacharelado Diurno (12E) Periodiza\u00e7\u00e3o Bacharelado Diurno (12B) Periodiza\u00e7\u00e3o Licenciatura Diurno (12D) &nbsp; &nbsp; &nbsp; &nbsp; &nbsp;<\/p>\n","protected":false},"author":34,"featured_media":0,"parent":0,"menu_order":0,"comment_status":"closed","ping_status":"closed","template":"","meta":{"footnotes":""},"class_list":["post-300","page","type-page","status-publish","hentry"],"_links":{"self":[{"href":"http:\/\/www.quimica.ufpr.br\/paginas\/graduacao\/wp-json\/wp\/v2\/pages\/300","targetHints":{"allow":["GET"]}}],"collection":[{"href":"http:\/\/www.quimica.ufpr.br\/paginas\/graduacao\/wp-json\/wp\/v2\/pages"}],"about":[{"href":"http:\/\/www.quimica.ufpr.br\/paginas\/graduacao\/wp-json\/wp\/v2\/types\/page"}],"author":[{"embeddable":true,"href":"http:\/\/www.quimica.ufpr.br\/paginas\/graduacao\/wp-json\/wp\/v2\/users\/34"}],"replies":[{"embeddable":true,"href":"http:\/\/www.quimica.ufpr.br\/paginas\/graduacao\/wp-json\/wp\/v2\/comments?post=300"}],"version-history":[{"count":10,"href":"http:\/\/www.quimica.ufpr.br\/paginas\/graduacao\/wp-json\/wp\/v2\/pages\/300\/revisions"}],"predecessor-version":[{"id":544,"href":"http:\/\/www.quimica.ufpr.br\/paginas\/graduacao\/wp-json\/wp\/v2\/pages\/300\/revisions\/544"}],"wp:attachment":[{"href":"http:\/\/www.quimica.ufpr.br\/paginas\/graduacao\/wp-json\/wp\/v2\/media?parent=300"}],"curies":[{"name":"wp","href":"https:\/\/api.w.org\/{rel}","templated":true}]}}