{"id":2973,"date":"2019-07-24T09:43:20","date_gmt":"2019-07-24T12:43:20","guid":{"rendered":"http:\/\/www.quimica.ufpr.br\/paginas\/graduacao\/?page_id=2973"},"modified":"2022-06-15T15:58:17","modified_gmt":"2022-06-15T18:58:17","slug":"editais-cqui","status":"publish","type":"page","link":"http:\/\/www.quimica.ufpr.br\/paginas\/graduacao\/editais-cqui\/","title":{"rendered":"Editais CQUI"},"content":{"rendered":"<p><strong>\u25ba Editais 2022<\/strong><\/p>\n<p><a href=\"http:\/\/www.quimica.ufpr.br\/paginas\/graduacao\/wp-content\/uploads\/sites\/16\/2022\/06\/edital-cqui-02-2022-selecao_bolsista_tutor2022-15jun2022.pdf\">Edital CQUI 02-2022 &#8211; SELECAO_BOLSISTA_TUTOR2022-15JUN2022<\/a><\/p>\n<p><a href=\"http:\/\/www.quimica.ufpr.br\/paginas\/graduacao\/wp-content\/uploads\/sites\/16\/2022\/06\/edital-cqui-01-2022-selecao_bolsista_tutor2022-15jun2022.pdf\">Edital CQUI 01-2022 &#8211; SELECAO_BOLSISTA_TUTOR2022-15JUN2022<\/a><\/p>\n<p>&nbsp;<\/p>\n<p><strong>\u00a0\u25ba Editais 2019<\/strong><\/p>\n<p><a href=\"http:\/\/www.quimica.ufpr.br\/paginas\/graduacao\/wp-content\/uploads\/sites\/16\/2019\/07\/edital-cqui-05-2019.pdf\" rel=\"attachment wp-att-2978\">Edital CQUI 05-2019<\/a><\/p>\n<p><a href=\"http:\/\/www.quimica.ufpr.br\/paginas\/graduacao\/wp-content\/uploads\/sites\/16\/2019\/07\/edital-cqui-04-2019.pdf\" rel=\"attachment wp-att-2977\">Edital CQUI 04-2019<\/a><\/p>\n<p><a href=\"http:\/\/www.quimica.ufpr.br\/paginas\/graduacao\/wp-content\/uploads\/sites\/16\/2019\/07\/edital-cqui-03-2019.pdf\" rel=\"attachment wp-att-2976\">Edital CQUI 03-2019<\/a><\/p>\n<p><a href=\"http:\/\/www.quimica.ufpr.br\/paginas\/graduacao\/wp-content\/uploads\/sites\/16\/2019\/07\/edital-cqui-02-2019.pdf\" rel=\"attachment wp-att-2975\">Edital CQUI 02-2019<\/a><\/p>\n<p><a href=\"http:\/\/www.quimica.ufpr.br\/paginas\/graduacao\/wp-content\/uploads\/sites\/16\/2019\/07\/edital-cqui-01-2019.pdf\" rel=\"attachment wp-att-2974\">Edital CQUI 01-2019<\/a><\/p>\n<p>&nbsp;<\/p>\n<p>&nbsp;<\/p>\n<p>&nbsp;<\/p>\n<p style=\"text-align: right\"><em>\u00daltima publica\u00e7\u00e3o 15\/06\/2022.<\/em><\/p>\n","protected":false},"excerpt":{"rendered":"<p>\u25ba Editais 2022 Edital CQUI 02-2022 &#8211; SELECAO_BOLSISTA_TUTOR2022-15JUN2022 Edital CQUI 01-2022 &#8211; SELECAO_BOLSISTA_TUTOR2022-15JUN2022 &nbsp; \u00a0\u25ba Editais 2019 Edital CQUI 05-2019 Edital CQUI 04-2019 Edital CQUI 03-2019 Edital CQUI 02-2019 Edital CQUI 01-2019 &nbsp; &nbsp; &nbsp; \u00daltima publica\u00e7\u00e3o 15\/06\/2022.<\/p>\n","protected":false},"author":34,"featured_media":0,"parent":0,"menu_order":0,"comment_status":"closed","ping_status":"closed","template":"","meta":{"footnotes":""},"class_list":["post-2973","page","type-page","status-publish","hentry"],"_links":{"self":[{"href":"http:\/\/www.quimica.ufpr.br\/paginas\/graduacao\/wp-json\/wp\/v2\/pages\/2973","targetHints":{"allow":["GET"]}}],"collection":[{"href":"http:\/\/www.quimica.ufpr.br\/paginas\/graduacao\/wp-json\/wp\/v2\/pages"}],"about":[{"href":"http:\/\/www.quimica.ufpr.br\/paginas\/graduacao\/wp-json\/wp\/v2\/types\/page"}],"author":[{"embeddable":true,"href":"http:\/\/www.quimica.ufpr.br\/paginas\/graduacao\/wp-json\/wp\/v2\/users\/34"}],"replies":[{"embeddable":true,"href":"http:\/\/www.quimica.ufpr.br\/paginas\/graduacao\/wp-json\/wp\/v2\/comments?post=2973"}],"version-history":[{"count":10,"href":"http:\/\/www.quimica.ufpr.br\/paginas\/graduacao\/wp-json\/wp\/v2\/pages\/2973\/revisions"}],"predecessor-version":[{"id":6094,"href":"http:\/\/www.quimica.ufpr.br\/paginas\/graduacao\/wp-json\/wp\/v2\/pages\/2973\/revisions\/6094"}],"wp:attachment":[{"href":"http:\/\/www.quimica.ufpr.br\/paginas\/graduacao\/wp-json\/wp\/v2\/media?parent=2973"}],"curies":[{"name":"wp","href":"https:\/\/api.w.org\/{rel}","templated":true}]}}