{"id":2914,"date":"2019-06-25T13:47:37","date_gmt":"2019-06-25T16:47:37","guid":{"rendered":"http:\/\/www.quimica.ufpr.br\/paginas\/graduacao\/?page_id=2914"},"modified":"2024-09-25T11:33:50","modified_gmt":"2024-09-25T14:33:50","slug":"projetos-de-extensao","status":"publish","type":"page","link":"http:\/\/www.quimica.ufpr.br\/paginas\/graduacao\/projetos-de-extensao\/","title":{"rendered":"Projetos de Extens\u00e3o"},"content":{"rendered":"<div id=\"pl-2914\"  class=\"panel-layout\" ><div id=\"pg-2914-0\"  class=\"panel-grid panel-no-style\" ><div id=\"pgc-2914-0-0\"  class=\"panel-grid-cell\" ><div id=\"panel-2914-0-0-0\" class=\"so-panel widget widget_sow-editor panel-first-child panel-last-child\" data-index=\"0\" ><div\n\t\t\t\n\t\t\tclass=\"so-widget-sow-editor so-widget-sow-editor-base\"\n\t\t\t\n\t\t>\n<div class=\"siteorigin-widget-tinymce textwidget\">\n\t<p>&nbsp;<\/p>\n<ul>\n<li><a href=\"http:\/\/www.quimica.ufpr.br\/paginas\/quimica-na-pratica\/\"><strong>QuiPra - Qu\u00edmica na Pr\u00e1tica<\/strong><\/a><\/li>\n<\/ul>\n<p><a href=\"http:\/\/www.quimica.ufpr.br\/paginas\/quimica-na-pratica\/\" rel=\"attachment wp-att-2908\"><img loading=\"lazy\" decoding=\"async\" class=\"aligncenter wp-image-2908 size-medium\" src=\"http:\/\/www.quimica.ufpr.br\/paginas\/graduacao\/wp-content\/uploads\/sites\/16\/2019\/06\/quipra-300x192.jpg\" alt=\"\" width=\"300\" height=\"192\" srcset=\"http:\/\/www.quimica.ufpr.br\/paginas\/graduacao\/wp-content\/uploads\/sites\/16\/2019\/06\/quipra-300x192.jpg 300w, http:\/\/www.quimica.ufpr.br\/paginas\/graduacao\/wp-content\/uploads\/sites\/16\/2019\/06\/quipra.jpg 591w\" sizes=\"auto, (max-width: 300px) 100vw, 300px\" \/><\/a><\/p>\n<p class=\"font_8\"><strong>Objetivos do projeto<\/strong><\/p>\n<p class=\"font_8\">Esse projeto visa minimizar a falta de atividades experimentais na escola atrav\u00e9s do uso de experimentos demonstrativos de Qu\u00edmica. Al\u00e9m disso, os estudantes participam de jogos qu\u00edmicos. Tais experimentos e jogos s\u00e3o selecionados e confeccionados por estudantes de gradua\u00e7\u00e3o da UFPR, sob orienta\u00e7\u00e3o dos professores coordenadores do projeto.<\/p>\n<p><strong>Coordenadores: <\/strong>Prof\u00aa. Dr\u00aa. Regina, Prof\u00aa. Dr\u00aa. Liliana e Prof. Dr. Lauro.<\/p>\n<p class=\"font_8\">Alunos interessados em participar do Projeto de Extens\u00e3o <strong>QuiPra - Qu\u00edmica na Pr\u00e1tica<\/strong>\u00a0 dever\u00e3o manter contato com um dos coordenadores do projeto, professores Regina, Liliana ou Lauro.<\/p>\n<p>&nbsp;<\/p>\n<hr \/>\n<p>&nbsp;<\/p>\n<ul>\n<li><strong><a href=\"https:\/\/meninasemulheresnascienciasufpr.blogspot.com\/\" target=\"_blank\" rel=\"noopener\">Meninas e Mulheres nas Ci\u00eancias<\/a><\/strong><\/li>\n<\/ul>\n<p><a href=\"https:\/\/meninasemulheresnascienciasufpr.blogspot.com\/\"><img loading=\"lazy\" decoding=\"async\" class=\"alignnone wp-image-8031 size-medium\" src=\"http:\/\/www.quimica.ufpr.br\/paginas\/graduacao\/wp-content\/uploads\/sites\/16\/2024\/09\/mmc-300x119.jpg\" alt=\"\" width=\"300\" height=\"119\" srcset=\"http:\/\/www.quimica.ufpr.br\/paginas\/graduacao\/wp-content\/uploads\/sites\/16\/2024\/09\/mmc-300x119.jpg 300w, http:\/\/www.quimica.ufpr.br\/paginas\/graduacao\/wp-content\/uploads\/sites\/16\/2024\/09\/mmc-1024x407.jpg 1024w, http:\/\/www.quimica.ufpr.br\/paginas\/graduacao\/wp-content\/uploads\/sites\/16\/2024\/09\/mmc-768x305.jpg 768w, http:\/\/www.quimica.ufpr.br\/paginas\/graduacao\/wp-content\/uploads\/sites\/16\/2024\/09\/mmc.jpg 1288w\" sizes=\"auto, (max-width: 300px) 100vw, 300px\" \/><\/a><\/p>\n<p><strong>Objetivos do projeto<\/strong><\/p>\n<p>Incentivar meninas a estudar Ci\u00eancias; Empoderar mulheres em forma\u00e7\u00e3o cient\u00edfica; Divulgar a vida e a obra de mulheres cientistas; Qualificar docentes para atua\u00e7\u00e3o comprometida com\u00a0a equidade de g\u00eanero; Produzir conhecimento especializado por meio de pesquisa cient\u00edfica; Criar\/aplicar\/avaliar materiais l\u00fadico-educativos sobre a tem\u00e1tica.<\/p>\n<p><strong>Coordenadora:<\/strong> Prof\u00aa. Dr\u00aa. Camila S. da Silva<\/p>\n<p>Mais informa\u00e7\u00f5es:<\/p>\n<ul>\n<li>Blog:\u00a0<a href=\"https:\/\/meninasemulheresnascienciasufpr.blogspot.com\/\">https:\/\/meninasemulheresnascienciasufpr.blogspot.com\/<\/a><\/li>\n<li>Facebook:\u00a0<a href=\"https:\/\/www.facebook.com\/mulheresnasciencias.ufpr\">https:\/\/www.facebook.com\/mulheresnasciencias.ufpr<\/a><\/li>\n<li>Instagram:\u00a0<a href=\"https:\/\/www.instagram.com\/mulheresnasciencias.ufpr\/\">https:\/\/www.instagram.com\/mulheresnasciencias.ufpr\/<\/a><\/li>\n<li>Twitter:\u00a0<a href=\"https:\/\/twitter.com\/MMC_UFPR\">https:\/\/twitter.com\/MMC_UFPR<\/a><\/li>\n<li>YouTube:\u00a0<a href=\"https:\/\/www.youtube.com\/channel\/UChfhyBR617R-PmkpZrCRyIw\">https:\/\/www.youtube.com\/channel\/UChfhyBR617R-PmkpZrCRyIw<\/a><\/li>\n<\/ul>\n<hr \/>\n<p>&nbsp;<\/p>\n<ul>\n<li><strong><a href=\"https:\/\/cienciaecriancaufpr.blogspot.com\/\" target=\"_blank\" rel=\"noopener\">Ci\u00eancia &amp; Crian\u00e7a<\/a><\/strong><\/li>\n<\/ul>\n<p><img loading=\"lazy\" decoding=\"async\" class=\"alignnone size-medium wp-image-7052\" src=\"http:\/\/www.quimica.ufpr.br\/paginas\/graduacao\/wp-content\/uploads\/sites\/16\/2023\/06\/crianca-300x249.jpg\" alt=\"\" width=\"300\" height=\"249\" srcset=\"http:\/\/www.quimica.ufpr.br\/paginas\/graduacao\/wp-content\/uploads\/sites\/16\/2023\/06\/crianca-300x249.jpg 300w, http:\/\/www.quimica.ufpr.br\/paginas\/graduacao\/wp-content\/uploads\/sites\/16\/2023\/06\/crianca.jpg 338w\" sizes=\"auto, (max-width: 300px) 100vw, 300px\" \/><\/p>\n<p>&nbsp;<\/p>\n<p><strong>Objetivos do Projeto<\/strong><\/p>\n<p>O Ci\u00eancia &amp; Crian\u00e7a \u00e9 um projeto de extens\u00e3o coordenado pela professora Tatiana Sim\u00f5es, cujo objetivo principal \u00e9 promover a divulga\u00e7\u00e3o cient\u00edfica para o p\u00fablico infantil. O projeto atua na cria\u00e7\u00e3o de materiais audiovisuais para m\u00eddias sociais, bem como na produ\u00e7\u00e3o de materiais l\u00fadicos e pedag\u00f3gicos, como livros e jogos, al\u00e9m de realizar oficinas em escolas\/Intistitui\u00e7\u00f5es de Curitiba e regi\u00e3o. Seu foco principal \u00e9 despertar a curiosidade e o esp\u00edrito investigativo nas crian\u00e7as, ao mesmo tempo em que apresenta refer\u00eancia de cientistas reais. Se voc\u00ea deseja saber mais sobre o projeto ou fazer parte dele, n\u00e3o hesite em entrar em contato atrav\u00e9s de nossos canais de comunica\u00e7\u00e3o.<\/p>\n<p><strong>Coordenadora:<\/strong> Prof\u00aa. Dr\u00aa. Tatiana R. G. Sim\u00f5es<\/p>\n<p><strong>Mais Informa\u00e7\u00f5es:<\/strong><\/p>\n<p class=\"Standard\"><span style=\"color: #374151;background: #F7F7F8\">Instagram e Facebook: @cienciaecriancaufpr<\/span><\/p>\n<p class=\"Standard\"><span style=\"color: #374151;background: #F7F7F8\">Youtube:\u00a0<\/span><a href=\"https:\/\/www.youtube.com\/@cienciacrianca9543\"><span style=\"color: windowtext;text-decoration: none\">https:\/\/www.youtube.com\/@cienciacrianca9543<\/span><\/a><\/p>\n<p class=\"Standard\"><span style=\"color: black\">Blog:\u00a0<\/span><a href=\"https:\/\/cienciaecriancaufpr.blogspot.com\/\"><span style=\"color: windowtext;text-decoration: none\">https:\/\/cienciaecriancaufpr.blogspot.com\/<\/span><\/a><\/p>\n<hr \/>\n<p>&nbsp;<\/p>\n<ul>\n<li><strong><a href=\"https:\/\/educacaoambientalufpr.blogspot.com\/\" target=\"_blank\" rel=\"noopener\">Educa\u00e7\u00e3o Ambiental: Um caminho para a sustentabilidade<\/a><\/strong><\/li>\n<\/ul>\n<p><img loading=\"lazy\" decoding=\"async\" class=\"alignnone wp-image-7053 size-full\" src=\"http:\/\/www.quimica.ufpr.br\/paginas\/graduacao\/wp-content\/uploads\/sites\/16\/2023\/06\/ambiental.jpg\" alt=\"\" width=\"547\" height=\"263\" srcset=\"http:\/\/www.quimica.ufpr.br\/paginas\/graduacao\/wp-content\/uploads\/sites\/16\/2023\/06\/ambiental.jpg 547w, http:\/\/www.quimica.ufpr.br\/paginas\/graduacao\/wp-content\/uploads\/sites\/16\/2023\/06\/ambiental-300x144.jpg 300w\" sizes=\"auto, (max-width: 547px) 100vw, 547px\" \/><\/p>\n<p><strong>Objetivos do Projeto<\/strong><\/p>\n<p class=\"font8\" style=\"text-align: justify;line-height: 150%;background: white;margin: 12.0pt 6.0pt 12.0pt 6.0pt\"><span style=\"color: black\">O projeto de extens\u00e3o \u201cEduca\u00e7\u00e3o Ambiental: um caminho para a sustentabilidade \u2013 Parte 2\u201d est\u00e1 vinculado ao GAEA e visa promover a reflex\u00e3o e sensibiliza\u00e7\u00e3o quanto a importantes quest\u00f5es ambientais e necessidade de conserva\u00e7\u00e3o do meio ambiente. O projeto atua na elabora\u00e7\u00e3o de materiais audiovisuais para rede social Instagram, produ\u00e7\u00e3o de materiais de car\u00e1ter l\u00fadico e pedag\u00f3gico, como livros de passatempos e jogos, e realiza\u00e7\u00e3o de oficinas em escolas. O projeto coordenado pela profa. Glaucia Pantano conta com a participa\u00e7\u00e3o de estudantes de diferentes cursos gradua\u00e7\u00e3o e p\u00f3s-gradua\u00e7\u00e3o da UFPR. Interessados(as) em fazer parte da equipe podem enviar um e-mail para glaucia.pantano@ufpr.br.<\/span><\/p>\n<p><strong>Coordenadora:<\/strong> Prof\u00aa. Dr\u00aa. Glaucia Pantano<\/p>\n<p><strong>Mais informa\u00e7\u00f5es:<\/strong><\/p>\n<p><a href=\"https:\/\/www.instagram.com\/ea.ufpr\/\">https:\/\/www.instagram.com\/ea.ufpr\/<\/a><\/p>\n<p><a href=\"https:\/\/educacaoambientalufpr.blogspot.com\/\">https:\/\/educacaoambientalufpr.blogspot.com\/<\/a><\/p>\n<p>&nbsp;<\/p>\n<hr \/>\n<p>&nbsp;<\/p>\n<ul>\n<li><strong>Experimentando Ci\u00eancia e Artes<\/strong><\/li>\n<\/ul>\n<p><img loading=\"lazy\" decoding=\"async\" class=\"alignnone wp-image-7054 size-full\" src=\"http:\/\/www.quimica.ufpr.br\/paginas\/graduacao\/wp-content\/uploads\/sites\/16\/2023\/06\/experim.jpg\" alt=\"\" width=\"306\" height=\"217\" srcset=\"http:\/\/www.quimica.ufpr.br\/paginas\/graduacao\/wp-content\/uploads\/sites\/16\/2023\/06\/experim.jpg 306w, http:\/\/www.quimica.ufpr.br\/paginas\/graduacao\/wp-content\/uploads\/sites\/16\/2023\/06\/experim-300x213.jpg 300w\" sizes=\"auto, (max-width: 306px) 100vw, 306px\" \/><\/p>\n<p><strong>Objetivos do projeto<\/strong><\/p>\n<p>O objetivo do projeto Experimentando Ci\u00eancia e Artes \u00e9 realizar oficinas e atividades trabalhadas de forma transdisciplinar entre as sub\u00e1reas das Ci\u00eancias da Natureza e Artes visuais e M\u00fasica, com turmas de alunos dos anos finais do Ensino Fundamental e do Ensino M\u00e9dio, de modo a promover a valoriza\u00e7\u00e3o do conhecimento e da Ci\u00eancia atrav\u00e9s de processos investigativos, que demonstrem a import\u00e2ncia na compreens\u00e3o da natureza dos fen\u00f4menos, e das dimens\u00f5es do conhecimento art\u00edstico. O projeto tem parceria com os Col\u00e9gios Estaduais Zilda Arns Neumann e Tarsila do Amaral.<\/p>\n<p><strong>Coordenador:<\/strong> Prof. Dr. Herbert Winnischofer<\/p>\n<p class=\"Textbody\" style=\"margin-bottom: 8.0pt;line-height: 106%\"><span style=\"color: black\"><strong>Contato:<\/strong> hwin@ufpr.br<\/span><\/p>\n<p>&nbsp;<\/p>\n<hr \/>\n<p>&nbsp;<\/p>\n<ul>\n<li><strong>Qu\u00edmica com Hist\u00f3ria no Museu<\/strong><\/li>\n<\/ul>\n<p><strong>Objetivos do projeto<\/strong><\/p>\n<p>O projeto insere-se no contexto museol\u00f3gico e tem o prop\u00f3sito de promover a divulga\u00e7\u00e3o cient\u00edfica utilizando o Museu da Hist\u00f3ria da Medicina do Paran\u00e1 como um espa\u00e7o de promo\u00e7\u00e3o da cultura cient\u00edfica. A partir da pesquisa em livros, farmacopeias e documentos de registro do Hospital Santa Casa de Miseric\u00f3rdia de Curitiba \u00e9 feito um resgate hist\u00f3rico do uso de f\u00e1rmacos na atividade da medicina, como o conhecimento cient\u00edfico mudou ao longo dos anos e como isso influenciou a pr\u00e1tica da medicina e o desenvolvimento cultural e econ\u00f4mico do Brasil.\u00a0Estas informa\u00e7\u00f5es ser\u00e3o disponibilizadas para o p\u00fablico que visita o Museu por meio da media\u00e7\u00e3o dos educadores, fichas explicativas, folders, cartazes e materiais digitais.<\/p>\n<p><strong>Coordenadora:<\/strong> Prof\u00aa. Dr\u00aa. Juliete S. Neves<\/p>\n<p><strong>Contato:<\/strong> julieteneves@ufpr.br<\/p>\n<p>&nbsp;<\/p>\n<hr \/>\n<p>&nbsp;<\/p>\n<ul>\n<li><strong>Catalisa<\/strong><\/li>\n<\/ul>\n<p><strong>Objetivos do Projeto<\/strong><\/p>\n<p>O projeto Catalisa est\u00e1 vinculado ao Grupo de Cat\u00e1lise e Cin\u00e9tica e busca promover a divulga\u00e7\u00e3o cient\u00edfica de temas de alto impacto para a sociedade que est\u00e3o desenvolvidos nesse grupo. Ser\u00e1 foco temas como seguran\u00e7a qu\u00edmica, desastres qu\u00edmicos, armas qu\u00edmicas, guerra qu\u00edmica, agroqu\u00edmicos, entre outros. Ainda, ser\u00e1 foco promover a\u00e7\u00f5es e atividades de divulga\u00e7\u00e3o relacionados \u00e0 paridade de g\u00eanero e diversidade na ci\u00eancia. Assim, espera-se catalisar (acelerar) a dissemina\u00e7\u00e3o de conhecimento que pode efetivamente mudar as vidas das pessoas. Pode auxiliar entender como a qu\u00edmica impacta suas vidas e inspirar futuras gera\u00e7\u00f5es de cientistas.<\/p>\n<p><strong>Coordenadora:<\/strong> Prof\u00aa. Dr\u00aa. Elisa Orth<\/p>\n<p><strong>Contato:<\/strong> elisaorth@ufpr.br<\/p>\n<p>&nbsp;<\/p>\n<\/div>\n<\/div><\/div><\/div><\/div><\/div>","protected":false},"excerpt":{"rendered":"<p>&nbsp; QuiPra &#8211; Qu\u00edmica na Pr\u00e1tica Objetivos do projeto Esse projeto visa minimizar a falta de atividades experimentais na escola atrav\u00e9s do uso de experimentos demonstrativos de Qu\u00edmica. Al\u00e9m disso, os estudantes participam de jogos qu\u00edmicos. Tais experimentos e jogos s\u00e3o selecionados e confeccionados por estudantes de gradua\u00e7\u00e3o da UFPR, sob orienta\u00e7\u00e3o dos professores coordenadores [&hellip;]<\/p>\n","protected":false},"author":34,"featured_media":0,"parent":0,"menu_order":0,"comment_status":"closed","ping_status":"closed","template":"","meta":{"footnotes":""},"class_list":["post-2914","page","type-page","status-publish","hentry"],"_links":{"self":[{"href":"http:\/\/www.quimica.ufpr.br\/paginas\/graduacao\/wp-json\/wp\/v2\/pages\/2914","targetHints":{"allow":["GET"]}}],"collection":[{"href":"http:\/\/www.quimica.ufpr.br\/paginas\/graduacao\/wp-json\/wp\/v2\/pages"}],"about":[{"href":"http:\/\/www.quimica.ufpr.br\/paginas\/graduacao\/wp-json\/wp\/v2\/types\/page"}],"author":[{"embeddable":true,"href":"http:\/\/www.quimica.ufpr.br\/paginas\/graduacao\/wp-json\/wp\/v2\/users\/34"}],"replies":[{"embeddable":true,"href":"http:\/\/www.quimica.ufpr.br\/paginas\/graduacao\/wp-json\/wp\/v2\/comments?post=2914"}],"version-history":[{"count":12,"href":"http:\/\/www.quimica.ufpr.br\/paginas\/graduacao\/wp-json\/wp\/v2\/pages\/2914\/revisions"}],"predecessor-version":[{"id":2931,"href":"http:\/\/www.quimica.ufpr.br\/paginas\/graduacao\/wp-json\/wp\/v2\/pages\/2914\/revisions\/2931"}],"wp:attachment":[{"href":"http:\/\/www.quimica.ufpr.br\/paginas\/graduacao\/wp-json\/wp\/v2\/media?parent=2914"}],"curies":[{"name":"wp","href":"https:\/\/api.w.org\/{rel}","templated":true}]}}