{"id":2825,"date":"2019-06-06T15:36:01","date_gmt":"2019-06-06T18:36:01","guid":{"rendered":"http:\/\/www.quimica.ufpr.br\/paginas\/graduacao\/?page_id=2825"},"modified":"2024-10-03T11:24:41","modified_gmt":"2024-10-03T14:24:41","slug":"laboratorios","status":"publish","type":"page","link":"http:\/\/www.quimica.ufpr.br\/paginas\/graduacao\/laboratorios\/","title":{"rendered":"Laborat\u00f3rios"},"content":{"rendered":"<p>Grande parte dos alunos do curso de Qu\u00edmica desenvolvem atividades de inicia\u00e7\u00e3o cient\u00edfica para complementa\u00e7\u00e3o da sua forma\u00e7\u00e3o acad\u00eamica, bem como est\u00e1gio obrigat\u00f3rio e n\u00e3o obrigat\u00f3rio (programa voluntariado acad\u00eamico) nos laborat\u00f3rios dos grupos de pesquisa abaixo referidos.<\/p>\n<ul>\n<li>Centro de Pesquisa em Qu\u00edmica Aplicada (CEPESQ)<\/li>\n<li>Grupo de Pesquisa de Biopol\u00edmeros (BioPol)<\/li>\n<li>Grupo de Pesquisa em Bioinorg\u00e2nica e Cat\u00e1lise<\/li>\n<li><a href=\"http:\/\/www.quimica.ufpr.br\/paginas\/crome\" target=\"_blank\" rel=\"noopener\">Grupo de Cromatografia e T\u00e9cnicas de Microextra\u00e7\u00e3o<\/a>\u00a0(Crome)<\/li>\n<li><a href=\"http:\/\/www.quimica.ufpr.br\/paginas\/gpmin\" target=\"_blank\" rel=\"noopener\">Grupo de Pesquisa em Macromol\u00e9culas e Interfaces<\/a>\u00a0(GPMin)<\/li>\n<li>Grupo de T\u00e9cnicas Avan\u00e7adas para Tratamento de Res\u00edduos (Tecnotrater)<\/li>\n<li>Grupo de An\u00e1lise Qu\u00edmica e Quimiometria<\/li>\n<li>Grupo de Pesquisa em Qu\u00edmica Ambiental (GQA)<\/li>\n<li>Grupo de Pesquisa em Ecologia Qu\u00edmica e Controle de Pragas<\/li>\n<li>Grupo de Pesquisa em Qu\u00edmica de Recursos Renov\u00e1veis<\/li>\n<li><a href=\"http:\/\/www.quimica.ufpr.br\/paginas\/lapoca\" target=\"_blank\" rel=\"noopener\">Laborat\u00f3rio de Pol\u00edmeros e Cat\u00e1lise<\/a><\/li>\n<li>Laborat\u00f3rio de Semioqu\u00edmicos<\/li>\n<li><a href=\"http:\/\/www.quimica.ufpr.br\/paginas\/labsense\" target=\"_blank\" rel=\"noopener\">Laborat\u00f3rio de Sensores Eletroqu\u00edmicos<\/a>\u00a0(LABSENSE)<\/li>\n<li><a href=\"http:\/\/www.quimica.ufpr.br\/paginas\/lasque\" target=\"_blank\" rel=\"noopener\">Laborat\u00f3rio de S\u00edntese Qu\u00edmica e Enzim\u00e1tica<\/a>\u00a0(LASQUE)<\/li>\n<\/ul>\n<p>&nbsp;<\/p>\n<p>Um aspecto muito importante para a garantia da qualidade de ensino dos cursos de gradua\u00e7\u00e3o, de uma forma geral, \u00e9 a exist\u00eancia de programas consolidados de p\u00f3s-gradua\u00e7\u00e3o nas respectivas \u00e1reas de conhecimento.<\/p>\n<p>O Departamento de qu\u00edmica na UFPR conta com o Programa de P\u00f3s-Gradua\u00e7\u00e3o em Qu\u00edmica (PPGQ\/UFPR), que compreende o curso de mestrado em qu\u00edmica (implantado em 1992) e o curso de doutorado em qu\u00edmica (implantado em 1999), ambos de natureza acad\u00eamica. Na avalia\u00e7\u00e3o da CAPES realizada no tri\u00eanio 2012-2014, ambos foram classificados como n\u00edvel seis (06).<\/p>\n<p>&nbsp;<\/p>\n<p>O PPGQ\/UFPR abrange as quatro grandes \u00e1reas de concentra\u00e7\u00e3o em qu\u00edmica:<\/p>\n<p><strong>(a) QU\u00cdMICA ORG\u00c2NICA:<\/strong> com linhas de pesquisa em Biocat\u00e1lise e Qu\u00edmica de Fitobiomassa, Qu\u00edmica de Produtos Naturais e Ecologia Qu\u00edmica, Qu\u00edmica de Pol\u00edmeros, S\u00edntese de Compostos Org\u00e2nicos e Resson\u00e2ncia Magn\u00e9tica Nuclear;<\/p>\n<p><strong>(b) QU\u00cdMICA INORG\u00c2NICA:<\/strong> Cat\u00e1lise por Compostos Bioinorg\u00e2nicos, Qu\u00edmica Bioinorg\u00e2nica, Qu\u00edmica de Coordena\u00e7\u00e3o, Qu\u00edmica Inorg\u00e2nica Ambiental e Qu\u00edmica de Materiais;<\/p>\n<p><strong>(c) QU\u00cdMICA ANAL\u00cdTICA:<\/strong> Desenvolvimento de Metodologias, Sensores Anal\u00edticos e Quimiometria, Qu\u00edmica Ambiental e Remedia\u00e7\u00e3o de Res\u00edduos S\u00f3lidos, L\u00edquidos e Gasosos;<\/p>\n<p><strong>(d) F\u00cdSICO-QU\u00cdMICA:<\/strong> Eletroqu\u00edmica, F\u00edsico-Qu\u00edmica de Pol\u00edmeros e Qu\u00edmica Qu\u00e2ntica.<\/p>\n<p>&nbsp;<\/p>\n<p>Os Grupos de Pesquisa cujos docentes atuam no Programa de P\u00f3s-Gradua\u00e7\u00e3o em Qu\u00edmica da Universidade Federal do Paran\u00e1 (PPGQ\/UFPR) s\u00e3o descritos acima.<\/p>\n<p>A articula\u00e7\u00e3o com a P\u00f3s-gradua\u00e7\u00e3o tamb\u00e9m ocorre por meio de atividades de monitoria (Pr\u00e1tica de Doc\u00eancia) dos alunos de p\u00f3s-gradua\u00e7\u00e3o atendendo as disciplinas do curso de gradua\u00e7\u00e3o com maior \u00edndice de reprova\u00e7\u00e3o.<\/p>\n<p><img loading=\"lazy\" decoding=\"async\" class=\"aligncenter wp-image-8097 size-large\" src=\"http:\/\/www.quimica.ufpr.br\/paginas\/graduacao\/wp-content\/uploads\/sites\/16\/2024\/10\/laboratorio-didaticos-1024x768.jpg\" alt=\"\" width=\"1024\" height=\"768\" srcset=\"http:\/\/www.quimica.ufpr.br\/paginas\/graduacao\/wp-content\/uploads\/sites\/16\/2024\/10\/laboratorio-didaticos-1024x768.jpg 1024w, http:\/\/www.quimica.ufpr.br\/paginas\/graduacao\/wp-content\/uploads\/sites\/16\/2024\/10\/laboratorio-didaticos-300x225.jpg 300w, http:\/\/www.quimica.ufpr.br\/paginas\/graduacao\/wp-content\/uploads\/sites\/16\/2024\/10\/laboratorio-didaticos-768x576.jpg 768w, http:\/\/www.quimica.ufpr.br\/paginas\/graduacao\/wp-content\/uploads\/sites\/16\/2024\/10\/laboratorio-didaticos-1536x1152.jpg 1536w, http:\/\/www.quimica.ufpr.br\/paginas\/graduacao\/wp-content\/uploads\/sites\/16\/2024\/10\/laboratorio-didaticos-2048x1536.jpg 2048w\" sizes=\"auto, (max-width: 1024px) 100vw, 1024px\" \/><\/p>\n<p><img loading=\"lazy\" decoding=\"async\" class=\"aligncenter wp-image-8099 size-large\" src=\"http:\/\/www.quimica.ufpr.br\/paginas\/graduacao\/wp-content\/uploads\/sites\/16\/2024\/10\/img_5805-1024x768.jpg\" alt=\"\" width=\"1024\" height=\"768\" srcset=\"http:\/\/www.quimica.ufpr.br\/paginas\/graduacao\/wp-content\/uploads\/sites\/16\/2024\/10\/img_5805-1024x768.jpg 1024w, http:\/\/www.quimica.ufpr.br\/paginas\/graduacao\/wp-content\/uploads\/sites\/16\/2024\/10\/img_5805-300x225.jpg 300w, http:\/\/www.quimica.ufpr.br\/paginas\/graduacao\/wp-content\/uploads\/sites\/16\/2024\/10\/img_5805-768x576.jpg 768w, http:\/\/www.quimica.ufpr.br\/paginas\/graduacao\/wp-content\/uploads\/sites\/16\/2024\/10\/img_5805-1536x1152.jpg 1536w, http:\/\/www.quimica.ufpr.br\/paginas\/graduacao\/wp-content\/uploads\/sites\/16\/2024\/10\/img_5805-2048x1536.jpg 2048w\" sizes=\"auto, (max-width: 1024px) 100vw, 1024px\" \/><\/p>\n<p>&nbsp;<\/p>\n<p>&nbsp;<\/p>\n<p><strong>Laborat\u00f3rios de Ensino<\/strong><\/p>\n<p>O DQUI conta com sete (7) laborat\u00f3rios de ensino de gradua\u00e7\u00e3o: um (1) laborat\u00f3rio de ensino de gradua\u00e7\u00e3o de Qu\u00edmica Geral; um (1) laborat\u00f3rio de ensino de gradua\u00e7\u00e3o de Qu\u00edmica Inorg\u00e2nica; dois (2) laborat\u00f3rios de ensino de gradua\u00e7\u00e3o de Qu\u00edmica Org\u00e2nica; dois (2) laborat\u00f3rios de ensino de gradua\u00e7\u00e3o de Qu\u00edmica Anal\u00edtica, um (1) laborat\u00f3rio de An\u00e1lise Instrumental e um (1) laborat\u00f3rio de ensino de gradua\u00e7\u00e3o de F\u00edsico-Qu\u00edmica.<\/p>\n<p>Os laborat\u00f3rios de ensino de gradua\u00e7\u00e3o acima descritos s\u00e3o usados exclusivamente para o ensino de gradua\u00e7\u00e3o, tanto para os estudantes do curso de Qu\u00edmica como para os outros cursos que tem disciplinas experimentais de Qu\u00edmica.<\/p>\n<p>&nbsp;<\/p>\n<p><a href=\"http:\/\/www.quimica.ufpr.br\/paginas\/graduacao\/laboratorios\/whatsapp-image-2018-09-11-at-08-58-33\/\" rel=\"attachment wp-att-2832\"><img loading=\"lazy\" decoding=\"async\" class=\"aligncenter wp-image-2832 size-large\" src=\"http:\/\/www.quimica.ufpr.br\/paginas\/graduacao\/wp-content\/uploads\/sites\/16\/2019\/06\/whatsapp-image-2018-09-11-at-08-58-33-1024x191.jpeg\" alt=\"\" width=\"1024\" height=\"191\" srcset=\"http:\/\/www.quimica.ufpr.br\/paginas\/graduacao\/wp-content\/uploads\/sites\/16\/2019\/06\/whatsapp-image-2018-09-11-at-08-58-33-1024x191.jpeg 1024w, http:\/\/www.quimica.ufpr.br\/paginas\/graduacao\/wp-content\/uploads\/sites\/16\/2019\/06\/whatsapp-image-2018-09-11-at-08-58-33-300x56.jpeg 300w, http:\/\/www.quimica.ufpr.br\/paginas\/graduacao\/wp-content\/uploads\/sites\/16\/2019\/06\/whatsapp-image-2018-09-11-at-08-58-33-768x143.jpeg 768w, http:\/\/www.quimica.ufpr.br\/paginas\/graduacao\/wp-content\/uploads\/sites\/16\/2019\/06\/whatsapp-image-2018-09-11-at-08-58-33.jpeg 1280w\" sizes=\"auto, (max-width: 1024px) 100vw, 1024px\" \/><\/a><a href=\"http:\/\/www.quimica.ufpr.br\/paginas\/graduacao\/laboratorios\/whatsapp-image-2018-09-11-at-08-58-33-2-2\/\" rel=\"attachment wp-att-2826\"><img loading=\"lazy\" decoding=\"async\" class=\"aligncenter wp-image-2826 size-large\" src=\"http:\/\/www.quimica.ufpr.br\/paginas\/graduacao\/wp-content\/uploads\/sites\/16\/2019\/06\/whatsapp-image-2018-09-11-at-08-58-33-2-1024x576.jpeg\" alt=\"\" width=\"1024\" height=\"576\" srcset=\"http:\/\/www.quimica.ufpr.br\/paginas\/graduacao\/wp-content\/uploads\/sites\/16\/2019\/06\/whatsapp-image-2018-09-11-at-08-58-33-2-1024x576.jpeg 1024w, http:\/\/www.quimica.ufpr.br\/paginas\/graduacao\/wp-content\/uploads\/sites\/16\/2019\/06\/whatsapp-image-2018-09-11-at-08-58-33-2-300x169.jpeg 300w, http:\/\/www.quimica.ufpr.br\/paginas\/graduacao\/wp-content\/uploads\/sites\/16\/2019\/06\/whatsapp-image-2018-09-11-at-08-58-33-2-768x432.jpeg 768w, http:\/\/www.quimica.ufpr.br\/paginas\/graduacao\/wp-content\/uploads\/sites\/16\/2019\/06\/whatsapp-image-2018-09-11-at-08-58-33-2.jpeg 1032w\" sizes=\"auto, (max-width: 1024px) 100vw, 1024px\" \/><\/a><\/p>\n<p>&nbsp;<\/p>\n<p><strong>Laborat\u00f3rios de Pesquisa<\/strong><\/p>\n<p>Os estudantes de Inicia\u00e7\u00e3o Cient\u00edfica, de est\u00e1gio obrigat\u00f3rio e\/ou n\u00e3o obrigat\u00f3rio disp\u00f5em ainda de toda uma estrutura de 18 (dezoito) laborat\u00f3rios de pesquisa que ocupam uma \u00e1rea total de aproximadamente 1130 m\u00b2, independentes dos gabinetes dos professores, onde trabalharam cerca de 180 discentes (dados de 2016) desenvolvendo atividades de pesquisa (gradua\u00e7\u00e3o e p\u00f3s-gradua\u00e7\u00e3o).<\/p>\n<p>&nbsp;<\/p>\n<p><strong>Equipamentos de uso compartilhado<\/strong><\/p>\n<p>Al\u00e9m destes 18 laborat\u00f3rios de pesquisa, que disp\u00f5em dos equipamentos de uso espec\u00edfico de cada linha de pesquisa, os estudantes do Programa de P\u00f3s-Gradua\u00e7\u00e3o em Qu\u00edmica (PPGQ\/UFPR) e os estudantes de inicia\u00e7\u00e3o cient\u00edfica contam tamb\u00e9m com a infraestrutura compartilhada de equipamentos de m\u00e9dio e de grande porte (multiusu\u00e1rios) do Departamento de Qu\u00edmica:<\/p>\n<p>&#8211; Laborat\u00f3rio de Resson\u00e2ncia Paramagn\u00e9tica Eletr\u00f4nica (RPE), que disp\u00f5e de um espectr\u00f4metro Bruker ESP-300 operando em banda X (9,5 GHz);<\/p>\n<p>&#8211; Laborat\u00f3rio de Resson\u00e2ncia Magn\u00e9tica Nuclear (RMN), com dois equipamentos Bruker Advance (200 e 400 MHz), o primeiro para an\u00e1lise de 1H- e 13C-RMN em l\u00edquidos e solu\u00e7\u00f5es, e o segundo multinuclear, com controle de temperatura e equipado com sondas para amostras l\u00edquidas e s\u00f3lidas;<\/p>\n<p>&#8211; Laborat\u00f3rio de Difratometria de Raios-X de P\u00f3 e Microscopia Raman, com equipamentos Shimadzu XRD 6000 e Renishaw Raman Image respectivamente, este \u00faltimo acoplado a microsc\u00f3pio \u00f3tico Leica;<\/p>\n<p>&#8211; Laborat\u00f3rio de Espectroscopia de Absor\u00e7\u00e3o At\u00f4mica, com espectr\u00f4metro Shimadzu AA 6800 equipado com forno de grafite;<\/p>\n<p>&#8211; Laborat\u00f3rio Multiusu\u00e1rio de Equipamentos de M\u00e9dio Porte, com dois espectrofot\u00f4metros UV-vis\u00edvel (HP 8452A e Shimadzu UV 2401PC); cromat\u00f3grafo gasoso Shimadzu CG-14B e um CG-17A, com detec\u00e7\u00e3o por ioniza\u00e7\u00e3o em chama, acoplados a um integrador de \u00e1reas de picos; espectro-fluor\u00edmetro Hitachi F4500 e dois potenciostato\/galvanostato PAR modelo 273.<\/p>\n<p>&#8211; Laborat\u00f3rio de An\u00e1lise T\u00e9rmica, com equipamento NETZSCH Simultaneous Thermal Analysis 409EP;<\/p>\n<p>&#8211; Laborat\u00f3rio de Espectrofotometria no Infravermelho, com espectrofot\u00f4metros BIO-RAD FTS 3500GX e BOMEN Michelson MB100 equipados com acess\u00f3rios para reflet\u00e2ncia difusa.<\/p>\n<p>Outra facilidade dispon\u00edvel no DQUI\/UFPR \u00e9 a Oficina de Hialotecnia (Vidraria Cient\u00edfica), reestruturada no in\u00edcio de 2004 e que est\u00e1 equipada para atender a maioria das necessidades dos laborat\u00f3rios de gradua\u00e7\u00e3o e pesquisa. O trabalho t\u00e9cnico \u00e9 realizado por um profissional altamente qualificado e experiente.<\/p>\n<p>O Curso de Bacharelado em Qu\u00edmica conta tamb\u00e9m com os servi\u00e7os da Central de Produtos Qu\u00edmicos do DQUI (antigo almoxarifado de reagentes), que \u00e9 totalmente informatizada e possui instala\u00e7\u00f5es novas e adequadas \u00e0s normas internacionais de armazenamento e manipula\u00e7\u00e3o das diversas categorias de produtos qu\u00edmicos. Assim como tem dispon\u00edvel uma enorme estrutura de montada para a manipula\u00e7\u00e3o e descarte dos res\u00edduos qu\u00edmicos produzidos no DQUI. Deve ser lembrado que o projeto de tratamentos de res\u00edduos do DQUI\/UFPR foi encampado posteriormente por toda UFPR.<\/p>\n<p>No Centro Polit\u00e9cnico da Universidade Federal do Paran\u00e1, onde est\u00e1 localizado o Departamento de Qu\u00edmica, os estudantes do PPGQ\/UFPR e de Inicia\u00e7\u00e3o Cient\u00edfica contam tamb\u00e9m com as facilidades do Centro de Microscopia Eletr\u00f4nica da UFPR. O centro, de car\u00e1ter multiusu\u00e1rio, disp\u00f5e de um Microsc\u00f3pio de Transmiss\u00e3o JEOL JEM 1200 e de um Microsc\u00f3pio de Varredura JEOL JSM-6360LY com an\u00e1lise por EDS, al\u00e9m dos respectivos equipamentos de pr\u00e9-microscopia. Tamb\u00e9m h\u00e1 acesso a um equipamento de XPS (espectroscopia de foto-el\u00e9trons excitada por raios-X) ESCA 3000 VG Microtech e a um Microsc\u00f3pio de For\u00e7a At\u00f4mica Shimadzu SPM9500J3, ambos gerenciados por docentes do Departamento de F\u00edsica.<\/p>\n<p>&nbsp;<\/p>\n<p><a href=\"http:\/\/www.quimica.ufpr.br\/paginas\/graduacao\/laboratorios\/whatsapp-image-2018-09-11-at-08-58-38\/\" rel=\"attachment wp-att-2828\"><img loading=\"lazy\" decoding=\"async\" class=\"aligncenter wp-image-2828 size-large\" src=\"http:\/\/www.quimica.ufpr.br\/paginas\/graduacao\/wp-content\/uploads\/sites\/16\/2019\/06\/whatsapp-image-2018-09-11-at-08-58-38-1024x576.jpeg\" alt=\"\" width=\"1024\" height=\"576\" srcset=\"http:\/\/www.quimica.ufpr.br\/paginas\/graduacao\/wp-content\/uploads\/sites\/16\/2019\/06\/whatsapp-image-2018-09-11-at-08-58-38-1024x576.jpeg 1024w, http:\/\/www.quimica.ufpr.br\/paginas\/graduacao\/wp-content\/uploads\/sites\/16\/2019\/06\/whatsapp-image-2018-09-11-at-08-58-38-300x169.jpeg 300w, http:\/\/www.quimica.ufpr.br\/paginas\/graduacao\/wp-content\/uploads\/sites\/16\/2019\/06\/whatsapp-image-2018-09-11-at-08-58-38-768x432.jpeg 768w, http:\/\/www.quimica.ufpr.br\/paginas\/graduacao\/wp-content\/uploads\/sites\/16\/2019\/06\/whatsapp-image-2018-09-11-at-08-58-38.jpeg 1032w\" sizes=\"auto, (max-width: 1024px) 100vw, 1024px\" \/><\/a><\/p>\n<p>&nbsp;<\/p>\n","protected":false},"excerpt":{"rendered":"<p>Grande parte dos alunos do curso de Qu\u00edmica desenvolvem atividades de inicia\u00e7\u00e3o cient\u00edfica para complementa\u00e7\u00e3o da sua forma\u00e7\u00e3o acad\u00eamica, bem como est\u00e1gio obrigat\u00f3rio e n\u00e3o obrigat\u00f3rio (programa voluntariado acad\u00eamico) nos laborat\u00f3rios dos grupos de pesquisa abaixo referidos. Centro de Pesquisa em Qu\u00edmica Aplicada (CEPESQ) Grupo de Pesquisa de Biopol\u00edmeros (BioPol) Grupo de Pesquisa em Bioinorg\u00e2nica [&hellip;]<\/p>\n","protected":false},"author":34,"featured_media":0,"parent":0,"menu_order":0,"comment_status":"closed","ping_status":"closed","template":"","meta":{"footnotes":""},"class_list":["post-2825","page","type-page","status-publish","hentry"],"_links":{"self":[{"href":"http:\/\/www.quimica.ufpr.br\/paginas\/graduacao\/wp-json\/wp\/v2\/pages\/2825","targetHints":{"allow":["GET"]}}],"collection":[{"href":"http:\/\/www.quimica.ufpr.br\/paginas\/graduacao\/wp-json\/wp\/v2\/pages"}],"about":[{"href":"http:\/\/www.quimica.ufpr.br\/paginas\/graduacao\/wp-json\/wp\/v2\/types\/page"}],"author":[{"embeddable":true,"href":"http:\/\/www.quimica.ufpr.br\/paginas\/graduacao\/wp-json\/wp\/v2\/users\/34"}],"replies":[{"embeddable":true,"href":"http:\/\/www.quimica.ufpr.br\/paginas\/graduacao\/wp-json\/wp\/v2\/comments?post=2825"}],"version-history":[{"count":10,"href":"http:\/\/www.quimica.ufpr.br\/paginas\/graduacao\/wp-json\/wp\/v2\/pages\/2825\/revisions"}],"predecessor-version":[{"id":2833,"href":"http:\/\/www.quimica.ufpr.br\/paginas\/graduacao\/wp-json\/wp\/v2\/pages\/2825\/revisions\/2833"}],"wp:attachment":[{"href":"http:\/\/www.quimica.ufpr.br\/paginas\/graduacao\/wp-json\/wp\/v2\/media?parent=2825"}],"curies":[{"name":"wp","href":"https:\/\/api.w.org\/{rel}","templated":true}]}}