{"id":24,"date":"2013-08-05T12:35:08","date_gmt":"2013-08-05T15:35:08","guid":{"rendered":"http:\/\/www.quimica.ufpr.br\/paginas\/graduacao\/?page_id=24"},"modified":"2026-02-02T12:56:32","modified_gmt":"2026-02-02T15:56:32","slug":"estagios","status":"publish","type":"page","link":"http:\/\/www.quimica.ufpr.br\/paginas\/graduacao\/estagios\/","title":{"rendered":"EST\u00c1GIOS"},"content":{"rendered":"<div id=\"pl-24\" class=\"panel-layout\">\n<div id=\"pg-24-0\" class=\"panel-grid panel-no-style\">\n<div id=\"pgc-24-0-0\" class=\"panel-grid-cell\">\n<div id=\"panel-24-0-0-0\" class=\"so-panel widget widget_sow-editor panel-first-child panel-last-child\">\n<div class=\"so-widget-sow-editor so-widget-sow-editor-base\">\n<div class=\"siteorigin-widget-tinymce textwidget\">\n<p><strong><span style=\"text-decoration: underline\">\u25ba E S T \u00c1 G I O\u00a0 \u00a0O B R I G A T \u00d3 R I O<\/span><\/strong><\/p>\n<p>Os alunos interessados em Cursar a disciplina de <strong>EST\u00c1GIO OBRIGAT\u00d3RIO do Bacharelado (CQ300\/CQ043)<\/strong> dever\u00e3o\u00a0<strong> seguir o cronograma<\/strong> para tr\u00e2mite da documenta\u00e7\u00e3o e efetiva\u00e7\u00e3o da matr\u00edcula na disciplina, conforme detalha as orienta\u00e7\u00f5es nos arquivos abaixo.<\/p>\n<p>&#8212; O interessado deve ter sido aprovado em 50% da carga hor\u00e1ria do Curso de Bacharelado.<br \/>\n&#8212; Disponibilidade de 20 a 30 horas semanais para realizar o est\u00e1gio.<br \/>\n&#8212; O total de carga hor\u00e1ria de atividades acad\u00eamicas, no semestre em quest\u00e3o, n\u00e3o dever\u00e1 ultrapassar <strong>45 horas<\/strong> semanais (incluindo aulas, est\u00e1gio, inicia\u00e7\u00e3o cient\u00edfica, monitoria, etc). Casos excepcionais dever\u00e3o ser deliberados pelo colegiado do curso.<\/p>\n<\/div>\n<\/div>\n<div class=\"so-widget-sow-editor so-widget-sow-editor-base\">\n<div class=\"siteorigin-widget-tinymce textwidget\">\n<p><strong>Grade Nova (12B\/2019\/2023)<\/strong><\/p>\n<ul>\n<li><a href=\"http:\/\/www.quimica.ufpr.br\/paginas\/graduacao\/wp-content\/uploads\/sites\/16\/2026\/02\/cq300-s1-2026-janeiro-2026-final.docx\">CQ300 &#8211; 2026\/1S &#8211; Cronograma e Orienta\u00e7\u00f5es (docx)<\/a><\/li>\n<\/ul>\n<\/div>\n<\/div>\n<\/div>\n<div class=\"so-widget-sow-editor so-widget-sow-editor-base\">\n<div class=\"siteorigin-widget-tinymce textwidget\">\n<p><strong>Grade Antiga (12B\/1993)<\/strong><\/p>\n<ul>\n<li><a href=\"http:\/\/www.quimica.ufpr.br\/paginas\/graduacao\/wp-content\/uploads\/sites\/16\/2026\/02\/cq043-s1-2026-janeiro-2026-final.docx\">CQ043 &#8211; 2026\/1S &#8211; Cronograma e Orienta\u00e7\u00f5es (docx)<\/a><\/li>\n<\/ul>\n<\/div>\n<\/div>\n<div id=\"panel-24-0-0-0\" class=\"so-panel widget widget_sow-editor panel-first-child panel-last-child\">\n<div class=\"so-widget-sow-editor so-widget-sow-editor-base\">\n<p style=\"text-align: right\"><em>Atualizado em 02\/02\/2026<\/em><\/p>\n<hr \/>\n<p>&nbsp;<\/p>\n<\/div>\n<\/div>\n<div id=\"panel-24-0-0-0\" class=\"so-panel widget widget_sow-editor panel-first-child panel-last-child\">\n<div id=\"pg-24-0\" class=\"panel-grid panel-no-style\">\n<div id=\"pgc-24-0-0\" class=\"panel-grid-cell\">\n<div>\n<div>\n<div>\n<hr \/>\n<p><strong>\u25ba E S T \u00c1 G I O\u00a0 \u00a0N \u00c3 O\u00a0 \u00a0O B R I G A T \u00d3 R I O<\/strong><\/p>\n<\/div>\n<\/div>\n<\/div>\n<div>\n<ul>\n<li>Tr\u00e2mite da documenta\u00e7\u00e3o:<\/li>\n<\/ul>\n<p><strong>1-<\/strong> O aluno dever\u00e1 encaminhar a documenta\u00e7\u00e3o de est\u00e1gio para confer\u00eancia e assinatura do<a href=\"https:\/\/www.quimica.ufpr.br\/paginas\/graduacao\/coe\/\" target=\"_blank\" rel=\"noopener\"> Orientador\/COE<\/a>.<\/p>\n<p><strong>2-<\/strong> Entregar a documenta\u00e7\u00e3o com as assinaturas da <strong>Empresa<\/strong>, do <strong>Aluno<\/strong> e do <strong>Orientador<\/strong> na secretaria da coordena\u00e7\u00e3o do curso.<\/p>\n<p><strong>3-<\/strong> A secretaria da coordena\u00e7\u00e3o providenciar\u00e1 a assinatura do coordenador do curso e o encaminhamento para assinatura\/despacho da Unidade de Est\u00e1gios\/COAPPE\/PROGRAP autorizando o in\u00edcio do est\u00e1gio.<\/p>\n<p><strong>4-<\/strong> Aguardar o email com o despacho\/parecer e assinatura da COAPPE\/PROGRAP.<\/p>\n<p><strong>5-<\/strong> Vir retirar o termo de est\u00e1gio deixado na coordena\u00e7\u00e3o.<\/p>\n<p>&nbsp;<\/p>\n<\/div>\n<ul>\n<li><strong>BACHARELADO:<\/strong> Para iniciar a tramita\u00e7\u00e3o o aluno dever\u00e1:<\/li>\n<\/ul>\n<\/div>\n<\/div>\n<\/div>\n<\/div>\n<\/div>\n<div>&#8211; Ser estudante do 3\u00ba per\u00edodo em diante.<\/div>\n<div>&#8211; Ter sido aprovado nas disciplinas: CQ211-Qu\u00edmica Geral, CQ212-Qu\u00edmica Geral Experimental, CQ221-Qu\u00edmica Inorg\u00e2nica I e CQ214-Qu\u00edmica Anal\u00edtica I.<\/div>\n<div>&#8211; O aluno dever\u00e1 contabilizar no m\u00e1ximo <strong>45 horas<\/strong> de atividades semanais (no total).<\/div>\n<div>&#8211; Apresentar Hist\u00f3rico Escolar para avalia\u00e7\u00e3o do desempenho acad\u00eamico.<\/div>\n<div>&#8211; Preencher a <a href=\"http:\/\/www.quimica.ufpr.br\/paginas\/graduacao\/wp-content\/uploads\/sites\/16\/2024\/10\/planilha-quadro-de-atividades.docx\">Planilha de Atividades<\/a><\/div>\n<div>&#8211; Necess\u00e1rio ser remunerado.<\/div>\n<div>&#8211; Estar matriculado com a carga m\u00ednima exigida no semestre.<\/div>\n<div>&#8211; Ter cursado 80% das disciplinas previstas nos 2 primeiros semestres iniciais do curso, com aprova\u00e7\u00e3o.<\/div>\n<div>&#8211; N\u00e3o ter reprova\u00e7\u00e3o em nenhuma disciplina por falta no semestre imediatamente anterior \u00e0 solicita\u00e7\u00e3o.<\/div>\n<div>&#8211; Situa\u00e7\u00f5es excepcionais ser\u00e3o avaliadas pela COE ou Colegiado do Curso.<\/div>\n<\/div>\n<div><\/div>\n<div>.<\/div>\n<div>.<\/div>\n<div>\n<ul>\n<li><strong>LICENCIATURA:<\/strong> Para iniciar a tramita\u00e7\u00e3o o aluno dever\u00e1:<\/li>\n<\/ul>\n<\/div>\n<div>&#8211; Estar matriculado com a carga m\u00ednima exigida no semestre.<\/div>\n<div>&#8211; Ter cursado 80% das disciplinas previstas nos 2 primeiros semestres iniciais do curso, com aprova\u00e7\u00e3o.<\/div>\n<div>&#8211; N\u00e3o ter reprova\u00e7\u00e3o em nenhuma disciplina por falta no semestre imediatamente anterior \u00e0 solicita\u00e7\u00e3o.<\/div>\n<div>&#8211; Apresentar Hist\u00f3rico Escolar para avalia\u00e7\u00e3o do desempenho acad\u00eamico.<\/div>\n<div><\/div>\n<div>.<\/div>\n<div><\/div>\n<div><\/div>\n<div>\n<div id=\"pl-24\" class=\"panel-layout\">\n<div id=\"pg-24-0\" class=\"panel-grid panel-no-style\">\n<div id=\"pgc-24-0-0\" class=\"panel-grid-cell\">\n<div class=\"so-panel widget widget_sow-editor panel-first-child panel-last-child\">\n<hr \/>\n<p>\u25ba Ao final do Est\u00e1gio o aluno poder\u00e1 solicitar o certificado \u00e0 Unidade de Est\u00e1gios, mediante entrega do relat\u00f3rio e da <strong>Ficha de Avalia\u00e7\u00e3o<\/strong> do est\u00e1gio, que deve ser gerada no link abaixo.<\/p>\n<\/div>\n<\/div>\n<\/div>\n<\/div>\n<\/div>\n<div><a href=\"http:\/\/www.prograd.ufpr.br\/estagio\/formularios\/\" target=\"_blank\" rel=\"noopener\">http:\/\/www.prograd.ufpr.br\/estagio\/formularios\/<\/a><\/div>\n<div><\/div>\n<div>.<\/div>\n<div><\/div>\n<div id=\"pl-24\" class=\"panel-layout\">\n<div>\n<div id=\"pl-24\" class=\"panel-layout\">\n<div id=\"pg-24-0\" class=\"panel-grid panel-no-style\">\n<div id=\"pgc-24-0-0\" class=\"panel-grid-cell\">\n<div class=\"so-panel widget widget_sow-editor panel-first-child panel-last-child\">\n<hr \/>\n<p><strong>\u25ba COE &#8211; C O M I S S \u00c3 O\u00a0 \u00a0O R I E N T A D O R A\u00a0 \u00a0D E\u00a0 \u00a0E S T \u00c1 G I O<\/strong><\/p>\n<\/div>\n<\/div>\n<\/div>\n<\/div>\n<\/div>\n<\/div>\n<div id=\"pl-24\" class=\"panel-layout\">\n<div id=\"pg-24-0\" class=\"panel-grid panel-no-style\">\n<div id=\"pgc-24-0-0\" class=\"panel-grid-cell\">\n<div class=\"so-panel widget widget_sow-editor panel-first-child panel-last-child\">\n<ul>\n<li><a href=\"http:\/\/www.quimica.ufpr.br\/paginas\/graduacao\/coe\/\">Lista de contatos dos professores da COE do Bacharelado e da Licenciatura<\/a><\/li>\n<\/ul>\n<p>&nbsp;<\/p>\n<div class=\"so-widget-sow-editor so-widget-sow-editor-base\">\n<div class=\"siteorigin-widget-tinymce textwidget\">\n<hr \/>\n<p>&nbsp;<\/p>\n<p><span style=\"text-decoration: underline\"><strong>\u25ba D O C U M E N T A \u00c7 \u00c3 O\u00a0 \u00a0D E\u00a0 \u00a0E S T \u00c1 G I O S<\/strong><\/span><\/p>\n<ul>\n<li><a href=\"http:\/\/www.prograd.ufpr.br\/estagio\/formularios\/\" target=\"_blank\" rel=\"noopener noreferrer\">Termos de Est\u00e1gio \/ Formul\u00e1rios \/ Relat\u00f3rios de Est\u00e1gio<\/a><\/li>\n<li><a href=\"http:\/\/www.prograd.ufpr.br\/portal\/coafe\/ue\/\" target=\"_blank\" rel=\"noopener noreferrer\">P\u00e1gina da Unidade de Est\u00e1gios<\/a><\/li>\n<li><a href=\"http:\/\/www.prograd.ufpr.br\/estagio\/formularios\/form\/relatorio_estagio.php\" target=\"_blank\" rel=\"noopener\">Relat\u00f3rio de Conclus\u00e3o de Est\u00e1gio &#8211; Preencher ao final do est\u00e1gio<\/a><\/li>\n<li><a href=\"http:\/\/www.prograd.ufpr.br\/portal\/cge\/wp-content\/uploads\/sites\/4\/2019\/01\/Manual-de-Est%C3%A1gios-Vers%C3%A3o-Final.pdf\" target=\"_blank\" rel=\"noopener noreferrer\">Manual de Est\u00e1gios da UFPR<\/a><\/li>\n<li><a href=\"http:\/\/www.prograd.ufpr.br\/portal\/coafe\/ue\/legislacao\/\" target=\"_blank\" rel=\"noopener noreferrer\">Legisla\u00e7\u00e3o<\/a><\/li>\n<li><a href=\"http:\/\/www.quimica.ufpr.br\/paginas\/graduacao\/wp-content\/uploads\/sites\/16\/2018\/07\/Of\u00edcio-Circular-n-013-CGE-PROGRAD.pdf\">Of\u00edcio Circular n 013 &#8211; CGE-PROGRAD<\/a><\/li>\n<li><a href=\"http:\/\/www.prograd.ufpr.br\/portal\/coafe\/ue\/perguntas-frequentes\/\">Perguntas frequentes<\/a><\/li>\n<\/ul>\n<p>&nbsp;<\/p>\n<\/div>\n<hr \/>\n<div class=\"siteorigin-widget-tinymce textwidget\"><\/div>\n<\/div>\n<\/div>\n<\/div>\n<\/div>\n<div><\/div>\n<div id=\"pg-24-0\" class=\"panel-grid panel-no-style\">\n<div id=\"pgc-24-0-0\" class=\"panel-grid-cell\">\n<div id=\"panel-24-0-0-0\" class=\"so-panel widget widget_sow-editor panel-first-child panel-last-child\">\n<div class=\"so-widget-sow-editor so-widget-sow-editor-base\">\n<div class=\"siteorigin-widget-tinymce textwidget\">\n<p>&nbsp;<\/p>\n<p>&nbsp;<\/p>\n<\/div>\n<\/div>\n<\/div>\n<\/div>\n<\/div>\n<\/div>\n","protected":false},"excerpt":{"rendered":"<p>\u25ba E S T \u00c1 G I O\u00a0 \u00a0O B R I G A T \u00d3 R I O Os alunos interessados em Cursar a disciplina de EST\u00c1GIO OBRIGAT\u00d3RIO do Bacharelado (CQ300\/CQ043) dever\u00e3o\u00a0 seguir o cronograma para tr\u00e2mite da documenta\u00e7\u00e3o e efetiva\u00e7\u00e3o da matr\u00edcula na disciplina, conforme detalha as orienta\u00e7\u00f5es nos arquivos abaixo. &#8212; O [&hellip;]<\/p>\n","protected":false},"author":34,"featured_media":0,"parent":0,"menu_order":0,"comment_status":"closed","ping_status":"closed","template":"","meta":{"footnotes":""},"class_list":["post-24","page","type-page","status-publish","hentry"],"_links":{"self":[{"href":"http:\/\/www.quimica.ufpr.br\/paginas\/graduacao\/wp-json\/wp\/v2\/pages\/24","targetHints":{"allow":["GET"]}}],"collection":[{"href":"http:\/\/www.quimica.ufpr.br\/paginas\/graduacao\/wp-json\/wp\/v2\/pages"}],"about":[{"href":"http:\/\/www.quimica.ufpr.br\/paginas\/graduacao\/wp-json\/wp\/v2\/types\/page"}],"author":[{"embeddable":true,"href":"http:\/\/www.quimica.ufpr.br\/paginas\/graduacao\/wp-json\/wp\/v2\/users\/34"}],"replies":[{"embeddable":true,"href":"http:\/\/www.quimica.ufpr.br\/paginas\/graduacao\/wp-json\/wp\/v2\/comments?post=24"}],"version-history":[{"count":162,"href":"http:\/\/www.quimica.ufpr.br\/paginas\/graduacao\/wp-json\/wp\/v2\/pages\/24\/revisions"}],"predecessor-version":[{"id":8915,"href":"http:\/\/www.quimica.ufpr.br\/paginas\/graduacao\/wp-json\/wp\/v2\/pages\/24\/revisions\/8915"}],"wp:attachment":[{"href":"http:\/\/www.quimica.ufpr.br\/paginas\/graduacao\/wp-json\/wp\/v2\/media?parent=24"}],"curies":[{"name":"wp","href":"https:\/\/api.w.org\/{rel}","templated":true}]}}