{"id":121,"date":"2017-01-18T18:13:42","date_gmt":"2017-01-18T20:13:42","guid":{"rendered":"http:\/\/www.quimica.ufpr.br\/paginas\/graduacao\/?page_id=121"},"modified":"2024-01-03T09:22:12","modified_gmt":"2024-01-03T12:22:12","slug":"resolucoes","status":"publish","type":"page","link":"http:\/\/www.quimica.ufpr.br\/paginas\/graduacao\/resolucoes\/","title":{"rendered":"Resolu\u00e7\u00f5es"},"content":{"rendered":"<p><a href=\"http:\/\/www.quimica.ufpr.br\/paginas\/graduacao\/wp-content\/uploads\/sites\/16\/2018\/11\/resolucao-cepe-37-97.pdf\">Resolu\u00e7\u00e3o 37\/97 &#8211; CEPE: Normas b\u00e1sicas de Controle e Registro da Atividade Acad\u00eamica\u00a0<\/a><\/p>\n<p><a href=\"http:\/\/www.quimica.ufpr.br\/paginas\/graduacao\/wp-content\/uploads\/sites\/16\/2023\/02\/resolucao-cepe-46-10-estagios.pdf\">Resolu\u00e7\u00e3o 46\/10 &#8211; CEPE 46-10: Est\u00e1gios<\/a><\/p>\n<p><a href=\"http:\/\/www.quimica.ufpr.br\/paginas\/graduacao\/wp-content\/uploads\/sites\/16\/2019\/07\/resolucao-cepe-63-10-dispensa-pre-requisito.pdf\" rel=\"attachment wp-att-2990\">Resolu\u00e7\u00e3o 63\/10 &#8211; CEPE: Dispensa Pr\u00e9-Requisito<\/a><\/p>\n<p><a href=\"http:\/\/www.quimica.ufpr.br\/paginas\/graduacao\/wp-content\/uploads\/sites\/16\/2019\/07\/resolucao-cepe-92-13-disp-equi-adian-apr.pdf\" rel=\"attachment wp-att-2991\">Resolu\u00e7\u00e3o 92\/13 &#8211; CEPE: Dispensa de Disciplinas, Equival\u00eancia, Adiantamento e Aproveitamento de Conhecimento<\/a><\/p>\n<p><a href=\"http:\/\/www.quimica.ufpr.br\/paginas\/graduacao\/wp-content\/uploads\/sites\/16\/2021\/11\/in-01_2014_modificada_2018_09_07.pdf\">IN 01\/2014 -_Alterada em SET\/2018<\/a><\/p>\n<p><a href=\"http:\/\/www.quimica.ufpr.br\/paginas\/graduacao\/wp-content\/uploads\/sites\/16\/2018\/11\/resolucao-95-a-15-cepe-poa.pdf\">Resolu\u00e7\u00e3o 95-A\/15 &#8211; CEPE: Programa de Orienta\u00e7\u00e3o Acad\u00eamica<\/a><\/p>\n<p><a href=\"http:\/\/www.quimica.ufpr.br\/paginas\/graduacao\/wp-content\/uploads\/sites\/16\/2022\/09\/resolucao-cepe-43-22-permanencia.pdf\">Resolu\u00e7\u00e3o 43-22 &#8211; CEPE: Perman\u00eancia<\/a><\/p>\n<p><a href=\"http:\/\/www.quimica.ufpr.br\/paginas\/graduacao\/wp-content\/uploads\/sites\/16\/2024\/01\/resolucao-cepe-84-23-pet.pdf\">Resolu\u00e7\u00e3o 84\/23 &#8211; CEPE: Normatiza o Programa de Educa\u00e7\u00e3o Tutorial &#8211; PET<\/a><\/p>\n","protected":false},"excerpt":{"rendered":"<p>Resolu\u00e7\u00e3o 37\/97 &#8211; CEPE: Normas b\u00e1sicas de Controle e Registro da Atividade Acad\u00eamica\u00a0 Resolu\u00e7\u00e3o 46\/10 &#8211; CEPE 46-10: Est\u00e1gios Resolu\u00e7\u00e3o 63\/10 &#8211; CEPE: Dispensa Pr\u00e9-Requisito Resolu\u00e7\u00e3o 92\/13 &#8211; CEPE: Dispensa de Disciplinas, Equival\u00eancia, Adiantamento e Aproveitamento de Conhecimento IN 01\/2014 -_Alterada em SET\/2018 Resolu\u00e7\u00e3o 95-A\/15 &#8211; CEPE: Programa de Orienta\u00e7\u00e3o Acad\u00eamica Resolu\u00e7\u00e3o 43-22 &#8211; CEPE: [&hellip;]<\/p>\n","protected":false},"author":34,"featured_media":0,"parent":0,"menu_order":4,"comment_status":"closed","ping_status":"closed","template":"","meta":{"footnotes":""},"class_list":["post-121","page","type-page","status-publish","hentry"],"_links":{"self":[{"href":"http:\/\/www.quimica.ufpr.br\/paginas\/graduacao\/wp-json\/wp\/v2\/pages\/121","targetHints":{"allow":["GET"]}}],"collection":[{"href":"http:\/\/www.quimica.ufpr.br\/paginas\/graduacao\/wp-json\/wp\/v2\/pages"}],"about":[{"href":"http:\/\/www.quimica.ufpr.br\/paginas\/graduacao\/wp-json\/wp\/v2\/types\/page"}],"author":[{"embeddable":true,"href":"http:\/\/www.quimica.ufpr.br\/paginas\/graduacao\/wp-json\/wp\/v2\/users\/34"}],"replies":[{"embeddable":true,"href":"http:\/\/www.quimica.ufpr.br\/paginas\/graduacao\/wp-json\/wp\/v2\/comments?post=121"}],"version-history":[{"count":19,"href":"http:\/\/www.quimica.ufpr.br\/paginas\/graduacao\/wp-json\/wp\/v2\/pages\/121\/revisions"}],"predecessor-version":[{"id":6676,"href":"http:\/\/www.quimica.ufpr.br\/paginas\/graduacao\/wp-json\/wp\/v2\/pages\/121\/revisions\/6676"}],"wp:attachment":[{"href":"http:\/\/www.quimica.ufpr.br\/paginas\/graduacao\/wp-json\/wp\/v2\/media?parent=121"}],"curies":[{"name":"wp","href":"https:\/\/api.w.org\/{rel}","templated":true}]}}