{"id":119,"date":"2017-01-18T18:13:08","date_gmt":"2017-01-18T20:13:08","guid":{"rendered":"http:\/\/www.quimica.ufpr.br\/paginas\/graduacao\/?page_id=119"},"modified":"2026-04-23T11:58:34","modified_gmt":"2026-04-23T14:58:34","slug":"formularios","status":"publish","type":"page","link":"http:\/\/www.quimica.ufpr.br\/paginas\/graduacao\/formularios\/","title":{"rendered":"Formul\u00e1rios"},"content":{"rendered":"<p><strong>Formul\u00e1rios dispon\u00edveis em:<\/strong> <a href=\"http:\/\/www.prograd.ufpr.br\/portal\/copap\/formularios\/\">http:\/\/www.prograd.ufpr.br\/portal\/copap\/formularios\/<\/a><\/p>\n<table style=\"width: 86.1876%;height: 2432px\" width=\"709\">\n<tbody>\n<tr style=\"height: 96px\">\n<td style=\"height: 96px;width: 29.3431%\" width=\"255\"><a href=\"http:\/\/www.quimica.ufpr.br\/paginas\/graduacao\/wp-content\/uploads\/sites\/16\/2020\/01\/formulario-1-ajuste-de-matricula.pdf\">1 &#8211; Ajuste de matr\u00edcula<\/a><\/td>\n<td style=\"height: 96px;width: 126.988%\" width=\"454\">O ajuste dever\u00e1 ser realizado pelo SIGA, <strong>no per\u00edodo destinado ao ajuste (ver calend\u00e1rio acad\u00eamico vigente em \u00c1rea do Aluno &#8211; Calend\u00e1rio Acad\u00eamico)<\/strong>. Casos excepcionais ser\u00e3o atendidos atrav\u00e9s do formul\u00e1rio impresso entregue na coordena\u00e7\u00e3o do curso durante o per\u00edodo de ajuste.<\/td>\n<\/tr>\n<tr style=\"height: 144px\">\n<td style=\"height: 144px;width: 29.3431%\"><a href=\"http:\/\/www.prograd.ufpr.br\/portal\/copap\/wp-content\/uploads\/sites\/2\/2019\/08\/Altera%C3%A7%C3%A3o-de-cadastro.pdf\" target=\"_blank\" rel=\"noopener noreferrer\">2 \u2013 Altera\u00e7\u00e3o de Cadastro<\/a><\/td>\n<td style=\"height: 144px;width: 126.988%\">Para alunos que precisam alterar informa\u00e7\u00f5es referentes ao cadastro na UFPR. \u00c9 necess\u00e1rio preencher, imprimir e assinar o formul\u00e1rio, posteriormente enviar a c\u00f3pia digitalizada para a Unidade de Atendimento da PROGRAD via email (atendimento@ufpr.br) junto com a c\u00f3pia digitalizada do documento oficial e, se for o caso, decis\u00e3o judicial.<\/td>\n<\/tr>\n<tr style=\"height: 48px\">\n<td style=\"height: 48px;width: 29.3431%\" width=\"255\"><a href=\"http:\/\/www.prograd.ufpr.br\/portal\/copap\/wp-content\/uploads\/sites\/2\/2019\/12\/2-Requerimento-Geral.pdf\">3 \u2013 Requerimento Geral<\/a><\/td>\n<td style=\"height: 48px;width: 126.988%\" width=\"454\">Apresentar no NAA ou na Coordena\u00e7\u00e3o do Curso, conforme o assunto do requerimento.<\/td>\n<\/tr>\n<tr style=\"height: 120px\">\n<td style=\"height: 120px;width: 29.3431%\" width=\"255\">4 \u2013 Disciplina Eletiva<\/td>\n<td style=\"height: 120px;width: 126.988%\" width=\"454\">Para alunos da UFPR.<\/p>\n<p align=\"justify\">A solicita\u00e7\u00e3o de matr\u00edcula em disciplina eletiva pode ser realizada se estiver dentro do per\u00edodo previsto no calend\u00e1rio acad\u00eamico e se satisfazer as seguintes condi\u00e7\u00f5es ( ver Resolu\u00e7\u00e3o n\u00ba 37\/97 \u2013 CEPE, arts. 55 a 59):<\/p>\n<ul>\n<li>A disciplina n\u00e3o pode ser do curso do aluno;<\/li>\n<li>O aluno deve estar matriculado em disciplina do seu curso;<\/li>\n<li>N\u00e3o ultrapassar o limite de 3 disciplinas eletivas por per\u00edodo;<\/li>\n<li>Deve haver vagas dispon\u00edveis na turma;<\/li>\n<li>N\u00e3o ultrapassar a carga hor\u00e1ria limite do seu curso, entre disciplinas curriculares e\u00a0eletivas;<\/li>\n<\/ul>\n<p align=\"justify\">Para realizar a solicita\u00e7\u00e3o, o aluno deve logar no SIGA, entrar em sua tela inicial e clicar em <b>Disciplinas\u00a0\u2192\u00a0Solicita\u00e7\u00e3o de Matr\u00edcula de Disciplinas Eletivas<\/b>\u00a0no menu lateral \u00e0 esquerda.<\/p>\n<p>Aten\u00e7\u00e3o ao prazo no calend\u00e1rio acad\u00eamico vigente de abertura do SIGA para solicita\u00e7\u00e3o.<\/p>\n<p>Orienta\u00e7\u00f5es para solicita\u00e7\u00e3o no SIGA est\u00e3o dispon\u00edveis em <a href=\"https:\/\/ufpraberta.ufpr.br\/course\/view.php?id=9\" target=\"_blank\" rel=\"noopener\">UFPR Aberta &#8211; Guia do usu\u00e1rio<\/a><\/td>\n<\/tr>\n<tr style=\"height: 168px\">\n<td style=\"height: 168px;width: 29.3431%\" width=\"255\"><a href=\"http:\/\/www.prograd.ufpr.br\/portal\/copap\/wp-content\/uploads\/sites\/2\/2023\/07\/Formulario_Isoladas-2.pdf\">5 \u2013 Disciplina Isolada<\/a><\/td>\n<td style=\"height: 168px;width: 126.988%\" width=\"454\">Pessoas n\u00e3o integrantes do corpo discente regular da UFPR, com Ensino M\u00e9dio conclu\u00eddo. No per\u00edodo de matr\u00edcula par disciplinas ISOLADAS e ELETIVAS (verificar datas no calend\u00e1rio vigente), confirmar na <a href=\"http:\/\/www.quimica.ufpr.br\/paginas\/graduacao\/ementas\/\">Secretaria do Departamento<\/a> que oferta a disciplina se h\u00e1 vaga na disciplina e preencher o requerimento. Solicita\u00e7\u00e3o m\u00e1xima de tr\u00eas disciplinas. Aten\u00e7\u00e3o ao prazo no calend\u00e1rio acad\u00eamico vigente. Para as disciplinas\u202fisoladas, o aluno deve apresentar, al\u00e9m do formul\u00e1rio devidamente preenchido, assinado e carimbado, c\u00f3pia do documento de identifica\u00e7\u00e3o, c\u00f3pia do CPF e comprovante de conclus\u00e3o do ensino m\u00e9dio;<\/td>\n<\/tr>\n<tr style=\"height: 120px\">\n<td style=\"height: 120px;width: 29.3431%\" width=\"255\"><a href=\"http:\/\/www.quimica.ufpr.br\/paginas\/graduacao\/wp-content\/uploads\/sites\/16\/2024\/10\/requerimento-de-cancelamento-de-registro-1.pdf\">5 &#8211; Cancelamento de Registro<\/a><\/td>\n<td style=\"height: 120px;width: 126.988%\" width=\"454\">Cancelar o registro acad\u00eamico na UFPR. \u00c9 necess\u00e1rio imprimir, preencher e assinar o formul\u00e1rio, posteriormente entregar na coordena\u00e7\u00e3o do curso e apresentar um documento oficial com foto.<\/p>\n<p><strong>Cancelamento de Matr\u00edcula<\/strong>\u00a0ou\u00a0<strong>Cancelamento de Registro Acad\u00eamico<\/strong>: Caso voc\u00ea n\u00e3o deseje mais ser aluno(a) da UFPR, para cancelar seu registro deve preencher o\u00a0<em>Requerimento de Cancelamento de Registro<\/em> e encaminh\u00e1-lo a sua coordena\u00e7\u00e3o de curso (da qu\u00edmica \u00e9 coordenacao.quimica@ufpr.br), junto a uma c\u00f3pia digitalizada de documento de identifica\u00e7\u00e3o oficial com foto (RG\/RNE, Carteira Nacional de Habilita\u00e7\u00e3o, etc).<\/p>\n<p>&nbsp;<\/p>\n<p>Saiba que a\u00a0<a href=\"http:\/\/www.google.com\/url?q=http%3A%2F%2Fwww.planalto.gov.br%2Fccivil_03%2F_Ato2007-2010%2F2009%2FLei%2FL12089.htm&amp;sa=D&amp;sntz=1&amp;usg=AOvVaw3KcdEC1mg3pP4Mp8JB5lYZ\" target=\"_blank\" rel=\"noreferrer noopener\">Lei N\u00ba 12.089 de 11 de Novembro de 2009<\/a>\u00a0pro\u00edbe que uma pessoa ocupe 2 vagas simultaneamente em Institui\u00e7\u00f5es P\u00fablicas de Ensino Superior. Caso voc\u00ea esteja matriculado(a) em mais de um curso superior em institui\u00e7\u00e3o(\u00f5es) P\u00fablica(s), dever\u00e1 optar por uma das vagas, e cancelar o registro acad\u00eamico na outra. Caso escolha cancelar seu o registro acad\u00eamico aqui na UFPR, basta proceder como indicado acima.<\/td>\n<\/tr>\n<tr style=\"height: 120px\">\n<td style=\"height: 120px;width: 29.3431%\" width=\"255\"><a href=\"http:\/\/www.prograd.ufpr.br\/portal\/copap\/wp-content\/uploads\/sites\/2\/2018\/06\/8-Revis%C3%A3o-de-Notas.pdf\">6 \u2013 Revis\u00e3o de Notas<\/a><\/td>\n<td style=\"height: 120px;width: 126.988%\" width=\"454\">Boletim de Notas e Frequ\u00eancias para uso do docente que necessita alterar a nota e\/ou frequ\u00eancia para o aluno. O formul\u00e1rio deve ser assinado pelo professor respons\u00e1vel pela disciplina e pelo Chefe do Departamento. Favor seguir as determina\u00e7\u00f5es da Res. n\u00ba 37\/97 \u2013 CEPE, art. 105 e 107.<\/td>\n<\/tr>\n<tr style=\"height: 48px\">\n<td style=\"height: 48px;width: 29.3431%\" width=\"255\"><a href=\"http:\/\/www.prograd.ufpr.br\/portal\/copap\/wp-content\/uploads\/sites\/2\/2018\/05\/9-Transfer%C3%AAncia-ex-off%C3%ADcio.pdf\">7\u2013 Transfer\u00eancia ex-off\u00edcio<\/a><\/td>\n<td style=\"height: 48px;width: 126.988%\" width=\"454\">Preencher o requerimento e entregar no NAA. Aten\u00e7\u00e3o \u00e0 documenta\u00e7\u00e3o solicitada.<\/td>\n<\/tr>\n<tr style=\"height: 192px\">\n<td style=\"height: 192px;width: 29.3431%\" width=\"255\"><a href=\"http:\/\/www.prograd.ufpr.br\/portal\/copap\/wp-content\/uploads\/sites\/2\/2019\/12\/11-Perman\u00eancia-no-curso.pdf\">8 \u2013 Perman\u00eancia no curso<\/a><\/td>\n<td style=\"height: 192px;width: 126.988%\" width=\"454\">Para alunos que conclu\u00edram o curso de gradua\u00e7\u00e3o no qual exista mais de uma habilita\u00e7\u00e3o e pretendem obter outra habilita\u00e7\u00e3o no mesmo curso, a qual dever\u00e1 ocorrer necessariamente ao t\u00e9rmino da primeira habilita\u00e7\u00e3o. (Res. n\u00ba 37\/97 \u2013 CEPE, art.120). O formul\u00e1rio dever\u00e1 estar acompanhado de Ata do Colegiado aprovando a solicita\u00e7\u00e3o.\u00a0 Aten\u00e7\u00e3o ao prazo do calend\u00e1rio acad\u00eamico vigente.<\/p>\n<p>I.N. 001\/2023-PROGRAD &#8211; ART 2\u00ba\u00a7 5\u00ba:\u00a0 Discentes com ingresso em ABI ou curso pertencente a uma ABI at\u00e9 o ano de 2022, que colar\u00e3o grau em curso de Licenciatura ou Bacharelado poder\u00e3o solicitar a perman\u00eancia para o outro curso da ABI em semestre imediatamente subsequente ao da conclus\u00e3o do primeiro curso, conforme o Art. 120 da Resolu\u00e7\u00e3o 37\/97 &#8211; CEPE, <strong>sendo vedada a perman\u00eancia para discentes ingressantes na Universidade a partir do ano letivo de 2023.<\/strong><\/td>\n<\/tr>\n<tr style=\"height: 48px\">\n<td style=\"height: 48px;width: 29.3431%\" width=\"255\"><a href=\"http:\/\/www.prograd.ufpr.br\/portal\/copap\/wp-content\/uploads\/sites\/2\/2019\/12\/12-Termo-de-Op\u00e7\u00e3o.pdf\" target=\"_blank\" rel=\"noopener noreferrer\">9 \u2013 Termo de Op\u00e7\u00e3o<\/a><\/td>\n<td style=\"height: 48px;width: 126.988%\" width=\"454\">Para alunos que optem pelo enquadramento de um curr\u00edculo do seu curso.<\/td>\n<\/tr>\n<tr style=\"height: 192px\">\n<td style=\"height: 192px;width: 29.3431%\" width=\"255\">\u00a0<a href=\"http:\/\/www.prograd.ufpr.br\/portal\/copap\/wp-content\/uploads\/sites\/2\/2019\/12\/13-Mudan\u00e7a-de-Habilita\u00e7\u00e3o.pdf\">10 \u2013 Mudan\u00e7a de Habilita\u00e7\u00e3o<\/a><\/td>\n<td style=\"height: 192px;width: 126.988%\" width=\"454\">Requerida diretamente \u00e0 Coordena\u00e7\u00e3o do Curso, deferida pelo respectivo colegiado, dever\u00e1 ser formalmente comunicada ao NAA para fins de registro no sistema de controle acad\u00eamico, at\u00e9 o \u00faltimo dia \u00fatil do primeiro m\u00eas letivo do per\u00edodo para o qual entrar\u00e1 em vigor o cadastramento. (Res. n\u00ba 37\/97 \u2013 CEPE, art. 36). O formul\u00e1rio dever\u00e1 estar acompanhado de Ata do Colegiado aprovando a solicita\u00e7\u00e3o. Aten\u00e7\u00e3o ao prazo no calend\u00e1rio acad\u00eamico vigente (verificar datas no Menu <strong>&#8220;\u00c1rea do Aluno &#8211; Calend\u00e1rio Acad\u00eamico&#8221;<\/strong>.<\/p>\n<p>I.N. 001\/2023 PROGRAD &#8211; ART 2\u00ba &#8211; \u00a7 2\u00ba: A op\u00e7\u00e3o pelo curso pretendido ser\u00e1 de car\u00e1ter irrevog\u00e1vel, devendo a Coordena\u00e7\u00e3o do Curso manter a documenta\u00e7\u00e3o que comprove a escolha feita pelo discente, <strong>n\u00e3o sendo permitida uma nova mudan\u00e7a de curso.<\/strong><\/td>\n<\/tr>\n<tr style=\"height: 192px\">\n<td style=\"height: 192px;width: 29.3431%\" width=\"255\"><a href=\"http:\/\/www.prograd.ufpr.br\/portal\/copap\/wp-content\/uploads\/sites\/2\/2016\/04\/15-Formul%C3%A1rio-Corre%C3%A7%C3%A3o-de-matr%C3%ADculas.pdf\">11 \u2013 Formul\u00e1rio Corre\u00e7\u00e3o de matr\u00edculas<\/a><\/td>\n<td style=\"height: 192px;width: 126.988%\" width=\"454\">Requerimento utilizado pelas Coordena\u00e7\u00f5es do Curso e encaminhado ao NAA. Usado para solicita\u00e7\u00f5es de matr\u00edculas que ainda possuam erros de responsabilidade da Institui\u00e7\u00e3o, ap\u00f3s o per\u00edodo de ajustes de matr\u00edculas junto a coordena\u00e7\u00e3o do curso. Solicita\u00e7\u00e3o realizada at\u00e9 o primeiro dia \u00fatil do \u00faltimo m\u00eas letivo do ano\/semestre para o qual vigorar\u00e1 a matr\u00edcula (Res. n\u00ba 37\/97 \u2013 CEPE, art. 46, par\u00e1grafo \u00fanico). Aten\u00e7\u00e3o ao prazo no calend\u00e1rio acad\u00eamico vigente.<\/td>\n<\/tr>\n<tr style=\"height: 96px\">\n<td style=\"height: 96px;width: 29.3431%\" width=\"255\"><a href=\"http:\/\/www.prograd.ufpr.br\/portal\/copap\/wp-content\/uploads\/sites\/2\/2019\/08\/Altera%C3%A7%C3%A3o-de-cadastro.pdf\">12 \u2013 Altera\u00e7\u00e3o de Cadastro<\/a><\/td>\n<td style=\"height: 96px;width: 126.988%\" width=\"454\">Para alunos que precisam alterar informa\u00e7\u00f5es referentes ao cadastro na UFPR. \u00c9 necess\u00e1rio apresentar c\u00f3pia autenticada do documento que comprove a altera\u00e7\u00e3o solicitada. Entregar requerimento no NAA.<\/td>\n<\/tr>\n<tr style=\"height: 48px\">\n<td style=\"height: 48px;width: 29.3431%\" width=\"255\"><a href=\"http:\/\/www.quimica.ufpr.br\/paginas\/graduacao\/wp-content\/uploads\/sites\/16\/2018\/07\/Forumul\u00e1rio-Dispensa-de-pre-requisito.pdf\">13 &#8211; Dispensa de pr\u00e9-requisito<\/a><\/td>\n<td style=\"height: 48px;width: 126.988%\" width=\"454\">Preencher o formul\u00e1rio e entregar assinado na coordena\u00e7\u00e3o do curso, dentro do prazo para solicita\u00e7\u00e3o de &#8220;Dispensa de pr\u00e9-requisito&#8221; conforme datas do Calend\u00e1rio Letivo vigente.<\/p>\n<p>O calend\u00e1rio acad\u00eamico com as datas para solicita\u00e7\u00e3o est\u00e1 dispon\u00edvel no <strong>Menu &#8220;\u00c1rea do Aluno &#8211; Calend\u00e1rio Acad\u00eamico<\/strong>&#8220;.<\/td>\n<\/tr>\n<tr style=\"height: 24px\">\n<td style=\"height: 24px;width: 29.3431%\" width=\"255\"><a href=\"http:\/\/www.quimica.ufpr.br\/paginas\/graduacao\/wp-content\/uploads\/sites\/16\/2018\/06\/Formul\u00e1rio-20-Exerc\u00edcios-Domiciliares.pdf\">14 &#8211; Exerc\u00edcios Domiciliares<\/a><\/td>\n<td style=\"height: 24px;width: 126.988%\" width=\"454\">R37\/87-Art. 85 -Impossibilitado de frequentar as aulas, o aluno ou seu representante requerer\u00e1 ao coordenador de seu curso, no prazo de at\u00e9 cinco 5 (cinco) dias \u00fateis contados do in\u00edcio do impedimento, o regime especial de exerc\u00edcios domiciliares, mediante apresenta\u00e7\u00e3o de atestado emitido por profissional da \u00e1rea de sa\u00fade.<\/td>\n<\/tr>\n<tr style=\"height: 48px\">\n<td style=\"height: 48px;width: 29.3431%\" width=\"255\"><a href=\"https:\/\/www.quimica.ufpr.br\/paginas\/graduacao\/segunda-chamada-de-provas\/\">15 \u2013 Segunda chamada &#8211; Links Departamentos<\/a><\/td>\n<td style=\"height: 48px;width: 126.988%\" width=\"454\">Dever\u00e1 ser solicitada no Departamento que oferta a disciplina.<\/td>\n<\/tr>\n<tr style=\"height: 56px\">\n<td style=\"width: 29.3431%;height: 56px\"><a href=\"http:\/\/www.quimica.ufpr.br\/paginas\/graduacao\/wp-content\/uploads\/sites\/16\/2025\/04\/requerimento-rvdd.pdf\">16 &#8211; RVDD: Representa\u00e7\u00e3o Visual do Diploma Digital &#8211; REQUERIMENTO\u00a0<\/a><\/td>\n<td style=\"width: 126.988%;height: 56px\">O Diploma Digital possui uma c\u00f3pia impressa com as mesmas caracter\u00edsticas do diploma f\u00edsico, o que denominamos Representa\u00e7\u00e3o Visual Diploma Digital \u2013 RVDD. Esta RVDD, possui as mesmas caracter\u00edsticas do diploma f\u00edsico que a UFPR adota. A RVDD, apesar de n\u00e3o ser o diploma propriamente dito, \u00e9 a interface para remeter, com aux\u00edlio do QR Code, para onde estar\u00e1 o seu Diploma Digital dentro desse universo eletr\u00f4nico. A Impress\u00e3o de Representa\u00e7\u00e3o Visual do Diploma Digital com a utiliza\u00e7\u00e3o de papel e tratamento gr\u00e1ficos especiais possui a taxa de R$70,00 e o pagamento deve ser feito por meio de Guia de Recolhimento da Uni\u00e3o.<\/td>\n<\/tr>\n<tr style=\"height: 24px\">\n<td style=\"width: 156.331%;height: 24px\" colspan=\"2\"><\/td>\n<\/tr>\n<tr style=\"height: 24px\">\n<td style=\"text-align: center;width: 156.331%;height: 24px\" colspan=\"2\"><strong>SOLICITA\u00c7\u00d5ES PELO SIGA<\/strong><\/td>\n<\/tr>\n<tr style=\"height: 120px\">\n<td style=\"width: 29.3431%;height: 120px\">Aproveitamento de Conhecimento<\/td>\n<td style=\"width: 126.988%;height: 120px\">Para alunos que reprovaram na disciplina por nota e obtiveram frequ\u00eancia igual ou superior a 75%. Permitido solicitar o exame uma \u00fanica vez na mesma disciplina. Aluno poder\u00e1 solicitar no m\u00e1ximo dois exames por per\u00edodo acad\u00eamico (semestre\/ano) \u2013 (<a href=\"http:\/\/www.soc.ufpr.br\/portal\/wp-content\/uploads\/2016\/07\/Res-92-13-CEPE-altera%C3%A7%C3%A3o-Resolu%C3%A7%C3%A3o-0610-alterado-pela-Res-39.18-1.pdf\">Res. n\u00ba 92\/13 \u2013 CEPE<\/a>\u00a0e\u00a0<a href=\"http:\/\/www.soc.ufpr.br\/portal\/wp-content\/uploads\/2018\/09\/in0114CEPEmodificada.pdf\">IN n\u00ba 01\/14 \u2013 PROGRAD<\/a>). Aluno solicita via sistema SIGA, no prazo estabelecido em calend\u00e1rio acad\u00eamico. Seguir tutorial da p\u00e1gina\u00a0<a href=\"https:\/\/ufpraberta.ufpr.br\/course\/view.php?id=9\">UFPR Aberta<\/a>\u00a0\u2013 Apoio ao Usu\u00e1rio \u2013 Conhe\u00e7a o SIGA \u2013 Bloco 1 \u2013 Alunos e Alunas \u2013 Processo de Exame de Aproveitamento.<\/td>\n<\/tr>\n<tr style=\"height: 96px\">\n<td style=\"width: 29.3431%;height: 96px\">Adiantamento de Conhecimento<\/td>\n<td style=\"width: 126.988%;height: 96px\">Para alunos que n\u00e3o cursaram a disciplina, mas aleguem possuir dom\u00ednio de conhecimento do conte\u00fado (<a href=\"http:\/\/www.soc.ufpr.br\/portal\/wp-content\/uploads\/2016\/07\/Res-92-13-CEPE-altera%C3%A7%C3%A3o-Resolu%C3%A7%C3%A3o-0610-alterado-pela-Res-39.18-1.pdf\">Res. n\u00ba 92\/13 \u2013 CEPE<\/a>\u00a0e\u00a0<a href=\"http:\/\/www.soc.ufpr.br\/portal\/wp-content\/uploads\/2018\/09\/in0114CEPEmodificada.pdf\">IN n\u00ba 01\/14 \u2013 PROGRAD<\/a>). Aluno solicita via sistema SIGA, no prazo estabelecido em calend\u00e1rio acad\u00eamico. Seguir tutorial da p\u00e1gina\u00a0<a href=\"https:\/\/ufpraberta.ufpr.br\/course\/view.php?id=9\">UFPR Aberta<\/a>\u00a0\u2013 Apoio ao Usu\u00e1rio \u2013 Conhe\u00e7a o SIGA \u2013 Bloco 1 \u2013 Alunos e Alunas \u2013 Processo de Exame de Adiantamento.<\/td>\n<\/tr>\n<tr style=\"height: 144px\">\n<td style=\"height: 144px;width: 29.3431%\">Cancelamento de Disciplina<\/td>\n<td style=\"height: 144px;width: 126.988%\">Cancelar uma disciplina do per\u00edodo letivo de acordo com a\u00a0<a href=\"http:\/\/www.soc.ufpr.br\/portal\/wp-content\/uploads\/2016\/07\/Res-37-97-CEPE-atividades-acad%C3%AAmicas-alterada-pela-Res.-10-19-CEPE.pdf\">Resolu\u00e7\u00e3o n\u00ba 37\/97 \u2013 CEPE,<\/a>\u00a0Art. 60. Aluno solicita via sistema SIGA, no prazo estabelecido em calend\u00e1rio acad\u00eamico. Seguir tutorial da p\u00e1gina\u00a0<a href=\"https:\/\/ufpraberta.ufpr.br\/course\/view.php?id=9\">UFPR Aberta<\/a>\u00a0\u2013 Apoio ao Usu\u00e1rio \u2013 Conhe\u00e7a o SIGA \u2013 Bloco 1 \u2013 Alunos e Alunas \u2013 Como solicitar cancelamento.<\/td>\n<\/tr>\n<tr style=\"height: 96px\">\n<td style=\"width: 29.3431%;height: 96px\">Equival\u00eancia de Disciplina<\/td>\n<td style=\"width: 126.988%;height: 96px\">Solicita\u00e7\u00e3o efetuada por alunos ingressantes na UFPR ou para cr\u00e9ditos obtidos por meio de conv\u00eanio (mobilidade acad\u00eamica). Aluno solicita via sistema SIGA, no prazo estabelecido em calend\u00e1rio acad\u00eamico. Seguir tutorial da p\u00e1gina <a href=\"https:\/\/ufpraberta.ufpr.br\/course\/view.php?id=9\">UFPR Aberta<\/a> \u2013 Apoio ao Usu\u00e1rio \u2013 Conhe\u00e7a o SIGA \u2013 Bloco 1 \u2013 Alunos e Alunas \u2013 Processo de Equival\u00eancia. A documenta\u00e7\u00e3o dever\u00e1 ser digitalizada no sentido correto da p\u00e1gina e com imagem leg\u00edvel.<\/td>\n<\/tr>\n<tr style=\"height: 96px\">\n<td style=\"width: 29.3431%;height: 96px\"><a href=\"https:\/\/www.quimica.ufpr.br\/paginas\/graduacao\/trancamento-e-destrancamento-de-curso\/\" target=\"_blank\" rel=\"noopener\">Trancamento de curso<\/a><\/td>\n<td style=\"width: 126.988%;height: 96px\">Para alunos que desejam trancar o curso (<a href=\"http:\/\/www.soc.ufpr.br\/portal\/wp-content\/uploads\/2016\/07\/cepe-97a15.pdf\">Res. n\u00ba 97-A\/15 \u2013 CEPE<\/a>\u00a0e\u00a0<a href=\"http:\/\/www.soc.ufpr.br\/portal\/wp-content\/uploads\/2016\/07\/resolucao_in_12052016-1140.pdf\">I.N. 01\/16 \u2013 PROGRAD<\/a>). Aluno solicita via sistema SIGA, no prazo estabelecido em calend\u00e1rio acad\u00eamico. Seguir tutorial da p\u00e1gina\u00a0<a href=\"https:\/\/ufpraberta.ufpr.br\/course\/view.php?id=9\">UFPR Aberta<\/a> \u2013 Apoio ao Usu\u00e1rio \u2013 Conhe\u00e7a o SIGA \u2013 Bloco 1 \u2013 Alunos e Alunas \u2013 Como solicitar trancamento.<\/td>\n<\/tr>\n<tr style=\"height: 72px\">\n<td style=\"width: 29.3431%;height: 72px\"><a href=\"https:\/\/www.quimica.ufpr.br\/paginas\/graduacao\/trancamento-e-destrancamento-de-curso\/\" target=\"_blank\" rel=\"noopener\">Destrancamento de Curso<\/a><\/td>\n<td style=\"width: 126.988%;height: 72px\">Para alunos que desejam destrancar o curso (<a href=\"http:\/\/www.soc.ufpr.br\/portal\/wp-content\/uploads\/2016\/07\/cepe-97a15.pdf\">Res. n\u00ba 97-A\/15 \u2013 CEPE<\/a>\u00a0e\u00a0<a href=\"http:\/\/www.soc.ufpr.br\/portal\/wp-content\/uploads\/2016\/07\/resolucao_in_12052016-1140.pdf\">I.N. 01\/16 \u2013 PROGRAD<\/a>). Aluno solicita via sistema SIGA, no prazo estabelecido em calend\u00e1rio acad\u00eamico. Seguir tutorial da p\u00e1gina\u00a0<a href=\"https:\/\/ufpraberta.ufpr.br\/course\/view.php?id=9\">UFPR Aberta<\/a>\u00a0\u2013 Apoio ao Usu\u00e1rio \u2013 Conhe\u00e7a o SIGA \u2013 Bloco 1 \u2013 Alunos e Alunas \u2013 Como solicitar destrancamento.<\/td>\n<\/tr>\n<\/tbody>\n<\/table>\n<p>&nbsp;<\/p>\n<p>&nbsp;<\/p>\n<p><strong><span style=\"text-decoration: underline\">\u25ba Orienta\u00e7\u00f5es para as solicita\u00e7\u00f5es no SIGA:<\/span><\/strong><\/p>\n<p>Acessar: <strong>Apoio ao Usu\u00e1rio \u2013 Conhe\u00e7a o SIGA \u2013 Bloco 1 \u2013 Alunos e Alunas<\/strong> atrav\u00e9s do link abaixo:<\/p>\n<p><a href=\"https:\/\/ufpraberta.ufpr.br\/course\/view.php?id=9\">https:\/\/ufpraberta.ufpr.br\/course\/view.php?id=9<\/a><\/p>\n<p>&nbsp;<\/p>\n<p>&nbsp;<\/p>\n<hr \/>\n<p>&nbsp;<\/p>\n","protected":false},"excerpt":{"rendered":"<p>Formul\u00e1rios dispon\u00edveis em: http:\/\/www.prograd.ufpr.br\/portal\/copap\/formularios\/ 1 &#8211; Ajuste de matr\u00edcula O ajuste dever\u00e1 ser realizado pelo SIGA, no per\u00edodo destinado ao ajuste (ver calend\u00e1rio acad\u00eamico vigente em \u00c1rea do Aluno &#8211; Calend\u00e1rio Acad\u00eamico). Casos excepcionais ser\u00e3o atendidos atrav\u00e9s do formul\u00e1rio impresso entregue na coordena\u00e7\u00e3o do curso durante o per\u00edodo de ajuste. 2 \u2013 Altera\u00e7\u00e3o de Cadastro [&hellip;]<\/p>\n","protected":false},"author":34,"featured_media":0,"parent":0,"menu_order":2,"comment_status":"closed","ping_status":"closed","template":"","meta":{"footnotes":""},"class_list":["post-119","page","type-page","status-publish","hentry"],"_links":{"self":[{"href":"http:\/\/www.quimica.ufpr.br\/paginas\/graduacao\/wp-json\/wp\/v2\/pages\/119","targetHints":{"allow":["GET"]}}],"collection":[{"href":"http:\/\/www.quimica.ufpr.br\/paginas\/graduacao\/wp-json\/wp\/v2\/pages"}],"about":[{"href":"http:\/\/www.quimica.ufpr.br\/paginas\/graduacao\/wp-json\/wp\/v2\/types\/page"}],"author":[{"embeddable":true,"href":"http:\/\/www.quimica.ufpr.br\/paginas\/graduacao\/wp-json\/wp\/v2\/users\/34"}],"replies":[{"embeddable":true,"href":"http:\/\/www.quimica.ufpr.br\/paginas\/graduacao\/wp-json\/wp\/v2\/comments?post=119"}],"version-history":[{"count":89,"href":"http:\/\/www.quimica.ufpr.br\/paginas\/graduacao\/wp-json\/wp\/v2\/pages\/119\/revisions"}],"predecessor-version":[{"id":9220,"href":"http:\/\/www.quimica.ufpr.br\/paginas\/graduacao\/wp-json\/wp\/v2\/pages\/119\/revisions\/9220"}],"wp:attachment":[{"href":"http:\/\/www.quimica.ufpr.br\/paginas\/graduacao\/wp-json\/wp\/v2\/media?parent=119"}],"curies":[{"name":"wp","href":"https:\/\/api.w.org\/{rel}","templated":true}]}}