{"id":688,"date":"2020-09-18T02:03:21","date_gmt":"2020-09-18T05:03:21","guid":{"rendered":"http:\/\/www.quimica.ufpr.br\/paginas\/gpmin\/?page_id=688"},"modified":"2022-10-26T09:01:38","modified_gmt":"2022-10-26T12:01:38","slug":"colaboracoes","status":"publish","type":"page","link":"http:\/\/www.quimica.ufpr.br\/paginas\/gpmin\/membros-do-gpmin\/colaboracoes\/","title":{"rendered":"Colabora\u00e7\u00f5es"},"content":{"rendered":"<div id=\"pl-688\"  class=\"panel-layout\" ><div id=\"pg-688-0\"  class=\"panel-grid panel-no-style\" ><div id=\"pgc-688-0-0\"  class=\"panel-grid-cell\" ><div id=\"panel-688-0-0-0\" class=\"so-panel widget panel-first-child panel-last-child\" data-index=\"0\" ><\/div><\/div><div id=\"pgc-688-0-1\"  class=\"panel-grid-cell\" ><div id=\"panel-688-0-1-0\" class=\"widget_text so-panel widget widget_custom_html panel-first-child panel-last-child\" data-index=\"1\" ><div class=\"textwidget custom-html-widget\"><h3>Profa. Dra. Clarice Dias Brito do Amaral<\/h3>\n<ul style=\"list-style-type: circle\">\n\t<li>Departamento de Qu\u00edmica - UFPR<\/li>\n\t<li>\u00c1rea de atua\u00e7\u00e3o: Qu\u00edmica Anal\u00edtica (Espectrometria) <\/li>\n<\/ul>\n<p align=\"justify\"> \n\tResumo do projeto em colabora\u00e7\u00e3o: Desenvolvimento de novos solventes eut\u00e9ticos profundos naturais (NADES) com aplica\u00e7\u00e3o na eletross\u00edntese de nanomateriais e novos eletr\u00f3litos alternativos\n<\/p><\/div><\/div><\/div><\/div><div id=\"pg-688-1\"  class=\"panel-grid panel-no-style\" ><div id=\"pgc-688-1-0\"  class=\"panel-grid-cell\" ><div id=\"panel-688-1-0-0\" class=\"widget_text so-panel widget widget_custom_html panel-first-child panel-last-child\" data-index=\"2\" ><div class=\"textwidget custom-html-widget\"><h3>Prof. Dr. Diego Guedes Sobrinho <\/h3>\n<ul style=\"list-style-type: circle\">\n\t<li>Departamento de Qu\u00edmica - UFPR<\/li>\n\t<li>\u00c1rea de atua\u00e7\u00e3o: C\u00e1lculo de propriedades de materiais por m\u00e9todos de primeiros princ\u00edpios <\/li>\n<\/ul>\n<p align=\"justify\"> \n\tResumo do projeto em colabora\u00e7\u00e3o: Estudo de propriedades estruturais no entendimento do desempenho eletrocatal\u00edtico de diferentes materiais\n<\/p><\/div><\/div><\/div><div id=\"pgc-688-1-1\"  class=\"panel-grid-cell\" ><div id=\"panel-688-1-1-0\" class=\"so-panel widget panel-first-child panel-last-child\" data-index=\"3\" ><\/div><\/div><\/div><div id=\"pg-688-2\"  class=\"panel-grid panel-no-style\" ><div id=\"pgc-688-2-0\"  class=\"panel-grid-cell\" ><div id=\"panel-688-2-0-0\" class=\"so-panel widget panel-first-child panel-last-child\" data-index=\"4\" ><\/div><\/div><div id=\"pgc-688-2-1\"  class=\"panel-grid-cell\" ><div id=\"panel-688-2-1-0\" class=\"widget_text so-panel widget widget_custom_html panel-first-child panel-last-child\" data-index=\"5\" ><div class=\"textwidget custom-html-widget\"><h3>Profa. Dra. Caroline das Ros Montes D\u2019Oca  <\/h3>\n<ul style=\"list-style-type: circle\">\n\t<li>Departamento de Qu\u00edmica - UFPR<\/li>\n\t<li>\u00c1rea de atua\u00e7\u00e3o: S\u00edntese Org\u00e2nica <\/li>\n<\/ul>\n<p align=\"justify\"> \n\tResumo do projeto em colabora\u00e7\u00e3o: Estudo das propriedades f\u00edsico qu\u00edmicas de materiais de c\u00e1psulas responsivas. \n<\/p><\/div><\/div><\/div><\/div><div id=\"pg-688-3\"  class=\"panel-grid panel-no-style\" ><div id=\"pgc-688-3-0\"  class=\"panel-grid-cell\" ><div id=\"panel-688-3-0-0\" class=\"widget_text so-panel widget widget_custom_html panel-first-child panel-last-child\" data-index=\"6\" ><div class=\"textwidget custom-html-widget\"><h3>Profa. Dra. Fernanda Simas <\/h3>\n<ul style=\"list-style-type: circle\">\n\t<li>Departamento de Biologia Celular - UFPR<\/li>\n\t<li>\u00c1rea de atua\u00e7\u00e3o: Biologia Celular e Pol\u00edmeros Naturais  <\/li>\n<\/ul>\n<p align=\"justify\"> \n\tResumo do projeto em colabora\u00e7\u00e3o: Desenvolvimento de materiais eletroativos biocompat\u00edveis para aplica\u00e7\u00f5es medicinais\u200b\n<\/p><\/div><\/div><\/div><div id=\"pgc-688-3-1\"  class=\"panel-grid-cell\" ><div id=\"panel-688-3-1-0\" class=\"so-panel widget panel-first-child panel-last-child\" data-index=\"7\" ><\/div><\/div><\/div><div id=\"pg-688-4\"  class=\"panel-grid panel-no-style\" ><div id=\"pgc-688-4-0\"  class=\"panel-grid-cell\" ><div id=\"panel-688-4-0-0\" class=\"so-panel widget panel-first-child panel-last-child\" data-index=\"8\" ><\/div><\/div><div id=\"pgc-688-4-1\"  class=\"panel-grid-cell\" ><div id=\"panel-688-4-1-0\" class=\"widget_text so-panel widget widget_custom_html panel-first-child panel-last-child\" data-index=\"9\" ><div class=\"textwidget custom-html-widget\"><h3>Prof. Dr. Frederico Soares <\/h3>\n<ul style=\"list-style-type: circle\">\n\t<li>Departamento de Qu\u00edmica - UFPR<\/li>\n\t<li>\u00c1rea de atua\u00e7\u00e3o: Quimiometria e Espectroscopia Vibracional <\/li>\n<\/ul>\n<p align=\"justify\"> \n\tResumo do projeto em colabora\u00e7\u00e3o: Estudos de imageamento Raman de nanomateriais e propriedades adsortivas de micropoluentes\u200b\n<\/p><\/div><\/div><\/div><\/div><div id=\"pg-688-5\"  class=\"panel-grid panel-no-style\" ><div id=\"pgc-688-5-0\"  class=\"panel-grid-cell\" ><div id=\"panel-688-5-0-0\" class=\"widget_text so-panel widget widget_custom_html panel-first-child panel-last-child\" data-index=\"10\" ><div class=\"textwidget custom-html-widget\"><h3>Profa. Dra. Carolina Camargo de Oliveira <\/h3>\n<ul style=\"list-style-type: circle\">\n\t<li>Departamento de Biologia Celular - UFPR<\/li>\n\t<li>\u00c1rea de atua\u00e7\u00e3o: Biologia Celular <\/li>\n<\/ul>\n<p align=\"justify\"> \n\tResumo do projeto em colabora\u00e7\u00e3o: Desenvolvimento de materiais eletroativos biocompat\u00edveis para aplica\u00e7\u00f5es medicinais e no desenvolvimento de biomarcadores.\n<\/p><\/div><\/div><\/div><div id=\"pgc-688-5-1\"  class=\"panel-grid-cell\" ><div id=\"panel-688-5-1-0\" class=\"so-panel widget panel-first-child panel-last-child\" data-index=\"11\" ><\/div><\/div><\/div><div id=\"pg-688-6\"  class=\"panel-grid panel-no-style\" ><div id=\"pgc-688-6-0\"  class=\"panel-grid-cell\" ><div id=\"panel-688-6-0-0\" class=\"so-panel widget panel-first-child panel-last-child\" data-index=\"12\" ><\/div><\/div><div id=\"pgc-688-6-1\"  class=\"panel-grid-cell\" ><div id=\"panel-688-6-1-0\" class=\"widget_text so-panel widget widget_custom_html panel-first-child panel-last-child\" data-index=\"13\" ><div class=\"textwidget custom-html-widget\"><h3>Dra. Talita Mazon <\/h3>\n<ul style=\"list-style-type: circle\">\n\t<li>Renato Archer<\/li>\n\t<li>\u00c1rea de atua\u00e7\u00e3o: S\u00edntese de nanomateriais e interfaces bioqu\u00edmicas <\/li>\n<\/ul>\n<p align=\"justify\"> \n\tResumo do projeto em colabora\u00e7\u00e3o: Desenvolvimento de sensores e biossensores eletroqu\u00edmicos baseados na tecnologia de M.I.P. e V.I.P.\n<\/p><\/div><\/div><\/div><\/div><div id=\"pg-688-7\"  class=\"panel-grid panel-no-style\" ><div id=\"pgc-688-7-0\"  class=\"panel-grid-cell\" ><div id=\"panel-688-7-0-0\" class=\"widget_text so-panel widget widget_custom_html panel-first-child panel-last-child\" data-index=\"14\" ><div class=\"textwidget custom-html-widget\"><h3>Prof. Dr. Bruno Jos\u00e9 Gon\u00e7alves <\/h3>\n<ul style=\"list-style-type: circle\">\n\t<li>Departamento de Qu\u00edmica - UFPR<\/li>\n\t<li>\u00c1rea de atua\u00e7\u00e3o: T\u00e9cnicas de microextra\u00e7\u00e3o e Cromatografia<\/li>\n<\/ul>\n<p align=\"justify\"> \n\tResumo do projeto em colabora\u00e7\u00e3o: Desenvolvimento de mat\u00e9rias h\u00edbridos na constru\u00e7\u00e3o de dispositivos microextratores baseados em propriedades eletroqu\u00edmicas.\n<\/p><\/div><\/div><\/div><div id=\"pgc-688-7-1\"  class=\"panel-grid-cell\" ><div id=\"panel-688-7-1-0\" class=\"so-panel widget panel-first-child panel-last-child\" data-index=\"15\" ><\/div><\/div><\/div><div id=\"pg-688-8\"  class=\"panel-grid panel-no-style\" ><div id=\"pgc-688-8-0\"  class=\"panel-grid-cell\" ><div id=\"panel-688-8-0-0\" class=\"so-panel widget panel-first-child panel-last-child\" data-index=\"16\" ><\/div><\/div><div id=\"pgc-688-8-1\"  class=\"panel-grid-cell\" ><div id=\"panel-688-8-1-0\" class=\"widget_text so-panel widget widget_custom_html panel-first-child panel-last-child\" data-index=\"17\" ><div class=\"textwidget custom-html-widget\"><h3> Prof. Dr. Luis Marchesi  <\/h3>\n<ul style=\"list-style-type: circle\">\n\t<li>Departamento de Qu\u00edmica - UTFPRL<\/li>\n\t<li>\u00c1rea de atua\u00e7\u00e3o: Eletroqu\u00edmica e Energia <\/li>\n<\/ul>\n<p align=\"justify\"> \n\tResumo do projeto em colabora\u00e7\u00e3o: Estudos eletroqu\u00edmicos interfaciais empregando Espectroscopia de Imped\u00e2ncia Eletroqu\u00edmica para a caracteriza\u00e7\u00e3o de nanomateriais eletroativos.\n<\/p><\/div><\/div><\/div><\/div><div id=\"pg-688-9\"  class=\"panel-grid panel-no-style\" ><div id=\"pgc-688-9-0\"  class=\"panel-grid-cell\" ><div id=\"panel-688-9-0-0\" class=\"widget_text so-panel widget widget_custom_html panel-first-child panel-last-child\" data-index=\"18\" ><div class=\"textwidget custom-html-widget\"><h3>Prof. Dr. Luiz Henrique Dall\u2019Ant\u00f4nia <\/h3>\n<ul style=\"list-style-type: circle\">\n\t<li>Departamento de Qu\u00edmica - UEL<\/li>\n\t<li>\u00c1rea de atua\u00e7\u00e3o: Eletroqu\u00edmica e Fotoqu\u00edmica<\/li>\n<\/ul>\n<p align=\"justify\"> \nResumo do projeto em colabora\u00e7\u00e3o: Constru\u00e7\u00e3o Sensores e Biossensores utilizando transdu\u00e7\u00e3o fotoeletroqu\u00edmica.\n<\/p><\/div><\/div><\/div><div id=\"pgc-688-9-1\"  class=\"panel-grid-cell\" ><div id=\"panel-688-9-1-0\" class=\"so-panel widget panel-first-child panel-last-child\" data-index=\"19\" ><\/div><\/div><\/div><div id=\"pg-688-10\"  class=\"panel-grid panel-no-style\" ><div id=\"pgc-688-10-0\"  class=\"panel-grid-cell\" ><div id=\"panel-688-10-0-0\" class=\"so-panel widget panel-first-child panel-last-child\" data-index=\"20\" ><\/div><\/div><div id=\"pgc-688-10-1\"  class=\"panel-grid-cell\" ><div id=\"panel-688-10-1-0\" class=\"widget_text so-panel widget widget_custom_html panel-first-child panel-last-child\" data-index=\"21\" ><div class=\"textwidget custom-html-widget\"><h3>Prof. Dr. Daniel Rampon <\/h3>\n<ul style=\"list-style-type: circle\">\n\t<li>Departamento de Qu\u00edmica - UFPR<\/li>\n\t<li>\u00c1rea de atua\u00e7\u00e3o: S\u00edntese Org\u00e2nica <\/li>\n<\/ul>\n<p align=\"justify\"> \n\tResumo do projeto em colabora\u00e7\u00e3o: Prepara\u00e7\u00e3o de benzo[b]calcogenofenos 2,3-dissubstitu\u00eddos empregando cicliza\u00e7\u00f5es nucleof\u00edlicas promovidas por eletr\u00f3filos gerados por via eletroqu\u00edmica,\n<\/p><\/div><\/div><\/div><\/div><div id=\"pg-688-11\"  class=\"panel-grid panel-no-style\" ><div id=\"pgc-688-11-0\"  class=\"panel-grid-cell\" ><div id=\"panel-688-11-0-0\" class=\"widget_text so-panel widget widget_custom_html panel-first-child panel-last-child\" data-index=\"22\" ><div class=\"textwidget custom-html-widget\"><h3>Profa. Dra. Franciele Wolfart<\/h3>\n<ul style=\"list-style-type: circle\">\n\t<li>Instituto Federal Farroupinha<\/li>\n\t<li>\u00c1rea de atua\u00e7\u00e3o: Eletroqu\u00edmica<\/li>\n<\/ul>\n<p align=\"justify\"> \nResumo do projeto em colabora\u00e7\u00e3o: Constru\u00e7\u00e3o de eletrodos modificados para Biossensores e Dispositivos armazenadores de energia.\n<\/p><\/div><\/div><\/div><div id=\"pgc-688-11-1\"  class=\"panel-grid-cell\" ><div id=\"panel-688-11-1-0\" class=\"so-panel widget panel-first-child panel-last-child\" data-index=\"23\" ><\/div><\/div><\/div><\/div>","protected":false},"excerpt":{"rendered":"<p>Profa. Dra. Clarice Dias Brito do Amaral Departamento de Qu\u00edmica &#8211; UFPR \u00c1rea de atua\u00e7\u00e3o: Qu\u00edmica Anal\u00edtica (Espectrometria) Resumo do projeto em colabora\u00e7\u00e3o: Desenvolvimento de novos solventes eut\u00e9ticos profundos naturais (NADES) com aplica\u00e7\u00e3o na eletross\u00edntese de nanomateriais e novos eletr\u00f3litos alternativos Prof. Dr. Diego Guedes Sobrinho Departamento de Qu\u00edmica &#8211; UFPR \u00c1rea de atua\u00e7\u00e3o: C\u00e1lculo [&hellip;]<\/p>\n","protected":false},"author":17,"featured_media":0,"parent":463,"menu_order":0,"comment_status":"closed","ping_status":"closed","template":"","meta":{"footnotes":""},"class_list":["post-688","page","type-page","status-publish","hentry"],"_links":{"self":[{"href":"http:\/\/www.quimica.ufpr.br\/paginas\/gpmin\/wp-json\/wp\/v2\/pages\/688","targetHints":{"allow":["GET"]}}],"collection":[{"href":"http:\/\/www.quimica.ufpr.br\/paginas\/gpmin\/wp-json\/wp\/v2\/pages"}],"about":[{"href":"http:\/\/www.quimica.ufpr.br\/paginas\/gpmin\/wp-json\/wp\/v2\/types\/page"}],"author":[{"embeddable":true,"href":"http:\/\/www.quimica.ufpr.br\/paginas\/gpmin\/wp-json\/wp\/v2\/users\/17"}],"replies":[{"embeddable":true,"href":"http:\/\/www.quimica.ufpr.br\/paginas\/gpmin\/wp-json\/wp\/v2\/comments?post=688"}],"version-history":[{"count":11,"href":"http:\/\/www.quimica.ufpr.br\/paginas\/gpmin\/wp-json\/wp\/v2\/pages\/688\/revisions"}],"predecessor-version":[{"id":1278,"href":"http:\/\/www.quimica.ufpr.br\/paginas\/gpmin\/wp-json\/wp\/v2\/pages\/688\/revisions\/1278"}],"up":[{"embeddable":true,"href":"http:\/\/www.quimica.ufpr.br\/paginas\/gpmin\/wp-json\/wp\/v2\/pages\/463"}],"wp:attachment":[{"href":"http:\/\/www.quimica.ufpr.br\/paginas\/gpmin\/wp-json\/wp\/v2\/media?parent=688"}],"curies":[{"name":"wp","href":"https:\/\/api.w.org\/{rel}","templated":true}]}}