{"id":443,"date":"2020-07-05T19:35:51","date_gmt":"2020-07-05T22:35:51","guid":{"rendered":"http:\/\/www.quimica.ufpr.br\/paginas\/gpmin\/?page_id=443"},"modified":"2021-12-10T08:59:26","modified_gmt":"2021-12-10T11:59:26","slug":"egressos","status":"publish","type":"page","link":"http:\/\/www.quimica.ufpr.br\/paginas\/gpmin\/membros-do-gpmin\/egressos\/","title":{"rendered":"Egressos"},"content":{"rendered":"<div id=\"pl-443\"  class=\"panel-layout\" ><div id=\"pg-443-0\"  class=\"panel-grid panel-no-style\" ><div id=\"pgc-443-0-0\"  class=\"panel-grid-cell\" ><div id=\"panel-443-0-0-0\" class=\"so-panel widget panel-first-child panel-last-child\" data-index=\"0\" ><\/div><\/div><div id=\"pgc-443-0-1\"  class=\"panel-grid-cell\" ><div id=\"panel-443-0-1-0\" class=\"widget_text so-panel widget widget_custom_html panel-first-child panel-last-child\" data-index=\"1\" ><div class=\"textwidget custom-html-widget\"><h3>Thais Schroeder Rossi<\/h3>\n<ul style=\"list-style-type: circle\">\n\t<li>Per\u00edodo: 01\/2015 - 12\/2017 (IC) | 03\/2018 - 02\/2020 (Ms)  <\/li>\n\t<li>Orientador: Marcio Vidotti<\/li>\n\t<li>Projetos desenvolvidos: Influ\u00eancia de surfactantes nas propriedades de eletrodos de Ni(OH)2 (IC) e Estudo de propriedades interfaciais de hexacianoferratos (Ms)<\/li>\n\t<li>Posi\u00e7\u00e3o atual:  Estudante de p\u00f3s gradua\u00e7\u00e3o na Ruhr-Universit\u00e4t Bochum (Alemanha) <\/li>\n<\/ul>\n<p align=\"justify\"> \n\u201cTrabalhar no GPMIn foi uma experi\u00eancia incr\u00edvel! Eu comecei no grupo como IC ainda no in\u00edcio do 2\u00ba ano do curso de Bacharelado em Qu\u00edmica, continuei durante toda a gradua\u00e7\u00e3o e tinha certeza de que queria fazer o mestrado aqui. Foi um per\u00edodo extremamente enriquecedor!! Aprendi muito! E a experi\u00eancia foi ainda melhor porque todo o grupo \u00e9 como se fosse uma fam\u00edlia. Todo mundo se ajuda, compartilhando o conhecimento que tem. E podemos contar com todos os integrantes do grupo tanto profissional como pessoalmente. Fiz amigos aqui para levar para a vida toda. Os 5 anos que passei aqui deixou marcas maravilhosas e sempre ser\u00e3o lembrados com muito carinho!\u201d.\n<\/p><\/div><\/div><\/div><\/div><div id=\"pg-443-1\"  class=\"panel-grid panel-no-style\" ><div id=\"pgc-443-1-0\"  class=\"panel-grid-cell\" ><div id=\"panel-443-1-0-0\" class=\"so-panel widget panel-first-child panel-last-child\" data-index=\"2\" ><\/div><\/div><div id=\"pgc-443-1-1\"  class=\"panel-grid-cell\" ><div id=\"panel-443-1-1-0\" class=\"widget_text so-panel widget widget_custom_html panel-first-child panel-last-child\" data-index=\"3\" ><div class=\"textwidget custom-html-widget\"><h3>Ana Let\u00edcia Soares<\/h3>\n<ul style=\"list-style-type: circle\">\n\t<li>Per\u00edodo: 03\/2014 \u2013 12\/2015 (Ms) | 01\/2016 \u2013 12\/2019 (Dr)<\/li>\n\t<li>Orientador: Marcio Vidotti<\/li>\n\t<li>Projetos desenvolvidos: Caracteriza\u00e7\u00e3o interfacial e resposta eletrocatal\u00edtica de nanocomp\u00f3sitos NixCoy(OH)2 sonoeletrodepositados (Ms)<\/li>\n\t<li>Estudos eletroqu\u00edmicos e espectrosc\u00f3picos da adsor\u00e7\u00e3o de micropoluentes em nanocomp\u00f3sitos PEDOT-AuNPs (Dr) <\/li>\n\t<li>Posi\u00e7\u00e3o atual: Professor substituto do Instituto Federal de Santa Catarina e respons\u00e1vel t\u00e9cnico pela empresa DECORPOL.<\/li>\n<\/ul>\n<p align=\"justify\"> \n\u201cO GPMin foi minha segunda casa durante 6 anos, este grupo me permitiu um incr\u00edvel crescimento n\u00e3o s\u00f3 intelectual, mas tamb\u00e9m pessoal. Foram in\u00fameras oportunidades sempre trabalhando com projetos inovadores, nos quais fui muito bem orientada e tamb\u00e9m sempre tive possibilidades de dar minhas pr\u00f3prias ideias. Sempre fomos muito estimulados a participar de congressos, parcerias e projetos paralelos, o que rendeu muita experi\u00eancia extra. Al\u00e9m disso, \u00e9 deste grupo que levo minhas melhores amizades, pois sempre houve muita parceria e colabora\u00e7\u00e3o entre todos os membros do grupo\u201d.\n<\/p><\/div><\/div><\/div><\/div><div id=\"pg-443-2\"  class=\"panel-grid panel-no-style\" ><div id=\"pgc-443-2-0\"  class=\"panel-grid-cell\" ><div id=\"panel-443-2-0-0\" class=\"so-panel widget panel-first-child panel-last-child\" data-index=\"4\" ><\/div><\/div><div id=\"pgc-443-2-1\"  class=\"panel-grid-cell\" ><div id=\"panel-443-2-1-0\" class=\"widget_text so-panel widget widget_custom_html panel-first-child panel-last-child\" data-index=\"5\" ><div class=\"textwidget custom-html-widget\"><h3>Adriana de Lazzari<\/h3>\n<ul style=\"list-style-type: circle\">\n\t<li>Per\u00edodo: 01\/2015 - 12\/2016 (IC) | 03\/2017 - 02\/2019 (Ms)<\/li>\n\t<li>Orientador: Marcio Vidotti<\/li>\n\t<li>Projetos desenvolvidos: S\u00edntese de comp\u00f3sitos de poli(pirrol) e alginato (IC) e Eletrodos extratores baseados em nanotubos de poli(pirrol) (Ms)<\/li>\n\t<li>Posi\u00e7\u00e3o atual:  Estudante de p\u00f3s gradua\u00e7\u00e3o na University of Waterloo (Canad\u00e1)<\/li>\n<\/ul>\n<p align=\"justify\"> \n\u201cMeu per\u00edodo no GPMIn foi essencial para meu amadurecimento como profissional. Desde a inicia\u00e7\u00e3o cient\u00edfca at\u00e9 o mestrado, tive a oportunidade de adquirir conhecimento e experi\u00eancia que, certamente, me guiaram para onde estou hoje. Sou grata ao Prof. Marcio pela orienta\u00e7\u00e3o, por toda a confian\u00e7a depositada e pela amizade adquirida. Obrigada por ter me resgatado!\u201d.\n<\/p><\/div><\/div><\/div><\/div><div id=\"pg-443-3\"  class=\"panel-grid panel-no-style\" ><div id=\"pgc-443-3-0\"  class=\"panel-grid-cell\" ><div id=\"panel-443-3-0-0\" class=\"so-panel widget panel-first-child panel-last-child\" data-index=\"6\" ><\/div><\/div><div id=\"pgc-443-3-1\"  class=\"panel-grid-cell\" ><div id=\"panel-443-3-1-0\" class=\"widget_text so-panel widget widget_custom_html panel-first-child panel-last-child\" data-index=\"7\" ><div class=\"textwidget custom-html-widget\"><h3>Franciele Wolfart<\/h3>\n<ul style=\"list-style-type: circle\">\n\t<li>03\/2011 \u2013 02\/2013 Mestrado<\/li>\n\t<li> 03\/2013 \u2013 12\/2016 Doutorado (per\u00edodo sanduiche 2014\/2015 Instituto Catal\u00e3o de Nanoci\u00eancia e Nanotecnologia, Orientador: Pedro Gomez-Romero)<\/li>\n\t<li>01\/2017 \u2013 12\/2017 P\u00f3s-Doutorado<\/li>\n\t<li>Orientador: Marcio Vidotti<\/li>\n\t<li>Projetos Desenvolvidos: Otimiza\u00e7\u00e3o da resposta eletrocatal\u00edtica apresentada por eletrodos modificados por ligas Ni\/Cu e Ni\/Co (Ms), Eletrodos armazenadores de energia baseados em comp\u00f3sitos de polipirrol, imidazol e hidr\u00f3xido de n\u00edquel (Dr) e Materiais eletroativos baseados em \"grafeno natural\" modificados com pol\u00edmeros condutores para o desenvolvimento de dispositivos armazenadores de energia (PDoc) <\/li>\n\t<li>Docente do Instituto Federal Farroupilha \u2013 Campus S\u00e3o Borja \/RS. Atualmente exerce o cargo de Diretora de Pesquisa, Extens\u00e3o e Produ\u00e7\u00e3o Gest\u00e3o: 2020-2024<\/li>\n<\/ul>\n<p align=\"justify\"> \n\u201cO GPMIn me transformou na profissional e pessoa que sou hoje! A seriedade, o comprometimento, a compet\u00eancia e a \u00e9tica com que o grupo \u00e9 guiado me oportunizaram desenvolver projetos inovadores e me apaixonar pela ci\u00eancia. Desenvolvi projetos de pesquisa na \u00e1rea de sensores\/biossensores eletroqu\u00edmicos e dispositivos armazenadores de energia, o que me permitiu aprender muito com meus orientadores, sempre com um bom di\u00e1logo. Al\u00e9m disso, foi durante esse tempo que fiz bons amigos, conheci excelentes pesquisadores e pude aprender com todos eles, hoje somos uma grande fam\u00edlia. O Professor Marcio Vidotti sempre me dizia uma frase que eu levo comigo at\u00e9 hoje \u201co \u2018n\u00e3o\u2019 voc\u00ea j\u00e1 tem, minha filha! \u201d, parece t\u00e3o simples, mas \u00e9 uma motiva\u00e7\u00e3o para buscar meus objetivos. Foram sete anos maravilhosos, cheio de descobertas e desafios e eu s\u00f3 tenho a agradecer pela oportunidade!\u201d.\n<\/p><\/div><\/div><\/div><\/div><div id=\"pg-443-4\"  class=\"panel-grid panel-no-style\" ><div id=\"pgc-443-4-0\"  class=\"panel-grid-cell\" ><div id=\"panel-443-4-0-0\" class=\"so-panel widget panel-first-child panel-last-child\" data-index=\"8\" ><\/div><\/div><div id=\"pgc-443-4-1\"  class=\"panel-grid-cell\" ><div id=\"panel-443-4-1-0\" class=\"widget_text so-panel widget widget_custom_html panel-first-child panel-last-child\" data-index=\"9\" ><div class=\"textwidget custom-html-widget\"><h3>Fernanda Simas<\/h3>\n<ul style=\"list-style-type: circle\">\n\t<li>Per\u00edodo: 04\/2015 - 06\/2016 (p\u00f3s doc)<\/li>\n\t<li>Orientador: Marcio Vidotti<\/li>\n\t<li>Projetos Desenvolvidos: Avalia\u00e7\u00e3o da citotoxicidade e das propriedades biol\u00f3gicas de nanocomp\u00f3sitos formados por poli(anilina) e goma ar\u00e1bica<\/li>\n\t<li>Posi\u00e7\u00e3o atual - Professora Adjunta do Departamento de Biologia Celular da UFPR<\/li>\n<\/ul>\n<p align=\"justify\"> \n\u201cNo GPMin consegui desenvolver um projeto desafiador na interface da qu\u00edmica com a biologia. A expertise do Grupo me permitiu conhecer, entender e explorar metodologias de s\u00edntese e de caracteriza\u00e7\u00e3o de nanocomp\u00f3sitos condutores e a minha forma\u00e7\u00e3o como bi\u00f3loga me auxiliou na execu\u00e7\u00e3o dos experimentos de biocompatibilidade de tais materiais em diferentes modelos celulares. Tive a oportunidade incr\u00edvel de redigir, em conjunto com meus supervisores, Prof. Dr. Marcio Vidotti e Profa. Dra. Izabel Cristina Riegel Vidotti, um cap\u00edtulo de livro intitulado \"Polysaccharides as green biodegradable platforms for building-up electroactive composite materials: An Overview\". Al\u00e9m disso, durante este per\u00edodo geramos resultados in\u00e9ditos de estabilidade de nanocomp\u00f3sitos condutores em meio de cultura celular, al\u00e9m da avalia\u00e7\u00e3o da citotoxicidade e das propriedades biol\u00f3gicas destes. Este est\u00e1gio me abriu as portas para o que viria a ser minha linha de pesquisa atualmente, pois foi nesta etapa que me apaixonei pelos trabalhos envolvendo cultivo celular. Muita gratid\u00e3o e carinho por este Grupo!\u201d.\n<\/p><\/div><\/div><\/div><\/div><div id=\"pg-443-5\"  class=\"panel-grid panel-no-style\" ><div id=\"pgc-443-5-0\"  class=\"panel-grid-cell\" ><div id=\"panel-443-5-0-0\" class=\"so-panel widget panel-first-child panel-last-child\" data-index=\"10\" ><\/div><\/div><div id=\"pgc-443-5-1\"  class=\"panel-grid-cell\" ><div id=\"panel-443-5-1-0\" class=\"widget_text so-panel widget widget_custom_html panel-first-child panel-last-child\" data-index=\"11\" ><div class=\"textwidget custom-html-widget\"><h3>Aline Grein Iankovski<\/h3>\n<ul style=\"list-style-type: circle\">\n\t<li>Per\u00edodo: 03\/2010 - 02\/2012 (Ms) | 04\/2012 - 03\/2016 (Dr)<\/li>\n\t<li>Orientador: Marcio Vidotti<\/li>\n\t<li>Projetos Desenvolvidos:\u00a0Estudo de propriedades em solu\u00e7\u00e3o de sistemas polissacar\u00eddicos a partir de goma de ac\u00e1cia e goma de ac\u00e1cia\/celulose bacteriana (Ms). Rela\u00e7\u00e3o entre as propriedades estruturais e f\u00edsico-qu\u00edmicas da goma de Acacia mearnsii (ac\u00e1cia-negra) cultivada no Brasil em compara\u00e7\u00e3o \u00e0 goma de ac\u00e1cia comercial) (Dr).<\/li>\n\t<li>Posi\u00e7\u00e3o atual - Professora Adjunta do Departamento de Biologia Celular da UFPR<\/li>\n<\/ul> \n<p align=\"justify\">\n\t\n<\/p> \u201cPosso dizer que eu vi o GPMIn nascer e ele fez parte de um momento muito especial da minha carreira. Iniciei no mestrado e permaneci at\u00e9 o doutorado, foi no GPMIn que eu me desenvolvi como cientista. Foram 6 anos de muito aprendizado, desafios, oportunidades e amadurecimento pessoal e profissional. Sou muito grata ao grupo pela experi\u00eancia que tive, em especial \u00e0s minhas orientadoras Izabel e Fernanda que sempre me incentivaram a ir al\u00e9m, me deram todo o apoio e suporte necess\u00e1rios e tamb\u00e9m autonomia para que eu pudesse crescer e me desenvolver na pesquisa. S\u00e3o lembran\u00e7as e aprendizados que fizeram toda a diferen\u00e7a e levo sempre comigo!\u201d.\n<p>\n<\/p>\n<\/div><\/div><\/div><\/div><\/div>","protected":false},"excerpt":{"rendered":"<p>Thais Schroeder Rossi Per\u00edodo: 01\/2015 &#8211; 12\/2017 (IC) | 03\/2018 &#8211; 02\/2020 (Ms) Orientador: Marcio Vidotti Projetos desenvolvidos: Influ\u00eancia de surfactantes nas propriedades de eletrodos de Ni(OH)2 (IC) e Estudo de propriedades interfaciais de hexacianoferratos (Ms) Posi\u00e7\u00e3o atual: Estudante de p\u00f3s gradua\u00e7\u00e3o na Ruhr-Universit\u00e4t Bochum (Alemanha) \u201cTrabalhar no GPMIn foi uma experi\u00eancia incr\u00edvel! Eu comecei [&hellip;]<\/p>\n","protected":false},"author":17,"featured_media":0,"parent":463,"menu_order":0,"comment_status":"closed","ping_status":"closed","template":"","meta":{"footnotes":""},"class_list":["post-443","page","type-page","status-publish","hentry"],"_links":{"self":[{"href":"http:\/\/www.quimica.ufpr.br\/paginas\/gpmin\/wp-json\/wp\/v2\/pages\/443","targetHints":{"allow":["GET"]}}],"collection":[{"href":"http:\/\/www.quimica.ufpr.br\/paginas\/gpmin\/wp-json\/wp\/v2\/pages"}],"about":[{"href":"http:\/\/www.quimica.ufpr.br\/paginas\/gpmin\/wp-json\/wp\/v2\/types\/page"}],"author":[{"embeddable":true,"href":"http:\/\/www.quimica.ufpr.br\/paginas\/gpmin\/wp-json\/wp\/v2\/users\/17"}],"replies":[{"embeddable":true,"href":"http:\/\/www.quimica.ufpr.br\/paginas\/gpmin\/wp-json\/wp\/v2\/comments?post=443"}],"version-history":[{"count":16,"href":"http:\/\/www.quimica.ufpr.br\/paginas\/gpmin\/wp-json\/wp\/v2\/pages\/443\/revisions"}],"predecessor-version":[{"id":1090,"href":"http:\/\/www.quimica.ufpr.br\/paginas\/gpmin\/wp-json\/wp\/v2\/pages\/443\/revisions\/1090"}],"up":[{"embeddable":true,"href":"http:\/\/www.quimica.ufpr.br\/paginas\/gpmin\/wp-json\/wp\/v2\/pages\/463"}],"wp:attachment":[{"href":"http:\/\/www.quimica.ufpr.br\/paginas\/gpmin\/wp-json\/wp\/v2\/media?parent=443"}],"curies":[{"name":"wp","href":"https:\/\/api.w.org\/{rel}","templated":true}]}}