{"id":428,"date":"2020-07-05T19:57:48","date_gmt":"2020-07-05T22:57:48","guid":{"rendered":"http:\/\/www.quimica.ufpr.br\/paginas\/gpmin\/?page_id=428"},"modified":"2022-09-14T14:36:07","modified_gmt":"2022-09-14T17:36:07","slug":"teses-e-dissertacoes","status":"publish","type":"page","link":"http:\/\/www.quimica.ufpr.br\/paginas\/gpmin\/producoes\/teses-e-dissertacoes\/","title":{"rendered":"Teses e disserta\u00e7\u00f5es"},"content":{"rendered":"<div id=\"pl-428\"  class=\"panel-layout\" ><div id=\"pg-428-0\"  class=\"panel-grid panel-no-style\" ><div id=\"pgc-428-0-0\"  class=\"panel-grid-cell\" ><div id=\"panel-428-0-0-0\" class=\"so-panel widget panel-first-child\" data-index=\"0\" ><\/div><div id=\"panel-428-0-0-1\" class=\"widget_text so-panel widget widget_custom_html\" data-index=\"1\" ><div class=\"textwidget custom-html-widget\"><h3>Ana Luiza Lorenzen Lima<\/h3>\n<ul style=\"list-style-type: circle\">\n\t<li>T\u00edtulo: Desenvolvimento de comp\u00f3sitos formados a partir de materiais \"graphite-like\" e poli(anilina)<\/li>\n\t<li>Orientador: Marcio Vidotti<\/li>\n\t<li>Banca: Frederico Luis Felipe Soares (DQ\/UFPR), Lu\u00eds Fernando Q. Marchesi (EQ\/UTFPR), Luiz Humberto Marcolino Jr. (DQ\/UFPR), Franciele Wolfart (DQ\/IFF)<\/li>\n\t<li>Data: 26 de maio de 2020<\/li>\n\t<\/ul><\/div><\/div><div id=\"panel-428-0-0-2\" class=\"widget_text so-panel widget widget_custom_html\" data-index=\"2\" ><div class=\"textwidget custom-html-widget\"><h3>Ana Let\u00edcia Soares<\/h3>\n<ul style=\"list-style-type: circle\">\n\t<li>T\u00edtulo: Estudos eletroqu\u00edmicos e espectrosc\u00f3picos da adsor\u00e7\u00e3o de micropoluentes em nanocomp\u00f3sitos Pedot-AuNPs. <a href=\"https:\/\/www.prppg.ufpr.br\/siga\/visitante\/trabalhoConclusaoWS?idpessoal=28039&amp;idprograma=40001016026P2&amp;anobase=2019&amp;idtc=1457\" target=\"_blank\" rel=\"noopener\">Link<\/a><\/li>\n\t<li>Orientador: Marcio Vidotti<\/li>\n\t<li>Coorientador: Lu\u00eds Fermando Q. Marchesi<\/li>\n\t<li>Banca: Karen Wohnrath (DQ\/UEPG), Luiz Henrique Dall'Antonia (DQ\/UEL), D\u00eanio Emanuel Pires Souto (DQ\/UFPR), Herbert Winnischofer (DQ\/UFPR)<\/li>\n\t<li>Data: 12 de dezembro de 2019<\/li>\n\t<\/ul><\/div><\/div><div id=\"panel-428-0-0-3\" class=\"widget_text so-panel widget widget_custom_html\" data-index=\"3\" ><div class=\"textwidget custom-html-widget\"><h3>Luzia Rejane Lisboa Santos<\/h3>\n<ul style=\"list-style-type: circle\">\n\t<li>T\u00edtulo: Obten\u00e7\u00e3o de c\u00e1psulas est\u00edmulo-responsivas utilizando quitosana e s\u00edlica para libera\u00e7\u00e3o de inibidor de corros\u00e3o em a\u00e7o carbono 1020. <a href=\"https:\/\/acervodigital.ufpr.br\/handle\/1884\/63408\" target=\"_blank\" rel=\"noopener\">Link<\/a><\/li>\n\t<li>Orientadora: Izabel Riegel-Vidotti<\/li>\n\t<li>Coorientador: Cl\u00e1udia Marino<\/li>\n\t<li>Banca: Lu\u00eds Fernando Quintino Pereira Marchesi (EQ\/UTFPR), S\u00e9rgio Henrique Pezzin (DQ\/UDESC), Rilton Alves de Freitas (DQ\/UFPR), Ronilson Vasconcelos Barbosa (DQ\/UFPR)<\/li>\n\t<li>Data: 09 de abril de 2019<\/li>\n\t<\/ul><\/div><\/div><div id=\"panel-428-0-0-4\" class=\"widget_text so-panel widget widget_custom_html\" data-index=\"4\" ><div class=\"textwidget custom-html-widget\"><h3>Sheila Cristina Jacumasso<\/h3>\n<ul style=\"list-style-type: circle\">\n\t<li>T\u00edtulo: Preparo de hidrog\u00e9is baseados em polipirrol e alginato para utiliza\u00e7\u00e3o em sistemas de libera\u00e7\u00e3o e na extra\u00e7\u00e3o de contaminantes. <a href=\"https:\/\/acervodigital.ufpr.br\/handle\/1884\/58938\" target=\"_blank\" rel=\"noopener\">Link<\/a><\/li>\n\t<li>Orientador: Marcio Vidotti<\/li>\n\t<li>Banca: S\u00e9rgio Henrique Pezzin (DQ\/UDESC),Ronilson Vasconcelos Barbosa (DQ\/UFPR), Luiz Henrique Dall'Antonia (DQ\/UEL), Fernanda Fogagnoli Simas (DBIOCEL\/UFPR)<\/li>\n\t<li>Data: 20 de setembro de 2018 <\/li>\n\t<\/ul><\/div><\/div><div id=\"panel-428-0-0-5\" class=\"widget_text so-panel widget widget_custom_html\" data-index=\"5\" ><div class=\"textwidget custom-html-widget\"><h3>Bruno Campos da Silva<\/h3>\n<ul style=\"list-style-type: circle\">\n\t<li>T\u00edtulo: Microc\u00e1psula multifuncional para aplica\u00e7\u00e3o em revestimentos inteligentes. <a href=\"https:\/\/acervodigital.ufpr.br\/handle\/1884\/58887\" target=\"_blank\" rel=\"noopener\">Link<\/a><\/li>\n\t<li>Orientadora: Izabel Riegel-Vidotti<\/li>\n\t<li>Coorientadora: Cl\u00e1udia Marino<\/li>\n\t<li>Banca: Lu\u00eds Fernando Quintino Pereira Marchesi (IF\/USP), Elisa Souza Orth (DQ\/UFPR), Ronilson Vasconcelos Barbosa (DQ\/UFPR), Fernanda Fogagnoli Simas (DBIOCEL\/UFPR)<\/li>\n\t<li>Data: 20 de agosto de 2018<\/li>\n\t<\/ul><\/div><\/div><div id=\"panel-428-0-0-6\" class=\"widget_text so-panel widget widget_custom_html\" data-index=\"6\" ><div class=\"textwidget custom-html-widget\"><h3>Heloise Ribeiro de Barros<\/h3>\n<ul style=\"list-style-type: circle\">\n\t<li>T\u00edtulo: Intera\u00e7\u00e3o entre nanopart\u00edculas de ouro e biomol\u00e9culas: estudo f\u00edsico-qu\u00edmico da interface nano-bio. <a href=\"https:\/\/acervodigital.ufpr.br\/handle\/1884\/54981\" target=\"_blank\" rel=\"noopener\">Link<\/a><\/li>\n\t<li>Orientadora: Izabel Riegel-Vidotti<\/li>\n\t<li>Banca: Leandro Ramos Souza Barbosa (IF\/USP), Marcio Vidotti (DQ\/UFPR), Fernando Carlos Giacomelli (CCNH\/UFABC), Fernanda Fogagnoli Simas (DBIOCEL\/UFPR)<\/li>\n\t<li>Data: 23 de fevereiro de 2018<\/li>\n\t<\/ul><\/div><\/div><div id=\"panel-428-0-0-7\" class=\"widget_text so-panel widget widget_custom_html\" data-index=\"7\" ><div class=\"textwidget custom-html-widget\"><h3>Franciele Wolfart<\/h3>\n<ul style=\"list-style-type: circle\">\n\t<li>T\u00edtulo: Eletrodos armazenadores de energia baseados em comp\u00f3sitos de polipirrol, imidazol e hidr\u00f3xido de n\u00edquel. <a href=\"https:\/\/acervodigital.ufpr.br\/handle\/1884\/47709\" target=\"_blank\" rel=\"noopener\">Link<\/a><\/li>\n\t<li>Orientador: Marcio Vidotti<\/li>\n\t<li>Banca: Susana ines Cordoba de Torresi (IQ\/USP), Aldo Jos\u00e9 Gorgatti Zarbin (DQ\/UFPR), Roberto Manuel Torresi (IQ\/USP), Luiz Humberto Marcolino Jr. (DQ\/UFPR)<\/li>\n\t<li>Data: 20 de dezembro de 2016<\/li>\n\t<\/ul><\/div><\/div><div id=\"panel-428-0-0-8\" class=\"widget_text so-panel widget widget_custom_html\" data-index=\"8\" ><div class=\"textwidget custom-html-widget\"><h3>Aline Grein Iankovski<\/h3>\n<ul style=\"list-style-type: circle\">\n\t<li>T\u00edtulo: Propriedades estruturais e f\u00edsico-quimicas de gomas de ac\u00e1cia. <a href=\"https:\/\/acervodigital.ufpr.br\/handle\/1884\/44694?show=full\" target=\"_blank\" rel=\"noopener\">Link<\/a><\/li>\n\t<li>Orientadora: Izabel Riegel-Vidotti<\/li>\n\t<li>Coorientadora: Fernanda Simas<\/li>\n\t<li>Banca: Marcio Vidotti (DQ\/UFPR), Guinther Kellermann (DF\/UFPR), Joana Lea Meira Silveira (DBIOQ\/UFPR), Maria Rita Sierakowski (DQ\/UFPR)<\/li>\n\t<li>Data: 30 de mar\u00e7o de 2016<\/li>\n\t<\/ul><\/div><\/div><div id=\"panel-428-0-0-9\" class=\"widget_text so-panel widget widget_custom_html\" data-index=\"9\" ><div class=\"textwidget custom-html-widget\"><h3>Raquel Braz Vichessi<\/h3>\n<ul style=\"list-style-type: circle\">\n\t<li>T\u00edtulo: Propriedades interfaciais de eletrodos modificados Pedot:PSS\/AuNPs aplicados na eletrocat\u00e1lise de nitrofen\u00f3is. <a href=\"https:\/\/acervodigital.ufpr.br\/handle\/1884\/46323\" target=\"_blank\" rel=\"noopener\">Link<\/a><\/li>\n\t<li>Orientador: Marcio Vidotti<\/li>\n\t<li>Banca: Fritz Cavalcante Huguenin (IQ\/USP), Mauro Bertotti (IQ\/USP), Luiz Humberto Marcolino Jr. (DQ\/UFPR), Marcela Mohallem Oliveira (DQB\/UTFPR)<\/li>\n\t<li>Data: 22 de abril de 2015<\/li>\n\t<\/ul><\/div><\/div><div id=\"panel-428-0-0-10\" class=\"widget_text so-panel widget widget_custom_html panel-last-child\" data-index=\"10\" ><div class=\"textwidget custom-html-widget\"><h3>Ronaldo Cestari Quintanilha<\/h3>\n<ul style=\"list-style-type: circle\">\n\t<li>T\u00edtulo: A utiliza\u00e7\u00e3o de goma ar\u00e1bica como agente estabilizante de nanocomp\u00f3sitos de poli(anilina). <a href=\"https:\/\/acervodigital.ufpr.br\/handle\/1884\/40269\" target=\"_blank\" rel=\"noopener\">Link<\/a><\/li>\n\t<li>Orientador: Marcio Vidotti<\/li>\n\t<li>Banca: Suzana Ines Cordoba de Torresi (IQ\/USP), Luiz Henrique Dall'Antonia (DQ\/UEL), Luiz Humberto Marcolino Jr. (DQ\/UFPR), Ronilson Vasconcelos Barbosa (DQ\/UFPR)<\/li>\n\t<li>Data: 24 de fevereiro de 2015<\/li>\n\t<\/ul><\/div><\/div><\/div><\/div><div id=\"pg-428-1\"  class=\"panel-grid panel-no-style\" ><div id=\"pgc-428-1-0\"  class=\"panel-grid-cell\" ><div id=\"panel-428-1-0-0\" class=\"so-panel widget panel-first-child\" data-index=\"11\" ><\/div><div id=\"panel-428-1-0-1\" class=\"widget_text so-panel widget widget_custom_html\" data-index=\"12\" ><div class=\"textwidget custom-html-widget\"><h3>Vanessa Klobukoski<\/h3>\n<ul style=\"list-style-type: circle\">\n\t<li>T\u00edtulo: Constru\u00e7\u00e3o de supercapacitor de estado quasi-s\u00f3lido baseado em pol\u00edmero condutor como material ativo e hidrog\u00e9is de alginato como eletr\u00f3lito<\/li>\n\t<li>Orientador: Marcio Vidotti<\/li>\n\t<li>Coorientador: Izabel Riegel-Vidotti<\/li>\n\t<li>Banca: M\u00e1rcio Peres de Araujo (DQ-UFPR), Susana Ines Cordoba de Torresi (IQ-USP)<\/li>\n\t<li>Data: 19 de setembro de 2022<\/li>\n\t<\/ul><\/div><\/div><div id=\"panel-428-1-0-2\" class=\"widget_text so-panel widget widget_custom_html\" data-index=\"13\" ><div class=\"textwidget custom-html-widget\"><h3>Andrei Elias Deller<\/h3>\n<ul style=\"list-style-type: circle\">\n\t<li>T\u00edtulo: Biossensores impedim\u00e9tricos constru\u00eddos a partir de plataformas nanoestruturadas formadas de pol\u00edmeros condutores e ouro<\/li>\n\t<li>Orientador: Marcio Vidotti<\/li>\n\t\t<li>Coorientador: D\u00eanio Souto<\/li>\n\t<li>Banca: Lu\u00eds Fernando Q. Marchesi  (EQ\/UFPR), Frederico Luies Felipe Soares (DQ\/UFPR)<\/li>\n\t<li>Data: 4 de fevereiro de 2022<\/li>\n\t<\/ul><\/div><\/div><div id=\"panel-428-1-0-3\" class=\"widget_text so-panel widget widget_custom_html\" data-index=\"14\" ><div class=\"textwidget custom-html-widget\"><h3>Isabela Jasper<\/h3>\n<ul style=\"list-style-type: circle\">\n\t<li>T\u00edtulo: Nanocapsulas de polipirrol e polianilina: s\u00edntese e imobiliza\u00e7\u00e3o eletroquimica <\/li>\n\t<li>Orientador: Marcio Vidotti<\/li>\n\t<li>Banca: Luiz Henrique Dall' Antonia (UEL), Frederico Luies Felipe Soares (DQ\/UFPR)<\/li>\n\t<li>Data: 30 de julho de 2021<\/li>\n\t<\/ul><\/div><\/div><div id=\"panel-428-1-0-4\" class=\"widget_text so-panel widget widget_custom_html\" data-index=\"15\" ><div class=\"textwidget custom-html-widget\"><h3>Thais Schoroeder Rossi<\/h3>\n<ul style=\"list-style-type: circle\">\n\t<li>T\u00edtulo: Estudos das propriedades interfaciais de hexacianoferratos met\u00e1licos depositados por diferentes rotas eletroqu\u00edmicas <a href=\"https:\/\/acervodigital.ufpr.br\/handle\/1884\/67778\" target=\"_blank\" rel=\"noopener\">Link<\/a><\/li>\n\t<li>Orientador: Marcio Vidotti<\/li>\n\t<li>Corientador: Herbert Winnischofer<\/li>\n\t<li>Banca: Juliano Alves Bonacin (IQ\/UNICAMP), D\u00eanio Emanuel Pires Souto (DQ\/UFPR)<\/li>\n\t<li>Data: 19 de fevereiro de 2020 <\/li>\n\t<\/ul><\/div><\/div><div id=\"panel-428-1-0-5\" class=\"widget_text so-panel widget widget_custom_html\" data-index=\"16\" ><div class=\"textwidget custom-html-widget\"><h3>Ana Caroline Jaski<\/h3>\n<ul style=\"list-style-type: circle\">\n\t<li>T\u00edtulo: Hidrog\u00e9is comp\u00f3sitos de poli(\u00e1lcool vin\u00edlico) e pectinas: avalia\u00e7\u00e3o de propriedades f\u00edsico-qu\u00edmicas e utiliza\u00e7\u00e3o como fase extratora. <a href=\"https:\/\/www.prppg.ufpr.br\/siga\/visitante\/trabalhoConclusaoWS?idpessoal=70545&amp;idprograma=40001016026P2&amp;anobase=2019&amp;idtc=1444\" target=\"_blank\" rel=\"noopener\">Link<\/a><\/li>\n\t<li>Orientadora: Izabel Riegel-Vidotti<\/li>\n\t<li>Corientadora: Fernanda Simas<\/li>\n\t<li>Banca:Joana L\u00e9a meira Silveira (DBBM\/UFPR), Maria Rita Sierakowski (DQ\/UFPR)<\/li>\n\t<li>Data: 31 de julho de 2019 <\/li>\n\t<\/ul><\/div><\/div><div id=\"panel-428-1-0-6\" class=\"widget_text so-panel widget widget_custom_html\" data-index=\"17\" ><div class=\"textwidget custom-html-widget\"><h3>Gabriela de Alvarenga Tonet<\/h3>\n<ul style=\"list-style-type: circle\">\n\t<li>T\u00edtulo: S\u00edntese e imobiliza\u00e7\u00e3o eletroqu\u00edmica de nanoc\u00e1psulas est\u00edmulo responsivas baseadas em polipirrol <a href=\"https:\/\/acervodigital.ufpr.br\/handle\/1884\/61972\" target=\"_blank\" rel=\"noopener\">Link<\/a><\/li>\n\t<li>Orientador: Marcio Vidotti<\/li>\n\t<li>Banca: Susana Ines Cordoba de Torresi (IQ\/USP), Elisa Souza Orth (DQ\/UFPR)<\/li>\n\t<li>Data: 28 de fevereiro de 2019 <\/li>\n\t<\/ul><\/div><\/div><div id=\"panel-428-1-0-7\" class=\"widget_text so-panel widget widget_custom_html\" data-index=\"18\" ><div class=\"textwidget custom-html-widget\"><h3>Adriana Claudia de Lazzari<\/h3>\n<ul style=\"list-style-type: circle\">\n\t<li>T\u00edtulo: Utiliza\u00e7\u00e3o de polipirrol como fase extratora com controle eletroqu\u00edmico para a detec\u00e7\u00e3o de atrazina, cafe\u00edna e progesterona <a href=\"https:\/\/www.acervodigital.ufpr.br\/handle\/1884\/61129\" target=\"_blank\" rel=\"noopener\">Link<\/a><\/li>\n\t<li>Orientador: Marcio Vidotti<\/li>\n\t<li>Banca: Lauro Tatsuo Kubota (IQ\/UNICAMP), Marco Tadeu Grassi (DQ\/UFPR)<\/li>\n\t<li>Data: 22 de fevereiro de 2019 <\/li>\n\t<\/ul><\/div><\/div><div id=\"panel-428-1-0-8\" class=\"widget_text so-panel widget widget_custom_html\" data-index=\"19\" ><div class=\"textwidget custom-html-widget\"><h3>Bruna Maria Hryniewicz<\/h3>\n<ul style=\"list-style-type: circle\">\n\t<li>T\u00edtulo: S\u00edntese de nanotubos de pol\u00edmeros condutores e estudo de suas propriedades supercapacitivas e eletrocatal\u00edticas. <a href=\"https:\/\/acervodigital.ufpr.br\/handle\/1884\/58830\" target=\"_blank\" rel=\"noopener\">Link<\/a><\/li>\n\t<li>Orientador: Marcio Vidotti<\/li>\n\t<li>Banca: Lu\u00eds Fernando Quintino Pereira Marchesi (EQ\/UTFPR), Luiz Humberto Marcolino Jr. (DQ\/UFPR)<\/li>\n\t<li>Data: 30 de agosto de 2018<\/li>\n\t<\/ul><\/div><\/div><div id=\"panel-428-1-0-9\" class=\"widget_text so-panel widget widget_custom_html\" data-index=\"20\" ><div class=\"textwidget custom-html-widget\"><h3>Mariana de Oliveira Jagher<\/h3>\n<ul style=\"list-style-type: circle\">\n\t<li>T\u00edtulo: S\u00edntese de part\u00edculas comp\u00f3sitas formadas a partir de templates de s\u00edlica e macromol\u00e9culas e sua aplica\u00e7\u00e3o em emuls\u00f5es \u00f3leo\/\u00e1gua. <a href=\"https:\/\/acervodigital.ufpr.br\/handle\/1884\/59076\" target=\"_blank\" rel=\"noopener\">Link<\/a><\/li>\n\t<li>Orientador: Izabel Riegel-Vidotti<\/li>\n\t<li>Banca: Ismael Casagrande Belletini (DQ\/UFSC), Rilton Alves de Freitas (DQ\/UFPR)<\/li>\n\t<li>Data: 27 de julho de 2018<\/li>\n\t<\/ul><\/div><\/div><div id=\"panel-428-1-0-10\" class=\"widget_text so-panel widget widget_custom_html\" data-index=\"21\" ><div class=\"textwidget custom-html-widget\"><h3>Leonardo Wagner Endler<\/h3>\n<ul style=\"list-style-type: circle\">\n\t<li>T\u00edtulo: S\u00edntese e caracteriza\u00e7\u00e3o do nanocomp\u00f3sito Biochar\/NiO visando o desenvolvimento de dispositivos armazenadores de energia.<a href=\"https:\/\/acervodigital.ufpr.br\/handle\/1884\/58588\" target=\"_blank\" rel=\"noopener\">Link<\/a><\/li>\n\t<li>Orientador: Marcio Vidotti<\/li>\n\t<li>Banca: Lu\u00eds Fernando Quintino Pereira Marchesi (EQ\/UTFPR-PG), Noemi Nagata (DQ\/UFPR)<\/li>\n\t<li>Data: 20 de mar\u00e7o de 2018<\/li>\n\t<\/ul><\/div><\/div><div id=\"panel-428-1-0-11\" class=\"widget_text so-panel widget widget_custom_html\" data-index=\"22\" ><div class=\"textwidget custom-html-widget\"><h3>Gustavo Ribeiro Cercal<\/h3>\n<ul style=\"list-style-type: circle\">\n\t<li>T\u00edtulo: Estrat\u00e9gias para a redu\u00e7\u00e3o de res\u00edduos s\u00f3lidos na usinagem eletroqu\u00edmica do a\u00e7o 441M.<\/li>\n\t<li>Orientador: Marcio Vidotti<\/li>\n\t<li>Banca: Luiz Henrique Dall'Antonia (DQ\/UEl), Patricio Guillermo Peralta-Zamora (DQ\/UFPR)<\/li>\n\t<li>Data: 29 de setembro de 2017<\/li>\n\t<\/ul><\/div><\/div><div id=\"panel-428-1-0-12\" class=\"widget_text so-panel widget widget_custom_html\" data-index=\"23\" ><div class=\"textwidget custom-html-widget\"><h3>Caroline Ezequiel de Paulo da Silva<\/h3>\n<ul style=\"list-style-type: circle\">\n\t<li>T\u00edtulo: Complexos polieletrol\u00edticos formados pela intera\u00e7\u00e3o entre ze\u00edna e arabinogalactanas\/glucuromananas<\/li>\n\t<li>Orientador: Izabel Riegel-Vidotti<\/li>\n\t<li>Banca: Heidegrid Siebert Koop (DAQBi\/UTFPR), Ismael Casagrande Belletini (DQ\/UFSC), Rilton Alves de Freitas (DQ\/UFPR)<\/li>\n\t<li>Data: 18 de julho de 2016<\/li>\n\t<\/ul><\/div><\/div><div id=\"panel-428-1-0-13\" class=\"widget_text so-panel widget widget_custom_html\" data-index=\"24\" ><div class=\"textwidget custom-html-widget\"><h3>Ana Luiza Lorenzen Lima<\/h3>\n<ul style=\"list-style-type: circle\">\n\t<li>T\u00edtulo: Efeito dos surfactantes dodecilbenzenosulfonato de s\u00f3dio e bromedo de cetiltrimetilam\u00f4nio nas propriedades f\u00edsico-qu\u00edmicas do hidr\u00f3xido de n\u00edquel <a href=\"https:\/\/acervodigital.ufpr.br\/handle\/1884\/53163\" target=\"_blank\" rel=\"noopener\">Link<\/a><\/li>\n\t<li>Orientador: Marcio Vidotti<\/li>\n\t<li>Banca: Luiz Henrique Dall'Antonia (DQ\/UEL), Herbert Winnischofer (DQ\/UFPR)<\/li>\n\t<li>Data: 29 de abril de 2016<\/li>\n\t<\/ul><\/div><\/div><div id=\"panel-428-1-0-14\" class=\"widget_text so-panel widget widget_custom_html\" data-index=\"25\" ><div class=\"textwidget custom-html-widget\"><h3>Ana Let\u00edcia Soares<\/h3>\n<ul style=\"list-style-type: circle\">\n\t<li>T\u00edtulo: Caracteriza\u00e7\u00e3o interfacial e eletrocatal\u00edtica de comp\u00f3sitos NiCo(OH)2 sonoeletrodepositados. <a href=\"https:\/\/acervodigital.ufpr.br\/handle\/1884\/44028\" target=\"_blank\" rel=\"noopener\">Link<\/a><\/li>\n\t<li>Orientador: Marcio Vidotti<\/li>\n\t<li>Banca: Jarem Raul Garica (DQ\/UEPG), M\u00e1rcio Fernando Bergamini (DQ\/UFPR)<\/li>\n\t<li>Data: 18 de dezembro de 2015<\/li>\n\t<\/ul><\/div><\/div><div id=\"panel-428-1-0-15\" class=\"widget_text so-panel widget widget_custom_html\" data-index=\"26\" ><div class=\"textwidget custom-html-widget\"><h3>Leandro Hostert<\/h3>\n<ul style=\"list-style-type: circle\">\n\t<li>T\u00edtulo: Efeitos da radia\u00e7\u00e3o ultrass\u00f4nica na eletrodeposi\u00e7\u00e3o de poli(pirrol) e de materiais h\u00edbridos poli(pirrol)\/azul da pr\u00fassia.<a href=\"https:\/\/acervodigital.ufpr.br\/handle\/1884\/55050\" target=\"_blank\" rel=\"noopener\">Link<\/a><\/li>\n\t<li>Orientador: Marcio Vidotti<\/li>\n\t<li>Banca:Luiz Henrique Dall'Antronia (Dq\/UEL), Luis Fernando Q. Marchesi (DEQ\/UTFPR-PG)<\/li>\n\t<li>Data: 28 de agosto de 2015<\/li>\n\t<\/ul><\/div><\/div><div id=\"panel-428-1-0-16\" class=\"widget_text so-panel widget widget_custom_html\" data-index=\"27\" ><div class=\"textwidget custom-html-widget\"><h3>Rafael Natan Soek<\/h3>\n<ul style=\"list-style-type: circle\">\n\t<li>T\u00edtulo: Constru\u00e7\u00e3o e caracteriza\u00e7\u00e3o de eletrodos modificados por nanopart\u00edculas de hexacianoferrato de cobre. <a href=\"https:\/\/acervodigital.ufpr.br\/handle\/1884\/41868\" target=\"_blank\" rel=\"noopener\">Link<\/a><\/li>\n\t<li>Orientador: Marcio Vidotti<\/li>\n\t<li>Banca: Karen Wohnrath (DCF\/UEPG), S\u00e9rgio Toshio Fujiwara (DCF\/UEPG)<\/li>\n\t<li>Data: 26 de mar\u00e7o de 2015<\/li>\n\t<\/ul><\/div><\/div><div id=\"panel-428-1-0-17\" class=\"widget_text so-panel widget widget_custom_html\" data-index=\"28\" ><div class=\"textwidget custom-html-widget\"><h3>Bruno Campos da Silva<\/h3>\n<ul style=\"list-style-type: circle\">\n\t<li>T\u00edtulo: Estudo f\u00edsico-qu\u00edmico das propriedades emulsificantes dos polissacar\u00eddeos de goma de ac\u00e1cia-negra oriunda de planta\u00e7\u00f5es brasileiras. <a href=\"https:\/\/acervodigital.ufpr.br\/handle\/1884\/37255\" target=\"_blank\" rel=\"noopener\">Link<\/a><\/li>\n\t<li>Orientador: Izabel Riegel-Vidotti<\/li>\n\t<li>Banca: Paulo Vitor Farago (DCF\/UEPG), Fernanda Fogagnoli simas Tosin (DBBM\/UFPR), Elisa Souza Orth (DQ\/UFPR)<\/li>\n\t<li>Data: 24 de julho de 2014<\/li>\n\t<\/ul><\/div><\/div><div id=\"panel-428-1-0-18\" class=\"widget_text so-panel widget widget_custom_html\" data-index=\"29\" ><div class=\"textwidget custom-html-widget\"><h3>Igor Oliveira Rocha<\/h3>\n<ul style=\"list-style-type: circle\">\n\t<li>T\u00edtulo: Estudos cin\u00e9ticos, morfol\u00f3gicos e espectrosc\u00f3picos de nanocomp\u00f3sitos PEDOT-Au estabilizados por goma de ac\u00e1cia em dispers\u00e3o aquosa. <a href=\"https:\/\/acervodigital.ufpr.br\/handle\/1884\/49115\" target=\"_blank\" rel=\"noopener\">Link<\/a><\/li>\n\t<li>Orientador: Marcio Vidotti<\/li>\n\t<li>Banca: Wendel Andrade Alves (CCNH\/UFABC), Herbert Winnischofer (DQ\/UFPR)<\/li>\n\t<li>Data: 25 de fevereiro de 2014<\/li>\n\t<\/ul><\/div><\/div><div id=\"panel-428-1-0-19\" class=\"widget_text so-panel widget widget_custom_html\" data-index=\"30\" ><div class=\"textwidget custom-html-widget\"><h3>La\u00eds Cristine Lopes<\/h3>\n<ul style=\"list-style-type: circle\">\n\t<li>T\u00edtulo: Obten\u00e7\u00e3o de g\u00e9is eletroatios a partir de polipirrol e pectina c\u00edtrica. <a href=\"https:\/\/acervodigital.ufpr.br\/handle\/1884\/36905\" target=\"_blank\" rel=\"noopener\">Link<\/a><\/li>\n\t<li>Orientadora: Izabel Riegel-Vidotti<\/li>\n\t<li>Banca: Edvani Curti Munis (DQ\/UEM), Aldo Jos\u00e9 Gorgatti Zarbin (DQ\/UFPR)<\/li>\n\t<li>Data: 21 de fevereiro de 2014<\/li>\n\t<\/ul><\/div><\/div><div id=\"panel-428-1-0-20\" class=\"widget_text so-panel widget widget_custom_html\" data-index=\"31\" ><div class=\"textwidget custom-html-widget\"><h3>Heloise Ribeiro de Barros<\/h3>\n<ul style=\"list-style-type: circle\">\n\t<li>T\u00edtulo: Aplica\u00e7\u00e3o de goma ar\u00e1bica na estabiliza\u00e7\u00e3o e no controle de tamanho de nanopart\u00edculas de ouro em meio aquoso. <a href=\"https:\/\/acervodigital.ufpr.br\/handle\/1884\/43998\" target=\"_blank\" rel=\"noopener\">Link<\/a><\/li>\n\t<li>Orientadora: Izabel Riegel-Vidotti<\/li>\n\t<li>Banca: Marcela Mohallem oliveira (DAQBi\/UTFPR), Mateus Borba Cardoso (LNLS), Elisa Souza Orth (DQ\/UFPR)<\/li>\n\t<li>Data: 14 de fevereiro de 2014<\/li>\n\t<\/ul><\/div><\/div><div id=\"panel-428-1-0-21\" class=\"widget_text so-panel widget widget_custom_html\" data-index=\"32\" ><div class=\"textwidget custom-html-widget\"><h3>Patr\u00edcia Arianne Cornelsen<\/h3>\n<ul style=\"list-style-type: circle\">\n\t<li>T\u00edtulo: Modifica\u00e7\u00e3o estrutural de polissacar\u00eddeos de goma ar\u00e1bica e sua aplica\u00e7\u00e3o no desenvolvimento de blendas eletroativas. <a href=\"https:\/\/acervodigital.ufpr.br\/handle\/1884\/43754\" target=\"_blank\" rel=\"noopener\">Link<\/a><\/li>\n\t<li>Orientadora: Izabel Riegel-Vidotti<\/li>\n\t<li>Banca: Luiz Henrique Dall'Antonia (DQ-UEL), Liliana Micaroni (DQ\/UFPR)<\/li>\n\t<li>Data: 22 de fevereiro de 2013<\/li>\n\t<\/ul><\/div><\/div><div id=\"panel-428-1-0-22\" class=\"widget_text so-panel widget widget_custom_html panel-last-child\" data-index=\"33\" ><div class=\"textwidget custom-html-widget\"><h3>Franciele Wolfart<\/h3>\n<ul style=\"list-style-type: circle\">\n\t<li>T\u00edtulo: Otimiza\u00e7\u00e3o da resposta eletrocatal\u00edtica apresentada por eletrodos modificados por ligas Ni\/Cu e Ni\/Co. <a href=\"https:\/\/acervodigital.ufpr.br\/handle\/1884\/36158\" target=\"_blank\" rel=\"noopener\">Link<\/a><\/li>\n\t<li>Orientador: Marcio Vidotti<\/li>\n\t<li>Banca: Suzana Ines C\u00f3rdoba de Torresi (Iq-USP-SP), Elisa Souza Orth (DQ\/UFPR)<\/li>\n\t<li>Data: 21 de fevereiro de 2013<\/li>\n\t<\/ul><\/div><\/div><\/div><\/div><\/div>","protected":false},"excerpt":{"rendered":"<p>Teses de Doutorado Disserta\u00e7\u00f5es de Mestrado<\/p>\n","protected":false},"author":17,"featured_media":0,"parent":427,"menu_order":0,"comment_status":"closed","ping_status":"closed","template":"","meta":{"footnotes":""},"class_list":["post-428","page","type-page","status-publish","hentry"],"_links":{"self":[{"href":"http:\/\/www.quimica.ufpr.br\/paginas\/gpmin\/wp-json\/wp\/v2\/pages\/428","targetHints":{"allow":["GET"]}}],"collection":[{"href":"http:\/\/www.quimica.ufpr.br\/paginas\/gpmin\/wp-json\/wp\/v2\/pages"}],"about":[{"href":"http:\/\/www.quimica.ufpr.br\/paginas\/gpmin\/wp-json\/wp\/v2\/types\/page"}],"author":[{"embeddable":true,"href":"http:\/\/www.quimica.ufpr.br\/paginas\/gpmin\/wp-json\/wp\/v2\/users\/17"}],"replies":[{"embeddable":true,"href":"http:\/\/www.quimica.ufpr.br\/paginas\/gpmin\/wp-json\/wp\/v2\/comments?post=428"}],"version-history":[{"count":10,"href":"http:\/\/www.quimica.ufpr.br\/paginas\/gpmin\/wp-json\/wp\/v2\/pages\/428\/revisions"}],"predecessor-version":[{"id":1242,"href":"http:\/\/www.quimica.ufpr.br\/paginas\/gpmin\/wp-json\/wp\/v2\/pages\/428\/revisions\/1242"}],"up":[{"embeddable":true,"href":"http:\/\/www.quimica.ufpr.br\/paginas\/gpmin\/wp-json\/wp\/v2\/pages\/427"}],"wp:attachment":[{"href":"http:\/\/www.quimica.ufpr.br\/paginas\/gpmin\/wp-json\/wp\/v2\/media?parent=428"}],"curies":[{"name":"wp","href":"https:\/\/api.w.org\/{rel}","templated":true}]}}