{"id":318,"date":"2020-06-02T16:55:07","date_gmt":"2020-06-02T19:55:07","guid":{"rendered":"http:\/\/www.quimica.ufpr.br\/paginas\/gpmin\/?page_id=318"},"modified":"2020-10-08T17:10:22","modified_gmt":"2020-10-08T20:10:22","slug":"formacao","status":"publish","type":"page","link":"http:\/\/www.quimica.ufpr.br\/paginas\/gpmin\/lideres\/marcio-vidotti\/formacao\/","title":{"rendered":"Forma\u00e7\u00e3o"},"content":{"rendered":"<div id=\"pl-318\"  class=\"panel-layout\" ><div id=\"pg-318-0\"  class=\"panel-grid panel-no-style\" ><div id=\"pgc-318-0-0\"  class=\"panel-grid-cell\" ><div id=\"panel-318-0-0-0\" class=\"so-panel widget panel-first-child panel-last-child\" data-index=\"0\" ><\/div><\/div><div id=\"pgc-318-0-1\"  class=\"panel-grid-cell\" ><div id=\"panel-318-0-1-0\" class=\"widget_text so-panel widget widget_custom_html panel-first-child panel-last-child\" data-index=\"1\" ><div class=\"textwidget custom-html-widget\"><h3>Prof. Dr. Marcio Vidotti<\/h3>\n<p>Professor Associado do Departamento de Qu\u00edmica (2010 - presente)<\/p>\n<ul style=\"list-style-type: circle\">\n<p style=\"text-align: rigth\"><a href=\"http:\/\/lattes.cnpq.br\/3722484930445197\" target=\"_blank\" rel=\"noopener\">Curr\u00edculo Lattes<\/a><\/p>\n\t<li>Gradua\u00e7\u00e3o: Bacharel em Qu\u00edmica pelo Instituto de Qu\u00edmica da Universidade de S\u00e3o Paulo (1999-2002)<\/li>\n\t<li>P\u00f3s Gradua\u00e7\u00e3o: Doutor em Qu\u00edmica (F\u00edsico Qu\u00edmica) pelo Instituto de Qu\u00edmica da Universidade de S\u00e3o Paulo (2003-2007). Orientadora: profa. Dra. Susana I. C\u00f3rdoba de Torresi<\/li>\n\t<li>\n\t\tP\u00f3s Doutorado:\n\t\t<ul>\n\t\t\t<li>Universidade de Campinas - Instituto de Qu\u00edmica (2009-2010)<br>\n\t\t\t\tLaborat\u00f3rio de Eletroqu\u00edmica, Eletroanal\u00edtica e Desenvolvimento de Sensores (LEEDS).<br>\n\t\t\t\tSupervisor: prof. Dr. Lauro Kubota<\/li>\n\t\t\t<li>University of Warwick \u2013 Chemistry Department<br>\n\t\t\t\tGroup of Electrochemistry and Interfaces<br>\n\t\t\t\tSupervisores: Profa Dra. Julie Macpherson e prof. Dr.Patrick Unwin<\/li>\n\t\t<\/ul>\n\t<\/li>\n\t<li>Professor Visitante: University of Warwick (Jan 2020 \u2013 Mar 2020)<\/li>\n<\/ul>\n<p>\n\tSobre o Chefe: O prof \u00e9 f\u00e3 de rock dos anos 60 e 70 e como todo bom nerd, adora os filmes da Marvel e Star Wars. Mesmo com o grande tempo dedicado \u00e0 Universidade e seus filhos cient\u00edficos, o prof arruma tempo extra para cozinhar e jogar seu PS4.\n<\/p><\/div><\/div><\/div><\/div><div id=\"pg-318-1\"  class=\"panel-grid panel-no-style\" ><div id=\"pgc-318-1-0\"  class=\"panel-grid-cell\" ><div id=\"panel-318-1-0-0\" class=\"so-panel widget panel-first-child panel-last-child\" data-index=\"2\" ><\/div><\/div><\/div><\/div>","protected":false},"excerpt":{"rendered":"<p>Prof. Dr. Marcio Vidotti Professor Associado do Departamento de Qu\u00edmica (2010 &#8211; presente) Curr\u00edculo Lattes Gradua\u00e7\u00e3o: Bacharel em Qu\u00edmica pelo Instituto de Qu\u00edmica da Universidade de S\u00e3o Paulo (1999-2002) P\u00f3s Gradua\u00e7\u00e3o: Doutor em Qu\u00edmica (F\u00edsico Qu\u00edmica) pelo Instituto de Qu\u00edmica da Universidade de S\u00e3o Paulo (2003-2007). Orientadora: profa. Dra. Susana I. C\u00f3rdoba de Torresi P\u00f3s [&hellip;]<\/p>\n","protected":false},"author":17,"featured_media":0,"parent":488,"menu_order":0,"comment_status":"closed","ping_status":"closed","template":"","meta":{"footnotes":""},"class_list":["post-318","page","type-page","status-publish","hentry"],"_links":{"self":[{"href":"http:\/\/www.quimica.ufpr.br\/paginas\/gpmin\/wp-json\/wp\/v2\/pages\/318","targetHints":{"allow":["GET"]}}],"collection":[{"href":"http:\/\/www.quimica.ufpr.br\/paginas\/gpmin\/wp-json\/wp\/v2\/pages"}],"about":[{"href":"http:\/\/www.quimica.ufpr.br\/paginas\/gpmin\/wp-json\/wp\/v2\/types\/page"}],"author":[{"embeddable":true,"href":"http:\/\/www.quimica.ufpr.br\/paginas\/gpmin\/wp-json\/wp\/v2\/users\/17"}],"replies":[{"embeddable":true,"href":"http:\/\/www.quimica.ufpr.br\/paginas\/gpmin\/wp-json\/wp\/v2\/comments?post=318"}],"version-history":[{"count":5,"href":"http:\/\/www.quimica.ufpr.br\/paginas\/gpmin\/wp-json\/wp\/v2\/pages\/318\/revisions"}],"predecessor-version":[{"id":815,"href":"http:\/\/www.quimica.ufpr.br\/paginas\/gpmin\/wp-json\/wp\/v2\/pages\/318\/revisions\/815"}],"up":[{"embeddable":true,"href":"http:\/\/www.quimica.ufpr.br\/paginas\/gpmin\/wp-json\/wp\/v2\/pages\/488"}],"wp:attachment":[{"href":"http:\/\/www.quimica.ufpr.br\/paginas\/gpmin\/wp-json\/wp\/v2\/media?parent=318"}],"curies":[{"name":"wp","href":"https:\/\/api.w.org\/{rel}","templated":true}]}}